{"id":1626,"date":"2024-04-07T08:02:18","date_gmt":"2024-04-07T08:02:18","guid":{"rendered":"https:\/\/nfc-readers.com\/?post_type=product&#038;p=1626"},"modified":"2024-09-29T07:31:36","modified_gmt":"2024-09-29T07:31:36","slug":"acr40u-high-speed-contact-reader-writer","status":"publish","type":"product","link":"https:\/\/nfc-readers.com\/tr\/ic-reader\/acr40u-high-speed-contact-reader-writer\/","title":{"rendered":"ACR40U Y\u00fcksek h\u0131zl\u0131 kontak okuyucu yaz\u0131c\u0131"},"content":{"rendered":"<h1>ACR40U Y\u00fcksek h\u0131zl\u0131 kontak okuyucu yaz\u0131c\u0131<\/h1>\n<p>ACR40U Ak\u0131ll\u0131 Kart Okuyucu, g\u00fcvenli dijital i\u015flemler ve eri\u015fim kontrol\u00fc i\u00e7in \u00e7e\u015fitli platformlar ve uygulamalarda h\u0131z, dayan\u0131kl\u0131l\u0131k ve kullan\u0131m kolayl\u0131\u011f\u0131n\u0131 vurgulayan geli\u015fmi\u015f bir \u00e7\u00f6z\u00fcm sunar.<\/p>\n<ul>\n<li>\n<h2>USB 2.0 Tam H\u0131zl\u0131 Aray\u00fcz<\/h2>\n<\/li>\n<li>\n<h2>USB Tip A<\/h2>\n<\/li>\n<li>\n<h2>Tak ve \u00c7al\u0131\u015ft\u0131r \u2013 CCID deste\u011fi en \u00fcst d\u00fczeyde mobilite sa\u011flar<\/h2>\n<\/li>\n<li>\n<h2>Ak\u0131ll\u0131 kart okuyucu:<\/h2>\n<\/li>\n<li>\n<h2>ISO 7816 S\u0131n\u0131f A, B ve C (5 V, 3 V, 1,8 V) kartlar\u0131 destekler<\/h2>\n<ul>\n<li>\n<h3>CAC&#039;yi destekler<\/h3>\n<\/li>\n<li>\n<h3>SIPRNET Kart\u0131n\u0131 destekler<\/h3>\n<\/li>\n<li>\n<h3>MyKad&#039;\u0131 destekler<\/h3>\n<\/li>\n<li>\n<h3>J-LIS Kart\u0131n\u0131 destekler<\/h3>\n<\/li>\n<li>\n<h3>T=0 veya T=1 protokoll\u00fc mikroi\u015flemci kartlar\u0131n\u0131 destekler<\/h3>\n<\/li>\n<li>\n<h3>Haf\u0131za kartlar\u0131n\u0131 destekler<\/h3>\n<\/li>\n<li>\n<h3>PPS&#039;yi (Protokol ve Parametre Se\u00e7imi) destekler<\/h3>\n<\/li>\n<li>\n<h3>K\u0131sa Devre Korumas\u0131 \u00d6zellikleri<\/h3>\n<\/li>\n<\/ul>\n<\/li>\n<li>\n<h2>Uygulama programlama Aray\u00fcz\u00fc:<\/h2>\n<ul>\n<li>\n<h3>PC\/SC&#039;yi destekler<\/h3>\n<\/li>\n<li>\n<h3>CT-API&#039;yi destekleyin<\/h3>\n<\/li>\n<\/ul>\n<\/li>\n<li>\n<h2>T\u00fcm \u00f6nemli i\u015fletim sistemlerini destekler<\/h2>\n<ul>\n<li>\n<h3>Windows\u00ae, Linux\u00ae, macOS, iOS, iPadOS, Android\u2122, Solaris\u2122<\/h3>\n<\/li>\n<li>\n<div>\n<table width=\"566\">\n<tbody>\n<tr>\n<td colspan=\"2\" width=\"566\">Fiziksel \u00f6zellikler<\/td>\n<\/tr>\n<tr>\n<td width=\"207\">Boyutlar (mm)<\/td>\n<td width=\"359\">55 mm (U) \u00d7 65,0 mm (G) \u00d7 9,0 mm (Y)<\/td>\n<\/tr>\n<tr>\n<td width=\"207\">A\u011f\u0131rl\u0131k (g)<\/td>\n<td width=\"359\">40,0 gr \u00b1 5,0 gr<\/td>\n<\/tr>\n<tr>\n<td colspan=\"2\" width=\"566\">USB arabirimi<\/td>\n<\/tr>\n<tr>\n<td width=\"207\">Protokol<\/td>\n<td width=\"359\">USB CCID&#039;si<\/td>\n<\/tr>\n<tr>\n<td width=\"207\">Ba\u011flay\u0131c\u0131 T\u00fcr\u00fc<\/td>\n<td width=\"359\">Standart Tip A, Tip C<\/td>\n<\/tr>\n<tr>\n<td width=\"207\">G\u00fc\u00e7 kayna\u011f\u0131<\/td>\n<td width=\"359\">USB Ba\u011flant\u0131 Noktas\u0131ndan<\/td>\n<\/tr>\n<tr>\n<td width=\"207\">H\u0131z<\/td>\n<td width=\"359\">USB 2.0 Tam H\u0131z (12 Mbps)<\/td>\n<\/tr>\n<tr>\n<td width=\"207\">Kablo uzunlu\u011fu<\/td>\n<td width=\"359\">1 m, Sabit<\/td>\n<\/tr>\n<tr>\n<td colspan=\"2\" width=\"566\">Ak\u0131ll\u0131 Kart Aray\u00fcz\u00fc ile ileti\u015fime ge\u00e7in<\/td>\n<\/tr>\n<tr>\n<td width=\"207\">Slot Say\u0131s\u0131<\/td>\n<td width=\"359\">1 Tam Boyutlu Kart Yuvas\u0131<\/td>\n<\/tr>\n<tr>\n<td width=\"207\">Standart<\/td>\n<td width=\"359\">ISO 7816 Par\u00e7a 1-4, S\u0131n\u0131f A, B, C (5 V, 3 V, 1,8 V)<\/td>\n<\/tr>\n<tr>\n<td width=\"207\">Protokol<\/td>\n<td width=\"359\">T=0; T=1; Haf\u0131za Kart\u0131 Deste\u011fi<\/td>\n<\/tr>\n<tr>\n<td width=\"207\">Di\u011ferleri<\/td>\n<td width=\"359\">Mykad, CAC, J-LIS, SIPRNET Kart\u0131<\/td>\n<\/tr>\n<tr>\n<td colspan=\"2\" width=\"566\">Sertifikalar\/Uyumluluk<\/td>\n<\/tr>\n<tr>\n<td rowspan=\"17\" width=\"207\">Sertifikalar\/Uyumluluk<\/td>\n<td width=\"359\">EN62368\/IEC 62368<\/td>\n<\/tr>\n<tr>\n<td width=\"359\">CE<\/td>\n<\/tr>\n<tr>\n<td width=\"359\">FCC<\/td>\n<\/tr>\n<tr>\n<td width=\"359\">RoHS<\/td>\n<\/tr>\n<tr>\n<td width=\"359\">ULA\u015eMAK<\/td>\n<\/tr>\n<tr>\n<td width=\"359\">EMV\u2122 Seviye 1 (\u0130leti\u015fim)<\/td>\n<\/tr>\n<tr>\n<td width=\"359\">UL 62368<\/td>\n<\/tr>\n<tr>\n<td width=\"359\">J-LIS<\/td>\n<\/tr>\n<tr>\n<td width=\"359\">KK<\/td>\n<\/tr>\n<tr>\n<td width=\"359\">PBOC Seviye 1(\u0130leti\u015fim)<\/td>\n<\/tr>\n<tr>\n<td width=\"359\">TAA<\/td>\n<\/tr>\n<tr>\n<td width=\"359\">UKCA<\/td>\n<\/tr>\n<tr>\n<td width=\"359\">UL<\/td>\n<\/tr>\n<tr>\n<td width=\"359\">VCCI<\/td>\n<\/tr>\n<tr>\n<td width=\"359\">WEEE<\/td>\n<\/tr>\n<tr>\n<td width=\"359\">USB 2.0 Tam H\u0131z<\/td>\n<\/tr>\n<tr>\n<td width=\"359\">Microsoft\u00ae WHQL<\/td>\n<\/tr>\n<tr>\n<td colspan=\"2\" width=\"566\">Ayg\u0131t S\u00fcr\u00fcc\u00fcs\u00fc \u0130\u015fletim Sistemi Deste\u011fi<\/td>\n<\/tr>\n<tr>\n<td rowspan=\"7\" width=\"207\">Ayg\u0131t S\u00fcr\u00fcc\u00fcs\u00fc \u0130\u015fletim Sistemi Deste\u011fi<\/td>\n<td width=\"359\">Windows\u00ae<\/td>\n<\/tr>\n<tr>\n<td width=\"359\">Linux\u00ae<\/td>\n<\/tr>\n<tr>\n<td width=\"359\">Mac os i\u015fletim sistemi<\/td>\n<\/tr>\n<tr>\n<td width=\"359\">IOS<\/td>\n<\/tr>\n<tr>\n<td width=\"359\">iPadOS<\/td>\n<\/tr>\n<tr>\n<td width=\"359\">Android\u2122<\/td>\n<\/tr>\n<tr>\n<td width=\"359\">Solaris\u2122<\/td>\n<\/tr>\n<\/tbody>\n<\/table>\n<\/div>\n<\/li>\n<\/ul>\n<\/li>\n<\/ul>","protected":false},"excerpt":{"rendered":"<p>ACR40U, \u00e7e\u015fitli uygulamalar i\u00e7in birden fazla i\u015fletim sisteminde g\u00fcvenilir performans ve uyumluluk sunan, EMV kartlar\u0131n\u0131 destekleyen y\u00fcksek h\u0131zl\u0131 bir USB temas okuyucusudur.<\/p>","protected":false},"featured_media":1628,"template":"","meta":[],"product_brand":[],"product_cat":[39],"product_tag":[],"class_list":{"0":"post-1626","1":"product","2":"type-product","3":"status-publish","4":"has-post-thumbnail","6":"product_cat-usb-ic-smartcard-reader","8":"first","9":"instock","10":"shipping-taxable","11":"product-type-simple"},"_links":{"self":[{"href":"https:\/\/nfc-readers.com\/tr\/wp-json\/wp\/v2\/product\/1626","targetHints":{"allow":["GET"]}}],"collection":[{"href":"https:\/\/nfc-readers.com\/tr\/wp-json\/wp\/v2\/product"}],"about":[{"href":"https:\/\/nfc-readers.com\/tr\/wp-json\/wp\/v2\/types\/product"}],"wp:featuredmedia":[{"embeddable":true,"href":"https:\/\/nfc-readers.com\/tr\/wp-json\/wp\/v2\/media\/1628"}],"wp:attachment":[{"href":"https:\/\/nfc-readers.com\/tr\/wp-json\/wp\/v2\/media?parent=1626"}],"wp:term":[{"taxonomy":"product_brand","embeddable":true,"href":"https:\/\/nfc-readers.com\/tr\/wp-json\/wp\/v2\/product_brand?post=1626"},{"taxonomy":"product_cat","embeddable":true,"href":"https:\/\/nfc-readers.com\/tr\/wp-json\/wp\/v2\/product_cat?post=1626"},{"taxonomy":"product_tag","embeddable":true,"href":"https:\/\/nfc-readers.com\/tr\/wp-json\/wp\/v2\/product_tag?post=1626"}],"curies":[{"name":"wp","href":"https:\/\/api.w.org\/{rel}","templated":true}]}}