{"id":1909,"date":"2024-10-15T13:42:27","date_gmt":"2024-10-15T13:42:27","guid":{"rendered":"https:\/\/nfc-readers.com\/?post_type=product&#038;p=1909"},"modified":"2024-10-28T15:36:29","modified_gmt":"2024-10-28T15:36:29","slug":"acr1222l-contactless-rfid-nfc-reader-writer","status":"publish","type":"product","link":"https:\/\/nfc-readers.com\/tr\/ic-reader\/acr1222l-contactless-rfid-nfc-reader-writer\/","title":{"rendered":"ACR1222L Temass\u0131z RFID NFC Okuyucu Yaz\u0131c\u0131"},"content":{"rendered":"<p><iframe loading=\"lazy\" title=\"ACR1222L NFC Okuyucu\" width=\"1020\" height=\"765\" src=\"https:\/\/www.youtube.com\/embed\/i-7zrKP8WJo?feature=oembed\" frameborder=\"0\" allow=\"accelerometer; autoplay; clipboard-write; encrypted-media; gyroscope; picture-in-picture; web-share\" referrerpolicy=\"strict-origin-when-cross-origin\" allowfullscreen><\/iframe><\/p>\n<div>\n<h1><strong>ACR1222L Temass\u0131z RFID NFC Okuyucu Yaz\u0131c\u0131<\/strong><\/h1>\n<p>The\u00a0<strong>ACR1222L Temass\u0131z RFID NFC Okuyucu Yaz\u0131c\u0131<\/strong>\u00a0temass\u0131z ak\u0131ll\u0131 kartlar ve NFC etiketlerinin geni\u015f bir yelpazesiyle sorunsuz etkile\u015fimi kolayla\u015ft\u0131rmak i\u00e7in tasarlanm\u0131\u015f birinci s\u0131n\u0131f bir cihazd\u0131r. Geli\u015fmi\u015f teknoloji entegrasyonu ve kullan\u0131c\u0131 dostu \u00f6zellikleriyle bu\u00a0<strong>NFC okuyucu<\/strong>\u00a0g\u00fcvenli eri\u015fim kontrol\u00fc, temass\u0131z \u00f6demeler ve veri toplama dahil olmak \u00fczere \u00e7e\u015fitli uygulamalar i\u00e7in idealdir. Operasyonlar\u0131n\u0131z\u0131 g\u00fcvenilir ve verimli bir \u015fekilde geli\u015ftirmek istiyorsan\u0131z\u00a0<strong>kart okuyucu<\/strong>, ACR1222L&#039;yi de\u011ferlendirmeye de\u011fer.<\/p>\n<p>Bu cihaz, birden fazla NFC etiketi ve ak\u0131ll\u0131 kartla ola\u011fan\u00fcst\u00fc uyumluluk sunarak i\u015fletmelerin ak\u0131c\u0131 i\u015flemler ve geli\u015fmi\u015f kullan\u0131c\u0131 etkile\u015fimi elde etmelerine yard\u0131mc\u0131 olur. ACR1222L&#039;ye yat\u0131r\u0131m yapman\u0131n avantajlar\u0131 aras\u0131nda geli\u015fmi\u015f g\u00fcvenlik \u00f6zellikleri, dahili LCD&#039;li etkile\u015fimli aray\u00fcz ve \u00e7e\u015fitli kart t\u00fcrleri i\u00e7in kapsaml\u0131 destek yer al\u0131r. Bu cihaz\u0131n, g\u00fcc\u00fcnden yararlanmak isteyen i\u015fletmeler i\u00e7in neden olmazsa olmaz bir cihaz oldu\u011funu \u00f6\u011frenin\u00a0<strong>RFID<\/strong>\u00a0teknoloji.<\/p>\n<h3>1. Birden Fazla NFC Teknolojisiyle Kapsaml\u0131 Uyumluluk<\/h3>\n<p>ACR1222L, geli\u015fmi\u015f\u00a0<strong>13.56 MHz RFID teknolojisi<\/strong>geni\u015f yelpazede temass\u0131z kartlarla uyumlulu\u011fun sa\u011flanmas\u0131 ve\u00a0<strong>NFC<\/strong>\u00a0etiketler. Bunlar \u015funlar\u0131 i\u00e7erir\u00a0<strong>ISO 14443 Tip A ve B kartlar\u0131, MIFARE<\/strong>, FeliCa ve d\u00f6rt tip NFC etiketi. Bu t\u00fcr \u00e7ok y\u00f6nl\u00fcl\u00fck, ACR1222L&#039;yi operasyonlar\u0131na temass\u0131z teknolojiyi entegre etmek isteyen i\u015fletmeler i\u00e7in olmazsa olmaz bir ara\u00e7 haline getirir.<\/p>\n<p>Ayr\u0131ca,\u00a0<strong>ACR1222L<\/strong>\u00a0destekler\u00a0<strong>NFC i\u015flevleri<\/strong>\u00a0NFC etiketlerini verimli bir \u015fekilde okumas\u0131na ve yazmas\u0131na olanak tan\u0131r. Bu yetenek, \u00f6zellikle kullanan i\u015fletmeler i\u00e7in faydal\u0131 olabilir\u00a0<strong>ak\u0131ll\u0131 telefon<\/strong>\u00a0i\u015flemler, \u00f6rne\u011fin\u00a0<strong>Google \u00d6deme<\/strong>, NFC \u00f6zellikli cihazlar arac\u0131l\u0131\u011f\u0131yla sorunsuz \u00f6deme i\u015fleme olana\u011f\u0131 sa\u011flar. Geleneksel RFID kartlar\u0131yla veya en son teknolojiyle \u00e7al\u0131\u015f\u0131yor olun\u00a0<strong>NFC \u00e7ipleri<\/strong>Bu cihaz piyasada en iyi se\u00e7eneklerden biri olarak \u00f6ne \u00e7\u0131k\u0131yor.<\/p>\n<h3>2. G\u00fcvenli \u0130\u015flemler i\u00e7in Geli\u015fmi\u015f G\u00fcvenlik \u00d6zellikleri<\/h3>\n<p>G\u00fcvenlik, hassas verilerle u\u011fra\u015fan her kurulu\u015f i\u00e7in en \u00f6nemli endi\u015fedir. ACR1222L \u00f6zellikleri\u00a0<strong>\u00fc\u00e7 ISO 7816 uyumlu G\u00fcvenli Eri\u015fim Mod\u00fcl\u00fc (SAM)<\/strong>\u00a0yuvalar, temass\u0131z i\u015flemler i\u00e7in geli\u015fmi\u015f g\u00fcvenlik sa\u011flar. Bu SAM yuvalar\u0131, kriptografik anahtarlar\u0131n g\u00fcvenli bir \u015fekilde y\u00f6netilmesine olanak tan\u0131r ve yaln\u0131zca yetkili i\u015flemlerin i\u015flenmesini sa\u011flar.<\/p>\n<p>Dahili \u00e7arp\u0131\u015fma \u00f6nleme teknolojisiyle ACR1222L, ayn\u0131 anda birden fazla NFC kart\u0131n\u0131 i\u015fleyebilir ve her seferinde yaln\u0131zca bir etikete eri\u015filmesini sa\u011flar. Bu \u00f6zellik, veri b\u00fct\u00fcnl\u00fc\u011f\u00fcn\u00fc art\u0131r\u0131r ve eri\u015fim kontrol sistemleri ve finansal i\u015flemler i\u00e7in kritik bir husus olan yetkisiz eri\u015fim riskini azalt\u0131r. Sonu\u00e7 olarak, bu\u00a0<strong>NFC okuyucu<\/strong>\u00a0end\u00fcstri standartlar\u0131n\u0131 kar\u015f\u0131lamakla kalmay\u0131p, a\u015fmaktad\u0131r.<\/p>\n<h3>3. Sorunsuz Etkile\u015fim i\u00e7in Sezgisel Kullan\u0131c\u0131 Aray\u00fcz\u00fc<\/h3>\n<p>ACR1222L, a\u015fa\u011f\u0131dakilerle donat\u0131lm\u0131\u015ft\u0131r:\u00a0<strong>iki sat\u0131rl\u0131 grafik LCD<\/strong>\u00a0\u00c7ince, \u0130ngilizce, Japonca ve \u00e7e\u015fitli Avrupa dilleri dahil olmak \u00fczere birden fazla dili destekleyen. Bu \u00e7oklu dil deste\u011fi, \u00e7e\u015fitli kullan\u0131c\u0131 tabanlar\u0131 i\u00e7in etkile\u015fimleri kolayla\u015ft\u0131r\u0131r ve t\u00fcm kullan\u0131c\u0131lar\u0131n cihaz\u0131 ve i\u015flevlerini anlayabilmesini sa\u011flar.<\/p>\n<p>Ayr\u0131ca, etkile\u015fimli LCD kullan\u0131c\u0131lar\u0131n se\u00e7enekler aras\u0131nda gezinmesine ve \u00e7e\u015fitli ayarlara kolayca eri\u015fmesine olanak tan\u0131r.\u00a0<strong>d\u00f6rt kullan\u0131c\u0131 kontroll\u00fc LED<\/strong>\u00a0ve durum bildirimleri i\u00e7in sesli bir uyar\u0131 ile ACR1222L, net ve ilgi \u00e7ekici bir kullan\u0131c\u0131 deneyimi garanti eder. Bu sezgisel aray\u00fcz, kullan\u0131c\u0131 anlay\u0131\u015f\u0131n\u0131 geli\u015ftirmek ve operasyonel i\u015f ak\u0131\u015flar\u0131n\u0131 kolayla\u015ft\u0131rmak i\u00e7in tasarlanm\u0131\u015ft\u0131r ve bu da onu herhangi bir teknoloji y\u0131\u011f\u0131n\u0131na m\u00fckemmel bir ek yapar.<\/p>\n<h3>4. End\u00fcstriler Aras\u0131 \u00c7ok Y\u00f6nl\u00fc Uygulamalar<\/h3>\n<p>ACR1222L Temass\u0131z RFID NFC Okuyucu Yaz\u0131c\u0131, perakende, sa\u011fl\u0131k ve ula\u015f\u0131m gibi \u00e7e\u015fitli sekt\u00f6rlerde kullan\u0131labilir. Perakendede, NFC etiketlerini okuma ve yazma yetene\u011fi, i\u015fletmelerin i\u015flemleri kolayla\u015ft\u0131rmas\u0131n\u0131 ve m\u00fc\u015fteri etkile\u015fimini geli\u015ftirmesini sa\u011flar.\u00a0<strong>NFC ara\u00e7lar\u0131<\/strong>\u00a0M\u00fc\u015fteri sadakat programlar\u0131n\u0131 y\u00f6netmek veya temass\u0131z \u00f6demeleri kolayla\u015ft\u0131rmak i\u00e7in entegre edilebilir ve b\u00f6ylece genel m\u00fc\u015fteri memnuniyeti art\u0131r\u0131labilir.<\/p>\n<p>Sa\u011fl\u0131k hizmetlerinde ACR1222L, hasta kay\u0131tlar\u0131n\u0131 kolayla\u015ft\u0131rmaya, hassas bilgilere g\u00fcvenli eri\u015fimi s\u00fcrd\u00fcrmeye ve t\u0131bbi personelin verilere h\u0131zl\u0131 eri\u015fimini sa\u011flamaya yard\u0131mc\u0131 olabilir. Ayr\u0131ca, RFID kartlar\u0131yla uyumlulu\u011fu, k\u0131s\u0131tl\u0131 alanlara eri\u015fimi kontrol etmek ve ula\u015f\u0131m merkezlerinde g\u00fcvenli\u011fi art\u0131rmak i\u00e7in idealdir.<\/p>\n<h3>5. Teknik \u00d6zellikler ve Performans \u00d6l\u00e7\u00fcmleri<\/h3>\n<p>ACR1222L&#039;nin teknik becerisi etkileyici \u00f6zellikleriyle kan\u0131tlan\u0131yor:<\/p>\n<\/div>\n<div>\n<table width=\"702\">\n<tbody>\n<tr>\n<td colspan=\"2\" width=\"702\">Fiziksel \u00f6zellikler<\/td>\n<\/tr>\n<tr>\n<td rowspan=\"2\" width=\"250\">Boyutlar (mm)<\/td>\n<td width=\"452\">Ana G\u00f6vde: 133,5 mm (U) x 88,5 mm (G) x 21,0 mm (Y)<\/td>\n<\/tr>\n<tr>\n<td width=\"452\">Standla: 158,0 mm (U) x 95,0 mm (G) x 95,0 mm (Y)<\/td>\n<\/tr>\n<tr>\n<td rowspan=\"2\" width=\"250\">A\u011f\u0131rl\u0131k (g)<\/td>\n<td width=\"452\">Ana G\u00f6vde: 173 gr<\/td>\n<\/tr>\n<tr>\n<td width=\"452\">Standl\u0131: 415 gr<\/td>\n<\/tr>\n<tr>\n<td colspan=\"2\" width=\"702\">USB arabirimi<\/td>\n<\/tr>\n<tr>\n<td width=\"250\">Protokol<\/td>\n<td width=\"452\">USB CCID&#039;si<\/td>\n<\/tr>\n<tr>\n<td width=\"250\">Ba\u011flay\u0131c\u0131 T\u00fcr\u00fc<\/td>\n<td width=\"452\">Standart Tip A<\/td>\n<\/tr>\n<tr>\n<td width=\"250\">G\u00fc\u00e7 kayna\u011f\u0131<\/td>\n<td width=\"452\">USB Ba\u011flant\u0131 Noktas\u0131ndan<\/td>\n<\/tr>\n<tr>\n<td width=\"250\">H\u0131z<\/td>\n<td width=\"452\">USB Tam H\u0131z (12 Mbps)<\/td>\n<\/tr>\n<tr>\n<td width=\"250\">Kablo uzunlu\u011fu<\/td>\n<td width=\"452\">1,5 m, Sabit<\/td>\n<\/tr>\n<tr>\n<td colspan=\"2\" width=\"702\">Temass\u0131z Ak\u0131ll\u0131 Kart Aray\u00fcz\u00fc<\/td>\n<\/tr>\n<tr>\n<td width=\"250\">Standart<\/td>\n<td width=\"452\">ISO\/IEC 18092 NFC, ISO 14443 Tip A ve B, MIFARE\u00ae, FeliCa<\/td>\n<\/tr>\n<tr>\n<td rowspan=\"4\" width=\"250\">Protokol<\/td>\n<td width=\"452\">ISO 14443-4 Uyumlu Kart, T=CL<\/td>\n<\/tr>\n<tr>\n<td width=\"452\">MIFARE\u00ae Klasik Kart, T=CL<\/td>\n<\/tr>\n<tr>\n<td width=\"452\">ISO18092, NFC Etiketler<\/td>\n<\/tr>\n<tr>\n<td width=\"452\">FeliCa<\/td>\n<\/tr>\n<tr>\n<td colspan=\"2\" width=\"702\">SAM Kart Aray\u00fcz\u00fc<\/td>\n<\/tr>\n<tr>\n<td width=\"250\">Slot Say\u0131s\u0131<\/td>\n<td width=\"452\">3 Standart SIM boyutlu Kart Yuvas\u0131<\/td>\n<\/tr>\n<tr>\n<td width=\"250\">Standart<\/td>\n<td width=\"452\">ISO 7816 S\u0131n\u0131f A (5V)<\/td>\n<\/tr>\n<tr>\n<td width=\"250\">Protokol<\/td>\n<td width=\"452\">T=0; T=1<\/td>\n<\/tr>\n<tr>\n<td colspan=\"2\" width=\"702\">Yerle\u015fik \u00c7evre Birimleri<\/td>\n<\/tr>\n<tr>\n<td rowspan=\"3\" width=\"250\">LCD<\/td>\n<td width=\"452\">Sar\u0131-Ye\u015fil Ayd\u0131nlatmal\u0131 Grafik LCD<\/td>\n<\/tr>\n<tr>\n<td width=\"452\">\u00c7\u00f6z\u00fcn\u00fcrl\u00fck: 128 x 32 piksel<\/td>\n<\/tr>\n<tr>\n<td width=\"452\">Karakter Say\u0131s\u0131: 16 karakter x 2 sat\u0131r<\/td>\n<\/tr>\n<tr>\n<td width=\"250\">NEDEN OLMU\u015e<\/td>\n<td width=\"452\">4 tek renk: Ye\u015fil, Mavi, Turuncu ve K\u0131rm\u0131z\u0131<\/td>\n<\/tr>\n<tr>\n<td width=\"250\">Zil<\/td>\n<td width=\"452\">Monoton<\/td>\n<\/tr>\n<tr>\n<td colspan=\"2\" width=\"702\">Di\u011fer \u00f6zellikler<\/td>\n<\/tr>\n<tr>\n<td width=\"250\">Ayg\u0131t Yaz\u0131l\u0131m\u0131 Y\u00fckseltmesi<\/td>\n<td width=\"452\">Destekleniyor<\/td>\n<\/tr>\n<tr>\n<td colspan=\"2\" width=\"702\">Sertifikalar\/Uyumluluk<\/td>\n<\/tr>\n<tr>\n<td rowspan=\"13\" width=\"250\">Sertifikalar\/Uyumluluk<\/td>\n<td width=\"452\">ISO 18092<\/td>\n<\/tr>\n<tr>\n<td width=\"452\">ISO 14443<\/td>\n<\/tr>\n<tr>\n<td width=\"452\">ISO 7816 (SAM Yuvas\u0131)<\/td>\n<\/tr>\n<tr>\n<td width=\"452\">USB Tam H\u0131z<\/td>\n<\/tr>\n<tr>\n<td width=\"452\">PC\/SC<\/td>\n<\/tr>\n<tr>\n<td width=\"452\">CCID<\/td>\n<\/tr>\n<tr>\n<td width=\"452\">VCCI (Japonya)<\/td>\n<\/tr>\n<tr>\n<td width=\"452\">KC (Kore)<\/td>\n<\/tr>\n<tr>\n<td width=\"452\">Microsoft\u00ae WHQL<\/td>\n<\/tr>\n<tr>\n<td width=\"452\">CE<\/td>\n<\/tr>\n<tr>\n<td width=\"452\">FCC<\/td>\n<\/tr>\n<tr>\n<td width=\"452\">RoHS<\/td>\n<\/tr>\n<tr>\n<td width=\"452\">ULA\u015eMAK<\/td>\n<\/tr>\n<tr>\n<td colspan=\"2\" width=\"702\">Ayg\u0131t S\u00fcr\u00fcc\u00fcs\u00fc \u0130\u015fletim Sistemi Deste\u011fi<\/td>\n<\/tr>\n<tr>\n<td rowspan=\"5\" width=\"250\">Ayg\u0131t S\u00fcr\u00fcc\u00fcs\u00fc \u0130\u015fletim Sistemi Deste\u011fi<\/td>\n<td width=\"452\">Windows\u00ae<\/td>\n<\/tr>\n<tr>\n<td width=\"452\">Linux\u00ae<\/td>\n<\/tr>\n<tr>\n<td width=\"452\">MAC OS\u00ae<\/td>\n<\/tr>\n<tr>\n<td width=\"452\">Solaris<\/td>\n<\/tr>\n<tr>\n<td width=\"452\">Android\u2122<\/td>\n<\/tr>\n<\/tbody>\n<\/table>\n<\/div>\n<div><\/div>\n<div>\n<p>Y\u00fcksek h\u0131zl\u0131 okuma yetenekleri ve \u00e7e\u015fitli kartlar\u0131 y\u00f6netmedeki esnekli\u011fi ile ACR1222L g\u00fc\u00e7l\u00fc bir kart olarak \u00f6ne \u00e7\u0131k\u0131yor.\u00a0<strong>ak\u0131ll\u0131 kart okuyucu<\/strong>.<\/p>\n<h3>6. Kullan\u0131c\u0131 Dostu Kurulum ve Entegrasyon<\/h3>\n<p>ACR1222L&#039;yi kurmak basittir ve hem teknik hem de teknik olmayan kullan\u0131c\u0131lar i\u00e7in eri\u015filebilir hale getirir. Cihaz, mevcut sistemlere kolayca entegre edilebilir.\u00a0<strong>USB<\/strong>Windows, Linux ve macOS gibi pop\u00fcler i\u015fletim sistemleriyle uyumlulu\u011fu garanti alt\u0131na al\u0131r. Ayr\u0131ca,\u00a0<strong>USB ayg\u0131t yaz\u0131l\u0131m\u0131 y\u00fckseltme olana\u011f\u0131<\/strong>\u00a0Bu \u00f6zellik, kullan\u0131c\u0131lar\u0131n cihazlar\u0131n\u0131 en son geli\u015ftirmeler ve g\u00fcvenlik \u00f6zellikleriyle g\u00fcncel tutmalar\u0131na olanak tan\u0131r.<\/p>\n<p>Bu kurulum kolayl\u0131\u011f\u0131, \u00f6zellikle h\u0131zl\u0131 bir \u015fekilde uygulama yapmak isteyen i\u015fletmeler i\u00e7in faydal\u0131d\u0131r.\u00a0<strong>temass\u0131z \u00e7\u00f6z\u00fcmler<\/strong>\u00a0kapsaml\u0131 kesintiler veya karma\u015f\u0131k kurulumlar olmadan.<\/p>\n<h3>7. \u00c7evresel Etki ve S\u00fcrd\u00fcr\u00fclebilir Kullan\u0131m<\/h3>\n<p>\u0130\u015fletmeler \u00e7evresel etkilerinin giderek daha fazla fark\u0131na vard\u0131k\u00e7a, ACR1222L s\u00fcrd\u00fcr\u00fclebilir kullan\u0131m prensiplerine ba\u011fl\u0131 kalmaktad\u0131r. D\u00fc\u015f\u00fck g\u00fc\u00e7 t\u00fcketimiyle cihaz yaln\u0131zca enerji maliyetlerini d\u00fc\u015f\u00fcrmekle kalmaz, ayn\u0131 zamanda daha k\u00fc\u00e7\u00fck bir karbon ayak izine de katk\u0131da bulunur.<\/p>\n<p>Ek olarak, cihaz dayan\u0131kl\u0131 performans i\u00e7in tasarlanm\u0131\u015ft\u0131r, s\u0131k de\u011fi\u015ftirme ihtiyac\u0131n\u0131 en aza indirir ve zamanla elektronik at\u0131\u011f\u0131 azalt\u0131r. Bu s\u00fcrd\u00fcr\u00fclebilirlik \u00e7ekicili\u011fi, operasyonlar\u0131nda ye\u015fil giri\u015fimleri te\u015fvik etmek isteyen kurulu\u015flar i\u00e7in \u00f6nemli bir fakt\u00f6rd\u00fcr.<\/p>\n<h3>8. M\u00fc\u015fteri Yorumlar\u0131 ve Geri Bildirimleri<\/h3>\n<p>ACR1222L&#039;ye ili\u015fkin m\u00fc\u015fteri geri bildirimleri, g\u00fcvenilirli\u011fini, kullan\u0131m kolayl\u0131\u011f\u0131n\u0131 ve kapsaml\u0131 i\u015flevlerini vurgulamaktad\u0131r. Kullan\u0131c\u0131lar, sa\u011flam g\u00fcvenlik \u00f6zellikleriyle birlikte NFC etiketlerini okurken ve yazarken kusursuz performans\u0131 takdir etmektedir.<\/p>\n<p>Bir kullan\u0131c\u0131, &quot;ACR1222L i\u015flem s\u00fcre\u00e7lerimizi d\u00f6n\u00fc\u015ft\u00fcrd\u00fc. H\u0131zl\u0131, g\u00fcvenli ve yerle\u015fik ekran m\u00fc\u015fterilerimizi bilgilendirmek i\u00e7in inan\u0131lmaz derecede kullan\u0131\u015fl\u0131.&quot; dedi.<\/p>\n<\/div>\n<div><\/div>\n<div><\/div>","protected":false},"excerpt":{"rendered":"<p>ACR1222L Temass\u0131z RFID NFC Okuyucu Yaz\u0131c\u0131, perakende, sa\u011fl\u0131k ve ula\u015f\u0131m dahil olmak \u00fczere \u00e7e\u015fitli sekt\u00f6rlerde kullan\u0131labilir. Perakendede, NFC etiketlerini okuma ve yazma yetene\u011fi, i\u015fletmelerin i\u015flemleri kolayla\u015ft\u0131rmas\u0131n\u0131 ve m\u00fc\u015fteri etkile\u015fimini geli\u015ftirmesini sa\u011flar. <strong>NFC ara\u00e7lar\u0131<\/strong>\u00a0M\u00fc\u015fteri sadakat programlar\u0131n\u0131 y\u00f6netmek veya temass\u0131z \u00f6demeleri kolayla\u015ft\u0131rmak i\u00e7in entegre edilebilir ve b\u00f6ylece genel m\u00fc\u015fteri memnuniyeti art\u0131r\u0131labilir.<\/p>","protected":false},"featured_media":1563,"template":"","meta":[],"product_brand":[],"product_cat":[45,40],"product_tag":[],"class_list":{"0":"post-1909","1":"product","2":"type-product","3":"status-publish","4":"has-post-thumbnail","6":"product_cat-contactless-nfc-reader","7":"product_cat-rfid-nfc-reader","9":"first","10":"instock","11":"shipping-taxable","12":"product-type-simple"},"_links":{"self":[{"href":"https:\/\/nfc-readers.com\/tr\/wp-json\/wp\/v2\/product\/1909","targetHints":{"allow":["GET"]}}],"collection":[{"href":"https:\/\/nfc-readers.com\/tr\/wp-json\/wp\/v2\/product"}],"about":[{"href":"https:\/\/nfc-readers.com\/tr\/wp-json\/wp\/v2\/types\/product"}],"wp:featuredmedia":[{"embeddable":true,"href":"https:\/\/nfc-readers.com\/tr\/wp-json\/wp\/v2\/media\/1563"}],"wp:attachment":[{"href":"https:\/\/nfc-readers.com\/tr\/wp-json\/wp\/v2\/media?parent=1909"}],"wp:term":[{"taxonomy":"product_brand","embeddable":true,"href":"https:\/\/nfc-readers.com\/tr\/wp-json\/wp\/v2\/product_brand?post=1909"},{"taxonomy":"product_cat","embeddable":true,"href":"https:\/\/nfc-readers.com\/tr\/wp-json\/wp\/v2\/product_cat?post=1909"},{"taxonomy":"product_tag","embeddable":true,"href":"https:\/\/nfc-readers.com\/tr\/wp-json\/wp\/v2\/product_tag?post=1909"}],"curies":[{"name":"wp","href":"https:\/\/api.w.org\/{rel}","templated":true}]}}