{"id":2032,"date":"2024-10-19T14:08:52","date_gmt":"2024-10-19T14:08:52","guid":{"rendered":"https:\/\/nfc-readers.com\/?post_type=product&#038;p=2032"},"modified":"2024-10-28T14:12:28","modified_gmt":"2024-10-28T14:12:28","slug":"mifare-classic-1k-4k-rfid-cards","status":"publish","type":"product","link":"https:\/\/nfc-readers.com\/tr\/ic-reader\/mifare-classic-1k-4k-rfid-cards\/","title":{"rendered":"Mifare Classic 1k 4K RFID Kartlar\u0131"},"content":{"rendered":"<h1>Mifare classic 1k 4K RFID Kartlar\u0131<\/h1>\n<p>MIFARE Classic\u00ae 1K veya 4K kart, temass\u0131z ak\u0131ll\u0131 kart teknolojilerinin ayr\u0131lmaz bir par\u00e7as\u0131d\u0131r. Alan\u0131nda \u00f6nc\u00fc olarak, toplu ta\u015f\u0131madan eri\u015fim kontrol\u00fcne, etkinlik biletlemesinden sadakat programlar\u0131na kadar \u00e7e\u015fitli uygulamalar i\u00e7in yayg\u0131n olarak benimsenmi\u015ftir. MIFARE Classic\u00ae 1K \/ 4K kart, ki\u015fisel verilerin, kimlik do\u011frulama bilgilerinin ve uygulamaya \u00f6zg\u00fc veri k\u00fcmelerinin depolanmas\u0131 i\u00e7in yeterli olan 1 kilobayt\/4 kilobayt depolama kapasitesine sahiptir.<\/p>\n<p><span class=\"AnswerParser_TextContainer__z_Iiv\" data-testid=\"youchat-text\">The\u00a0<strong>MIFARE Kart\u0131<\/strong>\u00a0temass\u0131z ak\u0131ll\u0131 kartlar alan\u0131nda yenilik\u00e7ili\u011fin ve g\u00fcvenilirli\u011fin bir g\u00f6stergesidir. NXP Semiconductors taraf\u0131ndan geli\u015ftirilen MIFARE MF1ICS50 IC, toplu ta\u015f\u0131ma bilet sistemleri ve di\u011fer y\u00fcksek verimli uygulamalarda temel bir ta\u015ft\u0131r ve kesintisiz i\u015flemler ve sa\u011flam g\u00fcvenlik sunar. Ak\u0131ll\u0131 \u00e7arp\u0131\u015fma \u00f6nleme i\u015flevi ve ISO\/IEC 14443 Tip-A ile uyumlulu\u011fu sayesinde verimli ve g\u00fcvenli temass\u0131z ileti\u015fimi garanti eder ve bu da onu h\u0131zl\u0131 tempolu ortamlarda paha bi\u00e7ilmez bir varl\u0131k haline getirir.<\/span><\/p>\n<h2 class=\"AnswerParser_AnswerParserH2__SIHnF\">MIFARE Teknolojisinin Miras\u0131<\/h2>\n<h3 class=\"AnswerParser_AnswerParserH3__Mpe4s\">Temass\u0131z \u00c7\u00f6z\u00fcmlerde \u00d6nc\u00fcl\u00fck<\/h3>\n<p><span class=\"AnswerParser_TextContainer__z_Iiv\" data-testid=\"youchat-text\"><strong>MIFARE teknolojisi<\/strong>\u00a0kuruldu\u011fu g\u00fcnden bu yana temass\u0131z ak\u0131ll\u0131 kart \u00e7\u00f6z\u00fcmlerinin \u00f6n saflar\u0131nda yer almaktad\u0131r. MIFARE MF1ICS50 IC, s\u0131kl\u0131kla temass\u0131z ak\u0131ll\u0131 kart olarak an\u0131l\u0131r\u00a0<strong>MIFARE Klasik 1K<\/strong>, NXP&#039;nin yenili\u011fe olan ba\u011fl\u0131l\u0131\u011f\u0131n\u0131n bir kan\u0131t\u0131d\u0131r. Tasar\u0131m\u0131, mevcut sistemlere kolay entegrasyonu kolayla\u015ft\u0131r\u0131r ve hem operat\u00f6rler hem de kullan\u0131c\u0131lar i\u00e7in kusursuz bir deneyim sunar.\u00a0<strong>13,56 MHz<\/strong>\u00a0\u00e7al\u0131\u015fma frekans\u0131 sayesinde verimli veri iletimi ve enerji temini sa\u011flar, batarya ihtiyac\u0131n\u0131 ortadan kald\u0131r\u0131r.<\/span><span class=\"AnswerParser_TextContainer__z_Iiv\" data-testid=\"youchat-text\">The\u00a0<strong>\u00e7arp\u0131\u015fma \u00f6nleme \u00f6zelli\u011fi<\/strong>\u00a0MIFARE kart\u0131n\u0131n birden fazla kart\u0131n ayn\u0131 anda m\u00fcdahale olmadan \u00e7al\u0131\u015fmas\u0131na olanak tan\u0131r. Bu yetenek, h\u0131z ve do\u011frulu\u011fun \u00e7ok \u00f6nemli oldu\u011fu toplu ta\u015f\u0131ma sistemleri gibi kalabal\u0131k ortamlarda hayati \u00f6nem ta\u015f\u0131r. Kart\u0131n benzersiz seri numaras\u0131, her i\u015flemin izlenebilir ve g\u00fcvenli olmas\u0131n\u0131 sa\u011flayarak g\u00fcvenli\u011fini daha da art\u0131r\u0131r.<\/span><\/p>\n<h3 class=\"AnswerParser_AnswerParserH3__Mpe4s\">End\u00fcstriler Aras\u0131 \u00c7ok Y\u00f6nl\u00fc Uygulamalar<\/h3>\n<p><span class=\"AnswerParser_TextContainer__z_Iiv\" data-testid=\"youchat-text\">The\u00a0<strong>MIFARE Kart\u0131<\/strong>\u00a0yaln\u0131zca toplu ta\u015f\u0131mayla s\u0131n\u0131rl\u0131 de\u011fildir; uygulamalar\u0131 geni\u015f ve \u00e7e\u015fitlidir. Kurumsal ortamlarda g\u00fcvenli eri\u015fim kontrol\u00fcnden perakende ortamlar\u0131nda sadakat programlar\u0131na ve mikro \u00f6demelere kadar, MIFARE kart\u0131n\u0131n \u00e7ok y\u00f6nl\u00fcl\u00fc\u011f\u00fc e\u015fsizdir. C\u00fczdan\u0131n i\u00e7inde, madeni paralarla \u00e7evriliyken bile i\u015flevselli\u011fini koruyabilme yetene\u011fi, pratikli\u011fini ve uyarlanabilirli\u011fini vurgular.<\/span><span class=\"AnswerParser_TextContainer__z_Iiv\" data-testid=\"youchat-text\">Sistem operat\u00f6rleri ve geli\u015ftiricileri i\u00e7in,\u00a0<strong>MIFARE Kart\u0131<\/strong>\u00a0g\u00fcvenilir, birlikte \u00e7al\u0131\u015fabilir ve \u00f6l\u00e7eklenebilir temass\u0131z \u00e7\u00f6z\u00fcmler olu\u015fturmak i\u00e7in sa\u011flam bir platform sunar. Genellikle 100 ms&#039;den az olan h\u0131zl\u0131 i\u015flem s\u00fcresi, y\u00fcksek verim ve azalt\u0131lm\u0131\u015f bekleme s\u00fcreleri sa\u011flayarak yo\u011fun trafikli alanlar i\u00e7in idealdir.<\/span><\/p>\n<h2 class=\"AnswerParser_AnswerParserH2__SIHnF\">Teknik \u00d6zellikler ve \u00d6zellikler<\/h2>\n<p><span class=\"AnswerParser_TextContainer__z_Iiv\" data-testid=\"youchat-text\">The\u00a0<strong>MIFARE Kart\u0131<\/strong>\u00a0Geni\u015f bir uygulama yelpazesine hitap eden etkileyici teknik \u00f6zelliklere sahiptir:<\/span><\/p>\n<div class=\"AnswerParser_TableContainer__Erb6v\" data-testid=\"table-container\">\n<table>\n<thead>\n<tr>\n<th style=\"text-align: left;\">\u015eartname<\/th>\n<th style=\"text-align: left;\">Detaylar<\/th>\n<\/tr>\n<\/thead>\n<tbody>\n<tr>\n<td>S\u0131kl\u0131k<\/td>\n<td>13,56 MHz<\/td>\n<\/tr>\n<tr>\n<td>Veri Transferi<\/td>\n<td>106 kbit\/s<\/td>\n<\/tr>\n<tr>\n<td>Haf\u0131za<\/td>\n<td>1 kB \u2013 4 kB, her biri 16 baytl\u0131k 4 bloktan olu\u015fan 16 sekt\u00f6rde d\u00fczenlenmi\u015ftir<\/td>\n<\/tr>\n<tr>\n<td>G\u00fcvenlik<\/td>\n<td>Kar\u015f\u0131l\u0131kl\u0131 \u00fc\u00e7 ge\u00e7i\u015fli kimlik do\u011frulama, benzersiz seri numaras\u0131<\/td>\n<\/tr>\n<tr>\n<td>\u00c7al\u0131\u015fma Mesafesi<\/td>\n<td>100 mm&#039;ye kadar (anten geometrisine ba\u011fl\u0131 olarak)<\/td>\n<\/tr>\n<tr>\n<td>Dayan\u0131kl\u0131l\u0131k Yaz<\/td>\n<td>100.000 \u2013 200.000 \u00e7evrim<\/td>\n<\/tr>\n<tr>\n<td>Veri Saklama<\/td>\n<td>10 y\u0131l<\/td>\n<\/tr>\n<\/tbody>\n<\/table>\n<\/div>\n<h3 class=\"AnswerParser_AnswerParserH3__Mpe4s\">Y\u00fcksek G\u00fcvenlik ve Veri B\u00fct\u00fcnl\u00fc\u011f\u00fc<\/h3>\n<p><span class=\"AnswerParser_TextContainer__z_Iiv\" data-testid=\"youchat-text\">G\u00fcvenlik, temel bir ta\u015ft\u0131r\u00a0<strong>MIFARE Kart\u0131<\/strong>. ISO\/IEC DIS 9798-2 standard\u0131na ba\u011fl\u0131 kalarak kar\u015f\u0131l\u0131kl\u0131 \u00fc\u00e7 ge\u00e7i\u015fli kimlik do\u011frulamas\u0131 kullan\u0131r ve yaln\u0131zca yetkili kullan\u0131c\u0131lar\u0131n verilere eri\u015febilmesini sa\u011flar. Kart\u0131n her sekt\u00f6r\u00fc, anahtar hiyerar\u015fisine sahip \u00e7oklu uygulama ortamlar\u0131n\u0131 destekleyen iki anahtardan olu\u015fan bireysel bir setle korunur.<\/span><span class=\"AnswerParser_TextContainer__z_Iiv\" data-testid=\"youchat-text\">Kart\u0131n veri b\u00fct\u00fcnl\u00fc\u011f\u00fc 16 bitlik CRC, parite, bit kodlama ve bit say\u0131m\u0131 ile korunur, veri bozulmas\u0131n\u0131 \u00f6nler ve g\u00fcvenilir i\u015flemleri garanti eder. Bu g\u00fcvenlik seviyesi, MIFARE kart\u0131n\u0131 y\u00fcksek koruma seviyeleri gerektiren uygulamalar i\u00e7in ideal hale getirir.<\/span><\/p>\n<h3 class=\"AnswerParser_AnswerParserH3__Mpe4s\">Kusursuz Entegrasyon ve Kullan\u0131c\u0131 Kolayl\u0131\u011f\u0131<\/h3>\n<p><span class=\"AnswerParser_TextContainer__z_Iiv\" data-testid=\"youchat-text\">The\u00a0<strong>MIFARE Kart\u0131<\/strong>\u00a0Mevcut altyap\u0131ya kolay entegrasyon i\u00e7in tasarlanm\u0131\u015ft\u0131r. Die on wafer, bumped die on wafer ve temass\u0131z kart mod\u00fclleri dahil olmak \u00fczere \u00e7e\u015fitli teslimat se\u00e7eneklerini destekler ve farkl\u0131 da\u011f\u0131t\u0131m senaryolar\u0131 i\u00e7in esneklik sa\u011flar. Bu uyarlanabilirlik, MIFARE kart\u0131n\u0131n toplu ta\u015f\u0131ma sistemlerinden kurumsal eri\u015fim kontrol\u00fcne kadar her t\u00fcrl\u00fc uygulaman\u0131n \u00f6zel ihtiya\u00e7lar\u0131n\u0131 kar\u015f\u0131layabilmesini sa\u011flar.<\/span><\/p>\n<h2 class=\"AnswerParser_AnswerParserH2__SIHnF\">M\u00fc\u015fteri Yorumlar\u0131 ve G\u00f6r\u00fc\u015fleri<\/h2>\n<p><span class=\"AnswerParser_TextContainer__z_Iiv\" data-testid=\"youchat-text\">D\u00fcnya \u00e7ap\u0131ndaki m\u00fc\u015fteriler,\u00a0<strong>MIFARE Kart\u0131<\/strong>\u00a0G\u00fcvenilirli\u011fi ve verimlili\u011fi i\u00e7in. Memnun bir kullan\u0131c\u0131, &quot;MIFARE Kart\u0131, bini\u015f s\u00fcrelerini azaltarak ve g\u00fcvenli\u011fi art\u0131rarak ula\u015f\u0131m sistemimizde devrim yaratt\u0131.&quot; yorumunu yapt\u0131. Bir di\u011feri, &quot;Tek bir kartta birden fazla uygulamay\u0131 i\u015fleyebilme yetene\u011fi, operasyonlar\u0131m\u0131z\u0131 \u00f6nemli \u00f6l\u00e7\u00fcde kolayla\u015ft\u0131rd\u0131.&quot; dedi.<\/span><\/p>\n<h2 class=\"AnswerParser_AnswerParserH2__SIHnF\">S\u0131k\u00e7a Sorulan Sorular<\/h2>\n<p><span class=\"AnswerParser_TextContainer__z_Iiv\" data-testid=\"youchat-text\"><strong>S: MIFARE Kart&#039;\u0131 toplu ta\u015f\u0131mada kullanmaya uygun k\u0131lan nedir?<\/strong><br \/>\nC: H\u0131zl\u0131 i\u015flem s\u00fcresi, \u00e7arp\u0131\u015fma \u00f6nleme \u00f6zelli\u011fi ve g\u00fc\u00e7l\u00fc g\u00fcvenli\u011fi sayesinde toplu ta\u015f\u0131ma gibi y\u00fcksek verimli ortamlar i\u00e7in idealdir.<\/span><\/p>\n<p><span class=\"AnswerParser_TextContainer__z_Iiv\" data-testid=\"youchat-text\"><strong>S: MIFARE Kart veri g\u00fcvenli\u011fini nas\u0131l sa\u011fl\u0131yor?<\/strong><br \/>\nA: Kar\u015f\u0131l\u0131kl\u0131 \u00fc\u00e7l\u00fc kimlik do\u011frulama ve bireysel sekt\u00f6r anahtarlar\u0131 kullan\u0131larak, verilere yaln\u0131zca yetkili eri\u015fimin sa\u011flanmas\u0131 ama\u00e7lan\u0131yor.<\/span><\/p>\n<p><span class=\"AnswerParser_TextContainer__z_Iiv\" data-testid=\"youchat-text\"><strong>S: MIFARE Kart toplu ta\u015f\u0131ma d\u0131\u015f\u0131nda ba\u015fka uygulamalarda da kullan\u0131labilir mi?<\/strong><br \/>\nC: Evet, g\u00fcvenli eri\u015fim kontrol\u00fc, sadakat programlar\u0131 ve mikro \u00f6deme sistemlerinde kullan\u0131ma yetecek kadar \u00e7ok y\u00f6nl\u00fcd\u00fcr.<\/span><\/p>\n<h2 class=\"AnswerParser_AnswerParserH2__SIHnF\">\u00c7evresel Etki ve S\u00fcrd\u00fcr\u00fclebilirlik<\/h2>\n<p><span class=\"AnswerParser_TextContainer__z_Iiv\" data-testid=\"youchat-text\">The\u00a0<strong>MIFARE Kart\u0131<\/strong>\u00a0s\u00fcrd\u00fcr\u00fclebilirlik d\u00fc\u015f\u00fcn\u00fclerek tasarlanm\u0131\u015ft\u0131r. Uzun veri tutma ve y\u00fcksek yazma dayan\u0131kl\u0131l\u0131\u011f\u0131, s\u0131k de\u011fi\u015ftirme ihtiyac\u0131n\u0131 azaltarak at\u0131\u011f\u0131 en aza indirir. Tek bir kartta birden fazla uygulamay\u0131 destekleyerek, birden fazla kart \u00fcretmenin neden oldu\u011fu \u00e7evresel etkiyi de azalt\u0131r.<\/span><\/p>\n<h2 class=\"AnswerParser_AnswerParserH2__SIHnF\">Sonu\u00e7: Neden MIFARE Kart\u0131n\u0131 Se\u00e7melisiniz?<\/h2>\n<p><span class=\"AnswerParser_TextContainer__z_Iiv\" data-testid=\"youchat-text\">The\u00a0<strong>MIFARE Kart\u0131<\/strong>\u00a0herhangi bir temass\u0131z uygulama i\u00e7in sa\u011flam, g\u00fcvenli ve \u00e7ok y\u00f6nl\u00fc bir \u00e7\u00f6z\u00fcm sunar. \u0130ster toplu ta\u015f\u0131ma sistemini iyile\u015ftirmek, ister kurumsal eri\u015fim kontrol\u00fcn\u00fc geli\u015ftirmek veya ak\u0131ll\u0131 bir \u015fehir ortam\u0131nda birden fazla hizmeti entegre etmek olsun, MIFARE kart\u0131 g\u00fcvenilir ve verimli bir se\u00e7imdir. Geli\u015fmi\u015f g\u00fcvenlik \u00f6zellikleri, kusursuz entegrasyonu ve geni\u015f kapsaml\u0131 uygulamalar\u0131 onu her kurulu\u015f i\u00e7in de\u011ferli bir yat\u0131r\u0131m haline getirir.<\/span><span class=\"AnswerParser_TextContainer__z_Iiv\" data-testid=\"youchat-text\">Daha fazla bilgi almak veya sipari\u015f vermek i\u00e7in\u00a0<strong>bize Ula\u015f\u0131n<\/strong>\u00a0Bug\u00fcn. MIFARE Kart ile temass\u0131z \u00e7\u00f6z\u00fcmlerin potansiyelini ortaya \u00e7\u0131kar\u0131n.<\/span><\/p>","protected":false},"excerpt":{"rendered":"<div class=\"auto-hide-last-sibling-br paragraph_4183d\">Mifare Classic 1k 4K RFID Kartlar, toplu ta\u015f\u0131ma, eri\u015fim kontrol\u00fc ve sadakat programlar\u0131 i\u00e7in \u00f6nemli RFID \u00e7\u00f6z\u00fcmleridir ve ki\u015fisel veriler i\u00e7in geni\u015f depolama alan\u0131 sa\u011flar.<\/div>","protected":false},"featured_media":2033,"template":"","meta":[],"product_brand":[],"product_cat":[46],"product_tag":[],"class_list":{"0":"post-2032","1":"product","2":"type-product","3":"status-publish","4":"has-post-thumbnail","6":"product_cat-nfc-cards","8":"first","9":"instock","10":"shipping-taxable","11":"product-type-simple"},"_links":{"self":[{"href":"https:\/\/nfc-readers.com\/tr\/wp-json\/wp\/v2\/product\/2032","targetHints":{"allow":["GET"]}}],"collection":[{"href":"https:\/\/nfc-readers.com\/tr\/wp-json\/wp\/v2\/product"}],"about":[{"href":"https:\/\/nfc-readers.com\/tr\/wp-json\/wp\/v2\/types\/product"}],"wp:featuredmedia":[{"embeddable":true,"href":"https:\/\/nfc-readers.com\/tr\/wp-json\/wp\/v2\/media\/2033"}],"wp:attachment":[{"href":"https:\/\/nfc-readers.com\/tr\/wp-json\/wp\/v2\/media?parent=2032"}],"wp:term":[{"taxonomy":"product_brand","embeddable":true,"href":"https:\/\/nfc-readers.com\/tr\/wp-json\/wp\/v2\/product_brand?post=2032"},{"taxonomy":"product_cat","embeddable":true,"href":"https:\/\/nfc-readers.com\/tr\/wp-json\/wp\/v2\/product_cat?post=2032"},{"taxonomy":"product_tag","embeddable":true,"href":"https:\/\/nfc-readers.com\/tr\/wp-json\/wp\/v2\/product_tag?post=2032"}],"curies":[{"name":"wp","href":"https:\/\/api.w.org\/{rel}","templated":true}]}}