{"id":2052,"date":"2024-10-20T12:32:11","date_gmt":"2024-10-20T12:32:11","guid":{"rendered":"https:\/\/nfc-readers.com\/?post_type=product&#038;p=2052"},"modified":"2024-10-28T13:56:29","modified_gmt":"2024-10-28T13:56:29","slug":"mifare-desfire-ev2-2k-4k-8k-card","status":"publish","type":"product","link":"https:\/\/nfc-readers.com\/tr\/ic-reader\/mifare-desfire-ev2-2k-4k-8k-card\/","title":{"rendered":"\u00a0MIFARE Desfire EV2 2K 4K 8K Kart\u00a0"},"content":{"rendered":"<h1><span class=\"AnswerParser_TextContainer__z_Iiv\" data-testid=\"youchat-text\">\u00a0<strong>MIFARE Desfire EV2 2K 4K 8K Kart<\/strong>\u00a0<\/span><\/h1>\n<p><span class=\"AnswerParser_TextContainer__z_Iiv\" data-testid=\"youchat-text\"><strong>MIFARE Desfire EV2 2K 4K 8K Kart<\/strong>\u00a0yenilik ve g\u00fcvenilirli\u011fin bir i\u015fareti olarak \u00f6ne \u00e7\u0131k\u0131yor. NXP taraf\u0131ndan tasarlanan bu kart, geli\u015fmi\u015f g\u00fcvenlik, \u00fcst\u00fcn performans ve \u00e7oklu uygulama deste\u011fi sunan MIFARE DESFire ailesinin ikinci evrimidir. \u0130ster toplu ta\u015f\u0131ma biletleme, ister g\u00fcvenli eri\u015fim y\u00f6netimi veya mikro \u00f6demeler olsun, MIFARE Desfire EV2 \u00f6l\u00e7eklenebilir ve birlikte \u00e7al\u0131\u015fabilir temass\u0131z \u00e7\u00f6z\u00fcmler arayan sistem operat\u00f6rleri ve geli\u015ftiriciler i\u00e7in ideal bir se\u00e7imdir.<\/span><\/p>\n<h2 class=\"AnswerParser_AnswerParserH2__SIHnF\">E\u015fsiz G\u00fcvenlik ve Performans<\/h2>\n<p><span class=\"AnswerParser_TextContainer__z_Iiv\" data-testid=\"youchat-text\">The\u00a0<strong>MIFARE Desfire EV2<\/strong>\u00a0\u00e7e\u015fitli uygulamalarda uyumluluk ve g\u00fcvenlik sa\u011flayarak a\u00e7\u0131k k\u00fcresel standartlar \u00fczerine kurulmu\u015ftur. DES, 2K3DES, 3K3DES ve AES donan\u0131m \u015fifreleme algoritmalar\u0131n\u0131 destekler ve veri iletimi i\u00e7in sa\u011flam koruma sa\u011flar. Bu kart, bankac\u0131l\u0131k kartlar\u0131nda ve elektronik pasaportlarda kullan\u0131lan g\u00fcvenlik seviyesine benzer bir g\u00fcvenlik seviyesi olan Common Criteria EAL5+ sertifikal\u0131d\u0131r ve i\u015flemlerinizin g\u00fcvenli ve g\u00fcvenilir olmas\u0131n\u0131 sa\u011flar.<\/span><\/p>\n<h3 class=\"AnswerParser_AnswerParserH3__Mpe4s\">\u00c7oklu Uygulama Yetenekleri<\/h3>\n<p><span class=\"AnswerParser_TextContainer__z_Iiv\" data-testid=\"youchat-text\">\u00d6ne \u00e7\u0131kan \u00f6zelliklerden biri\u00a0<strong>MIFARE Desfire EV2<\/strong>\u00a0tek bir kartta birden fazla uygulamay\u0131 destekleme yetene\u011fidir. Bu esneklik, toplu ta\u015f\u0131ma, araba veya bisiklet payla\u015f\u0131m\u0131 ve \u015fehrin turistik yerlerine eri\u015fim gibi \u00e7e\u015fitli hizmetlerin tek bir kartta b\u00fct\u00fcnle\u015ftirilmesine olanak tan\u0131r. Bu yetenek yaln\u0131zca kullan\u0131c\u0131 deneyimini basitle\u015ftirmekle kalmaz, ayn\u0131 zamanda kapal\u0131 devre e-\u00f6deme uygulamalar\u0131 ve yerel sadakat programlar\u0131 gibi hizmetleri birle\u015ftirerek yeni i\u015f modellerini de destekler\u00a0<\/span><\/p>\n<h3 class=\"AnswerParser_AnswerParserH3__Mpe4s\">Teknik \u00d6zellikler<\/h3>\n<p><span class=\"AnswerParser_TextContainer__z_Iiv\" data-testid=\"youchat-text\">The\u00a0<strong>MIFARE Desfire EV2<\/strong>\u00a02K, 4K ve 8K bayt dahil olmak \u00fczere \u00e7e\u015fitli bellek se\u00e7enekleri sunarak kapsaml\u0131 veri depolama ve uygulama y\u00f6netimine olanak tan\u0131r. ISO\/IEC 14443A standartlar\u0131na uygundur ve iste\u011fe ba\u011fl\u0131 ISO\/IEC 7816-4 komutlar\u0131n\u0131 destekleyerek mevcut NFC okuyucu altyap\u0131s\u0131yla birlikte \u00e7al\u0131\u015fabilirli\u011fi garanti eder. Kart\u0131n 106 kbit\/sn ile 848 kbit\/sn aras\u0131nda de\u011fi\u015fen h\u0131zl\u0131 veri aktar\u0131m h\u0131zlar\u0131, verimli ve h\u0131zl\u0131 i\u015flemler sa\u011flar.<\/span><\/p>\n<div class=\"AnswerParser_TableContainer__Erb6v\" data-testid=\"table-container\">\n<table style=\"height: 195px;\" width=\"657\">\n<thead>\n<tr>\n<th>\n<p style=\"text-align: left;\">\u015eartname<\/p>\n<\/th>\n<th style=\"text-align: left;\">Detaylar<\/th>\n<\/tr>\n<\/thead>\n<tbody>\n<tr>\n<td>Bellek Se\u00e7enekleri<\/td>\n<td>2K, 4K, 8K bayt<\/td>\n<\/tr>\n<tr>\n<td>\u015eifreleme<\/td>\n<td>DES, 2K3DES, 3K3DES, AES<\/td>\n<\/tr>\n<tr>\n<td>Sertifikasyon<\/td>\n<td>Ortak Kriterler EAL5+<\/td>\n<\/tr>\n<tr>\n<td>Veri Aktar\u0131m H\u0131z\u0131<\/td>\n<td>106 kbit\/sn ila 848 kbit\/sn<\/td>\n<\/tr>\n<tr>\n<td>Standartlar<\/td>\n<td>ISO\/IEC 14443A, ISO\/IEC 7816-4<\/td>\n<\/tr>\n<\/tbody>\n<\/table>\n<\/div>\n<h2 class=\"AnswerParser_AnswerParserH2__SIHnF\">\u00c7ok Y\u00f6nl\u00fc Uygulamalar<\/h2>\n<h3 class=\"AnswerParser_AnswerParserH3__Mpe4s\">G\u00fcvenli Toplu Ta\u015f\u0131ma Biletlemesi<\/h3>\n<p><span class=\"AnswerParser_TextContainer__z_Iiv\" data-testid=\"youchat-text\">The\u00a0<strong>MIFARE Desfire EV2<\/strong>\u00a0g\u00fcvenli toplu ta\u015f\u0131ma biletlemesi i\u00e7in idealdir, \u00fccret toplama ve eri\u015fim kontrol\u00fc y\u00f6netimi i\u00e7in g\u00fcvenilir ve etkili bir \u00e7\u00f6z\u00fcm sunar. Sa\u011flam g\u00fcvenlik \u00f6zellikleri, i\u015flemlerin doland\u0131r\u0131c\u0131l\u0131\u011fa kar\u015f\u0131 korunmas\u0131n\u0131 sa\u011flayarak hem operat\u00f6rler hem de kullan\u0131c\u0131lar i\u00e7in g\u00f6n\u00fcl rahatl\u0131\u011f\u0131 sa\u011flar.<\/span><\/p>\n<h3 class=\"AnswerParser_AnswerParserH3__Mpe4s\">\u00c7oklu Uygulama Ak\u0131ll\u0131 \u015eehir ve Mobilite Kart\u0131<\/h3>\n<p><span class=\"AnswerParser_TextContainer__z_Iiv\" data-testid=\"youchat-text\">Ak\u0131ll\u0131 \u015fehir ortamlar\u0131nda,\u00a0<strong>MIFARE Desfire EV2<\/strong>\u00a0toplu ta\u015f\u0131ma, park etme ve \u015fehir tesislerine eri\u015fim gibi \u00e7e\u015fitli hizmetleri entegre eden \u00e7oklu uygulama kart\u0131 olarak hizmet verir. Bu entegrasyon kullan\u0131c\u0131 deneyimini basitle\u015ftirir ve kentsel mobilite \u00e7\u00f6z\u00fcmlerinin verimlili\u011fini art\u0131r\u0131r.<\/span><\/p>\n<h3 class=\"AnswerParser_AnswerParserH3__Mpe4s\">G\u00fcvenli Eri\u015fim Y\u00f6netimi<\/h3>\n<p><span class=\"AnswerParser_TextContainer__z_Iiv\" data-testid=\"youchat-text\">G\u00fcvenli eri\u015fim y\u00f6netimi gerektiren kurulu\u015flar i\u00e7in,\u00a0<strong>MIFARE Desfire EV2<\/strong>\u00a0g\u00fcvenilir bir \u00e7\u00f6z\u00fcm sunar. Geli\u015fmi\u015f \u015fifreleme ve kimlik do\u011frulama y\u00f6ntemleri, yaln\u0131zca yetkili ki\u015filerin hassas alanlara eri\u015febilmesini sa\u011flayarak g\u00fcvenli\u011fi ve operasyonel verimlili\u011fi art\u0131r\u0131r.<\/span><\/p>\n<h2 class=\"AnswerParser_AnswerParserH2__SIHnF\">M\u00fc\u015fteri Yorumlar\u0131 ve G\u00f6r\u00fc\u015fleri<\/h2>\n<p><span class=\"AnswerParser_TextContainer__z_Iiv\" data-testid=\"youchat-text\"><strong>MIFARE Desfire EV2 kullan\u0131c\u0131lar\u0131<\/strong>\u00a0g\u00fcvenilirli\u011fini ve \u00e7ok y\u00f6nl\u00fcl\u00fc\u011f\u00fcn\u00fc s\u00fcrekli olarak \u00f6vd\u00fcler. Bir m\u00fc\u015fteri, &quot;Birden fazla uygulamay\u0131 tek bir kartta entegre etme yetene\u011fi operasyonlar\u0131m\u0131z\u0131 \u00f6nemli \u00f6l\u00e7\u00fcde kolayla\u015ft\u0131rd\u0131.&quot; dedi. Ba\u015fka bir kullan\u0131c\u0131, &quot;G\u00fc\u00e7l\u00fc \u015fifreleme, i\u015flemlerimizin g\u00fcvenli\u011fine g\u00fcvenmemizi sa\u011fl\u0131yor.&quot; diyerek kart\u0131n g\u00fcvenlik \u00f6zelliklerini vurgulad\u0131.<\/span><\/p>\n<h2 class=\"AnswerParser_AnswerParserH2__SIHnF\">S\u0131k\u00e7a Sorulan Sorular<\/h2>\n<p><span class=\"AnswerParser_TextContainer__z_Iiv\" data-testid=\"youchat-text\"><strong>S: MIFARE Desfire EV2&#039;yi \u00e7oklu uygulama kullan\u0131m\u0131na uygun k\u0131lan nedir?<\/strong><br \/>\nA: Tek bir kart \u00fczerinde birden fazla uygulamay\u0131 destekleyebilme \u00f6zelli\u011fi ve g\u00fc\u00e7l\u00fc g\u00fcvenlik \u00f6zellikleri sayesinde \u00e7e\u015fitli servisleri entegre etmek i\u00e7in idealdir.<\/span><span class=\"AnswerParser_TextContainer__z_Iiv\" data-testid=\"youchat-text\"><strong>S: MIFARE Desfire EV2 veri g\u00fcvenli\u011fini nas\u0131l sa\u011fl\u0131yor?<\/strong><br \/>\nC: Kart, AES de dahil olmak \u00fczere geli\u015fmi\u015f \u015fifreleme algoritmalar\u0131 kullan\u0131yor ve Common Criteria EAL5+ sertifikas\u0131na sahip olup y\u00fcksek d\u00fczeyde veri korumas\u0131 sa\u011fl\u0131yor.<\/span><span class=\"AnswerParser_TextContainer__z_Iiv\" data-testid=\"youchat-text\"><strong>S: MIFARE Desfire EV2 mevcut NFC altyap\u0131s\u0131yla kullan\u0131labilir mi?<\/strong><br \/>\nC: Evet, mevcut NFC okuyucu altyap\u0131s\u0131yla tam olarak \u00e7al\u0131\u015fabilir ve sorunsuz bir entegrasyon sa\u011flar.<\/span><\/p>\n<h2 class=\"AnswerParser_AnswerParserH2__SIHnF\">\u00c7evresel Etki ve S\u00fcrd\u00fcr\u00fclebilirlik<\/h2>\n<p><span class=\"AnswerParser_TextContainer__z_Iiv\" data-testid=\"youchat-text\">The\u00a0<strong>MIFARE Desfire EV2<\/strong>\u00a0s\u00fcrd\u00fcr\u00fclebilirlik d\u00fc\u015f\u00fcn\u00fclerek tasarlanm\u0131\u015ft\u0131r. Dayan\u0131kl\u0131 yap\u0131s\u0131 uzun bir \u00fcr\u00fcn \u00f6mr\u00fc sa\u011flar, at\u0131\u011f\u0131 ve s\u0131k de\u011fi\u015ftirme ihtiyac\u0131n\u0131 azalt\u0131r. Tek bir kartta birden fazla uygulamay\u0131 destekleyerek, birden fazla kart\u0131n \u00fcretimi ve at\u0131lmas\u0131yla ili\u015fkili \u00e7evresel etkiyi de en aza indirir\u00a0<\/span><\/p>\n<h2 class=\"AnswerParser_AnswerParserH2__SIHnF\">Sonu\u00e7: Neden MIFARE Desfire EV2&#039;yi Se\u00e7melisiniz?<\/h2>\n<p><span class=\"AnswerParser_TextContainer__z_Iiv\" data-testid=\"youchat-text\">The\u00a0<strong>MIFARE Desfire EV2 2K 4K 8K Kart<\/strong>\u00a0Herhangi bir temass\u0131z \u00e7\u00f6z\u00fcm i\u00e7in g\u00fcvenlik, performans ve \u00e7ok y\u00f6nl\u00fcl\u00fc\u011f\u00fcn m\u00fckemmel bir kar\u0131\u015f\u0131m\u0131n\u0131 sunar. Toplu ta\u015f\u0131ma sisteminizi geli\u015ftirmek, eri\u015fim y\u00f6netimini g\u00fcvence alt\u0131na almak veya ak\u0131ll\u0131 bir \u015fehir ortam\u0131nda birden fazla hizmeti entegre etmek istiyorsan\u0131z, bu kart sa\u011flam ve g\u00fcvenilir bir se\u00e7enek sunar. Geli\u015fmi\u015f \u015fifreleme yetenekleri ve \u00e7oklu uygulama deste\u011fi, g\u00fcvenli\u011fe ve verimlili\u011fe \u00f6ncelik veren kurulu\u015flar i\u00e7in de\u011ferli bir yat\u0131r\u0131m haline getirir.<\/span><span class=\"AnswerParser_TextContainer__z_Iiv\" data-testid=\"youchat-text\">Daha fazla bilgi almak veya sipari\u015f vermek i\u00e7in\u00a0<strong>bize Ula\u015f\u0131n<\/strong>\u00a0Bug\u00fcn. MIFARE Desfire EV2 ile bir sonraki seviye g\u00fcvenlik ve verimlili\u011fin kilidini a\u00e7\u0131n.<\/span><\/p>","protected":false},"excerpt":{"rendered":"<p><span class=\"AnswerParser_TextContainer__z_Iiv\" data-testid=\"youchat-text\">\u00a0<strong>MIFARE Desfire EV2 2K 4K 8K Kart<\/strong> <\/span>ula\u015f\u0131m, eri\u015fim kontrol\u00fc ve \u00f6demelerdeki RFID uygulamalar\u0131 i\u00e7in uygun, y\u00fcksek g\u00fcvenlik sa\u011flayan \u00e7ok y\u00f6nl\u00fc bir NFC \u00e7ipidir.<\/p>","protected":false},"featured_media":2054,"template":"","meta":[],"product_brand":[],"product_cat":[46],"product_tag":[],"class_list":{"0":"post-2052","1":"product","2":"type-product","3":"status-publish","4":"has-post-thumbnail","6":"product_cat-nfc-cards","8":"first","9":"instock","10":"shipping-taxable","11":"product-type-simple"},"_links":{"self":[{"href":"https:\/\/nfc-readers.com\/tr\/wp-json\/wp\/v2\/product\/2052","targetHints":{"allow":["GET"]}}],"collection":[{"href":"https:\/\/nfc-readers.com\/tr\/wp-json\/wp\/v2\/product"}],"about":[{"href":"https:\/\/nfc-readers.com\/tr\/wp-json\/wp\/v2\/types\/product"}],"wp:featuredmedia":[{"embeddable":true,"href":"https:\/\/nfc-readers.com\/tr\/wp-json\/wp\/v2\/media\/2054"}],"wp:attachment":[{"href":"https:\/\/nfc-readers.com\/tr\/wp-json\/wp\/v2\/media?parent=2052"}],"wp:term":[{"taxonomy":"product_brand","embeddable":true,"href":"https:\/\/nfc-readers.com\/tr\/wp-json\/wp\/v2\/product_brand?post=2052"},{"taxonomy":"product_cat","embeddable":true,"href":"https:\/\/nfc-readers.com\/tr\/wp-json\/wp\/v2\/product_cat?post=2052"},{"taxonomy":"product_tag","embeddable":true,"href":"https:\/\/nfc-readers.com\/tr\/wp-json\/wp\/v2\/product_tag?post=2052"}],"curies":[{"name":"wp","href":"https:\/\/api.w.org\/{rel}","templated":true}]}}