{"id":2062,"date":"2024-04-20T12:54:15","date_gmt":"2024-04-20T12:54:15","guid":{"rendered":"https:\/\/nfc-readers.com\/?post_type=product&#038;p=2062"},"modified":"2024-09-29T05:41:26","modified_gmt":"2024-09-29T05:41:26","slug":"icode-slix2s","status":"publish","type":"product","link":"https:\/\/nfc-readers.com\/tr\/ic-reader\/icode-slix2s\/","title":{"rendered":"ICODE-SLIX SLIX2"},"content":{"rendered":"<h1>ICODE-SLIX SLIX2<\/h1>\n<p>ICODE SLIX ve ICODE SLIX2, NXP Semiconductors taraf\u0131ndan piyasaya s\u00fcr\u00fclen, ISO 15693 ve ISO 18000-3M1 standartlar\u0131 i\u00e7in y\u00fcksek performansl\u0131 \u00e7\u00f6z\u00fcmleri temsil eden y\u00fcksek frekansl\u0131 temass\u0131z etiket IC \u00fcr\u00fcnleridir. Bu \u00e7ipler, \u00f6\u011fe takibi, belge y\u00f6netimi, envanter ve sahtecili\u011fe kar\u015f\u0131 koruma gibi uygulamalar i\u00e7in tasarlanm\u0131\u015ft\u0131r ve k\u00fct\u00fcphanelerde, ticari ve end\u00fcstriyel alanlarda yayg\u0131n olarak kullan\u0131lmaktad\u0131r.<\/p>\n<table width=\"360\">\n<tbody>\n<tr style=\"font-style: inherit; font-weight: inherit;\">\n<td style=\"font-style: inherit;\" width=\"123\">\n<p data-spm-anchor-id=\"a2700.details.0.i61.4ab745a6aSRQFL\">Malzeme<\/p>\n<\/td>\n<td style=\"font-style: inherit;\" width=\"237\">Ka\u011f\u0131t\/PVC\/PET<\/td>\n<\/tr>\n<tr style=\"font-style: inherit; font-weight: inherit;\">\n<td style=\"font-style: inherit;\" width=\"123\">Boyut<\/td>\n<td style=\"font-style: inherit;\" width=\"237\">40 mm \u00e7ap<\/td>\n<\/tr>\n<tr style=\"font-style: inherit; font-weight: inherit;\">\n<td style=\"font-style: inherit;\" width=\"123\">S\u0131kl\u0131k<\/td>\n<td style=\"font-style: inherit;\" width=\"237\">13.56 mhz<\/td>\n<\/tr>\n<tr style=\"font-style: inherit; font-weight: inherit;\">\n<td style=\"font-style: inherit;\" width=\"123\">Yonga<\/td>\n<td style=\"font-style: inherit;\" width=\"237\">ICODE SLIX\/SLIX2<\/td>\n<\/tr>\n<tr style=\"font-style: inherit; font-weight: inherit;\">\n<td style=\"font-style: inherit;\" width=\"123\">Haf\u0131za<\/td>\n<td style=\"font-style: inherit;\" width=\"237\">1024\/2048 bit<\/td>\n<\/tr>\n<tr style=\"font-style: inherit; font-weight: inherit;\">\n<td style=\"font-style: inherit;\" width=\"123\">Protokol<\/td>\n<td style=\"font-style: inherit;\" width=\"237\">ISO\/IEC 15693<\/td>\n<\/tr>\n<tr style=\"font-style: inherit; font-weight: inherit;\">\n<td style=\"font-style: inherit;\" width=\"123\">Okuma yazma dayan\u0131kl\u0131l\u0131\u011f\u0131<\/td>\n<td style=\"font-style: inherit;\" width=\"237\">100.000 d\u00f6ng\u00fc<\/td>\n<\/tr>\n<tr style=\"font-style: inherit; font-weight: inherit;\">\n<td style=\"font-style: inherit;\" width=\"123\">\u00c7al\u0131\u015fma s\u0131cakl\u0131\u011f\u0131<\/td>\n<td style=\"font-style: inherit;\" width=\"237\">-25 \u00b0C \/ +70 \u00b0C<\/td>\n<\/tr>\n<tr style=\"font-style: inherit; font-weight: inherit;\">\n<td style=\"font-style: inherit;\" width=\"123\">Bask\u0131<\/td>\n<td style=\"font-style: inherit;\" width=\"237\">\u00d6zel logo bask\u0131s\u0131<\/td>\n<\/tr>\n<tr style=\"font-style: inherit; font-weight: inherit;\">\n<td style=\"font-style: inherit;\" width=\"123\">\u00c7al\u0131\u015fma modu<\/td>\n<td style=\"font-style: inherit;\" width=\"237\">Pasif, temass\u0131z<\/td>\n<\/tr>\n<\/tbody>\n<\/table>\n<p><img loading=\"lazy\" decoding=\"async\" class=\"alignnone wp-image-2067\" src=\"https:\/\/nfc-readers.com\/wp-content\/uploads\/2024\/04\/Habf384e249ce42a1ba91b700a11d3180t-300x202.jpg\" alt=\"\" width=\"432\" height=\"291\" srcset=\"https:\/\/nfc-readers.com\/wp-content\/uploads\/2024\/04\/Habf384e249ce42a1ba91b700a11d3180t-300x202.jpg 300w, https:\/\/nfc-readers.com\/wp-content\/uploads\/2024\/04\/Habf384e249ce42a1ba91b700a11d3180t-768x517.jpg 768w, https:\/\/nfc-readers.com\/wp-content\/uploads\/2024\/04\/Habf384e249ce42a1ba91b700a11d3180t-600x404.jpg 600w, https:\/\/nfc-readers.com\/wp-content\/uploads\/2024\/04\/Habf384e249ce42a1ba91b700a11d3180t.jpg 1000w\" sizes=\"auto, (max-width: 432px) 100vw, 432px\" \/><\/p>\n<p><img loading=\"lazy\" decoding=\"async\" class=\"alignnone wp-image-2068\" src=\"https:\/\/nfc-readers.com\/wp-content\/uploads\/2024\/04\/H5353f0e627eb4c75b0ba8985b00dd1b1S-300x202.jpg\" alt=\"\" width=\"419\" height=\"282\" srcset=\"https:\/\/nfc-readers.com\/wp-content\/uploads\/2024\/04\/H5353f0e627eb4c75b0ba8985b00dd1b1S-300x202.jpg 300w, https:\/\/nfc-readers.com\/wp-content\/uploads\/2024\/04\/H5353f0e627eb4c75b0ba8985b00dd1b1S-1024x689.jpg 1024w, https:\/\/nfc-readers.com\/wp-content\/uploads\/2024\/04\/H5353f0e627eb4c75b0ba8985b00dd1b1S-768x517.jpg 768w, https:\/\/nfc-readers.com\/wp-content\/uploads\/2024\/04\/H5353f0e627eb4c75b0ba8985b00dd1b1S-1536x1034.jpg 1536w, https:\/\/nfc-readers.com\/wp-content\/uploads\/2024\/04\/H5353f0e627eb4c75b0ba8985b00dd1b1S-600x404.jpg 600w, https:\/\/nfc-readers.com\/wp-content\/uploads\/2024\/04\/H5353f0e627eb4c75b0ba8985b00dd1b1S.jpg 1920w\" sizes=\"auto, (max-width: 419px) 100vw, 419px\" \/><\/p>\n<p>&nbsp;<\/p>","protected":false},"excerpt":{"rendered":"<p>NXP&#039;nin ICODE SLIX ve SLIX2, ISO 15693&#039;e uygun y\u00fcksek performansl\u0131 RFID \u00e7ipleridir ve \u00fcr\u00fcn takibi, belge y\u00f6netimi ve sahtecili\u011fe kar\u015f\u0131 m\u00fccadele uygulamalar\u0131 i\u00e7in idealdir.<\/p>","protected":false},"featured_media":2063,"template":"","meta":[],"product_brand":[],"product_cat":[47],"product_tag":[],"class_list":{"0":"post-2062","1":"product","2":"type-product","3":"status-publish","4":"has-post-thumbnail","6":"product_cat-nfc-tags","8":"first","9":"instock","10":"shipping-taxable","11":"product-type-simple"},"_links":{"self":[{"href":"https:\/\/nfc-readers.com\/tr\/wp-json\/wp\/v2\/product\/2062","targetHints":{"allow":["GET"]}}],"collection":[{"href":"https:\/\/nfc-readers.com\/tr\/wp-json\/wp\/v2\/product"}],"about":[{"href":"https:\/\/nfc-readers.com\/tr\/wp-json\/wp\/v2\/types\/product"}],"wp:featuredmedia":[{"embeddable":true,"href":"https:\/\/nfc-readers.com\/tr\/wp-json\/wp\/v2\/media\/2063"}],"wp:attachment":[{"href":"https:\/\/nfc-readers.com\/tr\/wp-json\/wp\/v2\/media?parent=2062"}],"wp:term":[{"taxonomy":"product_brand","embeddable":true,"href":"https:\/\/nfc-readers.com\/tr\/wp-json\/wp\/v2\/product_brand?post=2062"},{"taxonomy":"product_cat","embeddable":true,"href":"https:\/\/nfc-readers.com\/tr\/wp-json\/wp\/v2\/product_cat?post=2062"},{"taxonomy":"product_tag","embeddable":true,"href":"https:\/\/nfc-readers.com\/tr\/wp-json\/wp\/v2\/product_tag?post=2062"}],"curies":[{"name":"wp","href":"https:\/\/api.w.org\/{rel}","templated":true}]}}