{"id":2081,"date":"2024-10-22T01:16:34","date_gmt":"2024-10-22T01:16:34","guid":{"rendered":"https:\/\/nfc-readers.com\/?post_type=product&#038;p=2081"},"modified":"2024-10-28T14:02:37","modified_gmt":"2024-10-28T14:02:37","slug":"mifare-plus-s-2k-4k-rfid-cards","status":"publish","type":"product","link":"https:\/\/nfc-readers.com\/tr\/ic-reader\/mifare-plus-s-2k-4k-rfid-cards\/","title":{"rendered":"\u00a0MIFARE Plus\u00ae S 2k 4k RFID Kartlar\u0131"},"content":{"rendered":"<h1>\u00a0MIFARE Plus\u00ae S 2k 4k RFID Kartlar\u0131<\/h1>\n<table style=\"height: 505px;\" width=\"655\">\n<tbody>\n<tr style=\"font-style: inherit; font-weight: inherit;\">\n<td style=\"font-style: inherit;\" width=\"172\">\n<p data-spm-anchor-id=\"a2700.details.0.i71.17213ba4RCuUOM\">\u00d6\u011fe<\/p>\n<\/td>\n<td style=\"font-style: inherit;\" width=\"252\">\u00a0MIFARE Plus\u00ae S 2k 4k RFID Kart\u0131<\/td>\n<\/tr>\n<tr style=\"font-style: inherit; font-weight: inherit;\">\n<td style=\"font-style: inherit;\" width=\"172\">\u00d6zel \u00d6zellikler<\/td>\n<td style=\"font-style: inherit;\" width=\"252\">Suya \/ Hava ko\u015fullar\u0131na dayan\u0131kl\u0131<\/td>\n<\/tr>\n<tr style=\"font-style: inherit; font-weight: inherit;\">\n<td style=\"font-style: inherit;\" width=\"172\">\u0130leti\u015fim aray\u00fcz\u00fc<\/td>\n<td style=\"font-style: inherit;\" width=\"252\">RFID<\/td>\n<\/tr>\n<tr style=\"font-style: inherit; font-weight: inherit;\">\n<td style=\"font-style: inherit;\" width=\"172\">Anavatan<\/td>\n<td style=\"font-style: inherit;\" width=\"252\">Guangdong, \u00c7in<\/td>\n<\/tr>\n<tr style=\"font-style: inherit; font-weight: inherit;\">\n<td style=\"font-style: inherit;\" width=\"172\">S\u0131kl\u0131k<\/td>\n<td style=\"font-style: inherit;\" width=\"252\">13.56Mhz<\/td>\n<\/tr>\n<tr style=\"font-style: inherit; font-weight: inherit;\">\n<td style=\"font-style: inherit;\" width=\"172\">Yonga<\/td>\n<td style=\"font-style: inherit;\" width=\"252\">MIFARE Plus\u00ae S 2K(MIFARE\u00ae ve MIFARE Plus\u00ae, NXP BV&#039;nin tescilli ticari markalar\u0131d\u0131r ve lisans alt\u0131nda kullan\u0131lmaktad\u0131r.)<\/td>\n<\/tr>\n<tr style=\"font-style: inherit; font-weight: inherit;\">\n<td style=\"font-style: inherit;\" width=\"172\">Malzeme<\/td>\n<td style=\"font-style: inherit;\" width=\"252\">PVC<\/td>\n<\/tr>\n<tr style=\"font-style: inherit; font-weight: inherit;\">\n<td style=\"font-style: inherit;\" width=\"172\">Ba\u015fvuru<\/td>\n<td style=\"font-style: inherit;\" width=\"252\">Giri\u015f kontrol sistemi<\/td>\n<\/tr>\n<tr style=\"font-style: inherit; font-weight: inherit;\">\n<td style=\"font-style: inherit;\" width=\"172\">Protokol<\/td>\n<td style=\"font-style: inherit;\" width=\"252\">ISO 14443A<\/td>\n<\/tr>\n<tr style=\"font-style: inherit; font-weight: inherit;\">\n<td style=\"font-style: inherit;\" width=\"172\">Kal\u0131nl\u0131k<\/td>\n<td style=\"font-style: inherit;\" width=\"252\">0,84 mm\/\u00d6zelle\u015ftirilmi\u015f<\/td>\n<\/tr>\n<tr style=\"font-style: inherit; font-weight: inherit;\">\n<td style=\"font-style: inherit;\" width=\"172\">Y\u00fczey<\/td>\n<td style=\"font-style: inherit;\" width=\"252\">Parlak.buzlu.mat<\/td>\n<\/tr>\n<tr style=\"font-style: inherit; font-weight: inherit;\">\n<td style=\"font-style: inherit;\" width=\"172\">Giri\u015f kapasitans\u0131 [pF]<\/td>\n<td style=\"font-style: inherit;\" width=\"252\">17\/70PF<\/td>\n<\/tr>\n<tr style=\"font-style: inherit; font-weight: inherit;\">\n<td style=\"font-style: inherit;\" width=\"172\">Anahtar uzunlu\u011fu<\/td>\n<td style=\"font-style: inherit;\" width=\"252\">48 bit Kripto-1, 128 bit AES<\/td>\n<\/tr>\n<tr style=\"font-style: inherit; font-weight: inherit;\">\n<td style=\"font-style: inherit;\" width=\"172\">Bellek modeli<\/td>\n<td style=\"font-style: inherit;\" width=\"252\">Kompakt, sekt\u00f6rler ve 16 baytl\u0131k bloklar<\/td>\n<\/tr>\n<tr style=\"font-style: inherit; font-weight: inherit;\">\n<td style=\"font-style: inherit;\" width=\"172\">NFC uyumlulu\u011fu<\/td>\n<td style=\"font-style: inherit;\" width=\"252\">SL3&#039;te NFC \u00f6zelli\u011fi<\/td>\n<\/tr>\n<\/tbody>\n<\/table>\n<p>&nbsp;<\/p>\n<p><span class=\"AnswerParser_TextContainer__z_Iiv\" data-testid=\"youchat-text\"><strong>MIFARE Plus\u00ae S 2k 4k RFID Kartlar\u0131<\/strong>\u00a0mevcut sistemlerinizi bir \u00fcst seviyeye ta\u015f\u0131mak i\u00e7in sekt\u00f6r\u00fcn \u00e7\u00f6z\u00fcm\u00fcd\u00fcr. Bu kartlar, MIFARE Classic&#039;ten sorunsuz bir ge\u00e7i\u015f sa\u011flayarak AES-128 \u015fifrelemesi ile daha y\u00fcksek g\u00fcvenlik sa\u011flar ve mevcut altyap\u0131n\u0131zla uyumlulu\u011fu korur. \u00dcst\u00fcn veri b\u00fct\u00fcnl\u00fc\u011f\u00fc ve g\u00fcvenli ileti\u015fim ile RFID uygulamalar\u0131n\u0131z\u0131 geli\u015ftirmek i\u00e7in en iyi se\u00e7imdir.<\/span><\/p>\n<h2 class=\"AnswerParser_AnswerParserH2__SIHnF\">MIFARE Plus\u00ae S ile Y\u00fcksek G\u00fcvenlikli \u00c7\u00f6z\u00fcmlerin Kilidini A\u00e7\u0131n<\/h2>\n<p><span class=\"AnswerParser_TextContainer__z_Iiv\" data-testid=\"youchat-text\">The\u00a0<strong>MIFARE Plus\u00ae S 2k 4k RFID Kartlar\u0131<\/strong>\u00a0sistemlerini y\u00fckseltmek isteyen kurulu\u015flar i\u00e7in \u00e7ok y\u00f6nl\u00fc bir se\u00e7enek olarak \u00f6ne \u00e7\u0131k\u0131yor. G\u00fcvenli\u011fe odaklan\u0131larak tasarlanan bu kartlar, verilerinizin yetkisiz eri\u015fime kar\u015f\u0131 korunmas\u0131n\u0131 sa\u011flayarak AES-128 \u015fifrelemesini uygular. Geli\u015fmi\u015f \u015fifreleme y\u00f6ntemlerinin kullan\u0131m\u0131, bilgilerinizin b\u00fct\u00fcnl\u00fc\u011f\u00fcn\u00fc ve gizlili\u011fini korumas\u0131n\u0131 garanti eder.<\/span><span class=\"AnswerParser_TextContainer__z_Iiv\" data-testid=\"youchat-text\">Bu ak\u0131ll\u0131 kartlar MIFARE Classic ile uyumludur ve i\u015fletmelerin mevcut donan\u0131mlar\u0131n\u0131 de\u011fi\u015ftirmeden ge\u00e7i\u015f yapmas\u0131n\u0131 kolayla\u015ft\u0131r\u0131r. Bu uyumluluk, operasyonlar\u0131n\u0131z\u0131 aksatmadan geli\u015fmi\u015f g\u00fcvenlik \u00f6zellikleri sa\u011flayan uygun maliyetli bir y\u00fckseltmeye olanak tan\u0131r.<\/span><\/p>\n<h3 class=\"AnswerParser_AnswerParserH3__Mpe4s\">Sa\u011flam RFID Teknolojisi<\/h3>\n<p><span class=\"AnswerParser_TextContainer__z_Iiv\" data-testid=\"youchat-text\">13.56MHz frekans\u0131nda,\u00a0<strong>MIFARE Plus\u00ae S 2k 4k RFID Kartlar\u0131<\/strong>\u00a0g\u00fcvenilir ve etkili ileti\u015fim sunar. Kartlar, su ge\u00e7irmez ve hava ko\u015fullar\u0131na dayan\u0131kl\u0131 yap\u0131lar\u0131 sayesinde \u00e7e\u015fitli \u00e7evre ko\u015fullar\u0131na dayanacak \u015fekilde \u00fcretilmi\u015ftir. Dayan\u0131kl\u0131 PVC malzemeden \u00fcretilen bu kartlar, her t\u00fcrl\u00fc ortamda uzun s\u00fcreli kullan\u0131m i\u00e7in tasarlanm\u0131\u015ft\u0131r.<\/span><span class=\"AnswerParser_TextContainer__z_Iiv\" data-testid=\"youchat-text\">0,84 mm kal\u0131nl\u0131\u011fa sahip bu RFID kartlar\u0131n\u0131n kompakt tasar\u0131m\u0131, mevcut sistemlerinize kolay entegrasyon sa\u011flar. Parlak, buzlu ve mat gibi \u00f6zelle\u015ftirilebilir y\u00fczey kaplama se\u00e7enekleri, \u00f6zel tasar\u0131m ihtiya\u00e7lar\u0131n\u0131z\u0131 kar\u015f\u0131lamak i\u00e7in ek esneklik sunar.<\/span><\/p>\n<h3 class=\"AnswerParser_AnswerParserH3__Mpe4s\">Geli\u015fmi\u015f G\u00fcvenlik \u00d6zellikleri<\/h3>\n<p><span class=\"AnswerParser_TextContainer__z_Iiv\" data-testid=\"youchat-text\">G\u00fcvenlik, her \u015feyin merkezinde yer al\u0131r\u00a0<strong>MIFARE Plus\u00ae S 2k 4k RFID Kartlar\u0131<\/strong>. Bu kartlar AES-128 \u015fifrelemesini dahil ederek geli\u015fmi\u015f bir koruma seviyesi sunar. Bu kriptografik y\u00f6ntem yaln\u0131zca kullan\u0131c\u0131lar\u0131 do\u011frulamakla kalmaz, ayn\u0131 zamanda veri b\u00fct\u00fcnl\u00fc\u011f\u00fcn\u00fc ve \u015fifrelemeyi de garanti alt\u0131na alarak hassas bilgileri olas\u0131 tehditlerden korur.<\/span><span class=\"AnswerParser_TextContainer__z_Iiv\" data-testid=\"youchat-text\">Kartlar, birden fazla g\u00fcvenlik katman\u0131 sa\u011flayan 48 bitlik Crypto-1 ve 128 bitlik AES anahtar uzunluklar\u0131n\u0131 destekler. Bu, kurumsal eri\u015fim kontrol sistemleri, toplu ta\u015f\u0131ma ve finansal i\u015flemler gibi y\u00fcksek d\u00fczeyde koruma gerektiren uygulamalar i\u00e7in idealdir.<\/span><\/p>\n<h3 class=\"AnswerParser_AnswerParserH3__Mpe4s\">Kusursuz Entegrasyon ve Uyumluluk<\/h3>\n<p><span class=\"AnswerParser_TextContainer__z_Iiv\" data-testid=\"youchat-text\">\u00d6nemli avantajlardan biri\u00a0<strong>MIFARE Plus\u00ae S 2k 4k RFID Kartlar\u0131<\/strong>\u00a0mevcut sistemlerle kusursuz entegrasyonlar\u0131d\u0131r. Bu kartlar yaln\u0131zca MIFARE Classic ile uyumlu olmakla kalmaz, ayn\u0131 zamanda ISO 14443A protokol standartlar\u0131na da uyar ve mevcut altyap\u0131n\u0131za sorunsuz bir \u015fekilde dahil edilmesini sa\u011flar. SL3&#039;teki NFC uyumlulu\u011fu, \u00e7ok \u00e7e\u015fitli ortamlarda uygulanabilirli\u011fini daha da art\u0131r\u0131r.<\/span><\/p>\n<h3 class=\"AnswerParser_AnswerParserH3__Mpe4s\">M\u00fc\u015fteri Yorumlar\u0131 ve G\u00f6r\u00fc\u015fleri<\/h3>\n<p><span class=\"AnswerParser_TextContainer__z_Iiv\" data-testid=\"youchat-text\"><strong>M\u00fc\u015fteriler MIFARE Plus\u00ae S 2k 4k RFID Kartlar\u0131n\u0131 \u00f6vd\u00fc<\/strong>\u00a0G\u00fcvenilirlikleri ve kullan\u0131m kolayl\u0131klar\u0131 i\u00e7in. Bir kullan\u0131c\u0131, &quot;Eri\u015fim kontrol sistemimizi bu kartlarla y\u00fckseltmek sorunsuzdu. Geli\u015fmi\u015f g\u00fcvenlik \u00f6zellikleri bize g\u00f6n\u00fcl rahatl\u0131\u011f\u0131 sa\u011fl\u0131yor.&quot; dedi. Bir di\u011feri ise, &quot;Bu kartlar\u0131n \u00e7e\u015fitli ortamlarda dayan\u0131kl\u0131l\u0131\u011f\u0131n\u0131 ve tutarl\u0131 performans\u0131n\u0131 takdir ediyoruz.&quot; diye ekledi.<\/span><\/p>\n<h3 class=\"AnswerParser_AnswerParserH3__Mpe4s\">S\u0131k\u00e7a Sorulan Sorular<\/h3>\n<p><span class=\"AnswerParser_TextContainer__z_Iiv\" data-testid=\"youchat-text\"><strong>S: MIFARE Plus\u00ae S 2k 4k RFID Kartlar\u0131 g\u00fcvenli\u011fi nas\u0131l art\u0131r\u0131r?<\/strong><br \/>\nA: Bu kartlar AES-128 \u015fifrelemesinden yararlanarak veri b\u00fct\u00fcnl\u00fc\u011f\u00fcn\u00fc korur ve yetkisiz eri\u015fime kar\u015f\u0131 koruma sa\u011flar.<\/span><\/p>\n<p><span class=\"AnswerParser_TextContainer__z_Iiv\" data-testid=\"youchat-text\"><strong>S: Bu kartlar mevcut MIFARE Classic sistemleriyle uyumlu mu?<\/strong><br \/>\nC: Evet, MIFARE Classic ile uyumluluk sunuyorlar ve yeni bir donan\u0131ma ihtiya\u00e7 duymadan sorunsuz bir ge\u00e7i\u015f sa\u011fl\u0131yorlar.<\/span><\/p>\n<p><span class=\"AnswerParser_TextContainer__z_Iiv\" data-testid=\"youchat-text\"><strong>S: Bu RFID kartlar\u0131n\u0131n tipik uygulamas\u0131 nedir?<\/strong><br \/>\nA: Ge\u00e7i\u015f kontrol sistemleri, kurumsal ortamlar ve y\u00fcksek g\u00fcvenlik gerektiren toplu ta\u015f\u0131ma sistemleri i\u00e7in idealdir.<\/span><\/p>\n<h3 class=\"AnswerParser_AnswerParserH3__Mpe4s\">\u00c7evresel Etki ve S\u00fcrd\u00fcr\u00fclebilirlik<\/h3>\n<p><span class=\"AnswerParser_TextContainer__z_Iiv\" data-testid=\"youchat-text\">The\u00a0<strong>MIFARE Plus\u00ae S 2k 4k RFID Kartlar\u0131<\/strong>\u00a0s\u00fcrd\u00fcr\u00fclebilirlik d\u00fc\u015f\u00fcn\u00fclerek tasarlanm\u0131\u015ft\u0131r. Dayan\u0131kl\u0131 PVC yap\u0131lar\u0131 uzun \u00fcr\u00fcn \u00f6mr\u00fc sa\u011flar, at\u0131\u011f\u0131 ve s\u0131k de\u011fi\u015ftirme ihtiyac\u0131n\u0131 azalt\u0131r. MIFARE Plus&#039;a y\u00fckselterek, kurulu\u015flar mevcut sistemleri tamamen de\u011fi\u015ftirmek yerine \u00f6m\u00fcrlerini uzatarak \u00e7evresel ayak izlerini de en aza indirebilirler.<\/span><\/p>\n<h3 class=\"AnswerParser_AnswerParserH3__Mpe4s\">Sonu\u00e7: Neden MIFARE Plus\u00ae S 2k 4k RFID Kartlar\u0131n\u0131 Se\u00e7melisiniz?<\/h3>\n<p><span class=\"AnswerParser_TextContainer__z_Iiv\" data-testid=\"youchat-text\">The\u00a0<strong>MIFARE Plus\u00ae S 2k 4k RFID Kartlar\u0131<\/strong>\u00a0herhangi bir eri\u015fim kontrol sistemi i\u00e7in g\u00fcvenlik, uyumluluk ve dayan\u0131kl\u0131l\u0131\u011f\u0131n m\u00fckemmel bir dengesini sunar. Mevcut altyap\u0131n\u0131z\u0131 y\u00fckseltmek veya yeni kurulumlar i\u00e7in g\u00fcvenilir bir \u00e7\u00f6z\u00fcm aramak istiyorsan\u0131z, bu kartlar sa\u011flam ve g\u00fcvenli bir se\u00e7enek sunar. Geli\u015fmi\u015f \u015fifreleme yetenekleri ve sorunsuz entegrasyonlar\u0131, onlar\u0131 g\u00fcvenli\u011fe ve verimlili\u011fe \u00f6ncelik veren kurulu\u015flar i\u00e7in de\u011ferli bir yat\u0131r\u0131m haline getirir.<\/span><span class=\"AnswerParser_TextContainer__z_Iiv\" data-testid=\"youchat-text\">Daha fazla bilgi almak veya sipari\u015f vermek i\u00e7in\u00a0<strong>bize Ula\u015f\u0131n<\/strong>\u00a0Bug\u00fcn. MIFARE Plus ile bir sonraki seviye g\u00fcvenlik ve verimlili\u011fin kilidini a\u00e7\u0131n.<\/span><\/p>","protected":false},"excerpt":{"rendered":"<p>NXP&#039;nin MIFARE Plus kart\u0131, toplu ta\u015f\u0131ma, eri\u015fim kontrol\u00fc ve \u00f6deme uygulamalar\u0131 i\u00e7in ideal, RFID standartlar\u0131na uygun g\u00fcvenli bir NFC \u00e7ip \u00e7\u00f6z\u00fcm\u00fcd\u00fcr.<\/p>","protected":false},"featured_media":2082,"template":"","meta":[],"product_brand":[],"product_cat":[46],"product_tag":[],"class_list":{"0":"post-2081","1":"product","2":"type-product","3":"status-publish","4":"has-post-thumbnail","6":"product_cat-nfc-cards","8":"first","9":"instock","10":"shipping-taxable","11":"product-type-simple"},"_links":{"self":[{"href":"https:\/\/nfc-readers.com\/tr\/wp-json\/wp\/v2\/product\/2081","targetHints":{"allow":["GET"]}}],"collection":[{"href":"https:\/\/nfc-readers.com\/tr\/wp-json\/wp\/v2\/product"}],"about":[{"href":"https:\/\/nfc-readers.com\/tr\/wp-json\/wp\/v2\/types\/product"}],"wp:featuredmedia":[{"embeddable":true,"href":"https:\/\/nfc-readers.com\/tr\/wp-json\/wp\/v2\/media\/2082"}],"wp:attachment":[{"href":"https:\/\/nfc-readers.com\/tr\/wp-json\/wp\/v2\/media?parent=2081"}],"wp:term":[{"taxonomy":"product_brand","embeddable":true,"href":"https:\/\/nfc-readers.com\/tr\/wp-json\/wp\/v2\/product_brand?post=2081"},{"taxonomy":"product_cat","embeddable":true,"href":"https:\/\/nfc-readers.com\/tr\/wp-json\/wp\/v2\/product_cat?post=2081"},{"taxonomy":"product_tag","embeddable":true,"href":"https:\/\/nfc-readers.com\/tr\/wp-json\/wp\/v2\/product_tag?post=2081"}],"curies":[{"name":"wp","href":"https:\/\/api.w.org\/{rel}","templated":true}]}}