{"id":2089,"date":"2024-04-22T01:36:23","date_gmt":"2024-04-22T01:36:23","guid":{"rendered":"https:\/\/nfc-readers.com\/?post_type=product&#038;p=2089"},"modified":"2024-09-29T05:37:31","modified_gmt":"2024-09-29T05:37:31","slug":"ntags21x","status":"publish","type":"product","link":"https:\/\/nfc-readers.com\/tr\/ic-reader\/ntags21x\/","title":{"rendered":"NFC ET\u0130KET\u0130 213 215 216"},"content":{"rendered":"<h1>NFC ET\u0130KET\u0130 213 215 216<\/h1>\n<p>&nbsp;<\/p>\n<table width=\"326\">\n<tbody>\n<tr style=\"font-style: inherit; font-weight: inherit;\">\n<td style=\"font-style: inherit;\" width=\"120\">\n<p data-spm-anchor-id=\"a2700.details.0.i72.7a3f2684UtmBLe\">\u00d6\u011fe<\/p>\n<\/td>\n<td style=\"font-style: inherit;\" width=\"206\">\u00d6zel Bask\u0131 Programlanabilir NTAG215 Google \u0130nceleme NFC Kart\u0131<\/td>\n<\/tr>\n<tr style=\"font-style: inherit; font-weight: inherit;\">\n<td style=\"font-style: inherit;\" width=\"120\">Malzeme<\/td>\n<td style=\"font-style: inherit;\" width=\"206\">PVC\/Akrilik<\/td>\n<\/tr>\n<tr style=\"font-style: inherit; font-weight: inherit;\">\n<td style=\"font-style: inherit;\" width=\"120\">Boyut<\/td>\n<td style=\"font-style: inherit;\" width=\"206\">88,5mmx54mm\/\u00d6zelle\u015ftirilmi\u015f<\/td>\n<\/tr>\n<tr style=\"font-style: inherit; font-weight: inherit;\">\n<td style=\"font-style: inherit;\" width=\"120\">Kal\u0131nl\u0131k<\/td>\n<td style=\"font-style: inherit;\" width=\"206\">0,88 mm\/\u00d6zelle\u015ftirilmi\u015f<\/td>\n<\/tr>\n<tr style=\"font-style: inherit; font-weight: inherit;\">\n<td style=\"font-style: inherit;\" width=\"120\">Y\u00fczey<\/td>\n<td style=\"font-style: inherit;\" width=\"206\">\n<p data-spm-anchor-id=\"a2700.details.0.i73.7a3f2684UtmBLe\">Mat\/Parlak\/Buzlu<\/p>\n<\/td>\n<\/tr>\n<tr style=\"font-style: inherit; font-weight: inherit;\">\n<td style=\"font-style: inherit;\" width=\"120\">Mevcut \u00c7ip<\/td>\n<td style=\"font-style: inherit;\" width=\"206\">NTAG213\/NTAG215\/NTAG216<\/td>\n<\/tr>\n<tr style=\"font-style: inherit; font-weight: inherit;\">\n<td style=\"font-style: inherit;\" width=\"120\">Ba\u015fvuru<\/td>\n<td style=\"font-style: inherit;\" width=\"206\">Eri\u015fim Kontrol\u00fc, \u00dcyelik Y\u00f6netimi, \u0130\u015f Ba\u011flant\u0131s\u0131 vb.<\/td>\n<\/tr>\n<\/tbody>\n<\/table>","protected":false},"excerpt":{"rendered":"<p>NXP&#039;nin NTAG213, NTAG215 ve NTAG216 NFC etiketleri, pazarlama, \u00fcr\u00fcn kimlik do\u011frulama ve ak\u0131ll\u0131 posterler gibi RFID uygulamalar\u0131nda kullan\u0131lan \u00e7ok y\u00f6nl\u00fc NFC \u00e7ip \u00e7\u00f6z\u00fcmleridir.<\/p>","protected":false},"featured_media":2090,"template":"","meta":[],"product_brand":[],"product_cat":[47],"product_tag":[],"class_list":{"0":"post-2089","1":"product","2":"type-product","3":"status-publish","4":"has-post-thumbnail","6":"product_cat-nfc-tags","8":"first","9":"instock","10":"shipping-taxable","11":"product-type-simple"},"_links":{"self":[{"href":"https:\/\/nfc-readers.com\/tr\/wp-json\/wp\/v2\/product\/2089","targetHints":{"allow":["GET"]}}],"collection":[{"href":"https:\/\/nfc-readers.com\/tr\/wp-json\/wp\/v2\/product"}],"about":[{"href":"https:\/\/nfc-readers.com\/tr\/wp-json\/wp\/v2\/types\/product"}],"wp:featuredmedia":[{"embeddable":true,"href":"https:\/\/nfc-readers.com\/tr\/wp-json\/wp\/v2\/media\/2090"}],"wp:attachment":[{"href":"https:\/\/nfc-readers.com\/tr\/wp-json\/wp\/v2\/media?parent=2089"}],"wp:term":[{"taxonomy":"product_brand","embeddable":true,"href":"https:\/\/nfc-readers.com\/tr\/wp-json\/wp\/v2\/product_brand?post=2089"},{"taxonomy":"product_cat","embeddable":true,"href":"https:\/\/nfc-readers.com\/tr\/wp-json\/wp\/v2\/product_cat?post=2089"},{"taxonomy":"product_tag","embeddable":true,"href":"https:\/\/nfc-readers.com\/tr\/wp-json\/wp\/v2\/product_tag?post=2089"}],"curies":[{"name":"wp","href":"https:\/\/api.w.org\/{rel}","templated":true}]}}