{"id":2109,"date":"2024-04-22T02:26:55","date_gmt":"2024-04-22T02:26:55","guid":{"rendered":"https:\/\/nfc-readers.com\/?post_type=product&#038;p=2109"},"modified":"2024-09-29T01:56:55","modified_gmt":"2024-09-29T01:56:55","slug":"nfc-stickers-ntag213216","status":"publish","type":"product","link":"https:\/\/nfc-readers.com\/tr\/ic-reader\/nfc-stickers-ntag213216\/","title":{"rendered":"NFC \u00e7\u0131kartmalar\u0131 NTAG213 215 216"},"content":{"rendered":"<h1>NFC \u00e7\u0131kartmalar\u0131 NTAG213 215 216<\/h1>\n<table width=\"534\">\n<tbody>\n<tr style=\"font-style: inherit; font-weight: inherit;\">\n<td style=\"font-style: inherit;\" width=\"215\">\n<p data-spm-anchor-id=\"a2700.pc-decorate.0.i49.7c5c3333IeSDv6\">\u00f6\u011fe<\/p>\n<\/td>\n<td width=\"319\">\u00d6zellikler<\/td>\n<\/tr>\n<tr style=\"font-style: inherit; font-weight: inherit;\">\n<td style=\"font-style: inherit;\" width=\"215\">\n<p data-spm-anchor-id=\"a2700.pc-decorate.0.i22.bd1b3333wXnVY0\">Anavatan<\/p>\n<\/td>\n<td width=\"319\">\u00c7in<\/td>\n<\/tr>\n<tr style=\"font-style: inherit; font-weight: inherit;\">\n<td style=\"font-style: inherit;\" width=\"215\">\n<p data-spm-anchor-id=\"0.0.0.i10.277b4f05XiiaMd\">Sertifikasyon<\/p>\n<\/td>\n<td width=\"319\">\n<p data-spm-anchor-id=\"a2700.pc-decorate.0.i10.bd1b3333wXnVY0\">CE\/ROHS<\/p>\n<\/td>\n<\/tr>\n<tr style=\"font-style: inherit; font-weight: inherit;\">\n<td style=\"font-style: inherit;\" width=\"215\">Malzeme<\/td>\n<td width=\"319\">\n<p data-spm-anchor-id=\"a2700.pc-decorate.0.i50.7c5c3333IeSDv6\">PET, kaplamal\u0131 ka\u011f\u0131t, epoksi, termal ka\u011f\u0131t vb.<\/p>\n<\/td>\n<\/tr>\n<tr style=\"font-style: inherit; font-weight: inherit;\">\n<td style=\"font-style: inherit;\" width=\"215\">Yonga<\/td>\n<td width=\"319\">\n<p data-spm-anchor-id=\"a2700.pc-decorate.0.i50.bd1b3333wXnVY0\">NTAG 213\/ NTAG 215\/Ntag 216\/Fudan F08 veya \u00f6zelle\u015ftirin<\/p>\n<\/td>\n<\/tr>\n<tr style=\"font-style: inherit; font-weight: inherit;\">\n<td style=\"font-style: inherit;\" width=\"215\">S\u0131kl\u0131k<\/td>\n<td width=\"319\">\n<p data-spm-anchor-id=\"0.0.0.i5.277b4f05QIK8KU\">13.56Mhz<\/p>\n<\/td>\n<\/tr>\n<tr style=\"font-style: inherit; font-weight: inherit;\">\n<td style=\"font-style: inherit;\" width=\"215\">\n<p data-spm-anchor-id=\"a2700.pc-decorate.0.i90.6e273333nK6FqH\">Protokol<\/p>\n<\/td>\n<td width=\"319\">\n<p data-spm-anchor-id=\"a2700.pc-decorate.0.i51.bd1b3333wXnVY0\">ISO 14443A<\/p>\n<\/td>\n<\/tr>\n<tr style=\"font-style: inherit; font-weight: inherit;\">\n<td style=\"font-style: inherit;\" rowspan=\"3\" width=\"215\">Boyut<\/td>\n<td width=\"319\">\n<p data-spm-anchor-id=\"a2700.pc-decorate.0.i53.bd1b3333wXnVY0\">Yuvarlak 18,25, 30, 35,40mm<\/p>\n<\/td>\n<\/tr>\n<tr>\n<td width=\"319\">\n<p data-spm-anchor-id=\"a2700.pc-decorate.0.i53.bd1b3333wXnVY0\">Kare 86*54,40*25,55*18,10*20,18*18,30*15<\/p>\n<\/td>\n<\/tr>\n<tr>\n<td width=\"319\">\n<p data-spm-anchor-id=\"a2700.pc-decorate.0.i53.bd1b3333wXnVY0\">veya \u00f6zelle\u015ftirilmi\u015f boyut<\/p>\n<\/td>\n<\/tr>\n<tr style=\"font-style: inherit; font-weight: inherit;\">\n<td style=\"font-style: inherit;\" width=\"215\">\n<p data-spm-anchor-id=\"0.0.0.i1.277b4f05XiiaMd\">\u00d6zellik<\/p>\n<\/td>\n<td width=\"319\">\n<p data-spm-anchor-id=\"a2700.pc-decorate.0.i47.bd1b3333wXnVY0\">Verileri nfc \u00f6zellikli telefonla payla\u015fmak normal etiketlerden daha h\u0131zl\u0131 ve daha kullan\u0131\u015fl\u0131d\u0131r<\/p>\n<\/td>\n<\/tr>\n<tr style=\"font-style: inherit; font-weight: inherit;\">\n<td style=\"font-style: inherit;\" width=\"215\">\n<p data-spm-anchor-id=\"0.0.0.i8.277b4f05XiiaMd\">\u00d6rnek<\/p>\n<\/td>\n<td width=\"319\">\n<p data-spm-anchor-id=\"a2700.pc-decorate.0.i39.6e273333nK6FqH\">\u00fccretsiz mevcut<\/p>\n<\/td>\n<\/tr>\n<tr style=\"font-style: inherit; font-weight: inherit;\">\n<td style=\"font-style: inherit;\" width=\"215\">\n<p data-spm-anchor-id=\"a2700.pc-decorate.0.i95.6e273333nK6FqH\">Mesafeyi oku<\/p>\n<\/td>\n<td width=\"319\">\n<p data-spm-anchor-id=\"a2700.pc-decorate.0.i89.6e273333nK6FqH\">0-10 cm<\/p>\n<\/td>\n<\/tr>\n<tr style=\"font-style: inherit; font-weight: inherit;\">\n<td style=\"font-style: inherit;\" width=\"215\">\n<p data-spm-anchor-id=\"a2700.pc-decorate.0.i35.6e273333nK6FqH\">\u00dcr\u00fcn ad\u0131<\/p>\n<\/td>\n<td width=\"319\">\n<p data-spm-anchor-id=\"a2700.pc-decorate.0.i12.bd1b3333wXnVY0\">\u00d6zel NTAG 213 NFC \u00c7\u0131kartmalar\u0131 Yuvarlak 18mm Bo\u015f Beyaz Etiket NTAG 213 Etiketleri, NFC Etkin Cep Telefonu ile M\u00fckemmel \u00c7al\u0131\u015f\u0131r<\/p>\n<\/td>\n<\/tr>\n<tr style=\"font-style: inherit; font-weight: inherit;\">\n<td style=\"font-style: inherit;\" rowspan=\"3\" width=\"215\">Ki\u015fiselle\u015ftirme<\/td>\n<td style=\"font-style: inherit;\" width=\"319\">-\u00f6zel logo, y\u00fczey ka\u011f\u0131d\u0131 i\u00e7in renkli bask\u0131l\u0131<\/td>\n<\/tr>\n<tr>\n<td width=\"319\">-\u00f6zel y\u00fczey malzemesi<\/td>\n<\/tr>\n<tr>\n<td width=\"319\">-url (web sitesi), seri numaralar\u0131 vb. gibi \u00e7ipe yaz\u0131labilen \u00f6zelle\u015ftirilmi\u015f veri bilgileri.<\/td>\n<\/tr>\n<tr style=\"font-style: inherit; font-weight: inherit;\">\n<td style=\"font-style: inherit;\" rowspan=\"3\" width=\"215\">Ba\u015fvuru<\/td>\n<td style=\"font-style: inherit;\" width=\"319\">NFC sosyal medya, Lojistik, y\u00f6netim, varl\u0131k y\u00f6netimi, tedarik zinciri y\u00f6netimi, ara\u00e7 y\u00f6netimi, \u00fcretim kontrol\u00fc,<\/td>\n<\/tr>\n<tr>\n<td width=\"319\">depo y\u00f6netimi, \u00fcr\u00fcn y\u00f6netimi, \u00fcr\u00fcn do\u011frulama, varl\u0131k takibi, bagaj ta\u015f\u0131ma takibi, envanter y\u00f6netimi,<\/td>\n<\/tr>\n<tr>\n<td width=\"319\">vesaire.<\/td>\n<\/tr>\n<\/tbody>\n<\/table>\n<p>&nbsp;<\/p>\n<p><img loading=\"lazy\" decoding=\"async\" class=\"alignnone wp-image-2110\" src=\"https:\/\/nfc-readers.com\/wp-content\/uploads\/2024\/04\/H13e28f218c5e4df380794f87c5769ff4e-300x252.jpg\" alt=\"\" width=\"573\" height=\"481\" srcset=\"https:\/\/nfc-readers.com\/wp-content\/uploads\/2024\/04\/H13e28f218c5e4df380794f87c5769ff4e-300x252.jpg 300w, https:\/\/nfc-readers.com\/wp-content\/uploads\/2024\/04\/H13e28f218c5e4df380794f87c5769ff4e-600x503.jpg 600w, https:\/\/nfc-readers.com\/wp-content\/uploads\/2024\/04\/H13e28f218c5e4df380794f87c5769ff4e.jpg 750w\" sizes=\"auto, (max-width: 573px) 100vw, 573px\" \/><\/p>\n<div class=\"J_module\">\n<div class=\"detail-decorate-json-renderer-container\">\n<div class=\"magic-1\">\n<div class=\"magic-2\">\n<div class=\"magic-3\">\n<div class=\"magic-4\">\n<div class=\"magic-5\" data-spm-anchor-id=\"a2700.details.0.i69.2c8dabc3vwGabt\"><b class=\"magic-6\"><span class=\"magic-7\">\u00d6zel NTAG 213 NFC \u00c7\u0131kartmalar\u0131 Yuvarlak 18mm Bo\u015f Beyaz Etiket NTAG 213 Etiketleri, NFC Etkin Cep Telefonu ile M\u00fckemmel \u00c7al\u0131\u015f\u0131r<\/span><\/b><\/div>\n<div>\n<div><\/div>\n<\/div>\n<\/div>\n<\/div>\n<\/div>\n<\/div>\n<\/div>\n<\/div>\n<div class=\"J_module\">\n<div class=\"detail-decorate-json-renderer-container\">\n<div class=\"magic-1\">\n<div class=\"magic-2\">\n<div class=\"magic-3\">\n<div class=\"magic-4\"><b><span class=\"magic-8\">NFC etiketi nedir ve nas\u0131l \u00e7al\u0131\u015f\u0131r? <\/span><\/b><br \/>\nNFC, Yak\u0131n Alan \u0130leti\u015fimi, etiketler, kullan\u0131c\u0131lar taraf\u0131ndan al\u0131nabilecek bilgileri depolamak i\u00e7in tasarlanm\u0131\u015f k\u00fc\u00e7\u00fck entegre devrelerdir.<br \/>\nAk\u0131ll\u0131 telefonlar ve tabletler gibi NFC \u00f6zellikli cihazlar. Bunlar yuvarlak veya kare \u015feklinde k\u00fc\u00e7\u00fck \u00e7\u0131kartmalard\u0131r ve yakla\u015f\u0131k olarak b\u00fcy\u00fck bir madeni para boyutundad\u0131r. Kablosuz teknolojinin bu k\u00fc\u00e7\u00fck \u00e7\u0131kartmalar\u0131 ayn\u0131 zamanda iki NFC \u00f6zellikli cihaz aras\u0131nda veri aktar\u0131m\u0131na da olanak tan\u0131r.<\/p>\n<div>\n<div>NFC etiketleri farkl\u0131 haf\u0131za kapasitelerine sahip olabilir; bir telefon numaras\u0131n\u0131 veya URL&#039;yi (web adresi) saklayabilirsiniz ve koruma eklemek i\u00e7in, NFC etiketleri kilitlenebilir, b\u00f6ylece veriler yaz\u0131ld\u0131ktan sonra de\u011fi\u015ftirilemez. Ancak kilitleninceye kadar bir\u00e7ok kez yeniden kodlanabilirler ve kilitlendikten sonra NFC etiketlerinin kilidi a\u00e7\u0131lamaz.<\/div>\n<div><\/div>\n<div>NFC etiketlerini kullanmak i\u00e7in, NFC \u00f6zellikli cihaz\u0131n\u0131zla etikete dokunman\u0131z veya cihaz\u0131n programlanm\u0131\u015f teklifinizi yapmas\u0131n\u0131 sa\u011flamak i\u00e7in cihaz\u0131n\u0131z\u0131 yeterince yak\u0131na (belki bir in\u00e7 aral\u0131k) getirmeniz gerekir.<\/div>\n<\/div>\n<\/div>\n<\/div>\n<\/div>\n<\/div>\n<\/div>\n<\/div>\n<div class=\"J_module\">\n<div class=\"detail-decorate-json-renderer-container\">\n<div class=\"magic-1\">\n<div class=\"magic-2\">\n<div class=\"magic-3\">\n<div class=\"magic-4\"><span class=\"magic-9\"><span class=\"magic-10\"><b>13.56mhz rfid etiketi, nfc etiketinin, URL kodlu gibi programlanabilir olmas\u0131 kolayd\u0131r, b\u00f6ylece NFC&#039;li Andriod\/IOS ak\u0131ll\u0131 telefonla \u00e7al\u0131\u015fabilir.<br \/>\nNFC etiketi ak\u0131ll\u0131 telefondaki NFC konumuna yakla\u015ft\u0131\u011f\u0131nda programlanan web sitesi ba\u011flant\u0131s\u0131 hemen \u00e7\u0131kar. Esas olarak kartvizit, \u015firket tan\u0131t\u0131m\u0131, ak\u0131ll\u0131 poster, etkinlik biletleme, end\u00fcstriyel kullan\u0131m vb. gibi bir\u00e7ok uygulamada kullan\u0131l\u0131r.<\/b><\/span><\/span><\/p>\n<div><b><span class=\"magic-9\">\u00a0<\/span><\/b><\/div>\n<div><span class=\"magic-10\"><b class=\"magic-9\">\u00d6zelliklerimiz:<br \/>\n<\/b><span class=\"magic-11\" style=\"font-family: Arial;\">1. \u00d6zelle\u015ftirilmi\u015f<br \/>\n2. H\u0131zl\u0131 teslimat h\u0131z\u0131<br \/>\n3.RFID etiket yap\u0131s\u0131: RFID \u00c7ipi + RFID Anteni + Y\u00fczey Malzemeleri<br \/>\n4.Profesyonel RFID \u00fcr\u00fcnleri tedarik\u00e7isi<\/span><\/span><\/div>\n<\/div>\n<\/div>\n<\/div>\n<\/div>\n<\/div>\n<\/div>\n<p>&nbsp;<\/p>\n<p>&nbsp;<\/p>","protected":false},"excerpt":{"rendered":"<p>NTAG213 215 216 \u00e7ipli kompakt NFC etiketleri ak\u0131ll\u0131 reklamc\u0131l\u0131k, \u00fcr\u00fcn kimlik do\u011frulamas\u0131 ve h\u0131zl\u0131 e\u015fle\u015ftirme olana\u011f\u0131 sunarak RFID \u00e7\u00f6z\u00fcmlerini eri\u015filebilir ve etkili hale getirir.<\/p>","protected":false},"featured_media":2111,"template":"","meta":[],"product_brand":[],"product_cat":[48],"product_tag":[],"class_list":{"0":"post-2109","1":"product","2":"type-product","3":"status-publish","4":"has-post-thumbnail","6":"product_cat-nfc-stickers","8":"first","9":"instock","10":"shipping-taxable","11":"product-type-simple"},"_links":{"self":[{"href":"https:\/\/nfc-readers.com\/tr\/wp-json\/wp\/v2\/product\/2109","targetHints":{"allow":["GET"]}}],"collection":[{"href":"https:\/\/nfc-readers.com\/tr\/wp-json\/wp\/v2\/product"}],"about":[{"href":"https:\/\/nfc-readers.com\/tr\/wp-json\/wp\/v2\/types\/product"}],"wp:featuredmedia":[{"embeddable":true,"href":"https:\/\/nfc-readers.com\/tr\/wp-json\/wp\/v2\/media\/2111"}],"wp:attachment":[{"href":"https:\/\/nfc-readers.com\/tr\/wp-json\/wp\/v2\/media?parent=2109"}],"wp:term":[{"taxonomy":"product_brand","embeddable":true,"href":"https:\/\/nfc-readers.com\/tr\/wp-json\/wp\/v2\/product_brand?post=2109"},{"taxonomy":"product_cat","embeddable":true,"href":"https:\/\/nfc-readers.com\/tr\/wp-json\/wp\/v2\/product_cat?post=2109"},{"taxonomy":"product_tag","embeddable":true,"href":"https:\/\/nfc-readers.com\/tr\/wp-json\/wp\/v2\/product_tag?post=2109"}],"curies":[{"name":"wp","href":"https:\/\/api.w.org\/{rel}","templated":true}]}}