{"id":2117,"date":"2024-04-22T02:40:43","date_gmt":"2024-04-22T02:40:43","guid":{"rendered":"https:\/\/nfc-readers.com\/?post_type=product&#038;p=2117"},"modified":"2024-09-24T06:42:23","modified_gmt":"2024-09-24T06:42:23","slug":"nfc-wet-inlay-ntag213216","status":"publish","type":"product","link":"https:\/\/nfc-readers.com\/tr\/ic-reader\/nfc-wet-inlay-ntag213216\/","title":{"rendered":"NFC kuru\/\u0131slak dolgu NTAG213 215 216"},"content":{"rendered":"<h1>NFC kuru\/\u0131slak dolgu NTAG213 215 216<\/h1>\n<table width=\"504\">\n<tbody>\n<tr style=\"font-style: inherit; font-weight: inherit;\">\n<td style=\"font-style: inherit;\" width=\"149\">\n<p data-spm-anchor-id=\"a2700.details.0.i60.4f6d26e9ifeROs\">\u00dcr\u00fcn<\/p>\n<\/td>\n<td style=\"font-style: inherit;\" width=\"355\">Fabrika kayna\u011f\u0131 13.56mhz rfid etiket etiketleri NFC kuru\/\u0131slak kakma NTAG213 215 216<\/td>\n<\/tr>\n<tr style=\"font-style: inherit; font-weight: inherit;\">\n<td style=\"font-style: inherit;\" width=\"149\">Anten Malzemesi<\/td>\n<td style=\"font-style: inherit;\" width=\"355\">Al\u00fcminyum Al (30\u03bcm) + PET (38\u03bcm) + Al k\u00f6pr\u00fcs\u00fc (10\u03bcm)<\/td>\n<\/tr>\n<tr style=\"font-style: inherit; font-weight: inherit;\">\n<td style=\"font-style: inherit;\" width=\"149\">\n<p data-spm-anchor-id=\"a2700.details.0.i59.4f6d26e9ifeROs\">Anten \u015eekli<\/p>\n<\/td>\n<td style=\"font-style: inherit;\" width=\"355\">Yuvarlak veya kare<\/td>\n<\/tr>\n<tr style=\"font-style: inherit; font-weight: inherit;\">\n<td style=\"font-style: inherit;\" width=\"149\">Kal\u0131nl\u0131k<\/td>\n<td style=\"font-style: inherit;\" width=\"355\">0,07 mm (\u00e7ip konumu: 0,23 mm)<\/td>\n<\/tr>\n<tr style=\"font-style: inherit; font-weight: inherit;\">\n<td style=\"font-style: inherit;\" width=\"149\">S\u0131kl\u0131k<\/td>\n<td style=\"font-style: inherit;\" width=\"355\">13.56MHz<\/td>\n<\/tr>\n<tr style=\"font-style: inherit; font-weight: inherit;\">\n<td style=\"font-style: inherit;\" width=\"149\">Kuru kakma<\/td>\n<td style=\"font-style: inherit;\" width=\"355\">12*18mm, 14,5*14,5mm, 76*45mm, \u00e7ap 20mm, 40mm, vb.<\/td>\n<\/tr>\n<tr style=\"font-style: inherit; font-weight: inherit;\">\n<td style=\"font-style: inherit;\" width=\"149\">\u00c7al\u0131\u015fma s\u0131cakl\u0131\u011f\u0131<\/td>\n<td style=\"font-style: inherit;\" width=\"355\">-20\u00b0C ile +60\u00b0C aras\u0131<\/td>\n<\/tr>\n<tr style=\"font-style: inherit; font-weight: inherit;\">\n<td style=\"font-style: inherit;\" width=\"149\">Depolama s\u0131cakl\u0131\u011f\u0131<\/td>\n<td style=\"font-style: inherit;\" width=\"355\">-25\u00b0C ile +65\u00b0C aras\u0131<\/td>\n<\/tr>\n<tr style=\"font-style: inherit; font-weight: inherit;\">\n<td style=\"font-style: inherit;\" width=\"149\">\u0130\u015f hayat\u0131<\/td>\n<td style=\"font-style: inherit;\" width=\"355\">100000 kez \/ 10 y\u0131l<\/td>\n<\/tr>\n<tr style=\"font-style: inherit; font-weight: inherit;\">\n<td style=\"font-style: inherit;\" width=\"149\">Nominal Okuma Aral\u0131\u011f\u0131<\/td>\n<td style=\"font-style: inherit;\" width=\"355\">Anten geometrisine ve okuyucu konfig\u00fcrasyonuna ba\u011fl\u0131 olarak 2~6cm<\/td>\n<\/tr>\n<tr style=\"font-style: inherit; font-weight: inherit;\">\n<td style=\"font-style: inherit;\" width=\"149\">Ba\u015fvuru<\/td>\n<td width=\"355\">Kimlik, Kart, Lojistik, K\u00fct\u00fcphane, Varl\u0131k y\u00f6netimi, \u00d6deme, Eri\u015fim<\/td>\n<\/tr>\n<\/tbody>\n<\/table>\n<p>&nbsp;<\/p>\n<p><span style=\"font-size: medium;\"><b>Hangi dozda RFID kakmas\u0131 kullan\u0131l\u0131r?<\/b><\/span><\/p>\n<p><span style=\"color: #0000ff;\">\u2606<\/span>\u00a0 \u00d6ncelikle RFID kuru kakman\u0131n ne oldu\u011funu bulmam\u0131z gerekiyor. 3 par\u00e7adan olu\u015fan RFID kuru dolgu: Al\u00fcminyum, yonga seti ve PET. RFID kuru kakma yar\u0131 mamul bir RFID&#039;dir, HF veya UHF olabilir ve okuyucu taraf\u0131ndan okunabilir. Her RFID kuru dolgunun kendi benzersiz kimlik numaras\u0131 vard\u0131r.<\/p>\n<p><span style=\"color: #0000ff;\">\u2606<\/span>\u00a0 RFID kuru dolgu kartlarda, \u00e7\u0131kartmalarda, ak\u0131ll\u0131 ev konaklamalar\u0131nda vb. kullan\u0131labilir.<br \/>\n<span style=\"color: #0000ff;\">\u2606\u00a0<\/span>\u00a0Eri\u015fim kontrol\u00fc, varl\u0131k y\u00f6netimi, kat\u0131l\u0131m y\u00f6netimi, hayvan Tan\u0131mlama Sistemi, otopark sistemi, lojistik y\u00f6netimi, end\u00fcstriyel otomasyon, s\u00fcpermarket, ma\u011faza y\u00f6netimi, g\u00fcvenlik sistemi, t\u0131bbi kurum y\u00f6netimi vb. gibi ger\u00e7ek uygulamalar.<\/p>\n<p><img loading=\"lazy\" decoding=\"async\" class=\"alignnone wp-image-2119\" src=\"https:\/\/nfc-readers.com\/wp-content\/uploads\/2024\/04\/HTB1wkZ8X6DuK1Rjy1zjq6zraFXae-300x164.jpg\" alt=\"\" width=\"561\" height=\"307\" srcset=\"https:\/\/nfc-readers.com\/wp-content\/uploads\/2024\/04\/HTB1wkZ8X6DuK1Rjy1zjq6zraFXae-300x164.jpg 300w, https:\/\/nfc-readers.com\/wp-content\/uploads\/2024\/04\/HTB1wkZ8X6DuK1Rjy1zjq6zraFXae-600x329.jpg 600w, https:\/\/nfc-readers.com\/wp-content\/uploads\/2024\/04\/HTB1wkZ8X6DuK1Rjy1zjq6zraFXae.jpg 730w\" sizes=\"auto, (max-width: 561px) 100vw, 561px\" \/><\/p>\n<p><img loading=\"lazy\" decoding=\"async\" class=\"alignnone wp-image-2120\" src=\"https:\/\/nfc-readers.com\/wp-content\/uploads\/2024\/04\/HTB1IBVIDTtYBeNjy1Xdq6xXyVXaq-300x300.jpg\" alt=\"\" width=\"561\" height=\"561\" srcset=\"https:\/\/nfc-readers.com\/wp-content\/uploads\/2024\/04\/HTB1IBVIDTtYBeNjy1Xdq6xXyVXaq-300x300.jpg 300w, https:\/\/nfc-readers.com\/wp-content\/uploads\/2024\/04\/HTB1IBVIDTtYBeNjy1Xdq6xXyVXaq-150x150.jpg 150w, https:\/\/nfc-readers.com\/wp-content\/uploads\/2024\/04\/HTB1IBVIDTtYBeNjy1Xdq6xXyVXaq-600x600.jpg 600w, https:\/\/nfc-readers.com\/wp-content\/uploads\/2024\/04\/HTB1IBVIDTtYBeNjy1Xdq6xXyVXaq-100x100.jpg 100w, https:\/\/nfc-readers.com\/wp-content\/uploads\/2024\/04\/HTB1IBVIDTtYBeNjy1Xdq6xXyVXaq.jpg 750w\" sizes=\"auto, (max-width: 561px) 100vw, 561px\" \/><\/p>","protected":false},"excerpt":{"rendered":"<p>NFC kuru\/\u0131slak dolgular NTAG213, \u00e7ok y\u00f6nl\u00fc uygulamalar i\u00e7in bir NFC \u00e7ipine sahiptir; kuru dolgular yaln\u0131zca yap\u0131\u015ft\u0131r\u0131c\u0131 yap\u0131lara sahipken, \u0131slak dolgular ekstra koruma sunar.<\/p>","protected":false},"featured_media":2122,"template":"","meta":[],"product_brand":[],"product_cat":[48],"product_tag":[],"class_list":{"0":"post-2117","1":"product","2":"type-product","3":"status-publish","4":"has-post-thumbnail","6":"product_cat-nfc-stickers","8":"first","9":"instock","10":"shipping-taxable","11":"product-type-simple"},"_links":{"self":[{"href":"https:\/\/nfc-readers.com\/tr\/wp-json\/wp\/v2\/product\/2117","targetHints":{"allow":["GET"]}}],"collection":[{"href":"https:\/\/nfc-readers.com\/tr\/wp-json\/wp\/v2\/product"}],"about":[{"href":"https:\/\/nfc-readers.com\/tr\/wp-json\/wp\/v2\/types\/product"}],"wp:featuredmedia":[{"embeddable":true,"href":"https:\/\/nfc-readers.com\/tr\/wp-json\/wp\/v2\/media\/2122"}],"wp:attachment":[{"href":"https:\/\/nfc-readers.com\/tr\/wp-json\/wp\/v2\/media?parent=2117"}],"wp:term":[{"taxonomy":"product_brand","embeddable":true,"href":"https:\/\/nfc-readers.com\/tr\/wp-json\/wp\/v2\/product_brand?post=2117"},{"taxonomy":"product_cat","embeddable":true,"href":"https:\/\/nfc-readers.com\/tr\/wp-json\/wp\/v2\/product_cat?post=2117"},{"taxonomy":"product_tag","embeddable":true,"href":"https:\/\/nfc-readers.com\/tr\/wp-json\/wp\/v2\/product_tag?post=2117"}],"curies":[{"name":"wp","href":"https:\/\/api.w.org\/{rel}","templated":true}]}}