{"id":2133,"date":"2024-04-22T03:16:50","date_gmt":"2024-04-22T03:16:50","guid":{"rendered":"https:\/\/nfc-readers.com\/?post_type=product&#038;p=2133"},"modified":"2024-09-24T06:04:13","modified_gmt":"2024-09-24T06:04:13","slug":"silicone-rfid-nfc-wristbands","status":"publish","type":"product","link":"https:\/\/nfc-readers.com\/tr\/ic-reader\/silicone-rfid-nfc-wristbands\/","title":{"rendered":"Silikon RFID NFC Bileklikler"},"content":{"rendered":"<table width=\"476\">\n<tbody>\n<tr style=\"font-style: inherit; font-weight: inherit;\">\n<td style=\"font-style: inherit;\" width=\"187\"><span style=\"font-style: inherit; font-weight: inherit;\" data-spm-anchor-id=\"a2700.details.0.i62.23d334f5zYksZe\">\u00dcr\u00fcn<\/span><\/td>\n<td style=\"font-style: inherit;\" width=\"289\"><span style=\"font-style: inherit; font-weight: inherit;\">\u00a0RFID silikon bileklik\u00a0<\/span><\/td>\n<\/tr>\n<tr style=\"font-style: inherit; font-weight: inherit;\">\n<td style=\"font-style: inherit;\" width=\"187\"><span style=\"font-style: inherit; font-weight: inherit;\">\u00a0Malzeme\u00a0<\/span><\/td>\n<td style=\"font-style: inherit;\" width=\"289\"><span style=\"font-style: inherit; font-weight: inherit;\">\u00a0Silikon<\/span><\/td>\n<\/tr>\n<tr style=\"font-style: inherit; font-weight: inherit;\">\n<td style=\"font-style: inherit;\" width=\"187\"><span style=\"font-style: inherit; font-weight: inherit;\">\u00a0Boyut<\/span><\/td>\n<td style=\"font-style: inherit;\" width=\"289\"><span style=\"font-style: inherit; font-weight: inherit;\">\u00a0\u00d6zelle\u015ftirilmi\u015f<\/span><\/td>\n<\/tr>\n<tr style=\"font-style: inherit; font-weight: inherit;\">\n<td style=\"font-style: inherit;\" width=\"187\"><span style=\"font-style: inherit; font-weight: inherit;\">\u00a0Renk<\/span><\/td>\n<td style=\"font-style: inherit;\" width=\"289\"><span style=\"font-style: inherit; font-weight: inherit;\">\u00a0Mavi\/k\u0131rm\u0131z\u0131\/siyah\/beyaz\/sar\u0131\/gri\/ye\u015fil\/pembe, vb veya \u00f6zelle\u015ftirilmi\u015f<\/span><\/td>\n<\/tr>\n<tr style=\"font-style: inherit; font-weight: inherit;\">\n<td style=\"font-style: inherit;\" width=\"187\"><span style=\"font-style: inherit; font-weight: inherit;\">\u00a0Protokol<\/span><\/td>\n<td width=\"289\"><span style=\"font-style: inherit; font-weight: inherit;\">\u00a0ISO14443A, ISO15693<\/span><\/td>\n<\/tr>\n<tr style=\"font-style: inherit; font-weight: inherit;\">\n<td style=\"font-style: inherit;\" width=\"187\"><span style=\"font-style: inherit; font-weight: inherit;\">\u00a0HF \u00e7ipi(13.56MHz)\u00a0<\/span><\/td>\n<td style=\"font-style: inherit;\" width=\"289\"><span style=\"font-style: inherit; font-weight: inherit;\">\u00a0FM11RF08, S50, S70, M1K, nfc tag213\/216 vb.<\/span><\/td>\n<\/tr>\n<tr style=\"font-style: inherit; font-weight: inherit;\">\n<td style=\"font-style: inherit;\" rowspan=\"4\" width=\"187\"><span style=\"font-style: inherit; font-weight: inherit;\">\u00a0Zanaat<\/span><\/td>\n<td style=\"font-style: inherit;\" width=\"289\"><span style=\"font-style: inherit; font-weight: inherit;\">\u00a0Yazd\u0131rmay\u0131 \u00f6zelle\u015ftirin<\/span><\/td>\n<\/tr>\n<tr>\n<td width=\"289\"><span style=\"font-style: inherit; font-weight: inherit;\">\u00a0Kodlama hizmeti mevcut<\/span><\/td>\n<\/tr>\n<tr>\n<td width=\"289\">\u00a0Karttaki lazer\/bask\u0131 UID&#039;si veya seri numaras\u0131<\/td>\n<\/tr>\n<tr>\n<td width=\"289\">\u00a0UID ve seri numaras\u0131 excel format\u0131nda sa\u011flanabilir<\/td>\n<\/tr>\n<tr style=\"font-style: inherit; font-weight: inherit;\">\n<td style=\"font-style: inherit;\" width=\"187\"><span style=\"font-style: inherit; font-weight: inherit;\">\u00a0\u00d6zellikler<\/span><\/td>\n<td style=\"font-style: inherit;\" width=\"289\"><span style=\"font-style: inherit; font-weight: inherit;\">\u00a0Giymesi ve kullanmas\u0131 kolay, y\u00fcksek performans, d\u00fc\u015f\u00fck maliyetli, \u00c7evre dostu, Toksik olmayan<\/span><\/td>\n<\/tr>\n<tr style=\"font-style: inherit; font-weight: inherit;\">\n<td style=\"font-style: inherit;\" width=\"187\"><span style=\"font-style: inherit; font-weight: inherit;\">\u00a0Ba\u015fvuru\u00a0<\/span><\/td>\n<td style=\"font-style: inherit;\" width=\"289\"><span style=\"font-style: inherit; font-weight: inherit;\">\u00a0Eri\u015fim kontrol\u00fc ve \u00f6deme olarak partiler, spor etkinlikleri, spor salonu, restoran, maraton vb. yerlerde yayg\u0131n olarak uygulan\u0131r.<\/span><\/td>\n<\/tr>\n<\/tbody>\n<\/table>\n<div>Silikon RFID Bileklikler<\/div>\n<div><\/div>\n<div>Karavan Parklar\u0131 ve Kamp Alanlar\u0131 \u0130\u00e7in RFID Bileklikler G\u00fcvenli Kolayl\u0131k. Sitenizin farkl\u0131 alanlar\u0131na g\u00fcvenli eri\u015fim kontrol\u00fc sa\u011flamak ve her \u015feyin bir dokunu\u015fla halledildi\u011fi nakitsiz bir m\u00fclk olu\u015fturmak i\u00e7in karavan park\u0131n\u0131zda veya kamp alan\u0131n\u0131zda RFID bilekliklerini kullan\u0131n. Nakitsiz Al\u0131mlar.<\/div>\n<div><\/div>\n<div>Aile E\u011flence Merkezleri i\u00e7in RFID Bileklikler. Aile e\u011flence merkezlerinde, oyun salonlar\u0131nda, kumarhanelerde ve oyun merkezlerinde g\u00fcvenli banka kart\u0131, NFC ve POS i\u015flemleri i\u00e7in RFID bilekliklerimizi kullan\u0131n.<\/div>\n<div><\/div>\n<div>Her T\u00fcrl\u00fc Uygulama \u0130\u00e7in. Su ge\u00e7irmez silikon RFID bilekliklerimizi her yere yerle\u015ftirin: spor salonu, havuz, spa, su park\u0131 veya otel. Sistemimize veya POS terminalinize tek dokunu\u015fla yiyecek, hizmet ve olanaklar i\u00e7in \u00f6deme yap\u0131n. Silikon RFID bileklikler ayn\u0131 zamanda binan\u0131zda, ofisinizde, laboratuvar\u0131n\u0131zda veya deponuzda RFID eri\u015fim kontrol\u00fc, kilitleme ve personel izleme uygulamalar\u0131 i\u00e7in de uygundur.<\/div>\n<div><\/div>\n<div><img loading=\"lazy\" decoding=\"async\" class=\"alignnone wp-image-2134\" src=\"https:\/\/nfc-readers.com\/wp-content\/uploads\/2024\/04\/H41cec2b20d6746e4bf71ea249b81ff01N-300x246.jpg\" alt=\"\" width=\"525\" height=\"431\" srcset=\"https:\/\/nfc-readers.com\/wp-content\/uploads\/2024\/04\/H41cec2b20d6746e4bf71ea249b81ff01N-300x246.jpg 300w, https:\/\/nfc-readers.com\/wp-content\/uploads\/2024\/04\/H41cec2b20d6746e4bf71ea249b81ff01N-1024x839.jpg 1024w, https:\/\/nfc-readers.com\/wp-content\/uploads\/2024\/04\/H41cec2b20d6746e4bf71ea249b81ff01N-768x629.jpg 768w, https:\/\/nfc-readers.com\/wp-content\/uploads\/2024\/04\/H41cec2b20d6746e4bf71ea249b81ff01N-1536x1258.jpg 1536w, https:\/\/nfc-readers.com\/wp-content\/uploads\/2024\/04\/H41cec2b20d6746e4bf71ea249b81ff01N-2048x1678.jpg 2048w, https:\/\/nfc-readers.com\/wp-content\/uploads\/2024\/04\/H41cec2b20d6746e4bf71ea249b81ff01N-600x491.jpg 600w\" sizes=\"auto, (max-width: 525px) 100vw, 525px\" \/><\/div>\n<div><img loading=\"lazy\" decoding=\"async\" class=\"alignnone wp-image-2135\" src=\"https:\/\/nfc-readers.com\/wp-content\/uploads\/2024\/04\/HTB1OdAhDr9YBuNjy0Fgq6AxcXXaH-300x300.jpg\" alt=\"\" width=\"527\" height=\"527\" srcset=\"https:\/\/nfc-readers.com\/wp-content\/uploads\/2024\/04\/HTB1OdAhDr9YBuNjy0Fgq6AxcXXaH-300x300.jpg 300w, https:\/\/nfc-readers.com\/wp-content\/uploads\/2024\/04\/HTB1OdAhDr9YBuNjy0Fgq6AxcXXaH-150x150.jpg 150w, https:\/\/nfc-readers.com\/wp-content\/uploads\/2024\/04\/HTB1OdAhDr9YBuNjy0Fgq6AxcXXaH-600x600.jpg 600w, https:\/\/nfc-readers.com\/wp-content\/uploads\/2024\/04\/HTB1OdAhDr9YBuNjy0Fgq6AxcXXaH-100x100.jpg 100w, https:\/\/nfc-readers.com\/wp-content\/uploads\/2024\/04\/HTB1OdAhDr9YBuNjy0Fgq6AxcXXaH.jpg 750w\" sizes=\"auto, (max-width: 527px) 100vw, 527px\" \/><\/div>\n<div><\/div>\n<div>\n<p>SSS:<\/p>\n<p><strong>1. B\u0130ZE B\u0130RKA\u00c7 \u00d6RNEK SUNAR MISINIZ?<\/strong><\/p>\n<p>Hangi \u00fcr\u00fcnlere ihtiyac\u0131n\u0131z oldu\u011funu a\u00e7\u0131k\u00e7a \u00f6\u011frendikten sonra referans\u0131n\u0131z i\u00e7in benzer mevcut \u00f6rnekleri sunabiliriz.<\/p>\n<p>\u00d6dedi\u011finiz nakliye \u00fccretiyle birlikte \u00fccretsiz numune.<\/p>\n<p>Tasar\u0131m\u0131n\u0131za ve gereksiniminize g\u00f6re \u00f6zelle\u015ftirilmi\u015f etiket \u00f6rne\u011fine ihtiyac\u0131n\u0131z varsa, buna g\u00f6re \u00fccretlendirilen makul bir \u00f6rnek maliyet vard\u0131r.<\/p>\n<p>&nbsp;<\/p>\n<p><strong>2. B\u0130Z S\u0130Z\u0130N TEKNOLOJ\u0130N\u0130ZDE UZMAN B\u0130R ALICI DE\u011e\u0130L\u0130Z, TEKL\u0130F VERMEK \u0130\u00c7\u0130N B\u0130ZDEN HANG\u0130 B\u0130LG\u0130LERE \u0130HT\u0130YACINIZ VAR?<\/strong><\/p>\n<p>Sevgili dostum, l\u00fctfen etiketin uygulamas\u0131n\u0131 bize a\u00e7\u0131k\u00e7a bildirin, hangi hedefe ula\u015fmak istiyorsunuz?<\/p>\n<p>Size uygun \u00fcr\u00fcn\u00fc iyi fiyata \u00f6neriyoruz<\/p>\n<p>&nbsp;<\/p>\n<p><strong>3. FABR\u0130KAMIZI Z\u0130YARET EDEB\u0130L\u0130R M\u0130Y\u0130Z?<\/strong><\/p>\n<p>Evet, fabrika turunuza s\u0131cak bir \u015fekilde ho\u015f geldiniz. Ve \u00c7in gezinizde rehberiniz olmaktan onur duyuyorum.<\/p>\n<p>&nbsp;<\/p>\n<\/div>\n<p>&nbsp;<\/p>","protected":false},"excerpt":{"rendered":"<p>NFC \u00e7ip teknolojisine sahip Silikon RFID Bileklikler, biletleme, eri\u015fim kontrol\u00fc ve etkinlik y\u00f6netimi i\u00e7in temass\u0131z tan\u0131mlamay\u0131 etkin bir \u015fekilde sa\u011flar.<\/p>","protected":false},"featured_media":2136,"template":"","meta":[],"product_brand":[],"product_cat":[50],"product_tag":[],"class_list":{"0":"post-2133","1":"product","2":"type-product","3":"status-publish","4":"has-post-thumbnail","6":"product_cat-silicone-rfid-nfc-wristbands","8":"first","9":"instock","10":"shipping-taxable","11":"product-type-simple"},"_links":{"self":[{"href":"https:\/\/nfc-readers.com\/tr\/wp-json\/wp\/v2\/product\/2133","targetHints":{"allow":["GET"]}}],"collection":[{"href":"https:\/\/nfc-readers.com\/tr\/wp-json\/wp\/v2\/product"}],"about":[{"href":"https:\/\/nfc-readers.com\/tr\/wp-json\/wp\/v2\/types\/product"}],"wp:featuredmedia":[{"embeddable":true,"href":"https:\/\/nfc-readers.com\/tr\/wp-json\/wp\/v2\/media\/2136"}],"wp:attachment":[{"href":"https:\/\/nfc-readers.com\/tr\/wp-json\/wp\/v2\/media?parent=2133"}],"wp:term":[{"taxonomy":"product_brand","embeddable":true,"href":"https:\/\/nfc-readers.com\/tr\/wp-json\/wp\/v2\/product_brand?post=2133"},{"taxonomy":"product_cat","embeddable":true,"href":"https:\/\/nfc-readers.com\/tr\/wp-json\/wp\/v2\/product_cat?post=2133"},{"taxonomy":"product_tag","embeddable":true,"href":"https:\/\/nfc-readers.com\/tr\/wp-json\/wp\/v2\/product_tag?post=2133"}],"curies":[{"name":"wp","href":"https:\/\/api.w.org\/{rel}","templated":true}]}}