{"id":2144,"date":"2024-04-22T03:53:51","date_gmt":"2024-04-22T03:53:51","guid":{"rendered":"https:\/\/nfc-readers.com\/?post_type=product&#038;p=2144"},"modified":"2024-09-24T06:02:28","modified_gmt":"2024-09-24T06:02:28","slug":"nfc-smart-ring","status":"publish","type":"product","link":"https:\/\/nfc-readers.com\/tr\/ic-reader\/nfc-smart-ring\/","title":{"rendered":"NFC Ak\u0131ll\u0131 Y\u00fcz\u00fck"},"content":{"rendered":"<table width=\"443\">\n<tbody>\n<tr style=\"font-style: inherit; font-weight: inherit;\">\n<td style=\"font-style: inherit;\" width=\"152\">\u00dcr\u00fcn ad\u0131<\/td>\n<td style=\"font-style: inherit;\" width=\"291\">NFC Halkas\u0131<\/td>\n<\/tr>\n<tr style=\"font-style: inherit; font-weight: inherit;\">\n<td style=\"font-style: inherit;\" width=\"152\">Malzeme<\/td>\n<td style=\"font-style: inherit;\" width=\"291\">Ana g\u00f6vdenin zirkonya serami\u011fi, y\u00fczeyin epoksi re\u00e7inesi<\/td>\n<\/tr>\n<tr style=\"font-style: inherit; font-weight: inherit;\">\n<td style=\"font-style: inherit;\" width=\"152\">Halkan\u0131n i\u00e7 \u00e7ap\u0131<\/td>\n<td style=\"font-style: inherit;\" width=\"291\">16 mm, 17 mm, 18 mm, 19 mm, 20 mm, 21 mm, 22 mm, 23 mm<\/td>\n<\/tr>\n<tr style=\"font-style: inherit; font-weight: inherit;\">\n<td style=\"font-style: inherit;\" width=\"152\">Yonga<\/td>\n<td style=\"font-style: inherit;\" width=\"291\">NFC 215 213 216, IC(UID),Kimlik(EM4305)<\/td>\n<\/tr>\n<tr style=\"font-style: inherit; font-weight: inherit;\">\n<td style=\"font-style: inherit;\" width=\"152\">Protokol<\/td>\n<td style=\"font-style: inherit;\" width=\"291\">NFC Forumu Tip 2 ISO14443A<\/td>\n<\/tr>\n<tr style=\"font-style: inherit; font-weight: inherit;\">\n<td style=\"font-style: inherit;\" width=\"152\">S\u0131kl\u0131k<\/td>\n<td style=\"font-style: inherit;\" width=\"291\">13.56MHz<\/td>\n<\/tr>\n<tr style=\"font-style: inherit; font-weight: inherit;\">\n<td style=\"font-style: inherit;\" width=\"152\">Alg\u0131lama y\u00f6n\u00fc<\/td>\n<td style=\"font-style: inherit;\" width=\"291\">\u00c7ok y\u00f6nl\u00fc alg\u0131lama<\/td>\n<\/tr>\n<tr style=\"font-style: inherit; font-weight: inherit;\">\n<td style=\"font-style: inherit;\" width=\"152\">Alg\u0131lama mesafesi<\/td>\n<td style=\"font-style: inherit;\" width=\"291\">0-10cm (Okuyucuya ba\u011fl\u0131d\u0131r)<\/td>\n<\/tr>\n<tr style=\"font-style: inherit; font-weight: inherit;\">\n<td style=\"font-style: inherit;\" width=\"152\">Paket<\/td>\n<td style=\"font-style: inherit;\" width=\"291\">NFC Halkas\u0131 + kullan\u0131m k\u0131lavuzu<\/td>\n<\/tr>\n<\/tbody>\n<\/table>\n<p>&nbsp;<\/p>\n<p>\u00d6zellik:<br \/>\nAk\u0131ll\u0131 y\u00fcz\u00fck, giyilebilir bir cihaz bile\u015fenidir, cep telefonunda sihirli i\u015flevleri \u00e7al\u0131\u015ft\u0131r\u0131r ve mobil i\u015flevi \u00e7al\u0131\u015ft\u0131r\u0131r ve verileri NFC kablosuz frekans ileti\u015fim teknolojisi ile payla\u015f\u0131r, geli\u015fmi\u015f tasar\u0131m\u0131n i\u015flevleri a\u015fa\u011f\u0131daki gibidir: APP kilidi, Otomatik \u00c7al\u0131\u015ft\u0131rma, APP gizleme, Kartviziti payla\u015f\u0131n, \u0130nternet ba\u011flant\u0131s\u0131n\u0131 payla\u015f\u0131n, Metni payla\u015f\u0131n ve \u00c7evrimi\u00e7i dosyay\u0131 payla\u015f\u0131n. \u00dcr\u00fcn\u00fcn \u015fekli, saf t\u0131bbi titanyumdan olu\u015fturulan, \u015farj etmeye gerek olmayan, y\u00fcksek su ge\u00e7irmezli\u011fe sahip ve her zaman her insana uygun olan uluslararas\u0131 pop\u00fcler unsurlara g\u00f6re tasarlanm\u0131\u015ft\u0131r.<\/p>\n<p>&nbsp;<\/p>\n<p><iframe loading=\"lazy\" title=\"NFC Halkas\u0131\" width=\"1020\" height=\"574\" src=\"https:\/\/www.youtube.com\/embed\/rflL5fkvj6c?feature=oembed\" frameborder=\"0\" allow=\"accelerometer; autoplay; clipboard-write; encrypted-media; gyroscope; picture-in-picture; web-share\" referrerpolicy=\"strict-origin-when-cross-origin\" allowfullscreen><\/iframe><\/p>\n<p>&nbsp;<\/p>\n<p><span class=\"magic-26\"><b data-spm-anchor-id=\"a2700.details.0.i59.2acc580aDAbgjP\">A) nas\u0131l \u00f6rnek alabilirim? <\/b><\/span><\/p>\n<div><span class=\"magic-26\">\u0130lk sipari\u015fi almadan \u00f6nce l\u00fctfen numune maliyetini ve ekspres \u00fccretini kar\u015f\u0131lay\u0131n. geri getirece\u011fiz<br \/>\n\u0130lk sipari\u015finizde \u00f6rnek maliyet size geri \u00f6denir. <\/span><\/div>\n<div><\/div>\n<div><\/div>\n<div><\/div>\n<div><span class=\"magic-26\"><b>B) Markam\u0131z\u0131 \u00fcr\u00fcnlerinizde yapabilir misiniz?<\/b><\/span><\/div>\n<div><span class=\"magic-26\">Evet. MOQ&#039;umuzu kar\u015f\u0131layabiliyorsan\u0131z Logonuzu hem \u00fcr\u00fcnlere hem de paketlere yazd\u0131rabiliriz. <\/span><\/div>\n<div><span class=\"magic-26\">\u00a0<\/span><\/div>\n<div><span class=\"magic-26\"><b>C) \u00dcr\u00fcnlerinizi rengimize g\u00f6re yapabilir misiniz? <\/b><\/span><\/div>\n<div><span class=\"magic-26\">Evet, MOQ&#039;umuzu kar\u015f\u0131layabiliyorsan\u0131z \u00fcr\u00fcnlerin rengi \u00f6zelle\u015ftirilebilir. <\/span><\/div>\n<div><span class=\"magic-26\">\u00a0<\/span><\/div>\n<div><span class=\"magic-26\"><b>D) \u00dcr\u00fcnlerinizin kalitesini nas\u0131l garanti edersiniz? <\/b><\/span><\/div>\n<div><span class=\"magic-26\" data-spm-anchor-id=\"a2700.details.0.i60.2acc580aDAbgjP\">1) \u00dcretim s\u0131ras\u0131nda s\u0131k\u0131 tespit. <\/span><\/div>\n<div><span class=\"magic-26\">2) Sevkiyat \u00f6ncesi \u00fcr\u00fcnlerde s\u0131k\u0131 numune alma muayenesi ve sa\u011flam \u00fcr\u00fcn ambalaj\u0131n\u0131n sa\u011flanmas\u0131<\/span><\/div>","protected":false},"excerpt":{"rendered":"<p>13,56 metrelik NFC \u00e7ip ve RFID teknolojisine sahip NFC Ak\u0131ll\u0131 Y\u00fcz\u00fck, ak\u0131ll\u0131 telefonlar ve eri\u015fim sistemleriyle kablosuz olarak etkile\u015fim kurman\u0131n \u015f\u0131k bir yolunu sunuyor.<\/p>","protected":false},"featured_media":2145,"template":"","meta":[],"product_brand":[],"product_cat":[52],"product_tag":[],"class_list":{"0":"post-2144","1":"product","2":"type-product","3":"status-publish","4":"has-post-thumbnail","6":"product_cat-nfc-smart-ring","8":"first","9":"instock","10":"shipping-taxable","11":"product-type-simple"},"_links":{"self":[{"href":"https:\/\/nfc-readers.com\/tr\/wp-json\/wp\/v2\/product\/2144","targetHints":{"allow":["GET"]}}],"collection":[{"href":"https:\/\/nfc-readers.com\/tr\/wp-json\/wp\/v2\/product"}],"about":[{"href":"https:\/\/nfc-readers.com\/tr\/wp-json\/wp\/v2\/types\/product"}],"wp:featuredmedia":[{"embeddable":true,"href":"https:\/\/nfc-readers.com\/tr\/wp-json\/wp\/v2\/media\/2145"}],"wp:attachment":[{"href":"https:\/\/nfc-readers.com\/tr\/wp-json\/wp\/v2\/media?parent=2144"}],"wp:term":[{"taxonomy":"product_brand","embeddable":true,"href":"https:\/\/nfc-readers.com\/tr\/wp-json\/wp\/v2\/product_brand?post=2144"},{"taxonomy":"product_cat","embeddable":true,"href":"https:\/\/nfc-readers.com\/tr\/wp-json\/wp\/v2\/product_cat?post=2144"},{"taxonomy":"product_tag","embeddable":true,"href":"https:\/\/nfc-readers.com\/tr\/wp-json\/wp\/v2\/product_tag?post=2144"}],"curies":[{"name":"wp","href":"https:\/\/api.w.org\/{rel}","templated":true}]}}