{"id":2249,"date":"2024-04-26T07:56:44","date_gmt":"2024-04-26T07:56:44","guid":{"rendered":"https:\/\/nfc-readers.com\/?post_type=product&#038;p=2249"},"modified":"2024-09-24T06:00:37","modified_gmt":"2024-09-24T06:00:37","slug":"contactless-acr1281u-c2-uid-card-reader","status":"publish","type":"product","link":"https:\/\/nfc-readers.com\/tr\/ic-reader\/contactless-acr1281u-c2-uid-card-reader\/","title":{"rendered":"ACR1281U-C2 UID kart okuyucu"},"content":{"rendered":"<h1>ACR1281U-C2 UID kart okuyucu<\/h1>\n<p>ACR1281U-C2 Kart UID Okuyucu, PC ortamlar\u0131na zahmetsiz entegrasyon i\u00e7in ideal bir \u00e7\u00f6z\u00fcmd\u00fcr, s\u00fcr\u00fcc\u00fc kurulumunun zorluklar\u0131ndan ar\u0131nd\u0131r\u0131lm\u0131\u015ft\u0131r (Pos S\u00fcr\u00fcc\u00fc gerekmez) ve birden fazla sistemde verimli bir \u015fekilde \u00e7al\u0131\u015facak \u015fekilde tasarlanm\u0131\u015ft\u0131r. Kart\u0131 uzaktan okuma yetene\u011fi, kullan\u0131c\u0131 odakl\u0131 tasar\u0131m\u0131 ve dayan\u0131kl\u0131 yap\u0131s\u0131yla birle\u015fti\u011finde, g\u00fcvenli ve h\u0131zl\u0131 tan\u0131mlaman\u0131n \u00e7ok \u00f6nemli oldu\u011fu \u00e7e\u015fitli uygulamalar i\u00e7in son derece uygun, g\u00fcvenilir, h\u0131zl\u0131 ve kullan\u0131c\u0131 dostu bir \u00e7al\u0131\u015fma sunar.<\/p>\n<ul>\n<li>\n<h2>USB 2.0 Tam H\u0131zl\u0131 Aray\u00fcz<\/h2>\n<\/li>\n<li>\n<h2>USB HID Klavye S\u0131n\u0131f\u0131<\/h2>\n<\/li>\n<li>\n<h2>Temass\u0131z Kart Deste\u011fi:<\/h2>\n<ul>\n<li>\n<h3>848 kbps&#039;ye kadar okuma\/yazma h\u0131z\u0131<\/h3>\n<\/li>\n<li>\n<h3>Temass\u0131z etiket eri\u015fimi i\u00e7in, 50 mm&#039;ye kadar kart okuma mesafesine sahip dahili anten (etiket t\u00fcr\u00fcne ba\u011fl\u0131 olarak)<\/h3>\n<\/li>\n<li>\n<h3>ISO 14443 B\u00f6l\u00fcm 4 Tip A ve B kartlar\u0131n\u0131 ve MIFARE\u00ae serisini destekler<\/h3>\n<\/li>\n<li>\n<h3>Yerle\u015fik \u00e7arp\u0131\u015fma \u00f6nleme \u00f6zelli\u011fi (herhangi bir zamanda yaln\u0131zca bir etikete eri\u015filir)<\/h3>\n<\/li>\n<\/ul>\n<\/li>\n<li>\n<h2>USB Firmware Y\u00fckseltilebilirli\u011fi<\/h2>\n<\/li>\n<li>\n<table width=\"498\">\n<tbody>\n<tr>\n<td colspan=\"2\" width=\"498\">Fiziksel \u00f6zellikler<\/td>\n<\/tr>\n<tr>\n<td width=\"209\">Boyutlar (mm)<\/td>\n<td width=\"289\">120,5 mm (U) x 72,0 mm (G) x 20,4 mm (Y)<\/td>\n<\/tr>\n<tr>\n<td width=\"209\">A\u011f\u0131rl\u0131k (g)<\/td>\n<td width=\"289\">140 gr<\/td>\n<\/tr>\n<tr>\n<td colspan=\"2\" width=\"498\">USB arabirimi<\/td>\n<\/tr>\n<tr>\n<td width=\"209\">Protokol<\/td>\n<td width=\"289\">USB HID Klavye S\u0131n\u0131f\u0131<\/td>\n<\/tr>\n<tr>\n<td width=\"209\">Ba\u011flay\u0131c\u0131 T\u00fcr\u00fc<\/td>\n<td width=\"289\">Standart Tip A<\/td>\n<\/tr>\n<tr>\n<td width=\"209\">G\u00fc\u00e7 kayna\u011f\u0131<\/td>\n<td width=\"289\">USB ba\u011flant\u0131 noktas\u0131ndan<\/td>\n<\/tr>\n<tr>\n<td width=\"209\">H\u0131z<\/td>\n<td width=\"289\">USB Tam H\u0131z (12 Mbps)<\/td>\n<\/tr>\n<tr>\n<td width=\"209\">Kablo uzunlu\u011fu<\/td>\n<td width=\"289\">2,0 m, Sabit<\/td>\n<\/tr>\n<tr>\n<td colspan=\"2\" width=\"498\">Temass\u0131z Ak\u0131ll\u0131 Kart Aray\u00fcz\u00fc<\/td>\n<\/tr>\n<tr>\n<td width=\"209\">Standart<\/td>\n<td width=\"289\">ISO 14443 A ve B B\u00f6l\u00fcm 1-4, MIFARE\u00ae<\/td>\n<\/tr>\n<tr>\n<td rowspan=\"2\" width=\"209\">Protokol<\/td>\n<td width=\"289\">ISO 14443-4 Uyumlu Kart, T=CL<\/td>\n<\/tr>\n<tr>\n<td width=\"289\">MIFARE\u00ae Klasik Kart, T=CL<\/td>\n<\/tr>\n<tr>\n<td colspan=\"2\" width=\"498\">Yerle\u015fik \u00c7evre Birimleri<\/td>\n<\/tr>\n<tr>\n<td width=\"209\">NEDEN OLMU\u015e<\/td>\n<td width=\"289\">2 adet tek renk: K\u0131rm\u0131z\u0131 ve Ye\u015fil<\/td>\n<\/tr>\n<tr>\n<td width=\"209\">Zil<\/td>\n<td width=\"289\">Monoton<\/td>\n<\/tr>\n<tr>\n<td colspan=\"2\" width=\"498\">Di\u011fer \u00f6zellikler<\/td>\n<\/tr>\n<tr>\n<td width=\"209\">Ayg\u0131t Yaz\u0131l\u0131m\u0131 Y\u00fckseltmesi<\/td>\n<td width=\"289\">Destekleniyor<\/td>\n<\/tr>\n<tr>\n<td colspan=\"2\" width=\"498\">Sertifikalar\/Uyumluluk<\/td>\n<\/tr>\n<tr>\n<td rowspan=\"6\" width=\"209\">Sertifikalar\/Uyumluluk<\/td>\n<td width=\"289\">ISO 14443<\/td>\n<\/tr>\n<tr>\n<td width=\"289\">USB Tam H\u0131z<\/td>\n<\/tr>\n<tr>\n<td width=\"289\">USB-HID<\/td>\n<\/tr>\n<tr>\n<td width=\"289\">CE<\/td>\n<\/tr>\n<tr>\n<td width=\"289\">FCC<\/td>\n<\/tr>\n<tr>\n<td width=\"289\">RoHS<\/td>\n<\/tr>\n<tr>\n<td colspan=\"2\" width=\"498\">Ayg\u0131t S\u00fcr\u00fcc\u00fcs\u00fc \u0130\u015fletim Sistemi Deste\u011fi<\/td>\n<\/tr>\n<tr>\n<td rowspan=\"4\" width=\"209\">Ayg\u0131t S\u00fcr\u00fcc\u00fcs\u00fc \u0130\u015fletim Sistemi Deste\u011fi<\/td>\n<td width=\"289\">Windows\u00ae<\/td>\n<\/tr>\n<tr>\n<td width=\"289\">Linux\u00ae<\/td>\n<\/tr>\n<tr>\n<td width=\"289\">MAC OS\u00ae<\/td>\n<\/tr>\n<tr>\n<td width=\"289\">Android\u2122<\/td>\n<\/tr>\n<\/tbody>\n<\/table>\n<\/li>\n<li><iframe loading=\"lazy\" title=\"ACR1281U-C2 Kart UID Okuyucu - Demo (Yap\u0131land\u0131rma Arac\u0131yla)\" width=\"1020\" height=\"574\" src=\"https:\/\/www.youtube.com\/embed\/1UjSlask-OY?feature=oembed\" frameborder=\"0\" allow=\"accelerometer; autoplay; clipboard-write; encrypted-media; gyroscope; picture-in-picture; web-share\" referrerpolicy=\"strict-origin-when-cross-origin\" allowfullscreen><\/iframe><\/li>\n<\/ul>","protected":false},"excerpt":{"rendered":"<p>ACR1281U-C2 UID Kart Okuyucu, s\u00fcr\u00fcc\u00fcye ihtiya\u00e7 duymadan 13,56M&#039;de RFID kart UID&#039;lerini yakalayarak kurulumu basitle\u015ftirir, kimlik do\u011frulama ve eri\u015fim kontrol\u00fc i\u00e7in idealdir.<\/p>","protected":false},"featured_media":2250,"template":"","meta":[],"product_brand":[],"product_cat":[45,40],"product_tag":[],"class_list":{"0":"post-2249","1":"product","2":"type-product","3":"status-publish","4":"has-post-thumbnail","6":"product_cat-contactless-nfc-reader","7":"product_cat-rfid-nfc-reader","9":"first","10":"instock","11":"shipping-taxable","12":"product-type-simple"},"_links":{"self":[{"href":"https:\/\/nfc-readers.com\/tr\/wp-json\/wp\/v2\/product\/2249","targetHints":{"allow":["GET"]}}],"collection":[{"href":"https:\/\/nfc-readers.com\/tr\/wp-json\/wp\/v2\/product"}],"about":[{"href":"https:\/\/nfc-readers.com\/tr\/wp-json\/wp\/v2\/types\/product"}],"wp:featuredmedia":[{"embeddable":true,"href":"https:\/\/nfc-readers.com\/tr\/wp-json\/wp\/v2\/media\/2250"}],"wp:attachment":[{"href":"https:\/\/nfc-readers.com\/tr\/wp-json\/wp\/v2\/media?parent=2249"}],"wp:term":[{"taxonomy":"product_brand","embeddable":true,"href":"https:\/\/nfc-readers.com\/tr\/wp-json\/wp\/v2\/product_brand?post=2249"},{"taxonomy":"product_cat","embeddable":true,"href":"https:\/\/nfc-readers.com\/tr\/wp-json\/wp\/v2\/product_cat?post=2249"},{"taxonomy":"product_tag","embeddable":true,"href":"https:\/\/nfc-readers.com\/tr\/wp-json\/wp\/v2\/product_tag?post=2249"}],"curies":[{"name":"wp","href":"https:\/\/api.w.org\/{rel}","templated":true}]}}