{"id":2259,"date":"2024-04-26T08:18:30","date_gmt":"2024-04-26T08:18:30","guid":{"rendered":"https:\/\/nfc-readers.com\/?post_type=product&#038;p=2259"},"modified":"2024-09-24T02:58:25","modified_gmt":"2024-09-24T02:58:25","slug":"apple-pay-mobile-walletmate-vas-nfc-reader","status":"publish","type":"product","link":"https:\/\/nfc-readers.com\/tr\/ic-reader\/apple-pay-mobile-walletmate-vas-nfc-reader\/","title":{"rendered":"Apple Pay Mobil WalletMate VAS NFC Okuyucu"},"content":{"rendered":"<h1>Apple Pay Mobil WalletMate VAS NFC Okuyucu<\/h1>\n<p>WalletMate Mobil C\u00fczdan NFC Okuyucusu, optimize edilmi\u015f bir karts\u0131z deneyim sunmak i\u00e7in VAS protokollerini ve nfc eri\u015fim kontrol\u00fc okuyucu i\u015flevlerini birle\u015ftiren son teknoloji \u00fcr\u00fcn\u00fc bir ara\u00e7 olarak duruyor. NFC okuyuculu bir pos terminalinin eklenmesiyle, art\u0131r\u0131lm\u0131\u015f g\u00fcvenlik ve geni\u015f uygulama uyumlulu\u011fuyla, kolayl\u0131k ve verimlilikte yeni bir \u00e7a\u011f a\u00e7\u0131yor. Bu, onu kesintisiz, g\u00fcvenli ve h\u0131zl\u0131 i\u015flemler i\u00e7in NFC teknolojisinin g\u00fcc\u00fcnden yararlanmay\u0131 ama\u00e7layan kullan\u0131c\u0131lar ve i\u015fletmeler i\u00e7in \u00f6nemli bir varl\u0131k haline getiriyor.<\/p>\n<p><iframe loading=\"lazy\" title=\"ACS WalletMate Apple\/Google VAS Test Arac\u0131 - Demo\" width=\"1020\" height=\"574\" src=\"https:\/\/www.youtube.com\/embed\/aOWbdgwvHDg?feature=oembed\" frameborder=\"0\" allow=\"accelerometer; autoplay; clipboard-write; encrypted-media; gyroscope; picture-in-picture; web-share\" referrerpolicy=\"strict-origin-when-cross-origin\" allowfullscreen><\/iframe><\/p>\n<ul>\n<li>\n<h2>USB 2.0 Tam H\u0131zl\u0131 Aray\u00fcz<\/h2>\n<\/li>\n<li>\n<h2>CCID Uyumlulu\u011fu<\/h2>\n<\/li>\n<li>\n<h2>Mobil C\u00fczdan ve Temass\u0131z Ak\u0131ll\u0131 Kart Okuyucu:<\/h2>\n<ul>\n<li>\n<h3>Apple VAS ve Google Smart Tap Sertifikal\u0131 (WalletMate Yaln\u0131zca VAS&#039;t\u0131r, \u00f6deme terminalleri de\u011fildir)<\/h3>\n<\/li>\n<\/ul>\n<\/li>\n<li>\n<h3>424 kbps&#039;ye kadar okuma\/yazma h\u0131z\u0131<\/h3>\n<\/li>\n<li>\n<h3>Temass\u0131z etiket eri\u015fimi i\u00e7in, 50 mm&#039;ye kadar kart okuma mesafesine sahip dahili anten (etiket t\u00fcr\u00fcne ba\u011fl\u0131 olarak)<\/h3>\n<\/li>\n<li>\n<h3>ISO 14443 Tip A ve B kartlar\u0131, MIFARE\u00ae, FeliCa ve 4 tip NFC (ISO\/IEC 18092) etiketinin t\u00fcm\u00fcn\u00fc destekler<\/h3>\n<\/li>\n<li>\n<h3>MIFARE\u00ae 7 bayt UID, MIFARE\u00ae Plus ve MIFARE\u00ae DESfire&#039;\u0131 destekler<\/h3>\n<\/li>\n<li>\n<h3>Yerle\u015fik \u00e7arp\u0131\u015fma \u00f6nleme \u00f6zelli\u011fi (herhangi bir zamanda yaln\u0131zca 1 etikete eri\u015filir)<\/h3>\n<\/li>\n<li>\n<h2>NFC Deste\u011fi:<\/h2>\n<ul>\n<li>\n<h3>NFC Okuyucu\/Yaz\u0131c\u0131 Modu<\/h3>\n<\/li>\n<li>\n<h3>E\u015fler Aras\u0131 Mod<\/h3>\n<\/li>\n<li>\n<h3>Kart Em\u00fclasyon Modu<\/h3>\n<\/li>\n<\/ul>\n<\/li>\n<li>\n<h2>Uygulama programlama Aray\u00fcz\u00fc:<\/h2>\n<ul>\n<li>\n<h3>Windows ve Linux platformlar\u0131 i\u00e7in Apple VAS ve Google Smart Tap API&#039;si<\/h3>\n<\/li>\n<li>\n<h3>PC\/SC&#039;yi destekler<\/h3>\n<\/li>\n<li>\n<h3>CT-API&#039;yi destekler (PC\/SC&#039;nin \u00fcst\u00fcndeki sarmalay\u0131c\u0131 arac\u0131l\u0131\u011f\u0131yla)<\/h3>\n<\/li>\n<\/ul>\n<\/li>\n<li>\n<h2>\u00c7evre birimleri:<\/h2>\n<ul>\n<li>\n<h3>Kullan\u0131c\u0131 taraf\u0131ndan kontrol edilebilen iki renkli LED<\/h3>\n<\/li>\n<li>\n<h3>Kullan\u0131c\u0131 taraf\u0131ndan kontrol edilebilen buzzer<\/h3>\n<\/li>\n<\/ul>\n<\/li>\n<li>\n<h2>USB Firmware Y\u00fckseltilebilirli\u011fi<\/h2>\n<\/li>\n<li>\n<table width=\"559\">\n<tbody>\n<tr>\n<td colspan=\"2\" width=\"559\">Fiziksel \u00f6zellikler<\/td>\n<\/tr>\n<tr>\n<td width=\"214\">Boyutlar (mm)<\/td>\n<td width=\"345\">98,0 mm (U) x 65,0 mm (G) x 12,8 mm (Y)<\/td>\n<\/tr>\n<tr>\n<td width=\"214\">A\u011f\u0131rl\u0131k (g)<\/td>\n<td width=\"345\">81g<\/td>\n<\/tr>\n<tr>\n<td colspan=\"2\" width=\"559\">USB arabirimi<\/td>\n<\/tr>\n<tr>\n<td width=\"214\">Protokol<\/td>\n<td width=\"345\">USB CCID&#039;si<\/td>\n<\/tr>\n<tr>\n<td width=\"214\">Ba\u011flay\u0131c\u0131 T\u00fcr\u00fc<\/td>\n<td width=\"345\">USB Tip-A (ACR1252U-MW)<\/td>\n<\/tr>\n<tr>\n<td width=\"214\">G\u00fc\u00e7 kayna\u011f\u0131<\/td>\n<td width=\"345\">USB ba\u011flant\u0131 noktas\u0131ndan<\/td>\n<\/tr>\n<tr>\n<td width=\"214\">H\u0131z<\/td>\n<td width=\"345\">USB Tam H\u0131z (12 Mbps)<\/td>\n<\/tr>\n<tr>\n<td width=\"214\">Kablo uzunlu\u011fu<\/td>\n<td width=\"345\">1,0 m, Ayr\u0131lmaz<\/td>\n<\/tr>\n<tr>\n<td colspan=\"2\" width=\"559\">Temass\u0131z Ak\u0131ll\u0131 Kart Aray\u00fcz\u00fc<\/td>\n<\/tr>\n<tr>\n<td width=\"214\">Standart<\/td>\n<td width=\"345\">ISO\/IEC 18092 NFC, ISO 14443 Tip A ve B, MIFARE\u00ae, FeliCa<\/td>\n<\/tr>\n<tr>\n<td rowspan=\"4\" width=\"214\">Protokol<\/td>\n<td width=\"345\">ISO 14443-4 Uyumlu Kart, T=CL<\/td>\n<\/tr>\n<tr>\n<td width=\"345\">MIFARE\u00ae Klasik Kart, T=CL<\/td>\n<\/tr>\n<tr>\n<td width=\"345\">ISO18092, NFC Etiketler<\/td>\n<\/tr>\n<tr>\n<td width=\"345\">FeliCa<\/td>\n<\/tr>\n<tr>\n<td colspan=\"2\" width=\"559\">Yerle\u015fik \u00c7evre Birimleri<\/td>\n<\/tr>\n<tr>\n<td width=\"214\">NEDEN OLMU\u015e<\/td>\n<td width=\"345\">1 adet iki renkli: K\u0131rm\u0131z\u0131 ve Ye\u015fil<\/td>\n<\/tr>\n<tr>\n<td width=\"214\">Zil<\/td>\n<td width=\"345\">Monoton<\/td>\n<\/tr>\n<tr>\n<td colspan=\"2\" width=\"559\">Di\u011fer \u00f6zellikler<\/td>\n<\/tr>\n<tr>\n<td width=\"214\">Ayg\u0131t Yaz\u0131l\u0131m\u0131 Y\u00fckseltmesi<\/td>\n<td width=\"345\">Destekleniyor<\/td>\n<\/tr>\n<tr>\n<td colspan=\"2\" width=\"559\">Sertifikalar\/Uyumluluk<\/td>\n<\/tr>\n<tr>\n<td rowspan=\"4\" width=\"214\">Sertifikalar\/Uyumluluk<\/td>\n<td width=\"345\">Sertifikalar:<\/td>\n<\/tr>\n<tr>\n<td width=\"345\">Apple VAS, Google Smart Tap, NFC Forum Sertifikasyon \u0130\u015fareti, IEC\/EN 62368, CE, FCC, UKCA, J-LIS, VCCI, TELEC, KC, BIS, RoHS, REACH, WEEE<\/td>\n<\/tr>\n<tr>\n<td width=\"345\">Uyumluluklar:<\/td>\n<\/tr>\n<tr>\n<td width=\"345\">USB CCID, PC\/SC<\/td>\n<\/tr>\n<tr>\n<td colspan=\"2\" width=\"559\">Ayg\u0131t S\u00fcr\u00fcc\u00fcs\u00fc \u0130\u015fletim Sistemi Deste\u011fi<\/td>\n<\/tr>\n<tr>\n<td width=\"214\">Ayg\u0131t S\u00fcr\u00fcc\u00fcs\u00fc \u0130\u015fletim Sistemi Deste\u011fi<\/td>\n<td width=\"345\">Windows\u00ae, Linux\u00ae, macOS (Geli\u015ftirme a\u015famas\u0131nda), Android\u2122 (Geli\u015ftirme a\u015famas\u0131nda)<\/td>\n<\/tr>\n<\/tbody>\n<\/table>\n<\/li>\n<\/ul>","protected":false},"excerpt":{"rendered":"<div>WalletMate, yenilik\u00e7i NFC Okuyucu, iOS ve Android cihazlar i\u00e7in VAS Apple ve Google VAS taraf\u0131ndan desteklenen dijital ge\u00e7i\u015flerle karts\u0131z etkile\u015fimi destekler.<\/div>","protected":false},"featured_media":2260,"template":"","meta":[],"product_brand":[],"product_cat":[45,40],"product_tag":[],"class_list":{"0":"post-2259","1":"product","2":"type-product","3":"status-publish","4":"has-post-thumbnail","6":"product_cat-contactless-nfc-reader","7":"product_cat-rfid-nfc-reader","9":"first","10":"instock","11":"shipping-taxable","12":"product-type-simple"},"_links":{"self":[{"href":"https:\/\/nfc-readers.com\/tr\/wp-json\/wp\/v2\/product\/2259","targetHints":{"allow":["GET"]}}],"collection":[{"href":"https:\/\/nfc-readers.com\/tr\/wp-json\/wp\/v2\/product"}],"about":[{"href":"https:\/\/nfc-readers.com\/tr\/wp-json\/wp\/v2\/types\/product"}],"wp:featuredmedia":[{"embeddable":true,"href":"https:\/\/nfc-readers.com\/tr\/wp-json\/wp\/v2\/media\/2260"}],"wp:attachment":[{"href":"https:\/\/nfc-readers.com\/tr\/wp-json\/wp\/v2\/media?parent=2259"}],"wp:term":[{"taxonomy":"product_brand","embeddable":true,"href":"https:\/\/nfc-readers.com\/tr\/wp-json\/wp\/v2\/product_brand?post=2259"},{"taxonomy":"product_cat","embeddable":true,"href":"https:\/\/nfc-readers.com\/tr\/wp-json\/wp\/v2\/product_cat?post=2259"},{"taxonomy":"product_tag","embeddable":true,"href":"https:\/\/nfc-readers.com\/tr\/wp-json\/wp\/v2\/product_tag?post=2259"}],"curies":[{"name":"wp","href":"https:\/\/api.w.org\/{rel}","templated":true}]}}