{"id":2262,"date":"2024-04-26T08:49:56","date_gmt":"2024-04-26T08:49:56","guid":{"rendered":"https:\/\/nfc-readers.com\/?post_type=product&#038;p=2262"},"modified":"2024-09-24T03:06:20","modified_gmt":"2024-09-24T03:06:20","slug":"pocketkey-fido-certified-usb-security-key","status":"publish","type":"product","link":"https:\/\/nfc-readers.com\/tr\/ic-reader\/pocketkey-fido-certified-usb-security-key\/","title":{"rendered":"PocketKey FIDO\u00ae Sertifikal\u0131 USB G\u00fcvenlik Anahtar\u0131"},"content":{"rendered":"<h1>PocketKey FIDO\u00ae Sertifikal\u0131 USB G\u00fcvenlik Anahtar\u0131<\/h1>\n<p>PocketKey, farkl\u0131 platformlarda ta\u015f\u0131nmas\u0131 ve kullan\u0131lmas\u0131 kolay, \u015fifresiz ve g\u00fcvenli bir oturum a\u00e7ma y\u00f6ntemini te\u015fvik ederek, dijital g\u00fcvenlik sekt\u00f6r\u00fcnde kendisini ilgi \u00e7ekici bir ara\u00e7 olarak \u00f6ne s\u00fcr\u00fcyor. G\u00fc\u00e7l\u00fc \u00e7ok fakt\u00f6rl\u00fc kimlik do\u011frulamas\u0131, platformlar aras\u0131 deste\u011fi ve kolay da\u011f\u0131t\u0131m\u0131, PocketKey&#039;i g\u00fc\u00e7lendirilmi\u015f ve verimli bir kimlik do\u011frulama deneyimi hedefleyen kullan\u0131c\u0131lar ve y\u00f6netimler i\u00e7in \u00fcst d\u00fczey bir se\u00e7im haline getirir.<\/p>\n<ul>\n<li>\n<h2>\u00a0Sertifikalar\/Uyumluluklar<\/h2>\n<ul>\n<li>\n<h3>Sistemler\/Standartlar:<\/h3>\n<ul>\n<li>\n<h3>FIDO U2F<\/h3>\n<\/li>\n<li>\n<h3>FIDO2 L1<\/h3>\n<\/li>\n<\/ul>\n<\/li>\n<li>\n<h2>D\u00fczenleyici\/\u00c7evresel:<\/h2>\n<ul>\n<li>\n<h3>CE<\/h3>\n<\/li>\n<li>\n<h3>UKCA<\/h3>\n<\/li>\n<li>\n<h3>FCC<\/h3>\n<\/li>\n<li>\n<h3>RoHS<\/h3>\n<\/li>\n<li>\n<h3>ULA\u015eMAK<\/h3>\n<\/li>\n<\/ul>\n<\/li>\n<\/ul>\n<\/li>\n<li>\n<h2>Ba\u015fl\u0131ca Web Taray\u0131c\u0131lar\u0131n\u0131 Destekler<\/h2>\n<ul>\n<li>\n<h3>ChromeTM, Safari\u00ae, Microsoft Edge\u00ae ve Firefox\u00ae<\/h3>\n<\/li>\n<\/ul>\n<\/li>\n<li>\n<h2>Key Manager&#039;\u0131 destekler<\/h2>\n<\/li>\n<li>\n<h2>\u015eifreleme \u015eartnamesi<\/h2>\n<ul>\n<li>\n<h3>ECC s.256<\/h3>\n<\/li>\n<\/ul>\n<\/li>\n<li>\u00a0\u00c7evre birimleri\n<ul>\n<li>Varl\u0131k Do\u011frulamas\u0131 i\u00e7in Mekanik Anahtar<\/li>\n<li>\n<table width=\"470\">\n<tbody>\n<tr>\n<td colspan=\"2\" width=\"470\">Fiziksel \u00f6zellikler<\/td>\n<\/tr>\n<tr>\n<td width=\"191\">Boyutlar (mm)<\/td>\n<td width=\"279\">29,0 mm (U) \u00d7 14,5 mm (G) \u00d7 10,5 mm (Y)<\/td>\n<\/tr>\n<tr>\n<td width=\"191\">A\u011f\u0131rl\u0131k (g)<\/td>\n<td width=\"279\">4,48 gr \u00b1 0,44 gr<\/td>\n<\/tr>\n<tr>\n<td colspan=\"2\" width=\"470\">USB arabirimi<\/td>\n<\/tr>\n<tr>\n<td width=\"191\">Protokol<\/td>\n<td width=\"279\">USB HID&#039;si<\/td>\n<\/tr>\n<tr>\n<td width=\"191\">Ba\u011flay\u0131c\u0131 T\u00fcr\u00fc<\/td>\n<td width=\"279\">USB Standart Tip-A<\/td>\n<\/tr>\n<tr>\n<td width=\"191\">G\u00fc\u00e7 kayna\u011f\u0131<\/td>\n<td width=\"279\">USB Ba\u011flant\u0131 Noktas\u0131ndan<\/td>\n<\/tr>\n<tr>\n<td width=\"191\">H\u0131z<\/td>\n<td width=\"279\">USB 2.0 Tam H\u0131z (12 Mbps)<\/td>\n<\/tr>\n<tr>\n<td colspan=\"2\" width=\"470\">Ak\u0131ll\u0131 Kart Aray\u00fcz\u00fc ile ileti\u015fime ge\u00e7in<\/td>\n<\/tr>\n<tr>\n<td rowspan=\"6\" width=\"191\">Di\u011ferleri<\/td>\n<td width=\"279\">Besleme Ak\u0131m\u0131<\/td>\n<\/tr>\n<tr>\n<td width=\"279\">Maks. 100mA<\/td>\n<\/tr>\n<tr>\n<td width=\"279\">\u015eifreleme \u015eartnamesi<\/td>\n<\/tr>\n<tr>\n<td width=\"279\">ECC s.256<\/td>\n<\/tr>\n<tr>\n<td width=\"279\">Anahtar Y\u00f6netici<\/td>\n<\/tr>\n<tr>\n<td width=\"279\">Destek<\/td>\n<\/tr>\n<tr>\n<td colspan=\"2\" width=\"470\">Di\u011fer \u00f6zellikler<\/td>\n<\/tr>\n<tr>\n<td rowspan=\"4\" width=\"191\">G\u00fcvenlik<\/td>\n<td width=\"279\">Do\u011frulay\u0131c\u0131lar:<\/td>\n<\/tr>\n<tr>\n<td width=\"279\">FIDO U2F<\/td>\n<\/tr>\n<tr>\n<td width=\"279\">FIDO2<\/td>\n<\/tr>\n<tr>\n<td width=\"279\">FIDO2 CTAP2.1<\/td>\n<\/tr>\n<tr>\n<td colspan=\"2\" width=\"470\">Sertifikalar\/Uyumluluk<\/td>\n<\/tr>\n<tr>\n<td rowspan=\"9\" width=\"191\">Sertifikalar\/Uyumluluk<\/td>\n<td width=\"279\">Sistemler\/Standartlar:<\/td>\n<\/tr>\n<tr>\n<td width=\"279\">FIDO U2F<\/td>\n<\/tr>\n<tr>\n<td width=\"279\">FIDO2 L1<\/td>\n<\/tr>\n<tr>\n<td width=\"279\">D\u00fczenleyici\/\u00c7evresel:<\/td>\n<\/tr>\n<tr>\n<td width=\"279\">CE<\/td>\n<\/tr>\n<tr>\n<td width=\"279\">UKCA<\/td>\n<\/tr>\n<tr>\n<td width=\"279\">FCC<\/td>\n<\/tr>\n<tr>\n<td width=\"279\">RoHS<\/td>\n<\/tr>\n<tr>\n<td width=\"279\">ULA\u015eMAK<\/td>\n<\/tr>\n<tr>\n<td colspan=\"2\" width=\"470\">Ayg\u0131t S\u00fcr\u00fcc\u00fcs\u00fc \u0130\u015fletim Sistemi Deste\u011fi<\/td>\n<\/tr>\n<tr>\n<td rowspan=\"9\" width=\"191\">Ayg\u0131t S\u00fcr\u00fcc\u00fcs\u00fc \u0130\u015fletim Sistemi Deste\u011fi<\/td>\n<td width=\"279\">Windows\u00ae<\/td>\n<\/tr>\n<tr>\n<td width=\"279\">Linux\u00ae<\/td>\n<\/tr>\n<tr>\n<td width=\"279\">Mac os i\u015fletim sistemi<\/td>\n<\/tr>\n<tr>\n<td width=\"279\">Android\u2122<\/td>\n<\/tr>\n<tr>\n<td width=\"279\">Taray\u0131c\u0131lar:<\/td>\n<\/tr>\n<tr>\n<td width=\"279\">Krom\u2122<\/td>\n<\/tr>\n<tr>\n<td width=\"279\">Safari\u00ae<\/td>\n<\/tr>\n<tr>\n<td width=\"279\">Firefox\u00ae<\/td>\n<\/tr>\n<tr>\n<td width=\"279\">Microsoft Edge\u00ae<\/td>\n<\/tr>\n<\/tbody>\n<\/table>\n<\/li>\n<li>1.\u00a0<a href=\"https:\/\/youtu.be\/fbDyXZaPvQM\" target=\"_blank\" rel=\"noopener\">Microsoft<sup>\u00ae<\/sup>\u00a0G\u00f6r\u00fcn\u00fcm<sup>TM<\/sup>\u00a0Oturum A\u00e7 Demosu<\/a><\/li>\n<li><iframe loading=\"lazy\" title=\"PocketKey: Parolas\u0131z Kimlik Do\u011frulama ile Microsoft\u00ae OutlookTM Oturum A\u00e7ma Demosu\" width=\"1020\" height=\"574\" src=\"https:\/\/www.youtube.com\/embed\/fbDyXZaPvQM?feature=oembed\" frameborder=\"0\" allow=\"accelerometer; autoplay; clipboard-write; encrypted-media; gyroscope; picture-in-picture; web-share\" referrerpolicy=\"strict-origin-when-cross-origin\" allowfullscreen><\/iframe><\/li>\n<li>2.\u00a0<a href=\"https:\/\/www.youtube.com\/watch?v=1MTW9mSfv8A\" target=\"_blank\" rel=\"noopener\">\u00a0Google<sup>\u00ae<\/sup>\u00a0Hesapta Oturum A\u00e7ma Demosu<\/a><\/li>\n<li><iframe loading=\"lazy\" title=\"PocketKey: Google\u00ae Hesab\u0131nda Oturum A\u00e7ma Demosu\" width=\"1020\" height=\"574\" src=\"https:\/\/www.youtube.com\/embed\/1MTW9mSfv8A?feature=oembed\" frameborder=\"0\" allow=\"accelerometer; autoplay; clipboard-write; encrypted-media; gyroscope; picture-in-picture; web-share\" referrerpolicy=\"strict-origin-when-cross-origin\" allowfullscreen><\/iframe><\/li>\n<li>3. \u00a0<a href=\"https:\/\/youtu.be\/Pjeif9S-PMQ\" target=\"_blank\" rel=\"noopener\">Apple kimliginiz<sup>\u00ae<\/sup>\u00a0ve iCloud<sup>\u00ae<\/sup>\u00a0Oturum A\u00e7ma Demosu<\/a><\/li>\n<li><iframe loading=\"lazy\" title=\"PocketKey: Apple ID\u00ae ve iCloud\u00ae Oturum A\u00e7ma Demosu\" width=\"1020\" height=\"574\" src=\"https:\/\/www.youtube.com\/embed\/Pjeif9S-PMQ?feature=oembed\" frameborder=\"0\" allow=\"accelerometer; autoplay; clipboard-write; encrypted-media; gyroscope; picture-in-picture; web-share\" referrerpolicy=\"strict-origin-when-cross-origin\" allowfullscreen><\/iframe><\/li>\n<\/ul>\n<\/li>\n<\/ul>","protected":false},"excerpt":{"rendered":"<p>PocketKey, \u00e7ok fakt\u00f6rl\u00fc kimlik do\u011frulamayla dijital g\u00fcvenli\u011fi art\u0131r\u0131yor, eski parola sistemlerinin yerini al\u0131yor ve g\u00fcvenli eri\u015fim i\u00e7in FIDO U2F protokollerini destekliyor.<\/p>","protected":false},"featured_media":2263,"template":"","meta":[],"product_brand":[],"product_cat":[39,46],"product_tag":[],"class_list":{"0":"post-2262","1":"product","2":"type-product","3":"status-publish","4":"has-post-thumbnail","6":"product_cat-usb-ic-smartcard-reader","7":"product_cat-nfc-cards","9":"first","10":"instock","11":"shipping-taxable","12":"product-type-simple"},"_links":{"self":[{"href":"https:\/\/nfc-readers.com\/tr\/wp-json\/wp\/v2\/product\/2262","targetHints":{"allow":["GET"]}}],"collection":[{"href":"https:\/\/nfc-readers.com\/tr\/wp-json\/wp\/v2\/product"}],"about":[{"href":"https:\/\/nfc-readers.com\/tr\/wp-json\/wp\/v2\/types\/product"}],"wp:featuredmedia":[{"embeddable":true,"href":"https:\/\/nfc-readers.com\/tr\/wp-json\/wp\/v2\/media\/2263"}],"wp:attachment":[{"href":"https:\/\/nfc-readers.com\/tr\/wp-json\/wp\/v2\/media?parent=2262"}],"wp:term":[{"taxonomy":"product_brand","embeddable":true,"href":"https:\/\/nfc-readers.com\/tr\/wp-json\/wp\/v2\/product_brand?post=2262"},{"taxonomy":"product_cat","embeddable":true,"href":"https:\/\/nfc-readers.com\/tr\/wp-json\/wp\/v2\/product_cat?post=2262"},{"taxonomy":"product_tag","embeddable":true,"href":"https:\/\/nfc-readers.com\/tr\/wp-json\/wp\/v2\/product_tag?post=2262"}],"curies":[{"name":"wp","href":"https:\/\/api.w.org\/{rel}","templated":true}]}}