{"id":2730,"date":"2024-06-07T08:01:07","date_gmt":"2024-06-07T08:01:07","guid":{"rendered":"https:\/\/nfc-readers.com\/?post_type=product&#038;p=2730"},"modified":"2024-09-24T02:54:03","modified_gmt":"2024-09-24T02:54:03","slug":"wallet-mate-nfc-reader-writer-support-apple-pay-and-google-vas","status":"publish","type":"product","link":"https:\/\/nfc-readers.com\/tr\/ic-reader\/wallet-mate-nfc-reader-writer-support-apple-pay-and-google-vas\/","title":{"rendered":"Wallet Mate NFC Okuyucu Yaz\u0131c\u0131s\u0131 -Apple Pay ve Google VAS&#039;yi destekler"},"content":{"rendered":"<h1>Wallet Mate NFC Okuyucu Yaz\u0131c\u0131s\u0131 -Apple Pay ve Google VAS&#039;yi destekler<\/h1>\n<div><\/div>\n<div class=\"auto-hide-last-sibling-br paragraph_1252f paragraph-element\"><strong>Wallet Mate NFC Okuyucu Yazar<\/strong> VAS protokollerini ve NFC eri\u015fim kontrol okuyucu \u00f6zelliklerini geli\u015fmi\u015f karts\u0131z etkile\u015fim i\u00e7in entegre eden son teknoloji bir ara\u00e7 olarak ortaya \u00e7\u0131k\u0131yor. NFC okuyuculu bir POS terminali, sa\u011flam g\u00fcvenlik \u00f6nlemleri ve geni\u015f kapsaml\u0131 uygulama uyumlulu\u011fu ile birlikte, yeni bir konfor ve verimlilik standard\u0131na \u00f6nc\u00fcl\u00fck ediyor. Tasar\u0131m\u0131 ve i\u015flevselli\u011fi, g\u00fcvenli, sorunsuz ve h\u0131zl\u0131 i\u015flemler i\u00e7in NFC teknolojisinin g\u00fc\u00e7l\u00fc y\u00f6nlerinden yararlanmak isteyenler i\u00e7in vazge\u00e7ilmez bir ekipman par\u00e7as\u0131 haline getiriyor.<\/div>\n<div><\/div>\n<h2 class=\"auto-hide-last-sibling-br paragraph_1252f paragraph-element\">USB 2.0 Y\u00fcksek H\u0131zl\u0131 Aray\u00fcz<\/h2>\n<h3 class=\"auto-hide-last-sibling-br paragraph_1252f paragraph-element\"><br class=\"container_e695a wrapper_ad07b undefined\" \/>CCID standartlar\u0131na uygunluk<br class=\"container_e695a wrapper_ad07b undefined\" \/>Mobil C\u00fczdan ve Temass\u0131z Ak\u0131ll\u0131 Kart Okuyucu:<br class=\"container_e695a wrapper_ad07b undefined\" \/>Apple VAS ve Google Smart Tap taraf\u0131ndan onaylanm\u0131\u015ft\u0131r (Not: WalletMate yaln\u0131zca VAS i\u00e7in onaylanm\u0131\u015ft\u0131r, \u00f6deme terminalleri i\u00e7in onaylanmam\u0131\u015ft\u0131r) 424 kbps&#039;ye ula\u015fan veri aktar\u0131m h\u0131zlar\u0131<br class=\"container_e695a wrapper_ad07b undefined\" \/>Temass\u0131z etiket eri\u015fimi i\u00e7in dahili anten, 50 mm&#039;ye kadar kart okuma mesafesi sunar (etiket t\u00fcr\u00fcne ba\u011fl\u0131 olarak)<br class=\"container_e695a wrapper_ad07b undefined\" \/>ISO 14443 Tip A ve B kartlar\u0131, MIFARE\u00ae, FeliCa ve t\u00fcm d\u00f6rt tip NFC (ISO\/IEC 18092) etiketiyle uyumluluk<br class=\"container_e695a wrapper_ad07b undefined\" \/>MIFARE\u00ae 7 baytl\u0131k UID, MIFARE\u00ae Plus ve MIFARE\u00ae DESfire deste\u011fi<br class=\"container_e695a wrapper_ad07b undefined\" \/>Entegre \u00e7arp\u0131\u015fma \u00f6nleme \u00f6zelli\u011fi (herhangi bir anda yaln\u0131zca tek bir etikete eri\u015filebilir)<\/h3>\n<h2 class=\"auto-hide-last-sibling-br paragraph_1252f paragraph-element\"><br class=\"container_e695a wrapper_ad07b undefined\" \/>NFC Deste\u011fi:<\/h2>\n<h3 class=\"auto-hide-last-sibling-br paragraph_1252f paragraph-element\"><br class=\"container_e695a wrapper_ad07b undefined\" \/>Okuyucu\/Yaz\u0131c\u0131 Modunda \u0130\u015flevsellik<br class=\"container_e695a wrapper_ad07b undefined\" \/>E\u015fler Aras\u0131 Mod<br class=\"container_e695a wrapper_ad07b undefined\" \/>Kart Em\u00fclasyon Modu<\/h3>\n<h2 class=\"auto-hide-last-sibling-br paragraph_1252f paragraph-element\"><br class=\"container_e695a wrapper_ad07b undefined\" \/>Uygulama programlama Aray\u00fcz\u00fc:<\/h2>\n<h3 class=\"auto-hide-last-sibling-br paragraph_1252f paragraph-element\"><br class=\"container_e695a wrapper_ad07b undefined\" \/>Apple VAS ve Google Smart Tap API&#039;nin Windows ve Linux platformlar\u0131yla uyumlulu\u011fu<br class=\"container_e695a wrapper_ad07b undefined\" \/>PC\/SC deste\u011fi<br class=\"container_e695a wrapper_ad07b undefined\" \/>CT-API deste\u011fi (PC\/SC tabanl\u0131 bir sarmalay\u0131c\u0131 taraf\u0131ndan kolayla\u015ft\u0131r\u0131lm\u0131\u015ft\u0131r)<\/h3>\n<h2 class=\"auto-hide-last-sibling-br paragraph_1252f paragraph-element\">Ek \u00d6zellikler:<\/h2>\n<h3 class=\"auto-hide-last-sibling-br paragraph_1252f paragraph-element\"><br class=\"container_e695a wrapper_ad07b undefined\" \/>Kullan\u0131c\u0131 taraf\u0131ndan kontrol edilebilen iki renkli LED<br class=\"container_e695a wrapper_ad07b undefined\" \/>Kullan\u0131c\u0131 taraf\u0131ndan kontrol edilebilen sesli uyar\u0131 sistemi<br class=\"container_e695a wrapper_ad07b undefined\" \/>USB \u00dcr\u00fcn Yaz\u0131l\u0131m\u0131 G\u00fcncellemeleri i\u00e7in Yetenek<\/h3>\n<p>&nbsp;<\/p>\n<ul>\n<li>\n<table width=\"559\">\n<tbody>\n<tr>\n<td colspan=\"2\" width=\"559\">Fiziksel \u00f6zellikler<\/td>\n<\/tr>\n<tr>\n<td width=\"214\">Boyutlar (mm)<\/td>\n<td width=\"345\">98,0 mm (U) x 65,0 mm (G) x 12,8 mm (Y)<\/td>\n<\/tr>\n<tr>\n<td width=\"214\">A\u011f\u0131rl\u0131k (g)<\/td>\n<td width=\"345\">81g<\/td>\n<\/tr>\n<tr>\n<td colspan=\"2\" width=\"559\">USB arabirimi<\/td>\n<\/tr>\n<tr>\n<td width=\"214\">Protokol<\/td>\n<td width=\"345\">USB CCID&#039;si<\/td>\n<\/tr>\n<tr>\n<td width=\"214\">Ba\u011flay\u0131c\u0131 T\u00fcr\u00fc<\/td>\n<td width=\"345\">USB Tip-A (ACR1252U-MW)<\/td>\n<\/tr>\n<tr>\n<td width=\"214\">G\u00fc\u00e7 kayna\u011f\u0131<\/td>\n<td width=\"345\">USB ba\u011flant\u0131 noktas\u0131ndan<\/td>\n<\/tr>\n<tr>\n<td width=\"214\">H\u0131z<\/td>\n<td width=\"345\">USB Tam H\u0131z (12 Mbps)<\/td>\n<\/tr>\n<tr>\n<td width=\"214\">Kablo uzunlu\u011fu<\/td>\n<td width=\"345\">1,0 m, Ayr\u0131lmaz<\/td>\n<\/tr>\n<tr>\n<td colspan=\"2\" width=\"559\">Temass\u0131z Ak\u0131ll\u0131 Kart Aray\u00fcz\u00fc<\/td>\n<\/tr>\n<tr>\n<td width=\"214\">Standart<\/td>\n<td width=\"345\">ISO\/IEC 18092 NFC, ISO 14443 Tip A ve B, MIFARE\u00ae, FeliCa<\/td>\n<\/tr>\n<tr>\n<td rowspan=\"4\" width=\"214\">Protokol<\/td>\n<td width=\"345\">ISO 14443-4 Uyumlu Kart, T=CL<\/td>\n<\/tr>\n<tr>\n<td width=\"345\">MIFARE\u00ae Klasik Kart, T=CL<\/td>\n<\/tr>\n<tr>\n<td width=\"345\">ISO18092, NFC Etiketler<\/td>\n<\/tr>\n<tr>\n<td width=\"345\">FeliCa<\/td>\n<\/tr>\n<tr>\n<td colspan=\"2\" width=\"559\">Yerle\u015fik \u00c7evre Birimleri<\/td>\n<\/tr>\n<tr>\n<td width=\"214\">NEDEN OLMU\u015e<\/td>\n<td width=\"345\">1 adet iki renkli: K\u0131rm\u0131z\u0131 ve Ye\u015fil<\/td>\n<\/tr>\n<tr>\n<td width=\"214\">Zil<\/td>\n<td width=\"345\">Monoton<\/td>\n<\/tr>\n<tr>\n<td colspan=\"2\" width=\"559\">Di\u011fer \u00f6zellikler<\/td>\n<\/tr>\n<tr>\n<td width=\"214\">Ayg\u0131t Yaz\u0131l\u0131m\u0131 Y\u00fckseltmesi<\/td>\n<td width=\"345\">Destekleniyor<\/td>\n<\/tr>\n<tr>\n<td colspan=\"2\" width=\"559\">Sertifikalar\/Uyumluluk<\/td>\n<\/tr>\n<tr>\n<td rowspan=\"4\" width=\"214\">Sertifikalar\/Uyumluluk<\/td>\n<td width=\"345\">Sertifikalar:<\/td>\n<\/tr>\n<tr>\n<td width=\"345\">Apple VAS, Google Smart Tap, NFC Forum Sertifikasyon \u0130\u015fareti, IEC\/EN 62368, CE, FCC, UKCA, J-LIS, VCCI, TELEC, KC, BIS, RoHS, REACH, WEEE<\/td>\n<\/tr>\n<tr>\n<td width=\"345\">Uyumluluklar:<\/td>\n<\/tr>\n<tr>\n<td width=\"345\">USB CCID, PC\/SC<\/td>\n<\/tr>\n<tr>\n<td colspan=\"2\" width=\"559\">Ayg\u0131t S\u00fcr\u00fcc\u00fcs\u00fc \u0130\u015fletim Sistemi Deste\u011fi<\/td>\n<\/tr>\n<tr>\n<td width=\"214\">Ayg\u0131t S\u00fcr\u00fcc\u00fcs\u00fc \u0130\u015fletim Sistemi Deste\u011fi<\/td>\n<td width=\"345\">Windows\u00ae, Linux\u00ae, macOS (Geli\u015ftirme a\u015famas\u0131nda), Android\u2122 (Geli\u015ftirme a\u015famas\u0131nda)<\/td>\n<\/tr>\n<\/tbody>\n<\/table>\n<\/li>\n<\/ul>","protected":false},"excerpt":{"rendered":"<div>Mobil C\u00fczdan, Yenilik\u00e7i NFC Okuyucu, iOS ve Android cihazlar i\u00e7in VAS Apple ve Google VAS taraf\u0131ndan desteklenen dijital ge\u00e7i\u015flerle karts\u0131z etkile\u015fimi destekler.<\/div>\n<div><\/div>","protected":false},"featured_media":2731,"template":"","meta":[],"product_brand":[],"product_cat":[45,40],"product_tag":[],"class_list":{"0":"post-2730","1":"product","2":"type-product","3":"status-publish","4":"has-post-thumbnail","6":"product_cat-contactless-nfc-reader","7":"product_cat-rfid-nfc-reader","9":"first","10":"instock","11":"shipping-taxable","12":"product-type-simple"},"_links":{"self":[{"href":"https:\/\/nfc-readers.com\/tr\/wp-json\/wp\/v2\/product\/2730","targetHints":{"allow":["GET"]}}],"collection":[{"href":"https:\/\/nfc-readers.com\/tr\/wp-json\/wp\/v2\/product"}],"about":[{"href":"https:\/\/nfc-readers.com\/tr\/wp-json\/wp\/v2\/types\/product"}],"wp:featuredmedia":[{"embeddable":true,"href":"https:\/\/nfc-readers.com\/tr\/wp-json\/wp\/v2\/media\/2731"}],"wp:attachment":[{"href":"https:\/\/nfc-readers.com\/tr\/wp-json\/wp\/v2\/media?parent=2730"}],"wp:term":[{"taxonomy":"product_brand","embeddable":true,"href":"https:\/\/nfc-readers.com\/tr\/wp-json\/wp\/v2\/product_brand?post=2730"},{"taxonomy":"product_cat","embeddable":true,"href":"https:\/\/nfc-readers.com\/tr\/wp-json\/wp\/v2\/product_cat?post=2730"},{"taxonomy":"product_tag","embeddable":true,"href":"https:\/\/nfc-readers.com\/tr\/wp-json\/wp\/v2\/product_tag?post=2730"}],"curies":[{"name":"wp","href":"https:\/\/api.w.org\/{rel}","templated":true}]}}