{"id":2732,"date":"2024-10-07T08:34:31","date_gmt":"2024-10-07T08:34:31","guid":{"rendered":"https:\/\/nfc-readers.com\/?post_type=product&#038;p=2732"},"modified":"2024-10-28T14:32:27","modified_gmt":"2024-10-28T14:32:27","slug":"nfc-reader-writer-support-apple-pay-and-google-vas","status":"publish","type":"product","link":"https:\/\/nfc-readers.com\/tr\/ic-reader\/nfc-reader-writer-support-apple-pay-and-google-vas\/","title":{"rendered":"NFC Okuyucu Yazar Deste\u011fi Apple Pay ve Google VAS"},"content":{"rendered":"<div class=\"auto-hide-last-sibling-br paragraph_1252f paragraph-element\">\n<h1>NFC Okuyucu Yazar Deste\u011fi Apple Pay ve Google VAS<\/h1>\n<p>Girin\u00a0<strong>NFC Okuyucu<\/strong>, temass\u0131z i\u015flemleri geli\u015ftirmek ve benzersiz bir verimlilikle eri\u015fim kontrol\u00fcn\u00fc kolayla\u015ft\u0131rmak i\u00e7in tasarlanm\u0131\u015f sofistike bir teknoloji par\u00e7as\u0131d\u0131r. \u0130\u015flemlerinizi h\u0131zland\u0131rmak, g\u00fcvenli\u011fi art\u0131rmak veya sadece teknolojinizi y\u00fckseltmek istiyorsan\u0131z, bir NFC Okuyucu cephaneli\u011finizdeki olmazsa olmaz bir ara\u00e7t\u0131r. Okuma ve yazma yetene\u011fiyle\u00a0<strong>NFC etiketleri<\/strong>\u00a0ve pop\u00fcler formatlar da dahil olmak \u00fczere kartlar\u00a0<strong>M\u0130FARE<\/strong>Bu cihaz, yenilik\u00e7i \u00f6deme \u00e7\u00f6z\u00fcmlerinin \u00f6n saflar\u0131nda yer al\u0131yor.<\/p>\n<h2>NFC Okuyucuyu Se\u00e7menin Faydalar\u0131<\/h2>\n<p>Bir NFC Okuyucuya yat\u0131r\u0131m yapmak sadece bir sat\u0131n alma i\u015flemi de\u011fildir; \u00e7ok say\u0131da avantaj sunan \u00f6deme yeteneklerinizde bir y\u00fckseltmedir. Her \u015feyden \u00f6nce, etkinle\u015ftirerek g\u00fcvenli\u011fi art\u0131r\u0131r\u00a0<strong>temass\u0131z<\/strong>\u00a0\u00f6demeler, nakit i\u015flemlerle ili\u015fkili riski azalt\u0131r. Ayr\u0131ca, USB arac\u0131l\u0131\u011f\u0131yla \u00e7ok \u00e7e\u015fitli cihazlara ba\u011flanabilen basit bir kurulum s\u00fcreciyle kullan\u0131m kolayl\u0131\u011f\u0131 i\u00e7in tasarlanm\u0131\u015ft\u0131r ve mevcut sistemlerinizle entegrasyona izin verir. Kompakt ve ta\u015f\u0131nabilir tasar\u0131m, NFC yetene\u011finizi gitti\u011finiz her yere g\u00f6t\u00fcrebilmenizi sa\u011flar ve bu da onu hem t\u00fcccarlar hem de bireyler i\u00e7in ideal hale getirir.<\/p>\n<h3>1.\u00a0<strong>Kapsaml\u0131 NFC Deste\u011fi<\/strong><\/h3>\n<p>The\u00a0<strong>NFC Okuyucu<\/strong>\u00a0Okuyucu\/Yaz\u0131c\u0131 Modu, E\u015fler Aras\u0131 Modu ve Kart Em\u00fclasyon Modu dahil olmak \u00fczere birden fazla NFC i\u015flevini destekler. Bu \u00e7ok y\u00f6nl\u00fcl\u00fck, okumadan \u00e7e\u015fitli i\u015flemlerle uyumlulu\u011fu garanti eder\u00a0<strong>NFC kartlar\u0131<\/strong>\u00a0mobil \u00f6demeleri kolayla\u015ft\u0131rmak i\u00e7in\u00a0<strong>Google \u00d6deme<\/strong>\u00a0Ve\u00a0<strong>Apple \u00d6deme<\/strong>.<\/p>\n<h4>Okuyucu\/Yazar Modu<\/h4>\n<p>Okuyucu\/Yaz\u0131c\u0131 Modu ile kullan\u0131c\u0131lar zahmetsizce\u00a0<strong>oku ve yaz<\/strong>\u00a0Verileri NFC etiketlerine aktararak, cihaz\u0131 envanter y\u00f6netimi ve pazarlama kampanyalar\u0131ndaki uygulamalar i\u00e7in m\u00fckemmel hale getiriyor.<\/p>\n<h4>E\u015fler Aras\u0131 Mod<\/h4>\n<p>E\u015fler Aras\u0131 Mod, NFC \u00f6zellikli iki cihaz aras\u0131nda veri payla\u015f\u0131m\u0131n\u0131 kolayla\u015ft\u0131rarak sorunsuz i\u015flem veya bilgi aktar\u0131m\u0131na olanak tan\u0131r ve kullan\u0131c\u0131lar i\u00e7in kolayl\u0131\u011f\u0131 art\u0131r\u0131r.<\/p>\n<h3>2.\u00a0<strong>Y\u00fcksek Uyumluluk Standartlar\u0131<\/strong><\/h3>\n<p>Bu NFC Okuyucu, ISO 14443 Tip A ve B kartlar\u0131 da dahil olmak \u00fczere \u00e7ok \u00e7e\u015fitli ak\u0131ll\u0131 kartlarla uyumludur ve bu da onu, bir NFC kart\u0131na ihtiya\u00e7 duyan i\u015fletmeler i\u00e7in evrensel bir \u00e7\u00f6z\u00fcm haline getirir.\u00a0<strong>kart okuyucu<\/strong>\u00a0birden fazla kart t\u00fcr\u00fc i\u00e7in.<\/p>\n<h4>\u00c7e\u015fitli NFC Etiketlerini Destekler<\/h4>\n<p>Cihaz, ISO standartlar\u0131n\u0131n yan\u0131 s\u0131ra MIFARE\u00ae ve FeliCa gibi formatlar\u0131 da destekliyor ve b\u00f6ylece hemen hemen t\u00fcm kullan\u0131c\u0131lara kapsaml\u0131 destek sa\u011flan\u0131yor.<\/p>\n<h4>USB Ba\u011flant\u0131s\u0131<\/h4>\n<p>USB 2.0 y\u00fcksek h\u0131zl\u0131 aray\u00fcz\u00fcyle, NFC okuyucuyu h\u0131zl\u0131 veri aktar\u0131mlar\u0131 i\u00e7in ak\u0131ll\u0131 telefonlara veya tabletlere kolayca ba\u011flayabilirsiniz; her \u015fey kullan\u0131ma haz\u0131rd\u0131r\u00a0<strong>USB yoluyla<\/strong>.<\/p>\n<h3>3.\u00a0<strong>G\u00fc\u00e7l\u00fc G\u00fcvenlik \u00d6zellikleri<\/strong><\/h3>\n<p>G\u00fcvenlik, her i\u015flem cihaz\u0131 i\u00e7in en \u00f6nemli unsurdur ve NFC Okuyucu, entegre \u00e7arp\u0131\u015fma \u00f6nleme \u00f6zelli\u011fiyle \u00f6ne \u00e7\u0131kar; ayn\u0131 anda yaln\u0131zca bir etiketin okunmas\u0131n\u0131 sa\u011flayarak veri bozulmas\u0131 veya doland\u0131r\u0131c\u0131l\u0131k olas\u0131l\u0131\u011f\u0131n\u0131 \u00f6nemli \u00f6l\u00e7\u00fcde azalt\u0131r.<\/p>\n<h4>Geli\u015fmi\u015f \u015eifreleme<\/h4>\n<p>NFC Okuyucu, hassas bilgilerin i\u015flem s\u00fcreci boyunca korunmas\u0131n\u0131 sa\u011flayarak g\u00fcvenli veri aktar\u0131m\u0131 i\u00e7in \u00e7e\u015fitli \u015fifreleme tekniklerini destekler.<\/p>\n<h4>Kullan\u0131c\u0131 Uyar\u0131lar\u0131<\/h4>\n<p>Kullan\u0131c\u0131 taraf\u0131ndan kontrol edilebilen sesli uyar\u0131 sistemiyle donat\u0131lan cihaz, i\u015flemler s\u0131ras\u0131nda kullan\u0131c\u0131lara an\u0131nda geri bildirim sa\u011flayarak kullan\u0131labilirli\u011fi art\u0131r\u0131yor ve kullan\u0131c\u0131lar\u0131n ba\u015far\u0131l\u0131 okumalardan haberdar olmas\u0131n\u0131 sa\u011fl\u0131yor.<\/p>\n<h3>4.\u00a0<strong>\u00c7evresel Etki<\/strong><\/h3>\n<p>\u0130\u015fletmeler \u00e7evresel ayak izlerinin giderek daha fazla fark\u0131na vard\u0131k\u00e7a, NFC Okuyucu s\u00fcrd\u00fcr\u00fclebilirlik d\u00fc\u015f\u00fcn\u00fclerek tasarlanm\u0131\u015ft\u0131r. Cihaz minimum g\u00fc\u00e7 kullan\u0131r ve kapsaml\u0131 donan\u0131m y\u00fckseltmeleri olmadan mevcut sistemlere tak\u0131labilir, b\u00f6ylece at\u0131k azalt\u0131l\u0131r.<\/p>\n<h4>Verimli G\u00fc\u00e7 Kullan\u0131m\u0131<\/h4>\n<p>13,56 MHz&#039;de \u00e7al\u0131\u015fan NFC Okuyucu, y\u00fcksek elektrik maliyetleri olmadan kapsaml\u0131 kullan\u0131m sa\u011flayan enerji tasarrufludur. \u015eirketler, enerji taleplerinde art\u0131\u015f korkusu olmadan bu teknolojiden yararlanabilir.<\/p>\n<h3>5.\u00a0<strong>Kullan\u0131c\u0131 Dostu Tasar\u0131m<\/strong><\/h3>\n<p>NFC Okuyucu, i\u015f ak\u0131\u015f\u0131n\u0131za sorunsuz bir \u015fekilde entegre olan kompakt ve \u015f\u0131k bir tasar\u0131ma sahiptir. Kullan\u0131c\u0131 taraf\u0131ndan kontrol edilebilen iki renkli LED, i\u015flem s\u0131ras\u0131nda an\u0131nda g\u00f6rsel geri bildirim sa\u011flayarak kullan\u0131c\u0131lar\u0131 i\u015flem durumlar\u0131 hakk\u0131nda etkili bir \u015fekilde bilgilendirir.<\/p>\n<h4>Ta\u015f\u0131nabilirlik<\/h4>\n<p>Hafif yap\u0131s\u0131 sayesinde perakende ma\u011fazalar\u0131ndan yemek kamyonlar\u0131na kadar s\u00fcrekli hareket halindeki i\u015fletmeler i\u00e7in ideal bir \u00e7\u00f6z\u00fcmd\u00fcr ve gerekti\u011finde h\u0131zl\u0131 bir \u015fekilde konu\u015fland\u0131r\u0131labilmesini sa\u011flayarak hem ge\u00e7ici hem de kal\u0131c\u0131 kurulumlar i\u00e7in olduk\u00e7a verimlidir.<\/p>\n<h3>6.\u00a0<strong>Ekosistem Uyumlulu\u011fu<\/strong><\/h3>\n<p>NFC Okuyucu, Windows, Linux ve Android gibi \u00e7e\u015fitli i\u015fletim sistemleriyle uyumludur ve farkl\u0131 ortamlarda geni\u015f uygulama olana\u011f\u0131 sa\u011flar.<\/p>\n<h4>Kurulu Sistemlerle Kolay Entegrasyon<\/h4>\n<p>\u0130\u015fletmenizin ihtiya\u00e7lar\u0131na y\u00f6nelik uygulamalar\u0131 indirmek i\u00e7in yayg\u0131n olarak kullan\u0131lan uygulama ma\u011fazalar\u0131yla uyumlulu\u011fundan yararlan\u0131rken, NFC Okuyucuyu kullanarak mevcut POS sistemlerinizi bir \u00fcst seviyeye ta\u015f\u0131y\u0131n.<\/p>\n<\/div>\n<table width=\"559\">\n<tbody>\n<tr>\n<td colspan=\"2\" width=\"559\">Fiziksel \u00f6zellikler<\/td>\n<\/tr>\n<tr>\n<td width=\"214\">Boyutlar (mm)<\/td>\n<td width=\"345\">98,0 mm (U) x 65,0 mm (G) x 12,8 mm (Y)<\/td>\n<\/tr>\n<tr>\n<td width=\"214\">A\u011f\u0131rl\u0131k (g)<\/td>\n<td width=\"345\">81g<\/td>\n<\/tr>\n<tr>\n<td colspan=\"2\" width=\"559\">USB arabirimi<\/td>\n<\/tr>\n<tr>\n<td width=\"214\">Protokol<\/td>\n<td width=\"345\">USB CCID&#039;si<\/td>\n<\/tr>\n<tr>\n<td width=\"214\">Ba\u011flay\u0131c\u0131 T\u00fcr\u00fc<\/td>\n<td width=\"345\">USB Tip-A (ACR1252U-MW)<\/td>\n<\/tr>\n<tr>\n<td width=\"214\">G\u00fc\u00e7 kayna\u011f\u0131<\/td>\n<td width=\"345\">USB ba\u011flant\u0131 noktas\u0131ndan<\/td>\n<\/tr>\n<tr>\n<td width=\"214\">H\u0131z<\/td>\n<td width=\"345\">USB Tam H\u0131z (12 Mbps)<\/td>\n<\/tr>\n<tr>\n<td width=\"214\">Kablo uzunlu\u011fu<\/td>\n<td width=\"345\">1,0 m, Ayr\u0131lmaz<\/td>\n<\/tr>\n<tr>\n<td colspan=\"2\" width=\"559\">Temass\u0131z Ak\u0131ll\u0131 Kart Aray\u00fcz\u00fc<\/td>\n<\/tr>\n<tr>\n<td width=\"214\">Standart<\/td>\n<td width=\"345\">ISO\/IEC 18092 NFC, ISO 14443 Tip A ve B, MIFARE\u00ae, FeliCa<\/td>\n<\/tr>\n<tr>\n<td rowspan=\"4\" width=\"214\">Protokol<\/td>\n<td width=\"345\">ISO 14443-4 Uyumlu Kart, T=CL<\/td>\n<\/tr>\n<tr>\n<td width=\"345\">MIFARE\u00ae Klasik Kart, T=CL<\/td>\n<\/tr>\n<tr>\n<td width=\"345\">ISO18092, NFC Etiketler<\/td>\n<\/tr>\n<tr>\n<td width=\"345\">FeliCa<\/td>\n<\/tr>\n<tr>\n<td colspan=\"2\" width=\"559\">Yerle\u015fik \u00c7evre Birimleri<\/td>\n<\/tr>\n<tr>\n<td width=\"214\">NEDEN OLMU\u015e<\/td>\n<td width=\"345\">1 adet iki renkli: K\u0131rm\u0131z\u0131 ve Ye\u015fil<\/td>\n<\/tr>\n<tr>\n<td width=\"214\">Zil<\/td>\n<td width=\"345\">Monoton<\/td>\n<\/tr>\n<tr>\n<td colspan=\"2\" width=\"559\">Di\u011fer \u00f6zellikler<\/td>\n<\/tr>\n<tr>\n<td width=\"214\">Ayg\u0131t Yaz\u0131l\u0131m\u0131 Y\u00fckseltmesi<\/td>\n<td width=\"345\">Destekleniyor<\/td>\n<\/tr>\n<tr>\n<td colspan=\"2\" width=\"559\">Sertifikalar\/Uyumluluk<\/td>\n<\/tr>\n<tr>\n<td rowspan=\"4\" width=\"214\">Sertifikalar\/Uyumluluk<\/td>\n<td width=\"345\">Sertifikalar:<\/td>\n<\/tr>\n<tr>\n<td width=\"345\">Apple VAS, Google Smart Tap, NFC Forum Sertifikasyon \u0130\u015fareti, IEC\/EN 62368, CE, FCC, UKCA, J-LIS, VCCI, TELEC, KC, BIS, RoHS, REACH, WEEE<\/td>\n<\/tr>\n<tr>\n<td width=\"345\">Uyumluluklar:<\/td>\n<\/tr>\n<tr>\n<td width=\"345\">USB CCID, PC\/SC<\/td>\n<\/tr>\n<tr>\n<td colspan=\"2\" width=\"559\">Ayg\u0131t S\u00fcr\u00fcc\u00fcs\u00fc \u0130\u015fletim Sistemi Deste\u011fi<\/td>\n<\/tr>\n<tr>\n<td width=\"214\">Ayg\u0131t S\u00fcr\u00fcc\u00fcs\u00fc \u0130\u015fletim Sistemi Deste\u011fi<\/td>\n<td width=\"345\">Windows\u00ae, Linux\u00ae, macOS (Geli\u015ftirme a\u015famas\u0131nda), Android\u2122 (Geli\u015ftirme a\u015famas\u0131nda)<\/td>\n<\/tr>\n<\/tbody>\n<\/table>\n<h2>M\u00fc\u015fteri Yorumlar\u0131<\/h2>\n<blockquote><p>\u201cNFC Okuyucu \u00f6demeleri i\u015fleme \u015feklimizi de\u011fi\u015ftirdi. H\u0131zl\u0131, g\u00fcvenli ve mevcut sistemlerimizle entegrasyonu inan\u0131lmaz derecede kolay!\u201d \u2013\u00a0<strong>James T.<\/strong>, Perakende M\u00fcd\u00fcr\u00fc<\/p><\/blockquote>\n<blockquote><p>\u201cBu NFC Okuyucunun ta\u015f\u0131nabilirli\u011fini \u00e7ok seviyorum! Yemek kamyonu i\u015fim i\u00e7in m\u00fckemmel.\u201d \u2013\u00a0<strong>Sandra W.<\/strong>, K\u00fc\u00e7\u00fck \u0130\u015fletme Sahibi<\/p><\/blockquote>\n<h2>S\u0131k\u00e7a Sorulan Sorular (SSS)<\/h2>\n<p><strong>1. NFC Okuyucu hangi t\u00fcr kartlar\u0131 okuyabilir?<\/strong><br \/>\nNFC Okuyucu, ISO 14443 Tip A ve B kartlar\u0131, MIFARE\u00ae, FeliCa ve ISO\/IEC 18092 standartlar\u0131na uygun t\u00fcm NFC etiketlerini destekler.<\/p>\n<p><strong>2. NFC Okuyucu ak\u0131ll\u0131 telefonlarla uyumlu mudur?<\/strong><br \/>\nEvet, NFC Okuyucuyu USB arac\u0131l\u0131\u011f\u0131yla \u00e7o\u011fu ak\u0131ll\u0131 telefona kolayca ba\u011flayabilir, h\u0131zl\u0131 i\u015flem ve veri payla\u015f\u0131m\u0131n\u0131 kolayla\u015ft\u0131rabilirsiniz.<\/p>\n<p><strong>3. Firmware&#039;i g\u00fcncelleyebilir miyim?<\/strong><br \/>\nEvet, NFC Okuyucu USB ayg\u0131t yaz\u0131l\u0131m\u0131 g\u00fcncellemelerini destekler ve b\u00f6ylece en son \u00f6zelliklere ve g\u00fcvenlik y\u00fckseltmelerine sahip olman\u0131z\u0131 sa\u011flar.<\/p>\n<p><strong>4. NFC etiketlerini ne kadar uza\u011fa okuyabilirim?<\/strong><br \/>\nNFC Okuyucu, etiket t\u00fcr\u00fcne ve \u00f6zel \u00f6zelliklerine ba\u011fl\u0131 olarak 50 mm&#039;ye kadar okuma mesafesine sahiptir.<\/p>\n<hr \/>\n<p>NFC Okuyucuyu se\u00e7erek yaln\u0131zca bir \u00fcr\u00fcne yat\u0131r\u0131m yapm\u0131yorsunuz; ayn\u0131 zamanda daha ak\u0131ll\u0131 bir i\u015flem yapma yolunu benimsiyorsunuz. \u0130ster ki\u015fisel kullan\u0131m i\u00e7in ister bir i\u015fletme i\u00e7in entegre edin, bu cihaz\u0131n verimlili\u011fi, uyumlulu\u011fu ve g\u00fcvenli\u011fi onu ger\u00e7ekten vazge\u00e7ilmez k\u0131l\u0131yor. Yeni nesil temass\u0131z \u00f6demeleri deneyimleyin ve i\u015flemlerinizde bug\u00fcn yaratabilece\u011fi fark\u0131 ke\u015ffedin!<\/p>","protected":false},"excerpt":{"rendered":"<div>NFC Okuyucu Yazar Deste\u011fi Apple Pay ve Google VAS, VAS arac\u0131l\u0131\u011f\u0131yla onaylanm\u0131\u015ft\u0131r<strong>\u00a0Apple ve Google VAS (Katma De\u011ferli Hizmet) <\/strong> End\u00fcstri devleri Apple ve Google&#039;\u0131n protokollerini kullanan bu cihaz, iOS genelinde kurumsal veya e\u011fitim ortamlar\u0131nda bireyler i\u00e7in sadakat planlar\u0131, eri\u015fim biletleri ve kimlik bilgileri dahil ancak bunlarla s\u0131n\u0131rl\u0131 olmamak \u00fczere \u00e7ok \u00e7e\u015fitli dijital ge\u00e7i\u015fleri onaylayarak devrim niteli\u011finde karts\u0131z bir etkile\u015fimin yolunu a\u00e7\u0131yor ve Android cihazlar.<\/div>\n<div><\/div>","protected":false},"featured_media":2731,"template":"","meta":[],"product_brand":[],"product_cat":[45,40],"product_tag":[],"class_list":{"0":"post-2732","1":"product","2":"type-product","3":"status-publish","4":"has-post-thumbnail","6":"product_cat-contactless-nfc-reader","7":"product_cat-rfid-nfc-reader","9":"first","10":"instock","11":"shipping-taxable","12":"product-type-simple"},"_links":{"self":[{"href":"https:\/\/nfc-readers.com\/tr\/wp-json\/wp\/v2\/product\/2732","targetHints":{"allow":["GET"]}}],"collection":[{"href":"https:\/\/nfc-readers.com\/tr\/wp-json\/wp\/v2\/product"}],"about":[{"href":"https:\/\/nfc-readers.com\/tr\/wp-json\/wp\/v2\/types\/product"}],"wp:featuredmedia":[{"embeddable":true,"href":"https:\/\/nfc-readers.com\/tr\/wp-json\/wp\/v2\/media\/2731"}],"wp:attachment":[{"href":"https:\/\/nfc-readers.com\/tr\/wp-json\/wp\/v2\/media?parent=2732"}],"wp:term":[{"taxonomy":"product_brand","embeddable":true,"href":"https:\/\/nfc-readers.com\/tr\/wp-json\/wp\/v2\/product_brand?post=2732"},{"taxonomy":"product_cat","embeddable":true,"href":"https:\/\/nfc-readers.com\/tr\/wp-json\/wp\/v2\/product_cat?post=2732"},{"taxonomy":"product_tag","embeddable":true,"href":"https:\/\/nfc-readers.com\/tr\/wp-json\/wp\/v2\/product_tag?post=2732"}],"curies":[{"name":"wp","href":"https:\/\/api.w.org\/{rel}","templated":true}]}}