{"id":2740,"date":"2024-06-11T01:53:04","date_gmt":"2024-06-11T01:53:04","guid":{"rendered":"https:\/\/nfc-readers.com\/?post_type=product&#038;p=2740"},"modified":"2024-09-24T02:48:08","modified_gmt":"2024-09-24T02:48:08","slug":"acr123u-nfc-lcd-contactless-reader-writer","status":"publish","type":"product","link":"https:\/\/nfc-readers.com\/tr\/ic-reader\/acr123u-nfc-lcd-contactless-reader-writer\/","title":{"rendered":"ACR123U NFC LCD Temass\u0131z Okuyucu Yaz\u0131c\u0131"},"content":{"rendered":"<h1>ACR123U NFC LCD Temass\u0131z Okuyucu Yaz\u0131c\u0131<\/h1>\n<p>ACR123S&#039;nin bir USB \u00e7e\u015fidi olan ACR123U, uygun fiyatl\u0131, esnek ve ak\u0131ll\u0131 temass\u0131z bir okuyucu olarak hizmet vermektedir. Mevcut Sat\u0131\u015f Noktas\u0131 (POS) sistemlerine veya kasalara sorunsuz bir \u015fekilde dahil edilerek bunlar\u0131 nakitsiz \u00f6deme terminallerine d\u00f6n\u00fc\u015ft\u00fcrebilir. ACR123U&#039;nun piyasaya s\u00fcr\u00fclmesi, m\u00fc\u015fterilerin \u00f6demelerini kartlar\u0131na basit bir dokunu\u015fla tamamlamalar\u0131na olanak tan\u0131d\u0131\u011f\u0131 i\u00e7in \u00f6deme s\u00fcrecini h\u0131zland\u0131r\u0131yor. Bu temass\u0131z okuyucu, \u00f6deme sistemlerinin verimlili\u011fini art\u0131rmak i\u00e7in etkili bir \u00e7\u00f6z\u00fcm sunuyor.<\/p>\n<ul>\n<li>\n<h2>Veri \u0130leti\u015fimi ve g\u00fc\u00e7 kayna\u011f\u0131 i\u00e7in USB aray\u00fcz\u00fc<\/h2>\n<\/li>\n<li>\n<h2>ARM 32 bit CortexTM-M3 \u0130\u015flemci<\/h2>\n<\/li>\n<li>\n<h2>Ak\u0131ll\u0131 kart okuyucu:<\/h2>\n<ul>\n<li>\n<h3>848 kbps&#039;ye kadar Okuma\/Yazma h\u0131z\u0131<\/h3>\n<\/li>\n<li>\n<h3>Temass\u0131z kart eri\u015fimi i\u00e7in, 50 mm&#039;ye kadar kart okuma mesafesine sahip dahili anten (etiket t\u00fcr\u00fcne ba\u011fl\u0131 olarak)<\/h3>\n<\/li>\n<li>\n<h3>ISO 14443 B\u00f6l\u00fcm 4 Tip A ve B kartlar\u0131 ve MIFARE serisi deste\u011fi<\/h3>\n<\/li>\n<li>\n<h3>Dahili \u00e7arp\u0131\u015fma \u00f6nleme \u00f6zelli\u011fi<\/h3>\n<\/li>\n<li>\n<h3>\u00dc\u00e7 adet ISO 7816 uyumlu SAM yuvas\u0131<\/h3>\n<\/li>\n<\/ul>\n<\/li>\n<li>\n<h2>Yerle\u015fik \u00c7evre Birimleri:<\/h2>\n<ul>\n<li>\n<h3>16 alfan\u00fcmerik karakter x 8 sat\u0131r Grafik LCD (128 x 64 piksel)<\/h3>\n<\/li>\n<li>\n<h3>Kullan\u0131c\u0131 taraf\u0131ndan kontrol edilebilen d\u00f6rt LED (Mavi, Sar\u0131, Ye\u015fil ve K\u0131rm\u0131z\u0131)<\/h3>\n<\/li>\n<li>\n<h3>Kullan\u0131c\u0131 taraf\u0131ndan kontrol edilebilen dokunma b\u00f6lgesi arka \u0131\u015f\u0131\u011f\u0131 (K\u0131rm\u0131z\u0131, Ye\u015fil ve Mavi)<\/h3>\n<\/li>\n<li>\n<h3>Kullan\u0131c\u0131 taraf\u0131ndan kontrol edilebilen hoparl\u00f6r (Ses tonu g\u00f6stergesi)<\/h3>\n<\/li>\n<\/ul>\n<\/li>\n<\/ul>\n<table style=\"height: 1395px;\" width=\"611\">\n<tbody>\n<tr>\n<td colspan=\"2\" width=\"511\">Fiziksel \u00f6zellikler<\/td>\n<\/tr>\n<tr>\n<td rowspan=\"2\" width=\"215\">Boyutlar (mm)<\/td>\n<td width=\"296\">Ana G\u00f6vde: 159,0 mm (U) x 100,0 mm (G) x 21,0 mm (Y)<\/td>\n<\/tr>\n<tr>\n<td width=\"296\">Standla: 177,4 mm (U) x 100,0 mm (G) x 94,5 mm (Y)<\/td>\n<\/tr>\n<tr>\n<td rowspan=\"2\" width=\"215\">A\u011f\u0131rl\u0131k (g)<\/td>\n<td width=\"296\">Ana G\u00f6vde: 281 gr<\/td>\n<\/tr>\n<tr>\n<td width=\"296\">Standl\u0131: 506 gr<\/td>\n<\/tr>\n<tr>\n<td colspan=\"2\" width=\"511\">USB arabirimi<\/td>\n<\/tr>\n<tr>\n<td width=\"215\">Protokol<\/td>\n<td width=\"296\">USB CCID&#039;si<\/td>\n<\/tr>\n<tr>\n<td width=\"215\">Ba\u011flay\u0131c\u0131 T\u00fcr\u00fc<\/td>\n<td width=\"296\">Standart Tip A<\/td>\n<\/tr>\n<tr>\n<td width=\"215\">G\u00fc\u00e7 kayna\u011f\u0131<\/td>\n<td width=\"296\">USB Ba\u011flant\u0131 Noktas\u0131ndan<\/td>\n<\/tr>\n<tr>\n<td width=\"215\">H\u0131z<\/td>\n<td width=\"296\">USB Tam H\u0131z (12 Mbps)<\/td>\n<\/tr>\n<tr>\n<td width=\"215\">Kablo uzunlu\u011fu<\/td>\n<td width=\"296\">1,5 m, Sabit<\/td>\n<\/tr>\n<tr>\n<td colspan=\"2\" width=\"511\">Temass\u0131z Ak\u0131ll\u0131 Kart Aray\u00fcz\u00fc<\/td>\n<\/tr>\n<tr>\n<td width=\"215\">Standart<\/td>\n<td width=\"296\">ISO 14443 A ve B B\u00f6l\u00fcm 1-4<\/td>\n<\/tr>\n<tr>\n<td rowspan=\"2\" width=\"215\">Protokol<\/td>\n<td width=\"296\">ISO 14443-4 Uyumlu Kart, T=CL<\/td>\n<\/tr>\n<tr>\n<td width=\"296\">MIFARE\u00ae Klasik Kart, T=CL<\/td>\n<\/tr>\n<tr>\n<td colspan=\"2\" width=\"511\">SAM Kart Aray\u00fcz\u00fc<\/td>\n<\/tr>\n<tr>\n<td width=\"215\">Slot Say\u0131s\u0131<\/td>\n<td width=\"296\">3 Standart SIM boyutlu Kart Yuvas\u0131<\/td>\n<\/tr>\n<tr>\n<td width=\"215\">Standart<\/td>\n<td width=\"296\">ISO 7816 S\u0131n\u0131f A, B, C (5 V, 3 V, 1,8 V)<\/td>\n<\/tr>\n<tr>\n<td width=\"215\">Protokol<\/td>\n<td width=\"296\">T=0; T=1<\/td>\n<\/tr>\n<tr>\n<td colspan=\"2\" width=\"511\">Yerle\u015fik \u00c7evre Birimleri<\/td>\n<\/tr>\n<tr>\n<td rowspan=\"3\" width=\"215\">LCD<\/td>\n<td width=\"296\">Beyaz Arka Ayd\u0131nlatmal\u0131 Grafik LCD<\/td>\n<\/tr>\n<tr>\n<td width=\"296\">\u00c7\u00f6z\u00fcn\u00fcrl\u00fck: 128 x 64 piksel<\/td>\n<\/tr>\n<tr>\n<td width=\"296\">Karakter Say\u0131s\u0131: 16 karakter x 8 sat\u0131r<\/td>\n<\/tr>\n<tr>\n<td width=\"215\">NEDEN OLMU\u015e<\/td>\n<td width=\"296\">4 tek renk: Mavi, Sar\u0131, Ye\u015fil ve K\u0131rm\u0131z\u0131<\/td>\n<\/tr>\n<tr>\n<td width=\"215\">Dokunma B\u00f6lgesi<\/td>\n<td width=\"296\">\u00dc\u00e7 renkli arka \u0131\u015f\u0131k: K\u0131rm\u0131z\u0131, Ye\u015fil ve Mavi<\/td>\n<\/tr>\n<tr>\n<td width=\"215\">Hoparl\u00f6r<\/td>\n<td width=\"296\">Ses Tonu G\u00f6stergesi<\/td>\n<\/tr>\n<tr>\n<td colspan=\"2\" width=\"511\">Di\u011fer \u00f6zellikler<\/td>\n<\/tr>\n<tr>\n<td width=\"215\">G\u00fcvenlik<\/td>\n<td width=\"296\">Sabotaj Anahtar\u0131 (Dahili sald\u0131r\u0131 \u00f6nleme alg\u0131lamalar\u0131 ve korumas\u0131)<\/td>\n<\/tr>\n<tr>\n<td width=\"215\">Ayg\u0131t Yaz\u0131l\u0131m\u0131 Y\u00fckseltmesi<\/td>\n<td width=\"296\">Destekleniyor<\/td>\n<\/tr>\n<tr>\n<td width=\"215\">Ger\u00e7ek Zamanl\u0131 Saat<\/td>\n<td width=\"296\">Destekleniyor<\/td>\n<\/tr>\n<tr>\n<td colspan=\"2\" width=\"511\">Sertifikalar\/Uyumluluk<\/td>\n<\/tr>\n<tr>\n<td rowspan=\"12\" width=\"215\">Sertifikalar\/Uyumluluk<\/td>\n<td width=\"296\">ISO 14443<\/td>\n<\/tr>\n<tr>\n<td width=\"296\">ISO 7816 (SAM Yuvas\u0131)<\/td>\n<\/tr>\n<tr>\n<td width=\"296\">USB Tam H\u0131z<\/td>\n<\/tr>\n<tr>\n<td width=\"296\">PC\/SC<\/td>\n<\/tr>\n<tr>\n<td width=\"296\">CCID<\/td>\n<\/tr>\n<tr>\n<td width=\"296\">VCCI (Japonya)<\/td>\n<\/tr>\n<tr>\n<td width=\"296\">KC (Kore)<\/td>\n<\/tr>\n<tr>\n<td width=\"296\">Microsoft\u00ae WHQL<\/td>\n<\/tr>\n<tr>\n<td width=\"296\">CE<\/td>\n<\/tr>\n<tr>\n<td width=\"296\">FCC<\/td>\n<\/tr>\n<tr>\n<td width=\"296\">RoHS2<\/td>\n<\/tr>\n<tr>\n<td width=\"296\">ULA\u015eMAK<\/td>\n<\/tr>\n<tr>\n<td colspan=\"2\" width=\"511\">Ayg\u0131t S\u00fcr\u00fcc\u00fcs\u00fc \u0130\u015fletim Sistemi Deste\u011fi<\/td>\n<\/tr>\n<tr>\n<td rowspan=\"4\" width=\"215\">Ayg\u0131t S\u00fcr\u00fcc\u00fcs\u00fc \u0130\u015fletim Sistemi Deste\u011fi<\/td>\n<td width=\"296\">Windows\u00aeCE<\/td>\n<\/tr>\n<tr>\n<td width=\"296\">Windows\u00ae<\/td>\n<\/tr>\n<tr>\n<td width=\"296\">Linux\u00ae<\/td>\n<\/tr>\n<tr>\n<td width=\"296\">Solaris<\/td>\n<\/tr>\n<\/tbody>\n<\/table>","protected":false},"excerpt":{"rendered":"<div class=\"auto-hide-last-sibling-br paragraph_1252f paragraph-element\">\n<div class=\"auto-hide-last-sibling-br paragraph_1252f paragraph-element\">ACR123U, Nakitsiz \u00f6demeler i\u00e7in uygun fiyatl\u0131 LCD USB Okuyucu, sezgisel tasar\u0131m\u0131 ve ISO 14443-4 kartlar\u0131yla uyumlulu\u011fu ile \u00f6deme verimlili\u011fini art\u0131r\u0131r.<\/div>\n<\/div>","protected":false},"featured_media":2741,"template":"","meta":[],"product_brand":[],"product_cat":[45],"product_tag":[],"class_list":{"0":"post-2740","1":"product","2":"type-product","3":"status-publish","4":"has-post-thumbnail","6":"product_cat-contactless-nfc-reader","8":"first","9":"instock","10":"shipping-taxable","11":"product-type-simple"},"_links":{"self":[{"href":"https:\/\/nfc-readers.com\/tr\/wp-json\/wp\/v2\/product\/2740","targetHints":{"allow":["GET"]}}],"collection":[{"href":"https:\/\/nfc-readers.com\/tr\/wp-json\/wp\/v2\/product"}],"about":[{"href":"https:\/\/nfc-readers.com\/tr\/wp-json\/wp\/v2\/types\/product"}],"wp:featuredmedia":[{"embeddable":true,"href":"https:\/\/nfc-readers.com\/tr\/wp-json\/wp\/v2\/media\/2741"}],"wp:attachment":[{"href":"https:\/\/nfc-readers.com\/tr\/wp-json\/wp\/v2\/media?parent=2740"}],"wp:term":[{"taxonomy":"product_brand","embeddable":true,"href":"https:\/\/nfc-readers.com\/tr\/wp-json\/wp\/v2\/product_brand?post=2740"},{"taxonomy":"product_cat","embeddable":true,"href":"https:\/\/nfc-readers.com\/tr\/wp-json\/wp\/v2\/product_cat?post=2740"},{"taxonomy":"product_tag","embeddable":true,"href":"https:\/\/nfc-readers.com\/tr\/wp-json\/wp\/v2\/product_tag?post=2740"}],"curies":[{"name":"wp","href":"https:\/\/api.w.org\/{rel}","templated":true}]}}