{"id":2744,"date":"2024-06-11T02:10:05","date_gmt":"2024-06-11T02:10:05","guid":{"rendered":"https:\/\/nfc-readers.com\/?post_type=product&#038;p=2744"},"modified":"2024-09-23T08:58:36","modified_gmt":"2024-09-23T08:58:36","slug":"acr123s-rs232-nfc-lcd-contactless-reader-writer","status":"publish","type":"product","link":"https:\/\/nfc-readers.com\/tr\/ic-reader\/acr123s-rs232-nfc-lcd-contactless-reader-writer\/","title":{"rendered":"ACR123S RS232 NFC LCD Temass\u0131z Okuyucu Yaz\u0131c\u0131"},"content":{"rendered":"<h1>ACR123S RS232 NFC LCD Temass\u0131z Okuyucu Yaz\u0131c\u0131<\/h1>\n<div><\/div>\n<div class=\"auto-hide-last-sibling-br paragraph_1252f paragraph-element\">Temass\u0131z teknolojinin y\u00fckseli\u015fi d\u00fcnya \u00e7ap\u0131ndaki t\u00fcketicilerin sat\u0131n alma davran\u0131\u015flar\u0131n\u0131 yeniden \u015fekillendiriyor ve temass\u0131z \u00f6deme uygulamalar\u0131n\u0131 destekleyebilecek sa\u011flam bir \u00e7\u00f6z\u00fcme olan ihtiyac\u0131 art\u0131r\u0131yor. ACR123S, bu artan talebi kar\u015f\u0131lamak i\u00e7in \u00f6zel olarak geli\u015ftirildi.<\/div>\n<div class=\"auto-hide-last-sibling-br paragraph_1252f paragraph-element\">ACR123S Ak\u0131ll\u0131 Temass\u0131z Okuyucu, \u00f6nceden mevcut POS (Sat\u0131\u015f Noktas\u0131) sistemlerine veya kasalara zahmetsizce entegre edilebilen, b\u00f6ylece nakitsiz \u00f6deme sisteminin avantajlar\u0131n\u0131 sa\u011flayan ekonomik, \u00e7ok y\u00f6nl\u00fc ve ak\u0131ll\u0131 temass\u0131z bir okuyucudur. 13,56 MHz temass\u0131z (RFID) teknolojisi \u00fczerine kurulu olup, ISO 14443-4 standard\u0131na uygun t\u00fcm temass\u0131z kartlarla uyumludur.<\/div>\n<div>\n<ul>\n<li>\n<h2>RJ45 konnekt\u00f6rl\u00fc Seri RS232 Aray\u00fcz\u00fc<\/h2>\n<\/li>\n<li>\n<h2>G\u00fc\u00e7 kayna\u011f\u0131 i\u00e7in USB aray\u00fcz\u00fc<\/h2>\n<\/li>\n<li>\n<h2>ARM 32 bit CortexTM-M3 \u0130\u015flemci<\/h2>\n<\/li>\n<li>\n<h2>Ak\u0131ll\u0131 kart okuyucu:<\/h2>\n<ul>\n<li>\n<h3>848 kbps&#039;ye kadar Okuma\/Yazma h\u0131z\u0131<\/h3>\n<\/li>\n<li>\n<h3>Temass\u0131z kart eri\u015fimi i\u00e7in, 50 mm&#039;ye kadar kart okuma mesafesine sahip dahili anten (etiket t\u00fcr\u00fcne ba\u011fl\u0131 olarak)<\/h3>\n<\/li>\n<li>\n<h3>ISO 14443 B\u00f6l\u00fcm 4 Tip A ve B kartlar\u0131 ve MIFARE serisi deste\u011fi<\/h3>\n<\/li>\n<li>\n<h3>Dahili \u00e7arp\u0131\u015fma \u00f6nleme \u00f6zelli\u011fi<\/h3>\n<\/li>\n<li>\n<h3>\u00dc\u00e7 adet ISO 7816 uyumlu SAM yuvas\u0131<\/h3>\n<\/li>\n<\/ul>\n<\/li>\n<li>\n<h2>Yerle\u015fik \u00c7evre Birimleri:<\/h2>\n<ul>\n<li>\n<h3>16 alfan\u00fcmerik karakter x 8 sat\u0131r Grafik LCD (128 x 64 piksel)<\/h3>\n<\/li>\n<li>\n<h3>Kullan\u0131c\u0131 taraf\u0131ndan kontrol edilebilen d\u00f6rt LED (Mavi, Sar\u0131, Ye\u015fil ve K\u0131rm\u0131z\u0131)<\/h3>\n<\/li>\n<li>\n<h3>Kullan\u0131c\u0131 taraf\u0131ndan kontrol edilebilen dokunma b\u00f6lgesi arka \u0131\u015f\u0131\u011f\u0131 (K\u0131rm\u0131z\u0131, Ye\u015fil ve Mavi)<\/h3>\n<\/li>\n<li>\n<h3>Kullan\u0131c\u0131 taraf\u0131ndan kontrol edilebilen hoparl\u00f6r (Ses tonu g\u00f6stergesi)<\/h3>\n<\/li>\n<\/ul>\n<\/li>\n<\/ul>\n<table width=\"514\">\n<tbody>\n<tr>\n<td colspan=\"2\" width=\"514\">Fiziksel \u00f6zellikler<\/td>\n<\/tr>\n<tr>\n<td rowspan=\"2\" width=\"233\">Boyutlar (mm)<\/td>\n<td width=\"281\">Ana G\u00f6vde: 159,0 mm (U) x 100,0 mm (G) x 21,0 mm (Y)<\/td>\n<\/tr>\n<tr>\n<td width=\"281\">Standla: 177,4 mm (U) x 100,0 mm (G) x 94,5 mm (Y)<\/td>\n<\/tr>\n<tr>\n<td rowspan=\"2\" width=\"233\">A\u011f\u0131rl\u0131k (g)<\/td>\n<td width=\"281\">Ana G\u00f6vde: 281 gr<\/td>\n<\/tr>\n<tr>\n<td width=\"281\">Standl\u0131: 506 gr<\/td>\n<\/tr>\n<tr>\n<td colspan=\"2\" width=\"514\">Seri Aray\u00fcz<\/td>\n<\/tr>\n<tr>\n<td width=\"233\">Protokol<\/td>\n<td width=\"281\">RS-232<\/td>\n<\/tr>\n<tr>\n<td width=\"233\">Ba\u011flay\u0131c\u0131 T\u00fcr\u00fc<\/td>\n<td width=\"281\">RJ45 Konekt\u00f6r\u00fc<\/td>\n<\/tr>\n<tr>\n<td width=\"233\">G\u00fc\u00e7 kayna\u011f\u0131<\/td>\n<td width=\"281\">USB Ba\u011flant\u0131 Noktas\u0131ndan<\/td>\n<\/tr>\n<tr>\n<td width=\"233\">Kablo uzunlu\u011fu<\/td>\n<td width=\"281\">1,5 m, Sabit (RJ45 + USB)<\/td>\n<\/tr>\n<tr>\n<td colspan=\"2\" width=\"514\">Temass\u0131z Ak\u0131ll\u0131 Kart Aray\u00fcz\u00fc<\/td>\n<\/tr>\n<tr>\n<td width=\"233\">Standart<\/td>\n<td width=\"281\">ISO 14443 A ve B B\u00f6l\u00fcm 1-4<\/td>\n<\/tr>\n<tr>\n<td rowspan=\"2\" width=\"233\">Protokol<\/td>\n<td width=\"281\">ISO 14443-4 Uyumlu Kart, T=CL<\/td>\n<\/tr>\n<tr>\n<td width=\"281\">MIFARE\u00ae Klasik Kart, T=CL<\/td>\n<\/tr>\n<tr>\n<td colspan=\"2\" width=\"514\">SAM Kart Aray\u00fcz\u00fc<\/td>\n<\/tr>\n<tr>\n<td width=\"233\">Slot Say\u0131s\u0131<\/td>\n<td width=\"281\">3 Standart SIM boyutlu Kart Yuvas\u0131<\/td>\n<\/tr>\n<tr>\n<td width=\"233\">Standart<\/td>\n<td width=\"281\">ISO 7816 S\u0131n\u0131f A, B, C (5 V, 3 V, 1,8 V)<\/td>\n<\/tr>\n<tr>\n<td width=\"233\">Protokol<\/td>\n<td width=\"281\">T=0; T=1<\/td>\n<\/tr>\n<tr>\n<td colspan=\"2\" width=\"514\">Yerle\u015fik \u00c7evre Birimleri<\/td>\n<\/tr>\n<tr>\n<td rowspan=\"3\" width=\"233\">LCD<\/td>\n<td width=\"281\">Beyaz Arka Ayd\u0131nlatmal\u0131 Grafik LCD<\/td>\n<\/tr>\n<tr>\n<td width=\"281\">\u00c7\u00f6z\u00fcn\u00fcrl\u00fck: 128 x 64 piksel<\/td>\n<\/tr>\n<tr>\n<td width=\"281\">Karakter Say\u0131s\u0131: 16 karakter x 8 sat\u0131r<\/td>\n<\/tr>\n<tr>\n<td width=\"233\">NEDEN OLMU\u015e<\/td>\n<td width=\"281\">4 tek renk: Mavi, Sar\u0131, Ye\u015fil ve K\u0131rm\u0131z\u0131<\/td>\n<\/tr>\n<tr>\n<td width=\"233\">Dokunma B\u00f6lgesi<\/td>\n<td width=\"281\">\u00dc\u00e7 renkli arka \u0131\u015f\u0131k: K\u0131rm\u0131z\u0131, Ye\u015fil ve Mavi<\/td>\n<\/tr>\n<tr>\n<td width=\"233\">Hoparl\u00f6r<\/td>\n<td width=\"281\">Ses Tonu G\u00f6stergesi<\/td>\n<\/tr>\n<tr>\n<td colspan=\"2\" width=\"514\">Di\u011fer \u00f6zellikler<\/td>\n<\/tr>\n<tr>\n<td width=\"233\">G\u00fcvenlik<\/td>\n<td width=\"281\">Sabotaj Anahtar\u0131 (Dahili sald\u0131r\u0131 \u00f6nleme alg\u0131lamalar\u0131 ve korumas\u0131)<\/td>\n<\/tr>\n<tr>\n<td width=\"233\">Ayg\u0131t Yaz\u0131l\u0131m\u0131 Y\u00fckseltmesi<\/td>\n<td width=\"281\">Destekleniyor<\/td>\n<\/tr>\n<tr>\n<td width=\"233\">Ger\u00e7ek Zamanl\u0131 Saat<\/td>\n<td width=\"281\">Destekleniyor<\/td>\n<\/tr>\n<tr>\n<td colspan=\"2\" width=\"514\">Sertifikalar\/Uyumluluk<\/td>\n<\/tr>\n<tr>\n<td rowspan=\"8\" width=\"233\">Sertifikalar\/Uyumluluk<\/td>\n<td width=\"281\">ISO 14443<\/td>\n<\/tr>\n<tr>\n<td width=\"281\">ISO 7816 (SAM Yuvas\u0131)<\/td>\n<\/tr>\n<tr>\n<td width=\"281\">VCCI (Japonya)<\/td>\n<\/tr>\n<tr>\n<td width=\"281\">KC (Kore)<\/td>\n<\/tr>\n<tr>\n<td width=\"281\">CE<\/td>\n<\/tr>\n<tr>\n<td width=\"281\">FCC<\/td>\n<\/tr>\n<tr>\n<td width=\"281\">RoHS2<\/td>\n<\/tr>\n<tr>\n<td width=\"281\">ULA\u015eMAK<\/td>\n<\/tr>\n<tr>\n<td colspan=\"2\" width=\"514\">Ayg\u0131t S\u00fcr\u00fcc\u00fcs\u00fc \u0130\u015fletim Sistemi Deste\u011fi<\/td>\n<\/tr>\n<tr>\n<td rowspan=\"3\" width=\"233\">Ayg\u0131t S\u00fcr\u00fcc\u00fcs\u00fc \u0130\u015fletim Sistemi Deste\u011fi<\/td>\n<td width=\"281\">Windows\u00aeCE<\/td>\n<\/tr>\n<tr>\n<td width=\"281\">Windows\u00ae<\/td>\n<\/tr>\n<tr>\n<td width=\"281\">Linux\u00ae<\/td>\n<\/tr>\n<\/tbody>\n<\/table>\n<\/div>","protected":false},"excerpt":{"rendered":"<div class=\"auto-hide-last-sibling-br paragraph_1252f paragraph-element\">ACR123S, daha sorunsuz bir \u00f6deme deneyimi i\u00e7in POS sistemlerini kusursuz temass\u0131z \u00f6deme yetenekleriyle geli\u015ftiren yenilik\u00e7i bir LCD USB 13.56 mhz RFID Okuyucudur.<\/div>","protected":false},"featured_media":2745,"template":"","meta":[],"product_brand":[],"product_cat":[45],"product_tag":[],"class_list":{"0":"post-2744","1":"product","2":"type-product","3":"status-publish","4":"has-post-thumbnail","6":"product_cat-contactless-nfc-reader","8":"first","9":"instock","10":"shipping-taxable","11":"product-type-simple"},"_links":{"self":[{"href":"https:\/\/nfc-readers.com\/tr\/wp-json\/wp\/v2\/product\/2744","targetHints":{"allow":["GET"]}}],"collection":[{"href":"https:\/\/nfc-readers.com\/tr\/wp-json\/wp\/v2\/product"}],"about":[{"href":"https:\/\/nfc-readers.com\/tr\/wp-json\/wp\/v2\/types\/product"}],"wp:featuredmedia":[{"embeddable":true,"href":"https:\/\/nfc-readers.com\/tr\/wp-json\/wp\/v2\/media\/2745"}],"wp:attachment":[{"href":"https:\/\/nfc-readers.com\/tr\/wp-json\/wp\/v2\/media?parent=2744"}],"wp:term":[{"taxonomy":"product_brand","embeddable":true,"href":"https:\/\/nfc-readers.com\/tr\/wp-json\/wp\/v2\/product_brand?post=2744"},{"taxonomy":"product_cat","embeddable":true,"href":"https:\/\/nfc-readers.com\/tr\/wp-json\/wp\/v2\/product_cat?post=2744"},{"taxonomy":"product_tag","embeddable":true,"href":"https:\/\/nfc-readers.com\/tr\/wp-json\/wp\/v2\/product_tag?post=2744"}],"curies":[{"name":"wp","href":"https:\/\/api.w.org\/{rel}","templated":true}]}}