{"id":2758,"date":"2024-06-11T12:39:26","date_gmt":"2024-06-11T12:39:26","guid":{"rendered":"https:\/\/nfc-readers.com\/?post_type=product&#038;p=2758"},"modified":"2024-09-23T06:23:59","modified_gmt":"2024-09-23T06:23:59","slug":"acm1323s-rs232-contactless-reader-writer","status":"publish","type":"product","link":"https:\/\/nfc-readers.com\/tr\/ic-reader\/acm1323s-rs232-contactless-reader-writer\/","title":{"rendered":"ACM1323S RS232 Temass\u0131z Okuyucu Yaz\u0131c\u0131"},"content":{"rendered":"<h1>ACM1323S RS232 Temass\u0131z Okuyucu Yaz\u0131c\u0131<\/h1>\n<p>ACM1323, 13.56MHz temass\u0131z teknolojiye dayal\u0131 bir ak\u0131ll\u0131 kart okuyucu mod\u00fcl\u00fcd\u00fcr. Seri ileti\u015fim protokol\u00fcn\u00fc benimser ve iste\u011fe ba\u011fl\u0131 olarak RS232 aray\u00fcz\u00fcn\u00fc veya UARTTTL sinyal aray\u00fcz\u00fcn\u00fc destekler. CPU kartlar\u0131, MIFARE Classic, Mifare 1K\/4K, Mifare Plus ve DESFire dahil olmak \u00fczere ISO144431 ila B\u00f6l\u00fcm 4 ile uyumlu A S\u0131n\u0131f\u0131 ak\u0131ll\u0131 kartlar\u0131n okunmas\u0131n\u0131 ve yaz\u0131lmas\u0131n\u0131 destekler. ACM1323S, herhangi bir s\u00fcr\u00fcc\u00fc olmadan kullan\u0131labilen ve g\u00f6m\u00fcl\u00fc sistemlere h\u0131zl\u0131 entegrasyon i\u00e7in tasarlanm\u0131\u015f, \u015farj noktalar\u0131, tabletler, sat\u0131\u015f otomatlar\u0131, toplu ta\u015f\u0131ma, a\u011f eri\u015fim kontrol\u00fc gibi \u00e7e\u015fitli uygulama senaryolar\u0131na uygun, ger\u00e7ek bir tak ve \u00e7al\u0131\u015ft\u0131r cihaz\u0131d\u0131r. kat\u0131l\u0131m ve di\u011fer entegre sistemler. Ayr\u0131ca ek donan\u0131m de\u011fi\u015fikliklerine gerek kalmadan \u00fcr\u00fcn yaz\u0131l\u0131m\u0131 y\u00fckseltmelerini de destekler.<\/p>\n<table width=\"628\">\n<tbody>\n<tr>\n<td colspan=\"2\" width=\"628\">Fiziksel \u00f6zellikler<\/td>\n<\/tr>\n<tr>\n<td width=\"335\">Boyutlar (mm)<\/td>\n<td width=\"293\">73,5x40,0x4,5<\/td>\n<\/tr>\n<tr>\n<td width=\"335\">A\u011f\u0131rl\u0131k (g)<\/td>\n<td width=\"293\">7.2<\/td>\n<\/tr>\n<tr>\n<td colspan=\"2\" width=\"628\">RS232 Aray\u00fcz\u00fc<\/td>\n<\/tr>\n<tr>\n<td width=\"335\">Ba\u011flay\u0131c\u0131 T\u00fcr\u00fc<\/td>\n<td width=\"293\">RS232 TTL<\/td>\n<\/tr>\n<tr>\n<td width=\"335\">G\u00fc\u00e7 kayna\u011f\u0131<\/td>\n<td width=\"293\">USB ba\u011flant\u0131 noktas\u0131ndan<\/td>\n<\/tr>\n<tr>\n<td width=\"335\">Kablo uzunlu\u011fu<\/td>\n<td width=\"293\">1m, Ayr\u0131labilir (\u0130stek \u00dczerine)<\/td>\n<\/tr>\n<tr>\n<td colspan=\"2\" width=\"628\">Temass\u0131z Ak\u0131ll\u0131 Kart Aray\u00fcz\u00fc<\/td>\n<\/tr>\n<tr>\n<td width=\"335\">Standart<\/td>\n<td width=\"293\">ISO 14443 A Tipi CPU kart\u0131 MIFARE Classic, Mifare 1K\/4K, Mifare Plus ve DESFire<\/td>\n<\/tr>\n<tr>\n<td rowspan=\"2\" width=\"335\">Protokol<\/td>\n<td width=\"293\">ISO 14443-4 Uyumlu Kart, T=CL<\/td>\n<\/tr>\n<tr>\n<td width=\"293\">MIFARE\u00ae Klasik Kart, T=CL<\/td>\n<\/tr>\n<tr>\n<td colspan=\"2\" width=\"628\">Yerle\u015fik \u00c7evre Birimleri<\/td>\n<\/tr>\n<tr>\n<td width=\"335\">NEDEN OLMU\u015e<\/td>\n<td width=\"293\">1 adet iki renkli: Mavi ve Ye\u015fil<\/td>\n<\/tr>\n<tr>\n<td colspan=\"2\" width=\"628\">Di\u011fer \u00f6zellikler<\/td>\n<\/tr>\n<tr>\n<td rowspan=\"3\" width=\"335\">Di\u011fer \u00f6zellikler<\/td>\n<td width=\"293\">Desteklenen Kart T\u00fcrleri:<\/td>\n<\/tr>\n<tr>\n<td width=\"293\">ISO 14443 Tip A ve B B\u00f6l\u00fcm 1-4,<\/td>\n<\/tr>\n<tr>\n<td width=\"293\">MIFARE Classic\u00ae, MIFARE DESFire\u00ae, MIFARE Ultralight\u00ae, MIFARE Plus\u00ae<\/td>\n<\/tr>\n<tr>\n<td width=\"335\">Ayg\u0131t Yaz\u0131l\u0131m\u0131 Y\u00fckseltmesi<\/td>\n<td width=\"293\">Destekleniyor<\/td>\n<\/tr>\n<tr>\n<td colspan=\"2\" width=\"628\">Sertifikalar\/Uyumluluk<\/td>\n<\/tr>\n<tr>\n<td rowspan=\"3\" width=\"335\">Sertifikalar\/Uyumluluk<\/td>\n<td width=\"293\">Sertifikalar:<\/td>\n<\/tr>\n<tr>\n<td width=\"293\">IEC\/EN 62368, CE, UKCA, FCC, VCCI, RoHS, REACH, WEEE, Microsoft\u00ae WHQL<\/td>\n<\/tr>\n<tr>\n<td width=\"293\">\u00a0 Uyma:<\/td>\n<\/tr>\n<tr>\n<td colspan=\"2\" width=\"628\">Ayg\u0131t S\u00fcr\u00fcc\u00fcs\u00fc \u0130\u015fletim Sistemi Deste\u011fi<\/td>\n<\/tr>\n<tr>\n<td width=\"335\">Ayg\u0131t S\u00fcr\u00fcc\u00fcs\u00fc \u0130\u015fletim Sistemi Deste\u011fi<\/td>\n<td width=\"293\">Windows\u00ae, Linux\u00ae, macOS, Android\u2122<\/td>\n<\/tr>\n<\/tbody>\n<\/table>","protected":false},"excerpt":{"rendered":"<p>ACM1323, \u00e7e\u015fitli ak\u0131ll\u0131 kartlarla \u00e7al\u0131\u015fan ve g\u00f6m\u00fcl\u00fc sistemlere kolayca entegre olabilen \u00e7ok y\u00f6nl\u00fc bir RFID kart okuyucusudur.<\/p>","protected":false},"featured_media":2759,"template":"","meta":[],"product_brand":[],"product_cat":[41],"product_tag":[],"class_list":{"0":"post-2758","1":"product","2":"type-product","3":"status-publish","4":"has-post-thumbnail","6":"product_cat-module-ic-reader","8":"first","9":"instock","10":"shipping-taxable","11":"product-type-simple"},"_links":{"self":[{"href":"https:\/\/nfc-readers.com\/tr\/wp-json\/wp\/v2\/product\/2758","targetHints":{"allow":["GET"]}}],"collection":[{"href":"https:\/\/nfc-readers.com\/tr\/wp-json\/wp\/v2\/product"}],"about":[{"href":"https:\/\/nfc-readers.com\/tr\/wp-json\/wp\/v2\/types\/product"}],"wp:featuredmedia":[{"embeddable":true,"href":"https:\/\/nfc-readers.com\/tr\/wp-json\/wp\/v2\/media\/2759"}],"wp:attachment":[{"href":"https:\/\/nfc-readers.com\/tr\/wp-json\/wp\/v2\/media?parent=2758"}],"wp:term":[{"taxonomy":"product_brand","embeddable":true,"href":"https:\/\/nfc-readers.com\/tr\/wp-json\/wp\/v2\/product_brand?post=2758"},{"taxonomy":"product_cat","embeddable":true,"href":"https:\/\/nfc-readers.com\/tr\/wp-json\/wp\/v2\/product_cat?post=2758"},{"taxonomy":"product_tag","embeddable":true,"href":"https:\/\/nfc-readers.com\/tr\/wp-json\/wp\/v2\/product_tag?post=2758"}],"curies":[{"name":"wp","href":"https:\/\/api.w.org\/{rel}","templated":true}]}}