{"id":2765,"date":"2024-06-11T13:24:05","date_gmt":"2024-06-11T13:24:05","guid":{"rendered":"https:\/\/nfc-readers.com\/?post_type=product&#038;p=2765"},"modified":"2024-09-23T06:21:32","modified_gmt":"2024-09-23T06:21:32","slug":"acr1552u-a2-aquaguard-nfc-usb-contactless-reader-writer","status":"publish","type":"product","link":"https:\/\/nfc-readers.com\/tr\/ic-reader\/acr1552u-a2-aquaguard-nfc-usb-contactless-reader-writer\/","title":{"rendered":"ACR1552U-A2 AquaGuard NFC USB Temass\u0131z Okuyucu Yaz\u0131c\u0131"},"content":{"rendered":"<h1>ACR1552U-A2 AquaGuard NFC USB Temass\u0131z Okuyucu Yaz\u0131c\u0131<\/h1>\n<p>ACR1552U-A2 AquaGuard NFC USB Okuyucu, 13,56 MHz temass\u0131z teknoloji \u00fczerine kurulu, sa\u011flam bir d\u00f6rd\u00fcnc\u00fc nesil cihazd\u0131r. IS0 14443Type A ve B, ISO 15693 ve ISO 18092 standartlar\u0131na uygun temass\u0131z kart ve cihazlarla \u00e7al\u0131\u015fmaktad\u0131r. IP67 derecesi, toza ve suya kar\u015f\u0131 ola\u011fan\u00fcst\u00fc direncini ifade eder ve zorlu ko\u015fullar alt\u0131nda bile kesintisiz \u00e7al\u0131\u015fmay\u0131 sa\u011flar. Hem CCID hem de PC\/SC standartlar\u0131na uygun olan ACR1552U-A2 AquaGuard NFC USB Okuyucu, 848 kbps&#039;ye kadar y\u00fcksek h\u0131zl\u0131 ileti\u015fim sunar. Okuyucunun IP67 sertifikal\u0131 kabu\u011fu, USB donan\u0131m yaz\u0131l\u0131m\u0131n\u0131n y\u00fckseltilebilir \u00f6zelliklerini bar\u0131nd\u0131r\u0131r ve \u00e7ok y\u00f6nl\u00fcl\u00fc\u011f\u00fcn\u00fc ve maliyet etkinli\u011fini finans, sa\u011fl\u0131k ve devlet dahil olmak \u00fczere \u00e7ok say\u0131da sekt\u00f6re yayar. Bu IP67 dereceli NFC okuyucu, \u00fc\u00e7 NFC modunu ak\u0131ll\u0131 bir \u015fekilde destekler: okuyucu\/yaz\u0131c\u0131, kart em\u00fclasyonu ve klavye em\u00fclasyonu. Sa\u011flaml\u0131\u011f\u0131 ve \u00e7ok y\u00f6nl\u00fcl\u00fc\u011f\u00fc, e-\u00f6deme, eri\u015fim kontrol sistemleri ve ula\u015f\u0131m biletleri gibi \u00e7ok \u00e7e\u015fitli potansiyel uygulamalar\u0131n \u00f6n\u00fcn\u00fc a\u00e7ar. ACR1552U-A2AquaGuard NFC USB Okuyucu, IP67 deste\u011fiyle, NFC teknolojisinde dayan\u0131kl\u0131 ve g\u00fcvenilir bir se\u00e7im olarak duruyor.<\/p>\n<ul>\n<li>\n<h2>USB 2.0 Tam H\u0131zl\u0131 Aray\u00fcz<\/h2>\n<\/li>\n<li>\n<h2>CCID Uyumlulu\u011fu<\/h2>\n<\/li>\n<li>\n<h2>Temass\u0131z Ak\u0131ll\u0131 Kart Okuyucusu:<\/h2>\n<ul>\n<li>\n<h3>848 kbps&#039;ye kadar Okuma\/Yazma h\u0131z\u0131<\/h3>\n<\/li>\n<li>\n<h3>Temass\u0131z etiket eri\u015fimi i\u00e7in, 70 mm&#039;ye kadar kart okuma mesafesine sahip dahili anten (etiket t\u00fcr\u00fcne ba\u011fl\u0131 olarak)<\/h3>\n<\/li>\n<li>\n<h3>ISO 14443 Tip A ve B kartlar\u0131n\u0131, ISO 15693 Kartlar\u0131n\u0131 ve ISO18092 NFC&#039;yi destekler<\/h3>\n<\/li>\n<li>\n<h3>MIFARE\u00ae (T=CL), FeliCa, NFC etiketleri, SRI\/SRIX, CTS, Innovatron, Picopass, Topaz Kart\u0131n\u0131 destekler<\/h3>\n<\/li>\n<li>\n<h3>Dahili \u00e7arp\u0131\u015fma \u00f6nleme \u00f6zelli\u011fi<\/h3>\n<\/li>\n<li>\n<h3>Geni\u015fletilmi\u015f APDU&#039;yu destekler (maks. 64 kbyte)<\/h3>\n<\/li>\n<li>\n<h3>Bir adet ISO7816 uyumlu SAM yuvas\u0131 (S\u0131n\u0131f A)<\/h3>\n<\/li>\n<li>\n<h3>NFC Deste\u011fi<\/h3>\n<ul>\n<li>\u00a0 \u00a0Ak\u0131ll\u0131 Kart Okuyucu\/Yaz\u0131c\u0131 Modu<\/li>\n<li>\u00a0 \u00a0Kart Em\u00fclasyon Modu<\/li>\n<li>\u00a0 \u00a0Klavye Em\u00fclasyon Modu<\/li>\n<\/ul>\n<\/li>\n<\/ul>\n<\/li>\n<li>\n<h2>Uygulama programlama Aray\u00fcz\u00fc:<\/h2>\n<ul>\n<li>\n<h3>PC\/SC&#039;yi destekler<\/h3>\n<\/li>\n<li>\n<h3>CT-API&#039;yi destekler (PC\/SC&#039;nin \u00fcst\u00fcndeki sarmalay\u0131c\u0131 arac\u0131l\u0131\u011f\u0131yla)<\/h3>\n<\/li>\n<\/ul>\n<\/li>\n<li>\n<h2>\u00c7evre birimleri:<\/h2>\n<ul>\n<li>\n<h3>Kullan\u0131c\u0131 taraf\u0131ndan kontrol edilebilen iki renkli LED (Mavi ve Ye\u015fil)<\/h3>\n<\/li>\n<li>\n<h3>Kullan\u0131c\u0131 taraf\u0131ndan kontrol edilebilen zil (Monoton)<\/h3>\n<\/li>\n<li>\n<h3>Bir SAM yuvas\u0131<\/h3>\n<\/li>\n<\/ul>\n<\/li>\n<li>\n<h2>USB Firmware Y\u00fckseltilebilirli\u011fi<\/h2>\n<\/li>\n<\/ul>\n<table width=\"598\">\n<tbody>\n<tr>\n<td colspan=\"2\" width=\"598\">Fiziksel \u00f6zellikler<\/td>\n<\/tr>\n<tr>\n<td width=\"225\">Boyutlar (mm)<\/td>\n<td width=\"373\">Ana G\u00f6vde: 98 x 65 x 12,8 mm<\/td>\n<\/tr>\n<tr>\n<td width=\"225\">A\u011f\u0131rl\u0131k (g)<\/td>\n<td width=\"373\">89 gr<\/td>\n<\/tr>\n<tr>\n<td colspan=\"2\" width=\"598\">USB arabirimi<\/td>\n<\/tr>\n<tr>\n<td width=\"225\">Protokol<\/td>\n<td width=\"373\">USB CCID&#039;si<\/td>\n<\/tr>\n<tr>\n<td width=\"225\">Ba\u011flay\u0131c\u0131 T\u00fcr\u00fc<\/td>\n<td width=\"373\">USB Tip-A (ACR1552U-A2), USB Tip-C (ACR1552U-MF)<\/td>\n<\/tr>\n<tr>\n<td width=\"225\">G\u00fc\u00e7 kayna\u011f\u0131<\/td>\n<td width=\"373\">USB ba\u011flant\u0131 noktas\u0131ndan<\/td>\n<\/tr>\n<tr>\n<td width=\"225\">H\u0131z<\/td>\n<td width=\"373\">USB Tam H\u0131z (12 Mbps)<\/td>\n<\/tr>\n<tr>\n<td width=\"225\">Kablo uzunlu\u011fu<\/td>\n<td width=\"373\">1m, Ayr\u0131lmaz<\/td>\n<\/tr>\n<tr>\n<td colspan=\"2\" width=\"598\">Temass\u0131z Ak\u0131ll\u0131 Kart Aray\u00fcz\u00fc<\/td>\n<\/tr>\n<tr>\n<td width=\"225\">Standart<\/td>\n<td width=\"373\">ISO\/IEC 18092 NFC, ISO 14443 Tip A ve B, ISO 15693, MIFARE\u00ae, FeliCa<\/td>\n<\/tr>\n<tr>\n<td rowspan=\"5\" width=\"225\">Protokol<\/td>\n<td width=\"373\">ISO 14443-4 Uyumlu Kart, T=CL<\/td>\n<\/tr>\n<tr>\n<td width=\"373\">MIFARE\u00ae Klasik Kart, T=CL<\/td>\n<\/tr>\n<tr>\n<td width=\"373\">ISO 15693<\/td>\n<\/tr>\n<tr>\n<td width=\"373\">ISO 18092 NFC Etiketleri<\/td>\n<\/tr>\n<tr>\n<td width=\"373\">FeliCa<\/td>\n<\/tr>\n<tr>\n<td colspan=\"2\" width=\"598\">Yerle\u015fik \u00c7evre Birimleri<\/td>\n<\/tr>\n<tr>\n<td width=\"225\">NEDEN OLMU\u015e<\/td>\n<td width=\"373\">1 adet iki renkli: Mavi ve Ye\u015fil<\/td>\n<\/tr>\n<tr>\n<td width=\"225\">Zil<\/td>\n<td width=\"373\">Evet<\/td>\n<\/tr>\n<tr>\n<td colspan=\"2\" width=\"598\">Di\u011fer \u00f6zellikler<\/td>\n<\/tr>\n<tr>\n<td rowspan=\"4\" width=\"225\">Di\u011fer \u00f6zellikler<\/td>\n<td width=\"373\">Desteklenen Kart T\u00fcrleri:<\/td>\n<\/tr>\n<tr>\n<td width=\"373\">ISO 14443 Tip A ve B B\u00f6l\u00fcm 1-4, ISO 15693, ISO 18092 NFC, MIFARE\u00ae, FeliCa, SRI\/SRIX, CTS, Innovatron, Picopass, Topaz Kart<\/td>\n<\/tr>\n<tr>\n<td width=\"373\">\u00a0 NFC \u00d6zellikleri:<\/td>\n<\/tr>\n<tr>\n<td width=\"373\">Ak\u0131ll\u0131 Kart Okuyucu\/Yaz\u0131c\u0131, Klavye Em\u00fclasyonu, Kart Em\u00fclasyonu<\/td>\n<\/tr>\n<tr>\n<td width=\"225\">Ayg\u0131t Yaz\u0131l\u0131m\u0131 Y\u00fckseltmesi<\/td>\n<td width=\"373\">Destekleniyor<\/td>\n<\/tr>\n<tr>\n<td colspan=\"2\" width=\"598\">Sertifikalar\/Uyumluluk<\/td>\n<\/tr>\n<tr>\n<td rowspan=\"4\" width=\"225\">Sertifikalar\/Uyumluluk<\/td>\n<td width=\"373\">Sertifikalar:<\/td>\n<\/tr>\n<tr>\n<td width=\"373\">IEC\/EN 62368, CE, UKCA, FCC, VCCI, KC, J-LIS, RoHS, REACH, WEEE, Microsoft\u00ae WHQL,IP67<\/td>\n<\/tr>\n<tr>\n<td width=\"373\">Uyma:<\/td>\n<\/tr>\n<tr>\n<td width=\"373\">USB CCID, PC\/SC<\/td>\n<\/tr>\n<tr>\n<td colspan=\"2\" width=\"598\">Ayg\u0131t S\u00fcr\u00fcc\u00fcs\u00fc \u0130\u015fletim Sistemi Deste\u011fi<\/td>\n<\/tr>\n<tr>\n<td width=\"225\">Ayg\u0131t S\u00fcr\u00fcc\u00fcs\u00fc \u0130\u015fletim Sistemi Deste\u011fi<\/td>\n<td width=\"373\">Windows\u00ae, Linux\u00ae, macOS, Android\u2122, iOS\/\u0131pados (16 veya \u00fczeri)<\/td>\n<\/tr>\n<tr>\n<td><\/td>\n<td><\/td>\n<\/tr>\n<\/tbody>\n<\/table>","protected":false},"excerpt":{"rendered":"<p>ACR1552U-A2 AquaGuard NFC USB UID Kart Okuyucu, zorlu ortamlarda g\u00fcvenilir performans i\u00e7in tasarlanm\u0131\u015f sa\u011flam bir cihazd\u0131r.<\/p>","protected":false},"featured_media":2770,"template":"","meta":[],"product_brand":[],"product_cat":[45,40],"product_tag":[],"class_list":{"0":"post-2765","1":"product","2":"type-product","3":"status-publish","4":"has-post-thumbnail","6":"product_cat-contactless-nfc-reader","7":"product_cat-rfid-nfc-reader","9":"first","10":"instock","11":"shipping-taxable","12":"product-type-simple"},"_links":{"self":[{"href":"https:\/\/nfc-readers.com\/tr\/wp-json\/wp\/v2\/product\/2765","targetHints":{"allow":["GET"]}}],"collection":[{"href":"https:\/\/nfc-readers.com\/tr\/wp-json\/wp\/v2\/product"}],"about":[{"href":"https:\/\/nfc-readers.com\/tr\/wp-json\/wp\/v2\/types\/product"}],"wp:featuredmedia":[{"embeddable":true,"href":"https:\/\/nfc-readers.com\/tr\/wp-json\/wp\/v2\/media\/2770"}],"wp:attachment":[{"href":"https:\/\/nfc-readers.com\/tr\/wp-json\/wp\/v2\/media?parent=2765"}],"wp:term":[{"taxonomy":"product_brand","embeddable":true,"href":"https:\/\/nfc-readers.com\/tr\/wp-json\/wp\/v2\/product_brand?post=2765"},{"taxonomy":"product_cat","embeddable":true,"href":"https:\/\/nfc-readers.com\/tr\/wp-json\/wp\/v2\/product_cat?post=2765"},{"taxonomy":"product_tag","embeddable":true,"href":"https:\/\/nfc-readers.com\/tr\/wp-json\/wp\/v2\/product_tag?post=2765"}],"curies":[{"name":"wp","href":"https:\/\/api.w.org\/{rel}","templated":true}]}}