{"id":2773,"date":"2024-06-11T14:17:35","date_gmt":"2024-06-11T14:17:35","guid":{"rendered":"https:\/\/nfc-readers.com\/?post_type=product&#038;p=2773"},"modified":"2024-09-23T06:15:02","modified_gmt":"2024-09-23T06:15:02","slug":"acr1555u-a1-bluetooth-nfc-usb-contactless-reader-writer","status":"publish","type":"product","link":"https:\/\/nfc-readers.com\/tr\/ic-reader\/acr1555u-a1-bluetooth-nfc-usb-contactless-reader-writer\/","title":{"rendered":"ACR1555U-A1 Bluetooth NFC USB Temass\u0131z Okuyucu Yaz\u0131c\u0131"},"content":{"rendered":"<h1>ACR1555U-A1 Bluetooth NFC USB Temass\u0131z Okuyucu Yaz\u0131c\u0131<\/h1>\n<div class=\"auto-hide-last-sibling-br paragraph_1252f paragraph-element\">ACR1555U-A1 NFC Bluetooth\u00ae Okuyucu, ISO 14443 B\u00f6l\u00fcm 1-4 ve ISO 18092 standartlar\u0131yla uyumludur ve MIFARE kartlar\u0131, FeliCa\u2122 kartlar\u0131, ISO 7816 S\u0131n\u0131f A, B ve C (5V, 3V ve 1,8V) SAM kartlar\u0131 ve NFC etiketleri. Okuyucu, tek modlu \u00e7al\u0131\u015fmada Bluetooth Standard 5.2&#039;yi destekler ve ayn\u0131 zamanda iOS, Android\u2122, Linux ve Windows gibi \u00e7e\u015fitli i\u015fletim sistemleriyle uyumluluk sa\u011flayan bir USB Type-C cihaz\u0131d\u0131r. ACR1555U, g\u00fc\u00e7 i\u00e7in 450mAh 3.7 ile donat\u0131lm\u0131\u015ft\u0131r. V Li-iyon pil. Pil, cihaz durumu ve Bluetooth durumunu kontrol etmek i\u00e7in 2 d\u00fc\u011fmenin yan\u0131 s\u0131ra cihaz\u0131n \u00e7al\u0131\u015fma durumunu g\u00f6steren 3 LED ve bir sesli uyar\u0131 i\u00e7erir. Bu, ACR1555U&#039;yu \u00e7e\u015fitli uygulamalara uygun, \u00e7ok y\u00f6nl\u00fc ve kullan\u0131c\u0131 dostu bir NFC Bluetooth\u00ae okuyucu haline getirir.<\/div>\n<table width=\"641\">\n<tbody>\n<tr>\n<td colspan=\"2\" width=\"641\">Fiziksel \u00f6zellikler<\/td>\n<\/tr>\n<tr>\n<td width=\"210\">Boyutlar (mm)<\/td>\n<td width=\"431\">93 mm (U) x 58 mm (G) x 6,0 mm (Y)<\/td>\n<\/tr>\n<tr>\n<td width=\"210\"><\/td>\n<td width=\"431\">94 mm (U) x 60,2 mm (G) x 9,0 mm (Y) (kart tutucuyla birlikte)<\/td>\n<\/tr>\n<tr>\n<td width=\"210\">A\u011f\u0131rl\u0131k (g)<\/td>\n<td width=\"431\">31,0 g (kart okuyucu)<\/td>\n<\/tr>\n<tr>\n<td width=\"210\"><\/td>\n<td width=\"431\">39,0 g (kart tutucuyla birlikte)<\/td>\n<\/tr>\n<tr>\n<td colspan=\"2\" width=\"641\">Bluetooth Aray\u00fcz\u00fc<\/td>\n<\/tr>\n<tr>\n<td width=\"210\">Protokol<\/td>\n<td width=\"431\">Bluetooth\u00ae(Bluetooth 5.2)<\/td>\n<\/tr>\n<tr>\n<td width=\"210\">G\u00fc\u00e7 kayna\u011f\u0131<\/td>\n<td width=\"431\">\u015earj Edilebilir Lityum \u0130yon Pil (USB \u00fczerinden \u015farj etme)<\/td>\n<\/tr>\n<tr>\n<td colspan=\"2\" width=\"641\">USB arabirimi<\/td>\n<\/tr>\n<tr>\n<td width=\"210\">Protokol<\/td>\n<td width=\"431\">USB CCID&#039;si<\/td>\n<\/tr>\n<tr>\n<td width=\"210\">Ba\u011flay\u0131c\u0131 T\u00fcr\u00fc<\/td>\n<td width=\"431\">USB T\u0130P C<\/td>\n<\/tr>\n<tr>\n<td width=\"210\">G\u00fc\u00e7 kayna\u011f\u0131<\/td>\n<td width=\"431\">USB Ba\u011flant\u0131 Noktas\u0131ndan<\/td>\n<\/tr>\n<tr>\n<td width=\"210\">H\u0131z<\/td>\n<td width=\"431\">USB Tam H\u0131z (12 Mbps)<\/td>\n<\/tr>\n<tr>\n<td width=\"210\">Kablo uzunlu\u011fu<\/td>\n<td width=\"431\">1 m, Ayr\u0131labilir<\/td>\n<\/tr>\n<tr>\n<td colspan=\"2\" width=\"641\">Temass\u0131z Ak\u0131ll\u0131 Kart Aray\u00fcz\u00fc<\/td>\n<\/tr>\n<tr>\n<td width=\"210\">Standart<\/td>\n<td width=\"431\">ISO\/IEC 18092 NFC,ISO15693, ISO 14443 Tip A ve B, MIFARE, FeliCa<\/td>\n<\/tr>\n<tr>\n<td width=\"210\">Protokol<\/td>\n<td width=\"431\">ISO 14443-4 Uyumlu Kart, T=CL<br \/>\nMIFARE Klasik Kart, T=CL<br \/>\nISO 18092, NFC Etiketleri<br \/>\nFeliCa<\/td>\n<\/tr>\n<tr>\n<td colspan=\"2\" width=\"641\">Yerle\u015fik \u00c7evre Birimleri<\/td>\n<\/tr>\n<tr>\n<td width=\"210\">NEDEN OLMU\u015e<\/td>\n<td width=\"431\">2 \u00c7ift Renk: K\u0131rm\u0131z\u0131 ve Mavi, K\u0131rm\u0131z\u0131 ve Ye\u015fil<\/td>\n<\/tr>\n<tr>\n<td width=\"210\">\u00c7e\u015fitli NFC \u00f6zelliklerini destekleyin<\/td>\n<td width=\"431\"><\/td>\n<\/tr>\n<tr>\n<td width=\"210\"><\/td>\n<td width=\"431\">Kart Okuyucu\/Yaz\u0131c\u0131 Modu<\/td>\n<\/tr>\n<tr>\n<td width=\"210\"><\/td>\n<td width=\"431\">Kart Em\u00fclasyon Modu<\/td>\n<\/tr>\n<tr>\n<td width=\"210\"><\/td>\n<td width=\"431\">Klavye Em\u00fclasyon modunu destekleyin<\/td>\n<\/tr>\n<tr>\n<td colspan=\"2\" width=\"641\">Di\u011fer \u00f6zellikler<\/td>\n<\/tr>\n<tr>\n<td width=\"210\">\u015eifreleme<\/td>\n<td width=\"431\">Cihaz i\u00e7i AES 128 \u015fifreleme algoritmas\u0131<\/td>\n<\/tr>\n<tr>\n<td width=\"210\">Ayg\u0131t Yaz\u0131l\u0131m\u0131 Y\u00fckseltmesi<\/td>\n<td width=\"431\">Destekleniyor<\/td>\n<\/tr>\n<tr>\n<td colspan=\"2\" width=\"641\">Sertifikalar\/Uyumluluk<\/td>\n<\/tr>\n<tr>\n<td rowspan=\"14\" width=\"210\">Sertifikalar\/Uyumluluk<\/td>\n<td>TR \/IEC 62368<\/td>\n<\/tr>\n<tr>\n<td>ISO 18092<\/td>\n<\/tr>\n<tr>\n<td>ISO 14443<\/td>\n<\/tr>\n<tr>\n<td>ISO 15693<\/td>\n<\/tr>\n<tr>\n<td>Bluetooth\u00aeBQB<\/td>\n<\/tr>\n<tr>\n<td>KCC<\/td>\n<\/tr>\n<tr>\n<td>UKCA<\/td>\n<\/tr>\n<tr>\n<td>CE<\/td>\n<\/tr>\n<tr>\n<td>FCC<\/td>\n<\/tr>\n<tr>\n<td>RoHS<\/td>\n<\/tr>\n<tr>\n<td>ULA\u015eMAK<\/td>\n<\/tr>\n<tr>\n<td>TELEC(Japonya)<\/td>\n<\/tr>\n<tr>\n<td>VCCI<\/td>\n<\/tr>\n<tr>\n<td>Microsoft\u00ae WHQL<\/td>\n<\/tr>\n<tr>\n<td colspan=\"2\" width=\"641\">Ayg\u0131t S\u00fcr\u00fcc\u00fcs\u00fc \u0130\u015fletim Sistemi Deste\u011fi<\/td>\n<\/tr>\n<tr>\n<td rowspan=\"5\" width=\"210\">Ayg\u0131t S\u00fcr\u00fcc\u00fcs\u00fc \u0130\u015fletim Sistemi Deste\u011fi<\/td>\n<td width=\"431\">Windows\u00ae<\/td>\n<\/tr>\n<tr>\n<td width=\"431\">Linux\u00ae<\/td>\n<\/tr>\n<tr>\n<td width=\"431\">MAC OS\u00ae 10.7 ve \u00fczeri<\/td>\n<\/tr>\n<tr>\n<td width=\"431\">Android\u2122 4.3 ve \u00fczeri<\/td>\n<\/tr>\n<tr>\n<td width=\"431\">iOS 8.0 ve \u00fczeri<\/td>\n<\/tr>\n<\/tbody>\n<\/table>\n<p>&nbsp;<\/p>","protected":false},"excerpt":{"rendered":"<div class=\"auto-hide-last-sibling-br paragraph_1252f paragraph-element\">ACR1555U-A1, hareket halindeyken ak\u0131ll\u0131 kart ve NFC uygulamalar\u0131n\u0131 kullanman\u0131z\u0131 sa\u011flayan ta\u015f\u0131nabilir bir Bluetooth\u00ae NFC Okuyucusudur.<\/div>","protected":false},"featured_media":2774,"template":"","meta":[],"product_brand":[],"product_cat":[45,38],"product_tag":[],"class_list":{"0":"post-2773","1":"product","2":"type-product","3":"status-publish","4":"has-post-thumbnail","6":"product_cat-contactless-nfc-reader","7":"product_cat-mobile-ble-nfc-reader","9":"first","10":"instock","11":"shipping-taxable","12":"product-type-simple"},"_links":{"self":[{"href":"https:\/\/nfc-readers.com\/tr\/wp-json\/wp\/v2\/product\/2773","targetHints":{"allow":["GET"]}}],"collection":[{"href":"https:\/\/nfc-readers.com\/tr\/wp-json\/wp\/v2\/product"}],"about":[{"href":"https:\/\/nfc-readers.com\/tr\/wp-json\/wp\/v2\/types\/product"}],"wp:featuredmedia":[{"embeddable":true,"href":"https:\/\/nfc-readers.com\/tr\/wp-json\/wp\/v2\/media\/2774"}],"wp:attachment":[{"href":"https:\/\/nfc-readers.com\/tr\/wp-json\/wp\/v2\/media?parent=2773"}],"wp:term":[{"taxonomy":"product_brand","embeddable":true,"href":"https:\/\/nfc-readers.com\/tr\/wp-json\/wp\/v2\/product_brand?post=2773"},{"taxonomy":"product_cat","embeddable":true,"href":"https:\/\/nfc-readers.com\/tr\/wp-json\/wp\/v2\/product_cat?post=2773"},{"taxonomy":"product_tag","embeddable":true,"href":"https:\/\/nfc-readers.com\/tr\/wp-json\/wp\/v2\/product_tag?post=2773"}],"curies":[{"name":"wp","href":"https:\/\/api.w.org\/{rel}","templated":true}]}}