{"id":2780,"date":"2024-06-12T02:05:36","date_gmt":"2024-06-12T02:05:36","guid":{"rendered":"https:\/\/nfc-readers.com\/?post_type=product&#038;p=2780"},"modified":"2024-09-23T06:11:23","modified_gmt":"2024-09-23T06:11:23","slug":"acr40u-premium-high-speed-usb-contact-smartcard-reader-writer","status":"publish","type":"product","link":"https:\/\/nfc-readers.com\/tr\/ic-reader\/acr40u-premium-high-speed-usb-contact-smartcard-reader-writer\/","title":{"rendered":"ACR40U Premium Y\u00fcksek H\u0131zl\u0131 USB Temasl\u0131 Ak\u0131ll\u0131 Kart Okuyucu Yaz\u0131c\u0131s\u0131"},"content":{"rendered":"<h1>ACR40U Premium Y\u00fcksek H\u0131zl\u0131 USB Temasl\u0131 Ak\u0131ll\u0131 Kart Okuyucu Yaz\u0131c\u0131s\u0131<\/h1>\n<div class=\"auto-hide-last-sibling-br paragraph_1252f paragraph-element\">ACR40U, y\u00fcksek h\u0131zl\u0131 USB temasl\u0131 ak\u0131ll\u0131 kart okuyucuyla tan\u0131\u015f\u0131n. ISO 7816 S\u0131n\u0131f A, B ve C ak\u0131ll\u0131 kartlar, T=0 ve T=1 protokollerini kullanan mikroi\u015flemci kartlar\u0131 ve piyasada mevcut geni\u015f bir haf\u0131za kart\u0131 yelpazesi i\u00e7in s\u00fcrekli destek sa\u011flar. ACR40U, kart\u0131n ve okuyucunun durumu. \u00d6nemli geli\u015ftirmeler aras\u0131nda, \u00e7ok \u00e7e\u015fitli uygulama senaryolar\u0131n\u0131n ihtiya\u00e7lar\u0131n\u0131 kar\u015f\u0131layan \u00fcr\u00fcn yaz\u0131l\u0131m\u0131n\u0131 y\u00fckseltme ve kullan\u0131c\u0131 verilerini cihaza kaydetme se\u00e7ene\u011fi yer al\u0131yor. Ayr\u0131ca hem dikey hem de yatay y\u00f6nlendirmeler dahil olmak \u00fczere \u00e7e\u015fitli yap\u0131land\u0131rmalara olanak tan\u0131yan bir stand aksesuar\u0131 da i\u00e7erir. CCID, PC\/SC ve Microsoft\u00ae WHQL standartlar\u0131na ba\u011fl\u0131 kalan ACR40U, Windows\u00ae, Linux\u00ae, macOS gibi \u00e7ok say\u0131da i\u015fletim sistemiyle zahmetsiz entegrasyonu garanti eder , iOS, iPadOS ve Android\u2122. Hem USB Type-A hem de Type-C aray\u00fczlerini destekleyerek esnek ba\u011flant\u0131 se\u00e7enekleri sunar.<\/div>\n<div>\n<ul>\n<li>\n<h2>USB 2.0 Tam H\u0131zl\u0131 Aray\u00fcz<\/h2>\n<\/li>\n<li>\n<h2>USB Tip A<\/h2>\n<\/li>\n<li>\n<h2>Tak ve \u00c7al\u0131\u015ft\u0131r \u2013 CCID deste\u011fi en \u00fcst d\u00fczeyde mobilite sa\u011flar<\/h2>\n<\/li>\n<li>\n<h2>Ak\u0131ll\u0131 kart okuyucu:<\/h2>\n<ul>\n<li>\n<h3>ISO 7816 S\u0131n\u0131f A, B ve C (5 V, 3 V, 1,8 V) kartlar\u0131 destekler<\/h3>\n<\/li>\n<li>\n<h3>CAC&#039;yi destekler<\/h3>\n<\/li>\n<li>\n<h3>SIPRNET Kart\u0131n\u0131 destekler<\/h3>\n<\/li>\n<li>\n<h3>MyKad&#039;\u0131 destekler<\/h3>\n<\/li>\n<li>\n<h3>J-LIS Kart\u0131n\u0131 destekler<\/h3>\n<\/li>\n<li>\n<h3>T=0 veya T=1 protokoll\u00fc mikroi\u015flemci kartlar\u0131n\u0131 destekler<\/h3>\n<\/li>\n<li>\n<h3>Haf\u0131za kartlar\u0131n\u0131 destekler<\/h3>\n<\/li>\n<li>\n<h3>PPS&#039;yi (Protokol ve Parametre Se\u00e7imi) destekler<\/h3>\n<\/li>\n<li>\n<h3>K\u0131sa Devre Korumas\u0131 \u00d6zellikleri<\/h3>\n<\/li>\n<\/ul>\n<\/li>\n<li>\n<h2>Uygulama programlama Aray\u00fcz\u00fc:<\/h2>\n<ul>\n<li>\n<h3>PC\/SC&#039;yi destekler<\/h3>\n<\/li>\n<li>\n<h3>CT-API&#039;yi destekleyin<\/h3>\n<\/li>\n<\/ul>\n<\/li>\n<li>\n<h2>T\u00fcm \u00f6nemli i\u015fletim sistemlerini destekler<\/h2>\n<ul>\n<li>\n<h3>Windows\u00ae, Linux\u00ae, macOS, iOS, iPadOS, Android\u2122, Solaris\u2122<\/h3>\n<\/li>\n<\/ul>\n<\/li>\n<\/ul>\n<table width=\"606\">\n<tbody>\n<tr>\n<td colspan=\"2\" width=\"606\">Fiziksel \u00f6zellikler<\/td>\n<\/tr>\n<tr>\n<td width=\"211\">Boyutlar (mm)<\/td>\n<td width=\"395\">62,5 mm (U) \u00d7 67,6 mm (G) \u00d7 58,5 mm (Y)<\/td>\n<\/tr>\n<tr>\n<td width=\"211\">A\u011f\u0131rl\u0131k (g)<\/td>\n<td width=\"395\">40,0 gr \u00b1 5,0 gr<\/td>\n<\/tr>\n<tr>\n<td colspan=\"2\" width=\"606\">USB arabirimi<\/td>\n<\/tr>\n<tr>\n<td width=\"211\">Protokol<\/td>\n<td width=\"395\">USB CCID&#039;si<\/td>\n<\/tr>\n<tr>\n<td width=\"211\">Ba\u011flay\u0131c\u0131 T\u00fcr\u00fc<\/td>\n<td width=\"395\">Standart Tip A, Tip C<\/td>\n<\/tr>\n<tr>\n<td width=\"211\">G\u00fc\u00e7 kayna\u011f\u0131<\/td>\n<td width=\"395\">USB Ba\u011flant\u0131 Noktas\u0131ndan<\/td>\n<\/tr>\n<tr>\n<td width=\"211\">H\u0131z<\/td>\n<td width=\"395\">USB 2.0 Tam H\u0131z (12 Mbps)<\/td>\n<\/tr>\n<tr>\n<td width=\"211\">Kablo uzunlu\u011fu<\/td>\n<td width=\"395\">1 m, Sabit<\/td>\n<\/tr>\n<tr>\n<td colspan=\"2\" width=\"606\">Ak\u0131ll\u0131 Kart Aray\u00fcz\u00fc ile ileti\u015fime ge\u00e7in<\/td>\n<\/tr>\n<tr>\n<td width=\"211\">Slot Say\u0131s\u0131<\/td>\n<td width=\"395\">1 Tam Boyutlu Kart Yuvas\u0131<\/td>\n<\/tr>\n<tr>\n<td width=\"211\">Standart<\/td>\n<td width=\"395\">ISO 7816 Par\u00e7a 1-4, S\u0131n\u0131f A, B, C (5 V, 3 V, 1,8 V)<\/td>\n<\/tr>\n<tr>\n<td width=\"211\">Protokol<\/td>\n<td width=\"395\">T=0; T=1; Haf\u0131za Kart\u0131 Deste\u011fi<\/td>\n<\/tr>\n<tr>\n<td width=\"211\">Di\u011ferleri<\/td>\n<td width=\"395\">Mykad, CAC, J-LIS, SIPRNET Kart\u0131<\/td>\n<\/tr>\n<tr>\n<td colspan=\"2\" width=\"606\">Sertifikalar\/Uyumluluk<\/td>\n<\/tr>\n<tr>\n<td width=\"211\">Sertifikalar\/Uyumluluk<\/td>\n<td width=\"395\">EN62368\/IEC 62368 CE FCC RoHS REACH EMV\u2122 Seviye 1 (\u0130leti\u015fim) UL 62368 J-LIS KC PBOC Seviye 1 (\u0130leti\u015fim) TAA UKCA UL VCCI WEEE USB 2.0 Tam H\u0131z Microsoft\u00ae WHQL<\/td>\n<\/tr>\n<tr>\n<td colspan=\"2\" width=\"606\">Ayg\u0131t S\u00fcr\u00fcc\u00fcs\u00fc \u0130\u015fletim Sistemi Deste\u011fi<\/td>\n<\/tr>\n<tr>\n<td width=\"211\">Ayg\u0131t S\u00fcr\u00fcc\u00fcs\u00fc \u0130\u015fletim Sistemi Deste\u011fi<\/td>\n<td width=\"395\">Windows\u00ae Linux\u00ae macOS IOS iPadOS Android\u2122 Solaris\u2122<\/td>\n<\/tr>\n<tr>\n<td><\/td>\n<td><\/td>\n<\/tr>\n<\/tbody>\n<\/table>\n<\/div>","protected":false},"excerpt":{"rendered":"<div class=\"auto-hide-last-sibling-br paragraph_1252f paragraph-element\">ACR40U, \u00e7e\u015fitli ak\u0131ll\u0131 kartlar\u0131 destekleyen ve esnek ba\u011flant\u0131 se\u00e7enekleri sunan kompakt bir EMV PBOC kart okuyucusudur.<\/div>","protected":false},"featured_media":2783,"template":"","meta":[],"product_brand":[],"product_cat":[39],"product_tag":[],"class_list":{"0":"post-2780","1":"product","2":"type-product","3":"status-publish","4":"has-post-thumbnail","6":"product_cat-usb-ic-smartcard-reader","8":"first","9":"instock","10":"shipping-taxable","11":"product-type-simple"},"_links":{"self":[{"href":"https:\/\/nfc-readers.com\/tr\/wp-json\/wp\/v2\/product\/2780","targetHints":{"allow":["GET"]}}],"collection":[{"href":"https:\/\/nfc-readers.com\/tr\/wp-json\/wp\/v2\/product"}],"about":[{"href":"https:\/\/nfc-readers.com\/tr\/wp-json\/wp\/v2\/types\/product"}],"wp:featuredmedia":[{"embeddable":true,"href":"https:\/\/nfc-readers.com\/tr\/wp-json\/wp\/v2\/media\/2783"}],"wp:attachment":[{"href":"https:\/\/nfc-readers.com\/tr\/wp-json\/wp\/v2\/media?parent=2780"}],"wp:term":[{"taxonomy":"product_brand","embeddable":true,"href":"https:\/\/nfc-readers.com\/tr\/wp-json\/wp\/v2\/product_brand?post=2780"},{"taxonomy":"product_cat","embeddable":true,"href":"https:\/\/nfc-readers.com\/tr\/wp-json\/wp\/v2\/product_cat?post=2780"},{"taxonomy":"product_tag","embeddable":true,"href":"https:\/\/nfc-readers.com\/tr\/wp-json\/wp\/v2\/product_tag?post=2780"}],"curies":[{"name":"wp","href":"https:\/\/api.w.org\/{rel}","templated":true}]}}