{"id":2811,"date":"2024-06-19T06:28:23","date_gmt":"2024-06-19T06:28:23","guid":{"rendered":"https:\/\/nfc-readers.com\/?post_type=product&#038;p=2811"},"modified":"2024-09-23T05:57:05","modified_gmt":"2024-09-23T05:57:05","slug":"acr39t-a1-usb-contact-sim-sized-smartcard-reader-writer","status":"publish","type":"product","link":"https:\/\/nfc-readers.com\/tr\/ic-reader\/acr39t-a1-usb-contact-sim-sized-smartcard-reader-writer\/","title":{"rendered":"ACR39T-A1 USB Temasl\u0131 SIM Boyutlu Ak\u0131ll\u0131 Kart Okuyucu Yaz\u0131c\u0131"},"content":{"rendered":"<h1>ACR39T-A1 USB Temasl\u0131 SIM Boyutlu Ak\u0131ll\u0131 Kart Okuyucu Yaz\u0131c\u0131<\/h1>\n<p>ACR39T-A1, ak\u0131ll\u0131 kart okuyucular\u0131 alan\u0131nda devrim niteli\u011finde bir yeniliktir. K\u00fc\u00e7\u00fck, SIM boyutunda bir forma sahip olmas\u0131na ra\u011fmen, \u00f6zellik a\u00e7\u0131s\u0131ndan zengin yeteneklerinden \u00f6d\u00fcn vermez. \u00c7e\u015fitli ak\u0131ll\u0131 kartla ilgili uygulamalar\u0131n zorlu taleplerini kar\u015f\u0131lamak i\u00e7in en son teknolojiyi \u015f\u0131k ve \u00e7a\u011fda\u015f bir tasar\u0131mla kusursuz bir \u015fekilde birle\u015ftirir.<\/p>\n<ul>\n<li>\n<h2>USB 2.0 Tam H\u0131zl\u0131 Aray\u00fcz<\/h2>\n<\/li>\n<li>\n<h2>USB 3.0 ile uyumludur<\/h2>\n<\/li>\n<li>\n<h2>Tak ve \u00c7al\u0131\u015ft\u0131r \u2013 CCID deste\u011fi en \u00fcst d\u00fczeyde mobilite sa\u011flar<\/h2>\n<\/li>\n<li>\n<h2>Ak\u0131ll\u0131 kart okuyucu:<\/h2>\n<ul>\n<li>\n<h3>ISO 7816 S\u0131n\u0131f A, B ve C (5 V, 3 V, 1,8 V) kartlar\u0131 destekler<\/h3>\n<\/li>\n<li>\n<h3>T=0 veya T=1 protokoll\u00fc mikroi\u015flemci kartlar\u0131n\u0131 destekler<\/h3>\n<\/li>\n<li>\n<h3>Haf\u0131za kartlar\u0131n\u0131 destekler<\/h3>\n<\/li>\n<li>\n<h3>PPS&#039;yi (Protokol ve Parametre Se\u00e7imi) destekler<\/h3>\n<\/li>\n<li>\n<h3>K\u0131sa Devre Korumas\u0131 \u00d6zellikleri<\/h3>\n<\/li>\n<\/ul>\n<\/li>\n<li>\n<h2>Uygulama programlama Aray\u00fcz\u00fc:<\/h2>\n<ul>\n<li>\n<h3>PC\/SC&#039;yi destekler<\/h3>\n<\/li>\n<li>\n<h3>CT-API&#039;yi destekler (PC\/SC&#039;nin \u00fcst\u00fcndeki sarmalay\u0131c\u0131 arac\u0131l\u0131\u011f\u0131yla)<\/h3>\n<\/li>\n<\/ul>\n<\/li>\n<li>\n<h2>Android\u2122 3.1 ve \u00fczerini destekler<\/h2>\n<\/li>\n<\/ul>\n<table width=\"527\">\n<tbody>\n<tr>\n<td colspan=\"2\" width=\"527\">Fiziksel \u00f6zellikler<\/td>\n<\/tr>\n<tr>\n<td width=\"203\">Boyutlar (mm)<\/td>\n<td width=\"324\">49,5 mm (U) x 21,5 mm (G) x 9,0 mm (Y)<\/td>\n<\/tr>\n<tr>\n<td width=\"203\">A\u011f\u0131rl\u0131k (g)<\/td>\n<td width=\"324\">8,5 gr<\/td>\n<\/tr>\n<tr>\n<td colspan=\"2\" width=\"527\">USB arabirimi<\/td>\n<\/tr>\n<tr>\n<td width=\"203\">Protokol<\/td>\n<td width=\"324\">USB CCID&#039;si<\/td>\n<\/tr>\n<tr>\n<td width=\"203\">Ba\u011flay\u0131c\u0131 T\u00fcr\u00fc<\/td>\n<td width=\"324\">Standart Tip A<\/td>\n<\/tr>\n<tr>\n<td width=\"203\">G\u00fc\u00e7 kayna\u011f\u0131<\/td>\n<td width=\"324\">USB ba\u011flant\u0131 noktas\u0131ndan<\/td>\n<\/tr>\n<tr>\n<td width=\"203\">H\u0131z<\/td>\n<td width=\"324\">USB Tam H\u0131z (12 Mbps)<\/td>\n<\/tr>\n<tr>\n<td colspan=\"2\" width=\"527\">Ak\u0131ll\u0131 Kart Aray\u00fcz\u00fc ile ileti\u015fime ge\u00e7in<\/td>\n<\/tr>\n<tr>\n<td width=\"203\">Slot Say\u0131s\u0131<\/td>\n<td width=\"324\">1 Standart SIM Boyutlu Kart Yuvas\u0131<\/td>\n<\/tr>\n<tr>\n<td width=\"203\">Standart<\/td>\n<td width=\"324\">ISO 7816 Par\u00e7a 1-4, S\u0131n\u0131f A, B, C (5 V, 3 V, 1,8 V)<\/td>\n<\/tr>\n<tr>\n<td width=\"203\">Protokol<\/td>\n<td width=\"324\">T=0; T=1; Haf\u0131za Kart\u0131 Deste\u011fi<\/td>\n<\/tr>\n<tr>\n<td colspan=\"2\" width=\"527\">Sertifikalar\/Uyumluluk<\/td>\n<\/tr>\n<tr>\n<td rowspan=\"13\" width=\"203\">Sertifikalar\/Uyumluluk<\/td>\n<td width=\"324\">EN62368\/IEC 62368<\/td>\n<\/tr>\n<tr>\n<td width=\"324\">CE<\/td>\n<\/tr>\n<tr>\n<td width=\"324\">FCC<\/td>\n<\/tr>\n<tr>\n<td width=\"324\">RoHS<\/td>\n<\/tr>\n<tr>\n<td width=\"324\">ULA\u015eMAK<\/td>\n<\/tr>\n<tr>\n<td width=\"324\">UKCA<\/td>\n<\/tr>\n<tr>\n<td width=\"324\">VCCI<\/td>\n<\/tr>\n<tr>\n<td width=\"324\">WEEE<\/td>\n<\/tr>\n<tr>\n<td width=\"324\">ISO 7816<\/td>\n<\/tr>\n<tr>\n<td width=\"324\">USB 2.0 Tam H\u0131z<\/td>\n<\/tr>\n<tr>\n<td width=\"324\">PC\/SC<\/td>\n<\/tr>\n<tr>\n<td width=\"324\">CCID<\/td>\n<\/tr>\n<tr>\n<td width=\"324\">Microsoft\u00ae WHQL<\/td>\n<\/tr>\n<tr>\n<td colspan=\"2\" width=\"527\">Ayg\u0131t S\u00fcr\u00fcc\u00fcs\u00fc \u0130\u015fletim Sistemi Deste\u011fi<\/td>\n<\/tr>\n<tr>\n<td rowspan=\"5\" width=\"203\">Ayg\u0131t S\u00fcr\u00fcc\u00fcs\u00fc \u0130\u015fletim Sistemi Deste\u011fi<\/td>\n<td width=\"324\">Windows\u00ae<\/td>\n<\/tr>\n<tr>\n<td width=\"324\">Linux\u00ae<\/td>\n<\/tr>\n<tr>\n<td width=\"324\">macOS\u00ae<\/td>\n<\/tr>\n<tr>\n<td width=\"324\">Solaris\u2122<\/td>\n<\/tr>\n<tr>\n<td width=\"324\">Android\u2122<\/td>\n<\/tr>\n<tr>\n<td><\/td>\n<td><\/td>\n<\/tr>\n<\/tbody>\n<\/table>","protected":false},"excerpt":{"rendered":"<div class=\"auto-hide-last-sibling-br paragraph_9dc5f paragraph-element\">ACR39T-A1, \u00e7ok y\u00f6nl\u00fc ak\u0131ll\u0131 kart uygulamalar\u0131 i\u00e7in ileri teknolojiyi modern tasar\u0131mla birle\u015ftiren kompakt bir pcsc ccid kart okuyucusudur.<\/div>","protected":false},"featured_media":2812,"template":"","meta":[],"product_brand":[],"product_cat":[39],"product_tag":[],"class_list":{"0":"post-2811","1":"product","2":"type-product","3":"status-publish","4":"has-post-thumbnail","6":"product_cat-usb-ic-smartcard-reader","8":"first","9":"instock","10":"shipping-taxable","11":"product-type-simple"},"_links":{"self":[{"href":"https:\/\/nfc-readers.com\/tr\/wp-json\/wp\/v2\/product\/2811","targetHints":{"allow":["GET"]}}],"collection":[{"href":"https:\/\/nfc-readers.com\/tr\/wp-json\/wp\/v2\/product"}],"about":[{"href":"https:\/\/nfc-readers.com\/tr\/wp-json\/wp\/v2\/types\/product"}],"wp:featuredmedia":[{"embeddable":true,"href":"https:\/\/nfc-readers.com\/tr\/wp-json\/wp\/v2\/media\/2812"}],"wp:attachment":[{"href":"https:\/\/nfc-readers.com\/tr\/wp-json\/wp\/v2\/media?parent=2811"}],"wp:term":[{"taxonomy":"product_brand","embeddable":true,"href":"https:\/\/nfc-readers.com\/tr\/wp-json\/wp\/v2\/product_brand?post=2811"},{"taxonomy":"product_cat","embeddable":true,"href":"https:\/\/nfc-readers.com\/tr\/wp-json\/wp\/v2\/product_cat?post=2811"},{"taxonomy":"product_tag","embeddable":true,"href":"https:\/\/nfc-readers.com\/tr\/wp-json\/wp\/v2\/product_tag?post=2811"}],"curies":[{"name":"wp","href":"https:\/\/api.w.org\/{rel}","templated":true}]}}