{"id":2815,"date":"2024-06-19T06:35:44","date_gmt":"2024-06-19T06:35:44","guid":{"rendered":"https:\/\/nfc-readers.com\/?post_type=product&#038;p=2815"},"modified":"2024-09-23T05:48:48","modified_gmt":"2024-09-23T05:48:48","slug":"acr39u-h1-high-speed-usb-contact-smartcard-reader-writer","status":"publish","type":"product","link":"https:\/\/nfc-readers.com\/tr\/ic-reader\/acr39u-h1-high-speed-usb-contact-smartcard-reader-writer\/","title":{"rendered":"ACR39U-H1 Y\u00fcksek H\u0131zl\u0131 USB Temasl\u0131 Ak\u0131ll\u0131 Kart Okuyucu Yaz\u0131c\u0131"},"content":{"rendered":"<h1>ACR39U-H1 Y\u00fcksek H\u0131zl\u0131 USB Temasl\u0131 Ak\u0131ll\u0131 Kart Okuyucu Yaz\u0131c\u0131<\/h1>\n<p>ACR39U-H1, ISO 7816 S\u0131n\u0131f A, B ve C ak\u0131ll\u0131 kartlar\u0131 (5 V, 3 V ve 1,8 V), T=0 veya T=1 protokoll\u00fc mikroi\u015flemci kartlar\u0131n\u0131 ve haf\u0131za kartlar\u0131n\u0131 destekleyen \u00e7ok y\u00f6nl\u00fc bir ak\u0131ll\u0131 kart okuyucusudur. \u00d6zellikle Malezya Kimlik Kart\u0131 (Mykad) ile uyumludur. USB tam h\u0131z aray\u00fcz\u00fcne sahiptir ve 600 Kbps&#039;ye kadar ak\u0131ll\u0131 kart okuma\/yazma h\u0131z\u0131na sahiptir. ACR39U-H1, 200.000 kart takma d\u00f6ng\u00fcs\u00fc \u00f6mr\u00fcyle inan\u0131lmaz derecede dayan\u0131kl\u0131d\u0131r. EMV\u2122 Seviye 1 (\u0130leti\u015fim) ve PBOC (\u00c7in Halk Bankas\u0131) dahil olmak \u00fczere \u00e7e\u015fitli sertifikalara sahiptir ve bu da onu e-Bankac\u0131l\u0131k ve e-\u00d6deme uygulamalar\u0131n\u0131z i\u00e7in m\u00fckemmel ak\u0131ll\u0131 kart okuyucusu yapar.<\/p>\n<ul>\n<li>\n<h2>USB Tam H\u0131zl\u0131 Aray\u00fcz<\/h2>\n<\/li>\n<li>\n<h2>USB 3.0 ile uyumludur<\/h2>\n<\/li>\n<li>\n<h2>USB Tip-A Konnekt\u00f6r\u00fc<\/h2>\n<\/li>\n<li>\n<h2>Tak ve \u00c7al\u0131\u015ft\u0131r \u2013 CCID deste\u011fi en \u00fcst d\u00fczeyde mobilite sa\u011flar<\/h2>\n<\/li>\n<li>\n<h2>Ak\u0131ll\u0131 kart okuyucu:<\/h2>\n<ul>\n<li>\n<h3>\u0130leti\u015fim Aray\u00fcz\u00fc:<\/h3>\n<ul>\n<li>ISO 7816 S\u0131n\u0131f A, B ve C (5 V, 3 V, 1,8 V) kartlar\u0131 destekler<\/li>\n<li>CAC&#039;yi (Ortak Eri\u015fim Kart\u0131) destekler<\/li>\n<li>SIPRNET Kart\u0131n\u0131 destekler<\/li>\n<li>T=0 veya T=1 protokoll\u00fc mikroi\u015flemci kartlar\u0131n\u0131 destekler<\/li>\n<li>Haf\u0131za kartlar\u0131n\u0131 destekler<\/li>\n<li>Mykad Kart\u0131n\u0131 destekler<\/li>\n<li>PPS&#039;yi (Protokol ve Parametre Se\u00e7imi) destekler<\/li>\n<li>K\u0131sa Devre Korumas\u0131 \u00d6zellikleri<\/li>\n<\/ul>\n<\/li>\n<\/ul>\n<\/li>\n<li>\n<h2>Uygulama programlama Aray\u00fcz\u00fc:<\/h2>\n<ul>\n<li>\n<h3>PC\/SC&#039;yi destekler<\/h3>\n<\/li>\n<li>\n<h3>CT-API&#039;yi destekler (PC\/SC&#039;nin \u00fcst\u00fcndeki sarmalay\u0131c\u0131 arac\u0131l\u0131\u011f\u0131yla)<\/h3>\n<\/li>\n<\/ul>\n<\/li>\n<li>\n<h2>Android\u2122 3.1 ve \u00fczerini destekler<\/h2>\n<\/li>\n<\/ul>\n<table width=\"478\">\n<tbody>\n<tr>\n<td colspan=\"2\" width=\"478\">Fiziksel \u00f6zellikler<\/td>\n<\/tr>\n<tr>\n<td width=\"237\">Boyutlar (mm)<\/td>\n<td width=\"241\">71,5 mm (U) x 80,0 mm (G) x 80,0 mm (Y)<\/td>\n<\/tr>\n<tr>\n<td width=\"237\">A\u011f\u0131rl\u0131k (g)<\/td>\n<td width=\"241\">174 gr<\/td>\n<\/tr>\n<tr>\n<td colspan=\"2\" width=\"478\">Ba\u011f\u0131ms\u0131z Mod<\/td>\n<\/tr>\n<tr>\n<td width=\"237\">\u0130\u015fletim Sistemi<\/td>\n<td width=\"241\">1 Tam Boyutlu Kart Yuvas\u0131<\/td>\n<\/tr>\n<tr>\n<td colspan=\"2\" width=\"478\">USB arabirimi<\/td>\n<\/tr>\n<tr>\n<td width=\"237\">Protokol<\/td>\n<td width=\"241\">USB CCID&#039;si<\/td>\n<\/tr>\n<tr>\n<td width=\"237\">Ba\u011flay\u0131c\u0131 T\u00fcr\u00fc<\/td>\n<td width=\"241\">Standart Tip-A<\/td>\n<\/tr>\n<tr>\n<td width=\"237\">G\u00fc\u00e7 kayna\u011f\u0131<\/td>\n<td width=\"241\">USB ba\u011flant\u0131 noktas\u0131ndan<\/td>\n<\/tr>\n<tr>\n<td width=\"237\">H\u0131z<\/td>\n<td width=\"241\">USB 2.0 Tam H\u0131z (12 Mbps)<\/td>\n<\/tr>\n<tr>\n<td width=\"237\">Kablo uzunlu\u011fu<\/td>\n<td width=\"241\">1,5 m, Sabit<\/td>\n<\/tr>\n<tr>\n<td colspan=\"2\" width=\"478\">Ak\u0131ll\u0131 Kart Aray\u00fcz\u00fc ile ileti\u015fime ge\u00e7in<\/td>\n<\/tr>\n<tr>\n<td width=\"237\">Slot Say\u0131s\u0131<\/td>\n<td width=\"241\">1 Tam Boyutlu Kart Yuvas\u0131<\/td>\n<\/tr>\n<tr>\n<td width=\"237\">Standart<\/td>\n<td width=\"241\">ISO 7816 Par\u00e7a 1-4, S\u0131n\u0131f A, B, C (5 V, 3 V, 1,8 V)<\/td>\n<\/tr>\n<tr>\n<td width=\"237\">Protokol<\/td>\n<td width=\"241\">T=0; T=1; Haf\u0131za Kart\u0131 Deste\u011fi<\/td>\n<\/tr>\n<tr>\n<td width=\"237\">Di\u011ferleri<\/td>\n<td width=\"241\">Mykad Kart, CAC, PIV, SIPRNET Ak\u0131ll\u0131 Kartlar<\/td>\n<\/tr>\n<tr>\n<td colspan=\"2\" width=\"478\">Sertifikalar\/Uyumluluk<\/td>\n<\/tr>\n<tr>\n<td rowspan=\"17\" width=\"237\">Sertifikalar\/Uyumluluk<\/td>\n<td width=\"241\">EN62368\/IEC 62368<\/td>\n<\/tr>\n<tr>\n<td width=\"241\">CE<\/td>\n<\/tr>\n<tr>\n<td width=\"241\">FCC<\/td>\n<\/tr>\n<tr>\n<td width=\"241\">RoHS<\/td>\n<\/tr>\n<tr>\n<td width=\"241\">ULA\u015eMAK<\/td>\n<\/tr>\n<tr>\n<td width=\"241\">EMV\u2122 Seviye 1 (\u0130leti\u015fim)<\/td>\n<\/tr>\n<tr>\n<td width=\"241\">KCC<\/td>\n<\/tr>\n<tr>\n<td width=\"241\">PBOC<\/td>\n<\/tr>\n<tr>\n<td width=\"241\">TAA (ABD)<\/td>\n<\/tr>\n<tr>\n<td width=\"241\">UKCA<\/td>\n<\/tr>\n<tr>\n<td width=\"241\">VCCI<\/td>\n<\/tr>\n<tr>\n<td width=\"241\">WEEE<\/td>\n<\/tr>\n<tr>\n<td width=\"241\">ISO 7816<\/td>\n<\/tr>\n<tr>\n<td width=\"241\">USB 2.0 Tam H\u0131z<\/td>\n<\/tr>\n<tr>\n<td width=\"241\">PC\/SC<\/td>\n<\/tr>\n<tr>\n<td width=\"241\">CCID<\/td>\n<\/tr>\n<tr>\n<td width=\"241\">Microsoft\u00ae WHQL<\/td>\n<\/tr>\n<tr>\n<td colspan=\"2\" width=\"478\">Ayg\u0131t S\u00fcr\u00fcc\u00fcs\u00fc \u0130\u015fletim Sistemi Deste\u011fi<\/td>\n<\/tr>\n<tr>\n<td rowspan=\"5\" width=\"237\">Ayg\u0131t S\u00fcr\u00fcc\u00fcs\u00fc \u0130\u015fletim Sistemi Deste\u011fi<\/td>\n<td width=\"241\">Windows\u00ae<\/td>\n<\/tr>\n<tr>\n<td width=\"241\">Linux\u00ae<\/td>\n<\/tr>\n<tr>\n<td width=\"241\">macOS\u00ae<\/td>\n<\/tr>\n<tr>\n<td width=\"241\">Solaris\u2122<\/td>\n<\/tr>\n<tr>\n<td width=\"241\">Android\u2122<\/td>\n<\/tr>\n<tr>\n<td><\/td>\n<td><\/td>\n<\/tr>\n<\/tbody>\n<\/table>","protected":false},"excerpt":{"rendered":"<p>ACR39U-H1, e-Devlet ve eri\u015fim kontrol\u00fc de dahil olmak \u00fczere \u00e7e\u015fitli uygulamalar i\u00e7in tasarlanm\u0131\u015f, kullan\u0131c\u0131 dostu bir EMV PBOC kart okuyucusudur.<\/p>","protected":false},"featured_media":2816,"template":"","meta":[],"product_brand":[],"product_cat":[39],"product_tag":[],"class_list":{"0":"post-2815","1":"product","2":"type-product","3":"status-publish","4":"has-post-thumbnail","6":"product_cat-usb-ic-smartcard-reader","8":"first","9":"instock","10":"shipping-taxable","11":"product-type-simple"},"_links":{"self":[{"href":"https:\/\/nfc-readers.com\/tr\/wp-json\/wp\/v2\/product\/2815","targetHints":{"allow":["GET"]}}],"collection":[{"href":"https:\/\/nfc-readers.com\/tr\/wp-json\/wp\/v2\/product"}],"about":[{"href":"https:\/\/nfc-readers.com\/tr\/wp-json\/wp\/v2\/types\/product"}],"wp:featuredmedia":[{"embeddable":true,"href":"https:\/\/nfc-readers.com\/tr\/wp-json\/wp\/v2\/media\/2816"}],"wp:attachment":[{"href":"https:\/\/nfc-readers.com\/tr\/wp-json\/wp\/v2\/media?parent=2815"}],"wp:term":[{"taxonomy":"product_brand","embeddable":true,"href":"https:\/\/nfc-readers.com\/tr\/wp-json\/wp\/v2\/product_brand?post=2815"},{"taxonomy":"product_cat","embeddable":true,"href":"https:\/\/nfc-readers.com\/tr\/wp-json\/wp\/v2\/product_cat?post=2815"},{"taxonomy":"product_tag","embeddable":true,"href":"https:\/\/nfc-readers.com\/tr\/wp-json\/wp\/v2\/product_tag?post=2815"}],"curies":[{"name":"wp","href":"https:\/\/api.w.org\/{rel}","templated":true}]}}