{"id":2875,"date":"2024-07-02T01:48:57","date_gmt":"2024-07-02T01:48:57","guid":{"rendered":"https:\/\/nfc-readers.com\/?post_type=product&#038;p=2875"},"modified":"2024-09-23T05:44:47","modified_gmt":"2024-09-23T05:44:47","slug":"acr39t-a5-usb-type-c-contact-sim-sized-smartcard-reader-writer","status":"publish","type":"product","link":"https:\/\/nfc-readers.com\/tr\/ic-reader\/acr39t-a5-usb-type-c-contact-sim-sized-smartcard-reader-writer\/","title":{"rendered":"ACR39T-A5 USB Type C Temasl\u0131 SIM Boyutlu Ak\u0131ll\u0131 Kart Okuyucu Yaz\u0131c\u0131"},"content":{"rendered":"<h1>ACR39T-A5 USB Type C Temasl\u0131 SIM Boyutlu Ak\u0131ll\u0131 Kart Okuyucu Yaz\u0131c\u0131<\/h1>\n<div class=\"auto-hide-last-sibling-br paragraph_9dc5f paragraph-element\">ACR39T-A5, ak\u0131ll\u0131 kart okuyucular\u0131 alan\u0131nda bir \u00e7\u0131\u011f\u0131r a\u00e7may\u0131 temsil ediyor ve hem geli\u015fmi\u015f teknolojiyi hem de \u00e7a\u011fda\u015f tasar\u0131m\u0131 sergiliyor. Bu SIM boyutundaki ak\u0131ll\u0131 kart okuyucu kompakt olabilir, ancak \u00e7ok say\u0131da \u00f6zellik ile doludur. Son teknolojiyi \u015f\u0131k bir tasar\u0131mla birle\u015ftiren ACR39T-A5, \u00e7e\u015fitli ak\u0131ll\u0131 kart uygulamalar\u0131ndaki s\u0131k\u0131 gereksinimleri kar\u015f\u0131lamak \u00fczere tasarlanm\u0131\u015ft\u0131r. ACR39T-A5, ISO 7816 S\u0131n\u0131f A, B ve C ak\u0131ll\u0131 kartlarla uyumludur (5 V, 3 V ve 1,8 V&#039;da \u00e7al\u0131\u015f\u0131r) ve T=0 ve T=1 protokol\u00fcn\u00fc kullanan \u00e7ok \u00e7e\u015fitli bellek kartlar\u0131n\u0131 ve mikroi\u015flemci kartlar\u0131n\u0131 verimli bir \u015fekilde i\u015fler. USB Type C konnekt\u00f6r\u00fcyle USB Tam H\u0131z aray\u00fcz\u00fcne sahip olan cihaz, 600 Kbps&#039;ye kadar ak\u0131ll\u0131 kart okuma\/yazma h\u0131zlar\u0131n\u0131 destekler. Bu, onu Fiziksel ve Mant\u0131ksal Eri\u015fim Kontrol\u00fc, Dijital \u0130mzalar ve \u00c7evrimi\u00e7i Bankac\u0131l\u0131k dahil olmak \u00fczere \u00e7e\u015fitli \u00e7\u00f6z\u00fcmler i\u00e7in m\u00fckemmel bir se\u00e7im haline getirir.<\/div>\n<div>\n<ul>\n<li>\n<h2>USB 2.0 Tam H\u0131zl\u0131 Aray\u00fcz<\/h2>\n<\/li>\n<li>\n<h2>USB Tip C Ba\u011flant\u0131s\u0131<\/h2>\n<\/li>\n<li>\n<h2>Tak ve \u00c7al\u0131\u015ft\u0131r \u2013 CCID deste\u011fi en \u00fcst d\u00fczeyde mobilite sa\u011flar<\/h2>\n<\/li>\n<li>\n<h2>Ak\u0131ll\u0131 kart okuyucu:<\/h2>\n<ul>\n<li>\n<h3>ISO 7816 S\u0131n\u0131f A, B ve C (5 V, 3 V, 1,8 V) kartlar\u0131 destekler<\/h3>\n<\/li>\n<li>\n<h3>T=0 veya T=1 protokoll\u00fc mikroi\u015flemci kartlar\u0131n\u0131 destekler<\/h3>\n<\/li>\n<li>\n<h3>Haf\u0131za kartlar\u0131n\u0131 destekler<\/h3>\n<\/li>\n<li>\n<h3>PPS&#039;yi (Protokol ve Parametre Se\u00e7imi) destekler<\/h3>\n<\/li>\n<li>\n<h3>K\u0131sa Devre Korumas\u0131 \u00d6zellikleri<\/h3>\n<\/li>\n<\/ul>\n<\/li>\n<li>\n<h2>Uygulama programlama Aray\u00fcz\u00fc:<\/h2>\n<ul>\n<li>\n<h3>PC\/SC&#039;yi destekler<\/h3>\n<\/li>\n<li>\n<h3>CT-API&#039;yi destekler (PC\/SC&#039;nin \u00fcst\u00fcndeki sarmalay\u0131c\u0131 arac\u0131l\u0131\u011f\u0131yla)<\/h3>\n<\/li>\n<\/ul>\n<\/li>\n<li>\n<h2>Android\u2122 3.1 ve \u00fczerini destekler<\/h2>\n<\/li>\n<\/ul>\n<table width=\"636\">\n<tbody>\n<tr>\n<td colspan=\"2\" width=\"636\">\n<h2>Fiziksel \u00f6zellikler<\/h2>\n<\/td>\n<\/tr>\n<tr>\n<td width=\"223\">Boyutlar (mm)<\/td>\n<td width=\"413\">49,5 mm (U) \u00d7 21,5 mm (G) \u00d7 9,0 mm (Y)<\/td>\n<\/tr>\n<tr>\n<td width=\"223\">A\u011f\u0131rl\u0131k (g)<\/td>\n<td width=\"413\">7 gr<\/td>\n<\/tr>\n<tr>\n<td colspan=\"2\" width=\"636\">USB arabirimi<\/td>\n<\/tr>\n<tr>\n<td width=\"223\">Protokol<\/td>\n<td width=\"413\">USB CCID&#039;si<\/td>\n<\/tr>\n<tr>\n<td width=\"223\">Ba\u011flay\u0131c\u0131 T\u00fcr\u00fc<\/td>\n<td width=\"413\">Standart Tip C<\/td>\n<\/tr>\n<tr>\n<td width=\"223\">G\u00fc\u00e7 kayna\u011f\u0131<\/td>\n<td width=\"413\">USB Ba\u011flant\u0131 Noktas\u0131ndan<\/td>\n<\/tr>\n<tr>\n<td width=\"223\">H\u0131z<\/td>\n<td width=\"413\">USB Tam H\u0131z (12 Mbps)<\/td>\n<\/tr>\n<tr>\n<td colspan=\"2\" width=\"636\">Ak\u0131ll\u0131 Kart Aray\u00fcz\u00fc ile ileti\u015fime ge\u00e7in<\/td>\n<\/tr>\n<tr>\n<td width=\"223\">Slot Say\u0131s\u0131<\/td>\n<td width=\"413\">1 SIM boyutunda Kart Yuvas\u0131<\/td>\n<\/tr>\n<tr>\n<td width=\"223\">Standart<\/td>\n<td width=\"413\">ISO 7816 Par\u00e7a 1-4, S\u0131n\u0131f A, B, C (5 V, 3 V, 1,8 V)<\/td>\n<\/tr>\n<tr>\n<td width=\"223\">Protokol<\/td>\n<td width=\"413\">T=0; T=1; Haf\u0131za Kart\u0131 Deste\u011fi<\/td>\n<\/tr>\n<tr>\n<td colspan=\"2\" width=\"636\">Yerle\u015fik \u00c7evre Birimleri<\/td>\n<\/tr>\n<tr>\n<td width=\"223\">NEDEN OLMU\u015e<\/td>\n<td width=\"413\">1 tek renk: Ye\u015fil<\/td>\n<\/tr>\n<tr>\n<td colspan=\"2\" width=\"636\">Sertifikalar\/Uyumluluk<\/td>\n<\/tr>\n<tr>\n<td rowspan=\"13\" width=\"223\">Sertifikalar\/Uyumluluk<\/td>\n<td width=\"413\">EN62368\/IEC 62368<\/td>\n<\/tr>\n<tr>\n<td width=\"413\">CE<\/td>\n<\/tr>\n<tr>\n<td width=\"413\">FCC<\/td>\n<\/tr>\n<tr>\n<td width=\"413\">RoHS<\/td>\n<\/tr>\n<tr>\n<td width=\"413\">ULA\u015eMAK<\/td>\n<\/tr>\n<tr>\n<td width=\"413\">UKCA<\/td>\n<\/tr>\n<tr>\n<td width=\"413\">VCCI<\/td>\n<\/tr>\n<tr>\n<td width=\"413\">WEEE<\/td>\n<\/tr>\n<tr>\n<td width=\"413\">ISO 7816<\/td>\n<\/tr>\n<tr>\n<td width=\"413\">USB 2.0 Tam H\u0131z<\/td>\n<\/tr>\n<tr>\n<td width=\"413\">PC\/SC<\/td>\n<\/tr>\n<tr>\n<td width=\"413\">CCID<\/td>\n<\/tr>\n<tr>\n<td width=\"413\">Microsoft\u00ae WHQL<\/td>\n<\/tr>\n<tr>\n<td colspan=\"2\" width=\"636\">Ayg\u0131t S\u00fcr\u00fcc\u00fcs\u00fc \u0130\u015fletim Sistemi Deste\u011fi<\/td>\n<\/tr>\n<tr>\n<td rowspan=\"4\" width=\"223\">Ayg\u0131t S\u00fcr\u00fcc\u00fcs\u00fc \u0130\u015fletim Sistemi Deste\u011fi<\/td>\n<td width=\"413\">Windows\u00ae<\/td>\n<\/tr>\n<tr>\n<td width=\"413\">Linux\u00ae<\/td>\n<\/tr>\n<tr>\n<td width=\"413\">macOS\u00ae 10.7 ve \u00fczeri<\/td>\n<\/tr>\n<tr>\n<td width=\"413\">Android\u2122 3.1 ve \u00fczeri Solaris\u2122<\/td>\n<\/tr>\n<\/tbody>\n<\/table>\n<\/div>\n<div><\/div>","protected":false},"excerpt":{"rendered":"<div class=\"auto-hide-last-sibling-br paragraph_9dc5f paragraph-element\">ACR39T-A5, ak\u0131ll\u0131 kart i\u015flemlerinin verimlili\u011fi i\u00e7in geli\u015fmi\u015f teknolojiyi kullanan kompakt bir SIM kart okuyucusudur.<\/div>","protected":false},"featured_media":2876,"template":"","meta":[],"product_brand":[],"product_cat":[39],"product_tag":[],"class_list":{"0":"post-2875","1":"product","2":"type-product","3":"status-publish","4":"has-post-thumbnail","6":"product_cat-usb-ic-smartcard-reader","8":"first","9":"instock","10":"shipping-taxable","11":"product-type-simple"},"_links":{"self":[{"href":"https:\/\/nfc-readers.com\/tr\/wp-json\/wp\/v2\/product\/2875","targetHints":{"allow":["GET"]}}],"collection":[{"href":"https:\/\/nfc-readers.com\/tr\/wp-json\/wp\/v2\/product"}],"about":[{"href":"https:\/\/nfc-readers.com\/tr\/wp-json\/wp\/v2\/types\/product"}],"wp:featuredmedia":[{"embeddable":true,"href":"https:\/\/nfc-readers.com\/tr\/wp-json\/wp\/v2\/media\/2876"}],"wp:attachment":[{"href":"https:\/\/nfc-readers.com\/tr\/wp-json\/wp\/v2\/media?parent=2875"}],"wp:term":[{"taxonomy":"product_brand","embeddable":true,"href":"https:\/\/nfc-readers.com\/tr\/wp-json\/wp\/v2\/product_brand?post=2875"},{"taxonomy":"product_cat","embeddable":true,"href":"https:\/\/nfc-readers.com\/tr\/wp-json\/wp\/v2\/product_cat?post=2875"},{"taxonomy":"product_tag","embeddable":true,"href":"https:\/\/nfc-readers.com\/tr\/wp-json\/wp\/v2\/product_tag?post=2875"}],"curies":[{"name":"wp","href":"https:\/\/api.w.org\/{rel}","templated":true}]}}