{"id":2877,"date":"2024-07-02T01:58:12","date_gmt":"2024-07-02T01:58:12","guid":{"rendered":"https:\/\/nfc-readers.com\/?post_type=product&#038;p=2877"},"modified":"2024-09-23T05:42:11","modified_gmt":"2024-09-23T05:42:11","slug":"acr39f-a2-usb-contact-smartcard-reader-writer","status":"publish","type":"product","link":"https:\/\/nfc-readers.com\/tr\/ic-reader\/acr39f-a2-usb-contact-smartcard-reader-writer\/","title":{"rendered":"ACR39F A2 USB Temasl\u0131 Ak\u0131ll\u0131 Kart Okuyucu Yaz\u0131c\u0131"},"content":{"rendered":"<h1>ACR39F A2 USB Temasl\u0131 Ak\u0131ll\u0131 Kart Okuyucu Yaz\u0131c\u0131<\/h1>\n<div class=\"auto-hide-last-sibling-br paragraph_9dc5f paragraph-element\">ACR39F Ak\u0131ll\u0131 Disket, ak\u0131ll\u0131 kart okuyucular\u0131n\u0131 masa\u00fcst\u00fc kurulumlar\u0131na zahmetsizce entegre etmek i\u00e7in en uygun \u00e7\u00f6z\u00fcm\u00fc sunar. Bir USB aray\u00fcz\u00fc \u00fczerinden ba\u011flan\u0131r ve bilgisayar\u0131n dahili g\u00fc\u00e7 kayna\u011f\u0131 taraf\u0131ndan \u00e7al\u0131\u015ft\u0131r\u0131l\u0131r, bu da kullan\u0131c\u0131 tercihlerine uyacak \u015fekilde \u00f6zelle\u015ftirmeye olanak tan\u0131r. ISO 7816 S\u0131n\u0131f A, B ve C ak\u0131ll\u0131 kartlar\u0131 destekleyen ACR39F Ak\u0131ll\u0131 Disket, T=0 ve T=1 protokollerini kullanan \u00e7e\u015fitli bellek kartlar\u0131 ve mikroi\u015flemci kartlar\u0131yla da uyumludur. USB Tam H\u0131z aray\u00fcz\u00fcne sahiptir ve ak\u0131ll\u0131 kartlar i\u00e7in 600 Kbps okuma\/yazma h\u0131z\u0131 sa\u011flar. Bu sa\u011flam cihaz, en az 100.000 kart takma d\u00f6ng\u00fcs\u00fcne dayanacak \u015fekilde tasarlanm\u0131\u015ft\u0131r ve uzun \u00f6m\u00fcrl\u00fc performans sa\u011flar.<\/div>\n<div>\n<ul>\n<li>\n<h2>USB 2.0 Tam H\u0131z Aray\u00fcz\u00fc (\u00e7\u0131kar\u0131labilir kablo ile)<\/h2>\n<\/li>\n<li>\n<h2>USB 3.0 ile uyumludur<\/h2>\n<\/li>\n<li>\n<h2>Tak ve \u00c7al\u0131\u015ft\u0131r \u2013 CCID deste\u011fi en \u00fcst d\u00fczeyde mobilite sa\u011flar<\/h2>\n<\/li>\n<li>\n<h2>Ak\u0131ll\u0131 kart okuyucu:<\/h2>\n<ul>\n<li>\n<h3>ISO 7816 S\u0131n\u0131f A, B ve C (5 V, 3 V, 1,8 V) kartlar\u0131 destekler<\/h3>\n<\/li>\n<li>\n<h3>CAC&#039;yi destekler<\/h3>\n<\/li>\n<li>\n<h3>SIPRNET Kart\u0131n\u0131 destekler<\/h3>\n<\/li>\n<li>\n<h3>J-LIS kart\u0131n\u0131 destekler<\/h3>\n<\/li>\n<li>\n<h3>T=0 veya T=1 protokoll\u00fc mikroi\u015flemci kartlar\u0131n\u0131 destekler<\/h3>\n<\/li>\n<li>\n<h3>Haf\u0131za kartlar\u0131n\u0131 destekler<\/h3>\n<\/li>\n<li>\n<h3>PPS&#039;yi (Protokol ve Parametre Se\u00e7imi) destekler<\/h3>\n<\/li>\n<li>\n<h3>K\u0131sa Devre Korumas\u0131 \u00d6zellikleri<\/h3>\n<\/li>\n<\/ul>\n<\/li>\n<li>\n<h2>Uygulama programlama Aray\u00fcz\u00fc:<\/h2>\n<ul>\n<li>\n<h3>PC\/SC&#039;yi destekler<\/h3>\n<\/li>\n<li>\n<h3>CT-API&#039;yi destekler (PC\/SC&#039;nin \u00fcst\u00fcndeki sarmalay\u0131c\u0131 arac\u0131l\u0131\u011f\u0131yla)<\/h3>\n<\/li>\n<\/ul>\n<\/li>\n<li>\n<h2>Android\u2122 S\u00fcr\u00fcm 3.1 ve \u00fczerini destekler<\/h2>\n<\/li>\n<\/ul>\n<table style=\"height: 695px;\" width=\"639\">\n<tbody>\n<tr>\n<td colspan=\"2\" width=\"473\">\n<h2>Fiziksel \u00f6zellikler<\/h2>\n<\/td>\n<\/tr>\n<tr>\n<td width=\"179\">Boyutlar (mm)<\/td>\n<td width=\"294\">125,0 mm (U) \u00d7 101,0 mm (G) \u00d7 25,5 mm (Y)<\/td>\n<\/tr>\n<tr>\n<td width=\"179\">A\u011f\u0131rl\u0131k (g)<\/td>\n<td width=\"294\">82,5 gr<\/td>\n<\/tr>\n<tr>\n<td colspan=\"2\" width=\"473\">USB arabirimi<\/td>\n<\/tr>\n<tr>\n<td width=\"179\">Protokol<\/td>\n<td width=\"294\">USB CCID&#039;si<\/td>\n<\/tr>\n<tr>\n<td width=\"179\">Ba\u011flay\u0131c\u0131 T\u00fcr\u00fc<\/td>\n<td width=\"294\">1 x 5 Pin Ba\u015fl\u0131k Konnekt\u00f6r\u00fc<\/td>\n<\/tr>\n<tr>\n<td width=\"179\">G\u00fc\u00e7 kayna\u011f\u0131<\/td>\n<td width=\"294\">USB Ba\u011flant\u0131 Noktas\u0131ndan<\/td>\n<\/tr>\n<tr>\n<td width=\"179\">H\u0131z<\/td>\n<td width=\"294\">USB Tam H\u0131z (12 Mbps)<\/td>\n<\/tr>\n<tr>\n<td width=\"179\">Kablo uzunlu\u011fu<\/td>\n<td width=\"294\">1,0 m, \u00c7\u0131kar\u0131labilir<\/td>\n<\/tr>\n<tr>\n<td colspan=\"2\" width=\"473\">Ak\u0131ll\u0131 Kart Aray\u00fcz\u00fc ile ileti\u015fime ge\u00e7in<\/td>\n<\/tr>\n<tr>\n<td width=\"179\">Slot Say\u0131s\u0131<\/td>\n<td width=\"294\">1 Tam Boyutlu Kart Yuvas\u0131<\/td>\n<\/tr>\n<tr>\n<td width=\"179\">Standart<\/td>\n<td width=\"294\">ISO 7816 Par\u00e7a 1-4, S\u0131n\u0131f A, B, C (5 V, 3 V, 1,8 V)<\/td>\n<\/tr>\n<tr>\n<td width=\"179\">Protokol<\/td>\n<td width=\"294\">T=0; T=1; Haf\u0131za Kart\u0131 Deste\u011fi<\/td>\n<\/tr>\n<tr>\n<td width=\"179\">Di\u011ferleri<\/td>\n<td width=\"294\">CAC, PIV, SIPRNET, J-LIS Ak\u0131ll\u0131 Kartlar<\/td>\n<\/tr>\n<tr>\n<td colspan=\"2\" width=\"473\">Sertifikalar\/Uyumluluk<\/td>\n<\/tr>\n<tr>\n<td rowspan=\"9\" width=\"179\">Sertifikalar\/Uyumluluk<\/td>\n<td width=\"294\">EN60950\/IEC 60950<\/td>\n<\/tr>\n<tr>\n<td width=\"294\">ISO 7816<\/td>\n<\/tr>\n<tr>\n<td width=\"294\">USB Tam H\u0131z<\/td>\n<\/tr>\n<tr>\n<td width=\"294\">EMV\u2122 Seviye 1 (\u0130leti\u015fim)<\/td>\n<\/tr>\n<tr>\n<td width=\"294\">PC\/SC<\/td>\n<\/tr>\n<tr>\n<td width=\"294\">CCID<\/td>\n<\/tr>\n<tr>\n<td width=\"294\">CE<\/td>\n<\/tr>\n<tr>\n<td width=\"294\">FCC<\/td>\n<\/tr>\n<tr>\n<td width=\"294\">WEEE<\/td>\n<\/tr>\n<\/tbody>\n<\/table>\n<\/div>","protected":false},"excerpt":{"rendered":"<div class=\"auto-hide-last-sibling-br paragraph_9dc5f paragraph-element\">ACR39F Ak\u0131ll\u0131 Disket, ak\u0131ll\u0131 kart okuyucular\u0131n\u0131 masa\u00fcst\u00fc kurulumlar\u0131na kolayl\u0131kla entegre eden \u00e7ok y\u00f6nl\u00fc bir EMV USB kart okuyucusudur.<\/div>","protected":false},"featured_media":2881,"template":"","meta":[],"product_brand":[],"product_cat":[39],"product_tag":[],"class_list":{"0":"post-2877","1":"product","2":"type-product","3":"status-publish","4":"has-post-thumbnail","6":"product_cat-usb-ic-smartcard-reader","8":"first","9":"instock","10":"shipping-taxable","11":"product-type-simple"},"_links":{"self":[{"href":"https:\/\/nfc-readers.com\/tr\/wp-json\/wp\/v2\/product\/2877","targetHints":{"allow":["GET"]}}],"collection":[{"href":"https:\/\/nfc-readers.com\/tr\/wp-json\/wp\/v2\/product"}],"about":[{"href":"https:\/\/nfc-readers.com\/tr\/wp-json\/wp\/v2\/types\/product"}],"wp:featuredmedia":[{"embeddable":true,"href":"https:\/\/nfc-readers.com\/tr\/wp-json\/wp\/v2\/media\/2881"}],"wp:attachment":[{"href":"https:\/\/nfc-readers.com\/tr\/wp-json\/wp\/v2\/media?parent=2877"}],"wp:term":[{"taxonomy":"product_brand","embeddable":true,"href":"https:\/\/nfc-readers.com\/tr\/wp-json\/wp\/v2\/product_brand?post=2877"},{"taxonomy":"product_cat","embeddable":true,"href":"https:\/\/nfc-readers.com\/tr\/wp-json\/wp\/v2\/product_cat?post=2877"},{"taxonomy":"product_tag","embeddable":true,"href":"https:\/\/nfc-readers.com\/tr\/wp-json\/wp\/v2\/product_tag?post=2877"}],"curies":[{"name":"wp","href":"https:\/\/api.w.org\/{rel}","templated":true}]}}