{"id":3178,"date":"2024-10-29T13:08:37","date_gmt":"2024-10-29T13:08:37","guid":{"rendered":"https:\/\/nfc-readers.com\/?post_type=product&#038;p=3178"},"modified":"2024-10-29T14:04:44","modified_gmt":"2024-10-29T14:04:44","slug":"optional-random-id-mifare-ultralight-aes-sticker-iso1443a","status":"publish","type":"product","link":"https:\/\/nfc-readers.com\/tr\/ic-reader\/optional-random-id-mifare-ultralight-aes-sticker-iso1443a\/","title":{"rendered":"iste\u011fe ba\u011fl\u0131 Rastgele Kimlik Mifare Ultralight AES \u00e7\u0131kartmas\u0131 ISO1443A"},"content":{"rendered":"<h1><strong>iste\u011fe ba\u011fl\u0131 Rastgele Kimlik Mifare Ultralight AES \u00e7\u0131kartmas\u0131 ISO1443A<\/strong><\/h1>\n<p>The\u00a0<strong>\u0130ste\u011fe ba\u011fl\u0131 Rastgele Kimlikli Mifare Ultralight AES Etiketi ISO14443A<\/strong>\u00a0modern bilet ve eri\u015fim kontrol teknolojisinin en son noktas\u0131n\u0131 temsil eder. RFID ve NFC ileti\u015fiminin avantajlar\u0131n\u0131 birle\u015ftiren bu \u00e7ok y\u00f6nl\u00fc ak\u0131ll\u0131 kart, y\u00fcksek g\u00fcvenlik ve rahatl\u0131k sa\u011flayarak etkinlik biletleme ve sadakat kartlar\u0131 gibi \u00e7e\u015fitli uygulamalar i\u00e7in idealdir. Kusursuz kullan\u0131c\u0131 deneyimleri sunarken performansta m\u00fckemmellik sa\u011flayan g\u00fcvenilir bir \u00e7\u00f6z\u00fcm ar\u0131yorsan\u0131z, bu yenilik\u00e7i \u00fcr\u00fcnden ba\u015fkas\u0131na bakmay\u0131n.<\/p>\n<h2>Neden Mifare Ultralight AES Sticker&#039;\u0131 Se\u00e7melisiniz?<\/h2>\n<p>Mifare Ultralight AES Sticker, \u00e7ok say\u0131da kullan\u0131m durumunda g\u00fcvenli\u011fi ve kullan\u0131labilirli\u011fi art\u0131rmak i\u00e7in tasarlanm\u0131\u015ft\u0131r. AES \u015fifrelemesiyle verileriniz yetkisiz eri\u015fime kar\u015f\u0131 korunur ve g\u00f6n\u00fcl rahatl\u0131\u011f\u0131 sa\u011flar. Kompakt tasar\u0131m\u0131 mevcut sistemlere kolay entegrasyon sa\u011flarken, geni\u015f okuma aral\u0131\u011f\u0131 (100 cm&#039;ye kadar) benzersiz bir rahatl\u0131k sunar. Bu \u00fcr\u00fcne yat\u0131r\u0131m yapmak, \u00e7e\u015fitli ihtiya\u00e7lar\u0131 kar\u015f\u0131layan son teknolojiye yat\u0131r\u0131m yapmak anlam\u0131na gelir.<\/p>\n<h3><strong>AES \u015eifreleme ile Y\u00fcksek G\u00fcvenlik<\/strong><\/h3>\n<p>Mifare Ultralight AES Sticker&#039;\u0131n \u00f6z\u00fcnde, sa\u011flad\u0131\u011f\u0131 \u00fcst d\u00fczey g\u00fcvenlik yer al\u0131r.\u00a0<strong>AES (Geli\u015fmi\u015f \u015eifreleme Standard\u0131)<\/strong>. Bu son teknoloji \u015fifreleme teknolojisi kullan\u0131c\u0131 verilerini korur ve etiket ile kart okuyucular\u0131 aras\u0131nda g\u00fcvenli ileti\u015fimi garanti eder. G\u00fcn\u00fcm\u00fcz\u00fcn dijital ortam\u0131nda g\u00fcvenlik endi\u015feleri artmaya devam ederken, hassas bilgileri korumay\u0131 ama\u00e7layan i\u015fletmeler i\u00e7in g\u00fcvenilir bir ak\u0131ll\u0131 kart \u00e7\u00f6z\u00fcm\u00fcne sahip olmak \u00f6nemlidir.<\/p>\n<h3><strong>\u00c7ok Y\u00f6nl\u00fc Uygulama Alanlar\u0131<\/strong><\/h3>\n<p>Mifare Ultralight AES Sticker yaln\u0131zca ak\u0131ll\u0131 bir kart de\u011fil; \u00e7e\u015fitli uygulamalarda kullan\u0131labilen \u00e7ok y\u00f6nl\u00fc bir \u00e7\u00f6z\u00fcmd\u00fcr. Bunlara etkinlik biletleri, sadakat programlar\u0131, ula\u015f\u0131m kartlar\u0131 ve eri\u015fim kontrol sistemleri dahildir.\u00a0<strong>ISO 14443A<\/strong>\u00a0Uyumluluk, k\u00fcresel uyumlulu\u011fu garanti alt\u0131na alarak, operasyonlar\u0131 kolayla\u015ft\u0131rmak ve kullan\u0131c\u0131 deneyimlerini geli\u015ftirmek isteyen i\u015fletmeler i\u00e7in son derece uyarlanabilir hale getirir.<\/p>\n<h3><strong>Kompakt ve \u00d6zelle\u015ftirilebilir Tasar\u0131m<\/strong><\/h3>\n<p>The\u00a0<strong>30mm boyutu<\/strong>\u00a0Mifare Ultralight AES Sticker, rozetlerden anahtarl\u0131klara kadar \u00e7e\u015fitli \u00fcr\u00fcnlere kolayca tak\u0131labilir. \u00d6zelle\u015ftirilebilir se\u00e7enekleri, i\u015fletmelere markalamay\u0131 sorunsuz bir \u015fekilde dahil etme f\u0131rsat\u0131 sunarak her bir sticker&#039;\u0131n yaln\u0131zca verimli bir \u015fekilde \u00e7al\u0131\u015fmas\u0131n\u0131 de\u011fil ayn\u0131 zamanda markan\u0131z\u0131 etkili bir \u015fekilde temsil etmesini sa\u011flar.<\/p>\n<table class=\"preview\" style=\"height: 270px;\" width=\"553\">\n<thead>\n<tr>\n<th>\u00d6zellik<\/th>\n<th>\u015eartname<\/th>\n<\/tr>\n<\/thead>\n<tbody>\n<tr>\n<td>Malzeme<\/td>\n<td>PET\/Kaplanm\u0131\u015f Ka\u011f\u0131t<\/td>\n<\/tr>\n<tr>\n<td>Yonga<\/td>\n<td>Ultra Hafif AES<\/td>\n<\/tr>\n<tr>\n<td>S\u0131kl\u0131k<\/td>\n<td>13,56 MHz<\/td>\n<\/tr>\n<tr>\n<td>Okuma Aral\u0131\u011f\u0131<\/td>\n<td>0-100cm<\/td>\n<\/tr>\n<tr>\n<td>Haf\u0131za<\/td>\n<td>144 bayt<\/td>\n<\/tr>\n<tr>\n<td>Protokol<\/td>\n<td>ISO 14443A<\/td>\n<\/tr>\n<tr>\n<td>Sat\u0131\u015f Birimleri<\/td>\n<td>Tek \u00fcr\u00fcn<\/td>\n<\/tr>\n<tr>\n<td>Paketleme Boyutu<\/td>\n<td>0,1x0,1x0,02 cm<\/td>\n<\/tr>\n<tr>\n<td>Br\u00fct a\u011f\u0131rl\u0131k<\/td>\n<td>0,010 kilo<\/td>\n<\/tr>\n<\/tbody>\n<\/table>\n<p>&nbsp;<\/p>","protected":false},"excerpt":{"rendered":"<p>ISO 14443A ile uyumlu \u0130ste\u011fe Ba\u011fl\u0131 Random ID MIFARE Ultralight AES etiketi, etkili eri\u015fim kontrol\u00fc ve tan\u0131mlama \u00e7\u00f6z\u00fcmleri i\u00e7in geli\u015fmi\u015f g\u00fcvenlik \u00f6zellikleri ve esnek veri y\u00f6netimi sunar. Kompakt tasar\u0131m\u0131, g\u00fcvenilir performans sa\u011flarken \u00e7e\u015fitli uygulamalara kolay entegrasyon sa\u011flar.<\/p>","protected":false},"featured_media":3179,"template":"","meta":[],"product_brand":[],"product_cat":[48],"product_tag":[],"class_list":{"0":"post-3178","1":"product","2":"type-product","3":"status-publish","4":"has-post-thumbnail","6":"product_cat-nfc-stickers","8":"first","9":"instock","10":"shipping-taxable","11":"product-type-simple"},"_links":{"self":[{"href":"https:\/\/nfc-readers.com\/tr\/wp-json\/wp\/v2\/product\/3178","targetHints":{"allow":["GET"]}}],"collection":[{"href":"https:\/\/nfc-readers.com\/tr\/wp-json\/wp\/v2\/product"}],"about":[{"href":"https:\/\/nfc-readers.com\/tr\/wp-json\/wp\/v2\/types\/product"}],"wp:featuredmedia":[{"embeddable":true,"href":"https:\/\/nfc-readers.com\/tr\/wp-json\/wp\/v2\/media\/3179"}],"wp:attachment":[{"href":"https:\/\/nfc-readers.com\/tr\/wp-json\/wp\/v2\/media?parent=3178"}],"wp:term":[{"taxonomy":"product_brand","embeddable":true,"href":"https:\/\/nfc-readers.com\/tr\/wp-json\/wp\/v2\/product_brand?post=3178"},{"taxonomy":"product_cat","embeddable":true,"href":"https:\/\/nfc-readers.com\/tr\/wp-json\/wp\/v2\/product_cat?post=3178"},{"taxonomy":"product_tag","embeddable":true,"href":"https:\/\/nfc-readers.com\/tr\/wp-json\/wp\/v2\/product_tag?post=3178"}],"curies":[{"name":"wp","href":"https:\/\/api.w.org\/{rel}","templated":true}]}}