{"id":3186,"date":"2024-10-29T13:27:39","date_gmt":"2024-10-29T13:27:39","guid":{"rendered":"https:\/\/nfc-readers.com\/?post_type=product&#038;p=3186"},"modified":"2024-10-29T13:59:52","modified_gmt":"2024-10-29T13:59:52","slug":"dia-30mm-ntag-424-dna-nfc-sticker-tamper-proof-high-security","status":"publish","type":"product","link":"https:\/\/nfc-readers.com\/tr\/ic-reader\/dia-30mm-ntag-424-dna-nfc-sticker-tamper-proof-high-security\/","title":{"rendered":"Dia 30mm NTAG 424 DNA NFC Etiketi Kurcalamaya dayan\u0131kl\u0131 Y\u00fcksek G\u00fcvenlik"},"content":{"rendered":"<h2><strong>Dia 30mm NTAG 424 DNA NFC Etiketi Kurcalamaya dayan\u0131kl\u0131 Y\u00fcksek G\u00fcvenlik<\/strong><\/h2>\n<p>G\u00fcvenli ileti\u015fimin bir sonraki seviyesini ke\u015ffedin <strong>\u00c7ap 30mm NTAG 424 DNA NFC Etiketi<\/strong>G\u00fcvenlik \u00f6nlemlerini art\u0131rmak isteyen i\u015fletmeler i\u00e7in tasarlanan bu\u00a0<strong>NFC kart\u0131<\/strong>\u00a0sadece kurcalamay\u0131 \u00f6nlemekle kalmay\u0131p ayn\u0131 zamanda kesintisiz izlenebilirli\u011fi de garanti eden son teknolojiyi kullan\u0131r. Sahtecili\u011fe kar\u015f\u0131 \u00f6nlemlere vurgu yapan \u015farap sekt\u00f6r\u00fcnde veya geli\u015fmi\u015f korumaya ihtiya\u00e7 duyan ba\u015fka bir sekt\u00f6rde olun, bu \u00e7ok y\u00f6nl\u00fc NFC etiketi paha bi\u00e7ilmez bir varl\u0131kt\u0131r.<\/p>\n<p>&nbsp;<\/p>\n<h2><strong>Dia 30mm NTAG 424 DNA NFC Etiketinin Temel Avantajlar\u0131<\/strong><\/h2>\n<p>The\u00a0<strong>NTAG 424 DNA NFC etiketi<\/strong>\u00a0birinci s\u0131n\u0131f g\u00fcvenlik ve rahatl\u0131k sa\u011flamak i\u00e7in m\u00fckemmel \u00f6zellikleri bir araya getirir. Esnekli\u011fi ve kullan\u0131m kolayl\u0131\u011f\u0131, geli\u015fmi\u015f ileti\u015fim ve izlenebilirlik i\u00e7in \u00e7abalayan i\u015fletmeler i\u00e7in onu \u00f6ne \u00e7\u0131kan bir \u00e7\u00f6z\u00fcm haline getirir. Hayati bilgileri g\u00fcvenli bir \u015fekilde ta\u015f\u0131ma yetene\u011fiyle, bu\u00a0<strong>NFC \u00fcr\u00fcnleri<\/strong>\u00a0128-bit AES g\u00fcvenli\u011fiyle donat\u0131lm\u0131\u015f olarak gelir ve bu da onlar\u0131 sahtecili\u011fe kar\u015f\u0131 dayan\u0131kl\u0131 hale getirir. Bu yenilik\u00e7i \u00fcr\u00fcne yat\u0131r\u0131m yaparak, yaln\u0131zca markan\u0131z\u0131n b\u00fct\u00fcnl\u00fc\u011f\u00fcn\u00fc korumakla kalmaz, ayn\u0131 zamanda m\u00fc\u015fteri g\u00fcvenini de art\u0131r\u0131rs\u0131n\u0131z.<\/p>\n<p>&nbsp;<\/p>\n<h3><strong>Yenilik\u00e7i NFC Kartvizit \u00c7\u00f6z\u00fcm\u00fc<\/strong><\/h3>\n<p>The\u00a0<strong>\u00c7ap 30mm NTAG 424 DNA NFC Etiketi<\/strong>\u00a0geleneksel kartvizitleri nas\u0131l alg\u0131lad\u0131\u011f\u0131m\u0131z\u0131 yeniden tan\u0131ml\u0131yor.\u00a0<strong>dijital kartvizit<\/strong>, kullan\u0131c\u0131lar\u0131n ileti\u015fim bilgilerini zahmetsizce toplamak i\u00e7in ak\u0131ll\u0131 telefonlar\u0131na &quot;dokunmalar\u0131na&quot; olanak tan\u0131r. Birden fazla ka\u011f\u0131t kart ta\u015f\u0131man\u0131n zahmetini unutun; basit bir dokunu\u015fla, m\u00fc\u015fteriler an\u0131nda sosyal medya profillerinize ve ileti\u015fim bilgilerinize eri\u015febilir. Bu\u00a0<strong>NFC kartvizit<\/strong>\u00a0Sadece markan\u0131z\u0131n profesyonel imaj\u0131n\u0131 geli\u015ftirmekle kalmaz, ayn\u0131 zamanda modern teknolojiyi benimseme konusundaki kararl\u0131l\u0131\u011f\u0131n\u0131z\u0131 da g\u00f6sterir.<\/p>\n<p>\u00dcstelik bunlar\u00a0<strong>NFC kartlar\u0131<\/strong>\u00a0ilk izlenimlerin \u00f6nemli oldu\u011fu a\u011f olu\u015fturma etkinlikleri i\u00e7in m\u00fckemmeldir. Bilgi payla\u015f\u0131m\u0131n\u0131 etkile\u015fimli ve unutulmaz hale getirerek rekabet\u00e7i bir ortamda \u00f6ne \u00e7\u0131kman\u0131z\u0131 sa\u011flarlar.<\/p>\n<p>&nbsp;<\/p>\n<h3><strong>S\u0131k\u00e7a Sorulan Sorular (SSS)<\/strong><\/h3>\n<p><strong>S: NFC Etiketini nas\u0131l kullan\u0131r\u0131m?<\/strong><br \/>\nA: Ak\u0131ll\u0131 telefonunuzu etikete dokundurman\u0131z yeterli, g\u00f6m\u00fcl\u00fc bilgiler ekranda g\u00f6r\u00fcnecektir.<\/p>\n<p><strong>S: NFC \u00e7\u0131kartmalar\u0131 \u00f6zelle\u015ftirilebilir mi?<\/strong><br \/>\nC: Evet, logolar ve metin se\u00e7enekleri de dahil olmak \u00fczere \u00f6zelle\u015ftirilebilir tasar\u0131mlar sunuyoruz; bu sayede benzersiz bir NFC deneyimi yaratman\u0131za olanak tan\u0131yoruz.<\/p>\n<p><strong>S: Dia 30mm NTAG 424 DNA NFC Sticker&#039;\u0131n kullan\u0131m \u00f6mr\u00fc ne kadard\u0131r?<\/strong><br \/>\nC: 200.000 \u00e7evrim yazma dayan\u0131kl\u0131l\u0131\u011f\u0131na sahip olan bu etiketler, uzun s\u00fcreli kullan\u0131m ve g\u00fcvenilirlik i\u00e7in \u00fcretilmi\u015ftir.<\/p>\n<p><strong>S: Bu \u00e7\u0131kartmalar\u0131 promosyonlarda kullanabilir miyim?<\/strong><br \/>\nA: Kesinlikle! Etkile\u015fimli promosyon kampanyalar\u0131 i\u00e7in m\u00fckemmeldirler ve teklifleri, indirimleri veya \u00fcr\u00fcn bilgilerini payla\u015fmak i\u00e7in kullan\u0131labilirler.<\/p>\n<p>&nbsp;<\/p>\n<p>&nbsp;<\/p>\n<h3><strong>NFC Kart\u0131n Teknik \u00d6zellikleri<\/strong><\/h3>\n<table class=\"preview\" style=\"height: 299px;\" width=\"532\">\n<thead>\n<tr>\n<th><strong>\u00d6zellik<\/strong><\/th>\n<th><strong>Detaylar<\/strong><\/th>\n<\/tr>\n<\/thead>\n<tbody>\n<tr>\n<td><strong>\u00c7ip T\u00fcr\u00fc<\/strong><\/td>\n<td>NTAG 424 DNA&#039;s\u0131<\/td>\n<\/tr>\n<tr>\n<td><strong>Haf\u0131za<\/strong><\/td>\n<td>416 Bayt<\/td>\n<\/tr>\n<tr>\n<td><strong>G\u00fcvenlik<\/strong><\/td>\n<td>128-bit AES, LRP<\/td>\n<\/tr>\n<tr>\n<td><strong>Eri\u015fim Anahtarlar\u0131<\/strong><\/td>\n<td>5x128 bit<\/td>\n<\/tr>\n<tr>\n<td><strong>Dayan\u0131kl\u0131l\u0131k Yaz<\/strong><\/td>\n<td>200.000 d\u00f6ng\u00fc<\/td>\n<\/tr>\n<tr>\n<td><strong>\u0130leti\u015fim aray\u00fcz\u00fc<\/strong><\/td>\n<td>NFC Forum T\u00fcr\u00fc 4<\/td>\n<\/tr>\n<tr>\n<td><strong>Malzeme<\/strong><\/td>\n<td>EVDE BESLENEN HAYVAN<\/td>\n<\/tr>\n<tr>\n<td><strong>Anten Boyutu<\/strong><\/td>\n<td>\u00c7ap 30mm<\/td>\n<\/tr>\n<tr>\n<td><strong>Ambalajlama<\/strong><\/td>\n<td>1000-5000 ADET\/Rulo<\/td>\n<\/tr>\n<tr>\n<td><strong>Sertifikasyon<\/strong><\/td>\n<td>ISO14443A, ISO15693<\/td>\n<\/tr>\n<\/tbody>\n<\/table>\n<p>&nbsp;<\/p>","protected":false},"excerpt":{"rendered":"<p>Dia 30mm NTAG 424 DNA NFC Sticker, g\u00fcvenilir veri korumas\u0131 ve kusursuz kullan\u0131c\u0131 deneyimi sa\u011flayarak, kurcalamaya dayan\u0131kl\u0131 teknolojiyle y\u00fcksek g\u00fcvenlik sunar. G\u00fcvenli \u00e7\u00f6z\u00fcmlere ihtiya\u00e7 duyan i\u015fletmeler i\u00e7in m\u00fckemmel!<\/p>","protected":false},"featured_media":3188,"template":"","meta":[],"product_brand":[],"product_cat":[48],"product_tag":[],"class_list":{"0":"post-3186","1":"product","2":"type-product","3":"status-publish","4":"has-post-thumbnail","6":"product_cat-nfc-stickers","8":"first","9":"instock","10":"shipping-taxable","11":"product-type-simple"},"_links":{"self":[{"href":"https:\/\/nfc-readers.com\/tr\/wp-json\/wp\/v2\/product\/3186","targetHints":{"allow":["GET"]}}],"collection":[{"href":"https:\/\/nfc-readers.com\/tr\/wp-json\/wp\/v2\/product"}],"about":[{"href":"https:\/\/nfc-readers.com\/tr\/wp-json\/wp\/v2\/types\/product"}],"wp:featuredmedia":[{"embeddable":true,"href":"https:\/\/nfc-readers.com\/tr\/wp-json\/wp\/v2\/media\/3188"}],"wp:attachment":[{"href":"https:\/\/nfc-readers.com\/tr\/wp-json\/wp\/v2\/media?parent=3186"}],"wp:term":[{"taxonomy":"product_brand","embeddable":true,"href":"https:\/\/nfc-readers.com\/tr\/wp-json\/wp\/v2\/product_brand?post=3186"},{"taxonomy":"product_cat","embeddable":true,"href":"https:\/\/nfc-readers.com\/tr\/wp-json\/wp\/v2\/product_cat?post=3186"},{"taxonomy":"product_tag","embeddable":true,"href":"https:\/\/nfc-readers.com\/tr\/wp-json\/wp\/v2\/product_tag?post=3186"}],"curies":[{"name":"wp","href":"https:\/\/api.w.org\/{rel}","templated":true}]}}