{"id":3195,"date":"2024-10-29T13:40:47","date_gmt":"2024-10-29T13:40:47","guid":{"rendered":"https:\/\/nfc-readers.com\/?post_type=product&#038;p=3195"},"modified":"2024-10-29T14:03:42","modified_gmt":"2024-10-29T14:03:42","slug":"iso14443a-pet-wet-inlay-nfc-sticker-dia30mm-for-smart-phone","status":"publish","type":"product","link":"https:\/\/nfc-readers.com\/tr\/ic-reader\/iso14443a-pet-wet-inlay-nfc-sticker-dia30mm-for-smart-phone\/","title":{"rendered":"Ak\u0131ll\u0131 Telefon i\u00e7in ISO14443A PET Islak Yerle\u015ftirme NFC Etiketi Dia30mm"},"content":{"rendered":"<h2 style=\"text-align: center;\"><strong>Ak\u0131ll\u0131 Telefon i\u00e7in ISO14443A PET Islak Yerle\u015ftirme NFC Etiketi Dia30mm<\/strong><\/h2>\n<p>&nbsp;<\/p>\n<p>G\u00fcn\u00fcm\u00fcz\u00fcn h\u0131zl\u0131 dijital d\u00fcnyas\u0131nda ileti\u015fimin kusursuz ve verimli olmas\u0131 gerekiyor.\u00a0<strong>Ak\u0131ll\u0131 Telefon i\u00e7in ISO14443A PET Islak Yerle\u015ftirme NFC Etiketi Dia30mm<\/strong>\u00a0Bilgilerinizi payla\u015fma \u015feklinizde devrim yaratmak i\u00e7in tasarlanm\u0131\u015ft\u0131r. \u0130ster bir i\u015fletme sahibi, ister yarat\u0131c\u0131 bir profesyonel veya ileti\u015fim payla\u015f\u0131m\u0131n\u0131 basitle\u015ftirmek isteyen biri olun, bu NFC kart\u0131 onu vazge\u00e7ilmez bir ara\u00e7 haline getiren say\u0131s\u0131z avantaj sunar. Su ge\u00e7irmez yap\u0131s\u0131, \u00f6zelle\u015ftirilebilir \u00f6zellikleri ve t\u00fcm ak\u0131ll\u0131 telefonlarla uyumlulu\u011fu ile yaln\u0131zca pratik bir \u00e7\u00f6z\u00fcm de\u011fil, ayn\u0131 zamanda a\u011f ara\u00e7 setinize \u015f\u0131k bir ektir.<\/p>\n<p>Ak\u0131ll\u0131 telefonunuzu bu NFC etiketine dokundurarak ileti\u015fim bilgilerinizi, sosyal medya profillerinizi veya \u00f6zel ba\u011flant\u0131lar\u0131n\u0131z\u0131 payla\u015ft\u0131\u011f\u0131n\u0131z\u0131 hayal edin! Bu NFC \u00fcr\u00fcn\u00fcn\u00fc \u00f6ne \u00e7\u0131karan \u015feyin ne oldu\u011funu ve neden onu dijital cephaneli\u011finizin bir par\u00e7as\u0131 haline getirmeyi d\u00fc\u015f\u00fcnmeniz gerekti\u011fini daha derinlemesine inceleyelim.<\/p>\n<p>&nbsp;<\/p>\n<h3><strong>NFC Kartvizitinin Temel \u00d6zellikleri<\/strong><\/h3>\n<p>The\u00a0<strong>NFC kartvizit<\/strong>\u00a0Profesyonel etkile\u015fimlerinize de\u011fer katan etkileyici \u00f6zellikleriyle geleneksel kartlar\u0131n \u00f6tesine ge\u00e7er.\u00a0<strong>NTAG \u00e7ipleri<\/strong>\u00a0(213, 215, 216), bu NFC \u00fcr\u00fcn\u00fc sorunsuz veri aktar\u0131m\u0131na izin vererek ka\u011f\u0131t kartlar\u0131n zahmeti olmadan temel bilgileri payla\u015fman\u0131z\u0131 sa\u011flar. Dayan\u0131kl\u0131l\u0131\u011f\u0131 ayr\u0131ca \u00e7e\u015fitli \u00e7evre ko\u015fullar\u0131na dayanmas\u0131n\u0131 sa\u011flayarak d\u0131\u015f mekan kullan\u0131m\u0131 i\u00e7in g\u00fcvenilir hale getirir.<\/p>\n<p>&nbsp;<\/p>\n<h3><strong>NFC Etiketlerin Teknik \u00d6zellikleri<\/strong><\/h3>\n<table class=\"preview\" style=\"height: 234px;\" width=\"525\">\n<thead>\n<tr>\n<th>\u015eartname<\/th>\n<th>Detay<\/th>\n<\/tr>\n<\/thead>\n<tbody>\n<tr>\n<td><strong>Protokol<\/strong><\/td>\n<td>ISO14443A<\/td>\n<\/tr>\n<tr>\n<td><strong>Malzeme<\/strong><\/td>\n<td>PET neme dayan\u0131kl\u0131d\u0131r<\/td>\n<\/tr>\n<tr>\n<td><strong>\u00c7ip Se\u00e7enekleri<\/strong><\/td>\n<td>NTAG213, NTAG215, NTAG216<\/td>\n<\/tr>\n<tr>\n<td><strong>Boyut<\/strong><\/td>\n<td>Dia30mm\/\u00d6zel<\/td>\n<\/tr>\n<tr>\n<td><strong>Bellek Kapasitesi<\/strong><\/td>\n<td>144 \/ 504 \/ 888 Bayt<\/td>\n<\/tr>\n<tr>\n<td><strong>Uyumlu Cihazlar<\/strong><\/td>\n<td>NFC teknolojisine sahip telefonlar<\/td>\n<\/tr>\n<tr>\n<td><strong>Paketleme Detaylar\u0131<\/strong><\/td>\n<td>100 adet\/torba, 5000 adet\/kutu<\/td>\n<\/tr>\n<tr>\n<td><strong>Liman<\/strong><\/td>\n<td>\u015eenzen<\/td>\n<\/tr>\n<\/tbody>\n<\/table>\n<p>&nbsp;<\/p>\n<h3><strong>NFC Kartlar\u0131 Hakk\u0131nda S\u0131k\u00e7a Sorulan Sorular<\/strong><\/h3>\n<p>&nbsp;<\/p>\n<h3>Nedir?\u00a0<strong>NFC kart\u0131<\/strong>?<\/h3>\n<p>NFC kart\u0131, NFC \u00f6zellikli bir cihaza dokundurarak veri aktar\u0131m\u0131n\u0131 kolayla\u015ft\u0131rmak i\u00e7in Yak\u0131n Alan \u0130leti\u015fimi teknolojisini kullanan temass\u0131z bir ak\u0131ll\u0131 kartt\u0131r.<\/p>\n<h3>Nas\u0131l programlayabilirim?\u00a0<strong>NFC \u00e7ipi<\/strong>?<\/h3>\n<p>Ak\u0131ll\u0131 telefonlarda bulunan \u00e7e\u015fitli NFC uygulamalar\u0131n\u0131 kullanarak NFC etiketlerinizi programlayabilirsiniz. Bu uygulamalar, ileti\u015fim bilgileri veya belirli ba\u011flant\u0131lar gibi payla\u015fmak istedi\u011finiz verileri girmenize olanak tan\u0131r.<\/p>\n<h3>Var m\u0131\u00a0<strong>NFC dijital kartvizitler<\/strong>\u00a0t\u00fcm cihazlarla uyumlu mu?<\/h3>\n<p>Evet, NFC \u00e7\u0131kartmalar\u0131m\u0131z NFC yetenekleriyle donat\u0131lm\u0131\u015f t\u00fcm ak\u0131ll\u0131 telefonlarla uyumludur. Bu, daha geni\u015f bir eri\u015fim ve eri\u015filebilirlik sa\u011flayarak daha fazla ki\u015fiyle ba\u011flant\u0131 kurman\u0131za olanak tan\u0131r.<\/p>\n<h3>NFC \u00fcr\u00fcnlerim ile etkile\u015fimlerimi takip etmenin bir yolu var m\u0131?<\/h3>\n<p>Ba\u011f\u0131ms\u0131z NFC etiketlerinin izleme \u00f6zellikleri bulunmazken, belirli URL&#039;lere ba\u011fland\u0131\u011f\u0131nda t\u0131klamalar\u0131 ve etkile\u015fimleri izlemek i\u00e7in analiz ara\u00e7lar\u0131n\u0131 kullanabilirsiniz.<\/p>\n<h3>Sipari\u015fimde \u00fccretsiz kargo f\u0131rsat\u0131ndan yararlanabilir miyim?<\/h3>\n<p>Evet! \u00d6zellikle toplu sipari\u015flerde s\u0131kl\u0131kla \u00fccretsiz kargo sa\u011fl\u0131yoruz. Daha fazla ayr\u0131nt\u0131 i\u00e7in en son promosyonlar\u0131m\u0131za g\u00f6z at\u0131n.<\/p>\n<p>&nbsp;<\/p>\n<p>&nbsp;<\/p>","protected":false},"excerpt":{"rendered":"<p>The\u00a0<strong>ISO14443A PET Islak Yerle\u015ftirme NFC Etiketi Dia30mm<\/strong>\u00a0ak\u0131ll\u0131 telefonlarla sorunsuz veri payla\u015f\u0131m\u0131 i\u00e7in tasarlanm\u0131\u015f \u00e7ok y\u00f6nl\u00fc, su ge\u00e7irmez bir NFC \u00e7\u00f6z\u00fcm\u00fcd\u00fcr. Bu kompakt \u00e7\u0131kartma, yaln\u0131zca bir dokunu\u015fla ileti\u015fim bilgilerinize ve dijital profillerinize h\u0131zl\u0131 eri\u015fim sa\u011flayarak a\u011f ve ileti\u015fimde devrim yarat\u0131r.<\/p>","protected":false},"featured_media":3196,"template":"","meta":[],"product_brand":[],"product_cat":[48],"product_tag":[],"class_list":{"0":"post-3195","1":"product","2":"type-product","3":"status-publish","4":"has-post-thumbnail","6":"product_cat-nfc-stickers","8":"first","9":"instock","10":"shipping-taxable","11":"product-type-simple"},"_links":{"self":[{"href":"https:\/\/nfc-readers.com\/tr\/wp-json\/wp\/v2\/product\/3195","targetHints":{"allow":["GET"]}}],"collection":[{"href":"https:\/\/nfc-readers.com\/tr\/wp-json\/wp\/v2\/product"}],"about":[{"href":"https:\/\/nfc-readers.com\/tr\/wp-json\/wp\/v2\/types\/product"}],"wp:featuredmedia":[{"embeddable":true,"href":"https:\/\/nfc-readers.com\/tr\/wp-json\/wp\/v2\/media\/3196"}],"wp:attachment":[{"href":"https:\/\/nfc-readers.com\/tr\/wp-json\/wp\/v2\/media?parent=3195"}],"wp:term":[{"taxonomy":"product_brand","embeddable":true,"href":"https:\/\/nfc-readers.com\/tr\/wp-json\/wp\/v2\/product_brand?post=3195"},{"taxonomy":"product_cat","embeddable":true,"href":"https:\/\/nfc-readers.com\/tr\/wp-json\/wp\/v2\/product_cat?post=3195"},{"taxonomy":"product_tag","embeddable":true,"href":"https:\/\/nfc-readers.com\/tr\/wp-json\/wp\/v2\/product_tag?post=3195"}],"curies":[{"name":"wp","href":"https:\/\/api.w.org\/{rel}","templated":true}]}}