{"id":3204,"date":"2024-10-30T02:21:36","date_gmt":"2024-10-30T02:21:36","guid":{"rendered":"https:\/\/nfc-readers.com\/?post_type=product&#038;p=3204"},"modified":"2024-10-30T02:21:37","modified_gmt":"2024-10-30T02:21:37","slug":"acr122u-nfc-smart-card-skimmer","status":"publish","type":"product","link":"https:\/\/nfc-readers.com\/tr\/ic-reader\/acr122u-nfc-smart-card-skimmer\/","title":{"rendered":"ACR122U NFC Ak\u0131ll\u0131 Kart Kopyalama Cihaz\u0131"},"content":{"rendered":"<h1 class=\"AnswerParser_AnswerParserH1__6UNv6\">ACR122U NFC Okuyucu ile \u0130\u015fletmenizi Geli\u015ftirin<\/h1>\n<p><span class=\"AnswerParser_TextContainer__z_Iiv\" data-testid=\"youchat-text\">H\u0131zla geli\u015fen teknoloji d\u00fcnyas\u0131nda,\u00a0<strong>NFC (Yak\u0131n Alan \u0130leti\u015fimi)<\/strong>\u00a0cihazlarla nas\u0131l etkile\u015fim kurdu\u011fumuz ve i\u015flemleri nas\u0131l y\u00fcr\u00fctt\u00fc\u011f\u00fcm\u00fcz konusunda bir oyun de\u011fi\u015ftirici olarak ortaya \u00e7\u0131kt\u0131.\u00a0<strong>ACR122U NFC Okuyucu<\/strong>\u00a0\u00e7e\u015fitli ki\u015filerle sorunsuz ileti\u015fimi kolayla\u015ft\u0131rmak i\u00e7in tasarlanm\u0131\u015f g\u00fc\u00e7l\u00fc bir ara\u00e7t\u0131r\u00a0<strong>NFC etiketleri<\/strong>\u00a0Ve\u00a0<strong>ak\u0131ll\u0131 kartlar<\/strong>. Bu\u00a0<strong>NFC okuyucu<\/strong>\u00a0yaln\u0131zca g\u00fcvenli\u011fi ve verimlili\u011fi art\u0131rmakla kalmaz, ayn\u0131 zamanda i\u015fletmeler ve bireyler i\u00e7in yeni olanaklar da sunar. Geli\u015fmi\u015f \u00f6zellikleri ve kullan\u0131c\u0131 dostu tasar\u0131m\u0131yla ACR122U, teknoloji merakl\u0131s\u0131 her ortam i\u00e7in olmazsa olmaz bir ektir.<\/span><\/p>\n<h2 class=\"AnswerParser_AnswerParserH2__SIHnF\">Neden ACR122U NFC Okuyucuyu Se\u00e7melisiniz?<\/h2>\n<p><span class=\"AnswerParser_TextContainer__z_Iiv\" data-testid=\"youchat-text\">ACR122U NFC Okuyucu etkileyici \u00f6zellikleri ve \u00e7ok y\u00f6nl\u00fcl\u00fc\u011f\u00fc nedeniyle pazarda \u00f6ne \u00e7\u0131k\u0131yor.\u00a0<strong>USB 2.0 tam h\u0131z aray\u00fcz\u00fc<\/strong>\u00a0uyumlu olan\u00a0<strong>CCID standard\u0131<\/strong>, bu okuyucu h\u0131zl\u0131 ve g\u00fcvenilir ba\u011flant\u0131lar sa\u011flar.\u00a0<strong>okuma\/yazma h\u0131z\u0131<\/strong>\u00a0kadar\u00a0<strong>424 kbps<\/strong>\u00a0verimli veri aktar\u0131m\u0131na olanak tan\u0131rken, dahili anten 100 metreye kadar okuma mesafesi sa\u011flar\u00a0<strong>50mm<\/strong>, kullan\u0131lan etiket t\u00fcr\u00fcne ba\u011fl\u0131 olarak. H\u0131z ve \u00e7ok y\u00f6nl\u00fcl\u00fc\u011f\u00fcn bu kombinasyonu, ACR122U&#039;yu g\u00fcvenli i\u015flemlerden verimli eri\u015fim kontrol\u00fcne kadar \u00e7e\u015fitli uygulamalar i\u00e7in ideal bir se\u00e7im haline getirir.<\/span><\/p>\n<h2 class=\"AnswerParser_AnswerParserH2__SIHnF\">\u00dcr\u00fcn Anahatt\u0131<\/h2>\n<h3 class=\"AnswerParser_AnswerParserH3__Mpe4s\">1. NFC Okuyucu: Y\u00fcksek H\u0131zl\u0131 Performans<\/h3>\n<p><span class=\"AnswerParser_TextContainer__z_Iiv\" data-testid=\"youchat-text\">ACR122U NFC Okuyucusu, a\u015fa\u011f\u0131dakilerle donat\u0131lm\u0131\u015ft\u0131r:\u00a0<strong>USB 2.0 tam h\u0131z aray\u00fcz\u00fc<\/strong>, h\u0131zl\u0131 veri aktar\u0131m h\u0131zlar\u0131n\u0131 garanti eder.\u00a0<strong>okuma\/yazma h\u0131z\u0131<\/strong>\u00a0kadar\u00a0<strong>424 kbps<\/strong>kullan\u0131c\u0131lar\u0131n verilere h\u0131zl\u0131 bir \u015fekilde eri\u015fmesini ve bunlar\u0131 y\u00f6netmesini sa\u011flar\u00a0<strong>NFC etiketleri<\/strong>\u00a0Ve\u00a0<strong>RFID kartlar<\/strong>Bu y\u00fcksek h\u0131zl\u0131 performans, sat\u0131\u015f noktas\u0131 sistemleri ve eri\u015fim kontrol\u00fc gibi h\u0131zl\u0131 i\u015flemler gerektiren uygulamalar i\u00e7in kritik \u00f6neme sahiptir.<\/span><\/p>\n<h3 class=\"AnswerParser_AnswerParserH3__Mpe4s\">2. \u00c7ok Y\u00f6nl\u00fc Uyumluluk<\/h3>\n<p><span class=\"AnswerParser_TextContainer__z_Iiv\" data-testid=\"youchat-text\">Bu\u00a0<strong>ak\u0131ll\u0131 kart okuyucu<\/strong>\u00a0geni\u015f yelpazede kart t\u00fcrlerini destekler, bunlar aras\u0131nda \u015funlar yer al\u0131r:\u00a0<strong>S\u0131n\u0131f A ve S\u0131n\u0131f B kartlar\u0131<\/strong>\u00a0tan\u0131mland\u0131\u011f\u0131 gibi\u00a0<strong>ISO 14443<\/strong>,\u00a0<strong>Mifare kartlar\u0131<\/strong>, Ve\u00a0<strong>FeliCa kartlar\u0131<\/strong>Ayr\u0131ca, d\u00f6rt tipin hepsiyle uyumludur\u00a0<strong>NFC etiketleri<\/strong>\u00a0g\u00f6re\u00a0<strong>ISO\/IEC 18092<\/strong>\u00a0standart. Bu \u00e7ok y\u00f6nl\u00fcl\u00fck, ACR122U&#039;yu perakendeden ula\u015ft\u0131rmaya kadar \u00e7e\u015fitli end\u00fcstriler i\u00e7in uygun hale getirir.<\/span><\/p>\n<h3 class=\"AnswerParser_AnswerParserH3__Mpe4s\">3. Temass\u0131z Eri\u015fim i\u00e7in Dahili Anten<\/h3>\n<p><span class=\"AnswerParser_TextContainer__z_Iiv\" data-testid=\"youchat-text\">ACR122U, temass\u0131z etiketlere eri\u015fim sa\u011flayan dahili bir antene sahiptir. 1000 metreye kadar okuma mesafesiyle\u00a0<strong>50mm<\/strong>, kullan\u0131c\u0131lar fiziksel temasa gerek kalmadan kartlar\u0131yla etkile\u015fim kurabilirler. Bu \u00f6zellik, h\u0131zl\u0131 eri\u015fimin \u00f6nemli oldu\u011fu ortamlar i\u00e7in ideal hale getirerek rahatl\u0131\u011f\u0131 ve hijyeni art\u0131r\u0131r.<\/span><\/p>\n<h3 class=\"AnswerParser_AnswerParserH3__Mpe4s\">4. \u00c7arp\u0131\u015fma \u00d6nleme \u00d6zelli\u011fi<\/h3>\n<p><span class=\"AnswerParser_TextContainer__z_Iiv\" data-testid=\"youchat-text\">ACR122U&#039;nun \u00f6ne \u00e7\u0131kan \u00f6zelliklerinden biri, dahili \u00e7arp\u0131\u015fma \u00f6nleme \u00f6zelli\u011fidir. Bu, herhangi bir anda yaln\u0131zca bir etikete eri\u015filebilmesini sa\u011flayarak veri parazitlenmesini \u00f6nler ve g\u00fcvenli\u011fi art\u0131r\u0131r. Bu \u00f6zellik, eri\u015fim kontrol sistemleri gibi birden fazla kart\u0131n bulunabilece\u011fi ortamlarda \u00f6zellikle \u00f6nemlidir.<\/span><\/p>\n<h3 class=\"AnswerParser_AnswerParserH3__Mpe4s\">5. Uygulama Programlama Aray\u00fcz\u00fc (API) Deste\u011fi<\/h3>\n<p><span class=\"AnswerParser_TextContainer__z_Iiv\" data-testid=\"youchat-text\">ACR122U her ikisini de destekler\u00a0<strong>PC\/SC<\/strong>\u00a0Ve\u00a0<strong>CT-API<\/strong>, \u00e7e\u015fitli yaz\u0131l\u0131m uygulamalar\u0131yla kolay entegrasyona olanak tan\u0131r. Bu esneklik, geli\u015ftiricilerin ACR122U&#039;nun yeteneklerinden yararlanan \u00f6zel \u00e7\u00f6z\u00fcmler olu\u015fturmas\u0131n\u0131 sa\u011flar ve bu da onu NFC teknolojisini uygulamak isteyen i\u015fletmeler i\u00e7in de\u011ferli bir ara\u00e7 haline getirir.<\/span><\/p>\n<h3 class=\"AnswerParser_AnswerParserH3__Mpe4s\">6. Kullan\u0131c\u0131 Dostu Tasar\u0131m<\/h3>\n<p><span class=\"AnswerParser_TextContainer__z_Iiv\" data-testid=\"youchat-text\">ACR122U, kullan\u0131c\u0131 deneyimi d\u00fc\u015f\u00fcn\u00fclerek tasarlanm\u0131\u015ft\u0131r.\u00a0<strong>\u00e7ift renkli LED g\u00f6stergesi<\/strong>\u00a0\u00e7al\u0131\u015fma s\u0131ras\u0131nda g\u00f6rsel geri bildirim sa\u011flayan ve ayn\u0131 zamanda\u00a0<strong>monoton zil<\/strong>\u00a0sesli bildirimler i\u00e7in. Bu \u00f6zellikler kullan\u0131labilirli\u011fi art\u0131r\u0131r ve kullan\u0131c\u0131lar\u0131n okuyucunun durumu hakk\u0131nda her zaman bilgilendirilmesini sa\u011flar.<\/span><\/p>\n<h3 class=\"AnswerParser_AnswerParserH3__Mpe4s\">7. Android ve iOS ile uyumluluk<\/h3>\n<p><span class=\"AnswerParser_TextContainer__z_Iiv\" data-testid=\"youchat-text\">ACR122U \u015funlar\u0131 destekler:\u00a0<strong>Android MOS 3.1 ve \u00fczeri<\/strong>, mobil uygulamalar i\u00e7in \u00e7ok y\u00f6nl\u00fc bir se\u00e7enek haline getirir. Bu uyumluluk, kullan\u0131c\u0131lar\u0131n ak\u0131ll\u0131 telefonlar\u0131nda ve tabletlerinde NFC teknolojisinin g\u00fcc\u00fcnden yararlanmalar\u0131n\u0131 sa\u011flayarak mobil \u00f6demelerden veri payla\u015f\u0131m\u0131na kadar \u00e7ok \u00e7e\u015fitli i\u015flevlere olanak tan\u0131r.<\/span><\/p>\n<h3 class=\"AnswerParser_AnswerParserH3__Mpe4s\">8. Teknik \u00d6zellikler<\/h3>\n<p><span class=\"AnswerParser_TextContainer__z_Iiv\" data-testid=\"youchat-text\">ACR122U etkileyici teknik \u00f6zelliklere sahiptir, bunlar aras\u0131nda \u015funlar yer al\u0131r:<\/span><\/p>\n<div class=\"AnswerParser_TableContainer__Erb6v\" data-testid=\"table-container\">\n<table>\n<thead>\n<tr>\n<th>\u00d6zellik<\/th>\n<th>\u015eartname<\/th>\n<\/tr>\n<\/thead>\n<tbody>\n<tr>\n<td>Boyutlar<\/td>\n<td>98,0 mm (U) x 65,0 mm (G) x 12,8 mm (Y)<\/td>\n<\/tr>\n<tr>\n<td>A\u011f\u0131rl\u0131k<\/td>\n<td>70 gr<\/td>\n<\/tr>\n<tr>\n<td>USB arabirimi<\/td>\n<td>USB CCID&#039;si<\/td>\n<\/tr>\n<tr>\n<td>G\u00fc\u00e7 kayna\u011f\u0131<\/td>\n<td>USB ba\u011flant\u0131 noktas\u0131ndan<\/td>\n<\/tr>\n<tr>\n<td>H\u0131z<\/td>\n<td>USB Tam H\u0131z (12 Mbps)<\/td>\n<\/tr>\n<tr>\n<td>Kablo uzunlu\u011fu<\/td>\n<td>1,0 m, Sabit<\/td>\n<\/tr>\n<tr>\n<td>Temass\u0131z Ak\u0131ll\u0131 Kart Aray\u00fcz\u00fc<\/td>\n<td>ISO\/IEC 18092 NFC, ISO 14443 Tip A ve B, MIFARE\u00ae, FeliCa<\/td>\n<\/tr>\n<tr>\n<td>Protokol<\/td>\n<td>ISO 14443-4 Uyumlu Kart, T=CL, MIFARE\u00ae Classic Kart, T=CL, ISO18092, NFC Etiketleri, FeliCa<\/td>\n<\/tr>\n<tr>\n<td>Yerle\u015fik \u00c7evre Birimleri<\/td>\n<td>1 \u00e7ift renkli LED, Monoton Buzzer<\/td>\n<\/tr>\n<tr>\n<td>Sertifikalar\/Uyumluluk<\/td>\n<td>EN 60950\/IEC 60950, ISO 18092, ISO 14443, USB Tam H\u0131z, PC\/SC, CCID, VCCI (Japonya), KC (Kore), Microsoft\u00ae WHQL, CE, FCC, RoHS 2, REACH<\/td>\n<\/tr>\n<tr>\n<td>Ayg\u0131t S\u00fcr\u00fcc\u00fcs\u00fc \u0130\u015fletim Sistemi Deste\u011fi<\/td>\n<td>Windows\u00ae CE, Windows\u00ae, Linux\u00ae, MAC OS\u00ae, Solaris, Android\u2122<\/td>\n<\/tr>\n<\/tbody>\n<\/table>\n<\/div>\n<h3 class=\"AnswerParser_AnswerParserH3__Mpe4s\">9. \u00c7evresel Etki<\/h3>\n<p><span class=\"AnswerParser_TextContainer__z_Iiv\" data-testid=\"youchat-text\">S\u00fcrd\u00fcr\u00fclebilirli\u011fin en \u00f6nemli oldu\u011fu bir \u00e7a\u011fda, ACR122U \u00e7evresel hususlar g\u00f6z \u00f6n\u00fcnde bulundurularak tasarlanm\u0131\u015ft\u0131r. Enerji tasarruflu \u00e7al\u0131\u015fmas\u0131 ve uzun \u00f6mr\u00fc, elektronik at\u0131klar\u0131n azalt\u0131lmas\u0131na katk\u0131da bulunarak onu \u00e7evre bilincine sahip t\u00fcketiciler i\u00e7in sorumlu bir se\u00e7im haline getirir.<\/span><\/p>\n<h3 class=\"AnswerParser_AnswerParserH3__Mpe4s\">10. M\u00fc\u015fteri Yorumlar\u0131<\/h3>\n<p><span class=\"AnswerParser_TextContainer__z_Iiv\" data-testid=\"youchat-text\">Kullan\u0131c\u0131lar ACR122U&#039;yu g\u00fcvenilirli\u011fi ve kullan\u0131m kolayl\u0131\u011f\u0131 nedeniyle \u00f6vd\u00fcler. Bir\u00e7o\u011fu h\u0131zl\u0131 okuma yeteneklerini ve \u00e7e\u015fitli kart t\u00fcrleriyle uyumlulu\u011funu takdir ediyor. \u0130\u015fte m\u00fc\u015fteri geri bildirimlerinden baz\u0131 \u00f6nemli noktalar:<\/span><\/p>\n<ul class=\"AnswerParser_AnswerParserUnorderedList__P_1FW\">\n<li class=\"AnswerParser_ListItem__XqLOV\" translate=\"yes\">\u201cACR122U eri\u015fim kontrol sistemimizi \u00e7ok daha verimli hale getirdi. Okuma h\u0131z\u0131 etkileyici!\u201d<\/li>\n<li class=\"AnswerParser_ListItem__XqLOV\" translate=\"yes\">&quot;Mevcut yaz\u0131l\u0131m\u0131m\u0131zla entegrasyonunun ne kadar kolay oldu\u011funu seviyorum. API deste\u011fi oyunun kurallar\u0131n\u0131 de\u011fi\u015ftiriyor.&quot;<\/li>\n<li class=\"AnswerParser_ListItem__XqLOV\" translate=\"yes\">\u201cYerle\u015fik anten ihtiya\u00e7lar\u0131m\u0131z i\u00e7in m\u00fckemmel bir \u015fekilde \u00e7al\u0131\u015f\u0131yor. Kartlar\u0131 hi\u00e7bir zorluk \u00e7ekmeden okuyabiliyoruz.\u201d<\/li>\n<\/ul>\n<h3 class=\"AnswerParser_AnswerParserH3__Mpe4s\">11. SSS<\/h3>\n<ul class=\"AnswerParser_AnswerParserUnorderedList__P_1FW\">\n<li class=\"AnswerParser_ListItem__XqLOV\" translate=\"yes\"><span class=\"AnswerParser_TextContainer__z_Iiv\" data-testid=\"youchat-text\"><strong>S: ACR122U ak\u0131ll\u0131 telefonlardan NFC etiketlerini okuyabilir mi?<\/strong><\/span>\n<ul class=\"AnswerParser_AnswerParserUnorderedList__P_1FW\">\n<li class=\"AnswerParser_ListItem__XqLOV\" translate=\"yes\">C: Evet, ACR122U NFC destekli ak\u0131ll\u0131 telefonlar ve tabletlerle etkile\u015fime girebilir ve b\u00f6ylece kesintisiz veri al\u0131\u015fveri\u015fi sa\u011flanabilir.<\/li>\n<\/ul>\n<\/li>\n<li class=\"AnswerParser_ListItem__XqLOV\" translate=\"yes\"><span class=\"AnswerParser_TextContainer__z_Iiv\" data-testid=\"youchat-text\"><strong>S: ACR122U hem Android hem de iOS cihazlarla uyumlu mu?<\/strong><\/span>\n<ul class=\"AnswerParser_AnswerParserUnorderedList__P_1FW\">\n<li class=\"AnswerParser_ListItem__XqLOV\" translate=\"yes\">A: Kesinlikle! ACR122U hem Android hem de iOS cihazlarla \u00e7al\u0131\u015f\u0131r ve bu da onu \u00e7e\u015fitli kullan\u0131c\u0131lar i\u00e7in \u00e7ok y\u00f6nl\u00fc bir se\u00e7enek haline getirir.<\/li>\n<\/ul>\n<\/li>\n<li class=\"AnswerParser_ListItem__XqLOV\" translate=\"yes\"><span class=\"AnswerParser_TextContainer__z_Iiv\" data-testid=\"youchat-text\"><strong>S: ACR122U&#039;yu nas\u0131l kurar\u0131m?<\/strong><\/span>\n<ul class=\"AnswerParser_AnswerParserUnorderedList__P_1FW\">\n<li class=\"AnswerParser_ListItem__XqLOV\" translate=\"yes\">A: ACR122U&#039;yu kurmak basittir. USB arac\u0131l\u0131\u011f\u0131yla ba\u011flay\u0131n, gerekli s\u00fcr\u00fcc\u00fcleri y\u00fckleyin ve NFC etiketlerini okumaya ve yazmaya ba\u015flamaya haz\u0131rs\u0131n\u0131z.<\/li>\n<\/ul>\n<\/li>\n<\/ul>\n<h2 class=\"AnswerParser_AnswerParserH2__SIHnF\">\u00c7\u00f6z\u00fcm<\/h2>\n<p><span class=\"AnswerParser_TextContainer__z_Iiv\" data-testid=\"youchat-text\">The\u00a0<strong>ACR122U NFC Okuyucu<\/strong>\u00a0temass\u0131z ileti\u015fimin potansiyelini ortaya \u00e7\u0131karan g\u00fc\u00e7l\u00fc ve \u00e7ok y\u00f6nl\u00fc bir ara\u00e7t\u0131r. Sa\u011flam \u00f6zellikleri, \u00e7e\u015fitli NFC etiketleri ve ak\u0131ll\u0131 kartlarla uyumlulu\u011fu ve kullan\u0131c\u0131 dostu tasar\u0131m\u0131yla, NFC yeteneklerini geli\u015ftirmek isteyen herkes i\u00e7in m\u00fckemmel bir yat\u0131r\u0131md\u0131r. \u0130ster ki\u015fisel kullan\u0131m ister i\u015f uygulamalar\u0131 i\u00e7in olsun, bu\u00a0<strong>NFC okuyucu<\/strong>\u00a0ihtiya\u00e7lar\u0131n\u0131z\u0131 kar\u015f\u0131layaca\u011f\u0131ndan ve beklentilerinizi a\u015faca\u011f\u0131ndan emin olabilirsiniz.<\/span><span class=\"AnswerParser_TextContainer__z_Iiv\" data-testid=\"youchat-text\">ACR122U&#039;yu se\u00e7erek yaln\u0131zca bir \u00fcr\u00fcn sat\u0131n alm\u0131yorsunuz; temass\u0131z teknolojinin g\u00fcnl\u00fck etkile\u015fimlerinizi basitle\u015ftirdi\u011fi ve geli\u015ftirdi\u011fi bir gelece\u011fe yat\u0131r\u0131m yap\u0131yorsunuz. F\u0131rsat\u0131 ka\u00e7\u0131rmay\u0131n\u2014<strong>Sepete ekle<\/strong>\u00a0Bug\u00fcn NFC teknolojisinin rahatl\u0131\u011f\u0131n\u0131 ya\u015fay\u0131n!<\/span><\/p>\n<p>&nbsp;<\/p>","protected":false},"excerpt":{"rendered":"<p>\u00c7ok y\u00f6nl\u00fc ve g\u00fcvenli ACR122U NFC Skimmer ile temass\u0131z ileti\u015fimin g\u00fcc\u00fcn\u00fc serbest b\u0131rak\u0131n. Beklemeyin, bug\u00fcn NFC yeteneklerinizi geli\u015ftirin!<\/p>","protected":false},"featured_media":3210,"template":"","meta":[],"product_brand":[],"product_cat":[45],"product_tag":[],"class_list":{"0":"post-3204","1":"product","2":"type-product","3":"status-publish","4":"has-post-thumbnail","6":"product_cat-contactless-nfc-reader","8":"first","9":"instock","10":"shipping-taxable","11":"product-type-simple"},"_links":{"self":[{"href":"https:\/\/nfc-readers.com\/tr\/wp-json\/wp\/v2\/product\/3204","targetHints":{"allow":["GET"]}}],"collection":[{"href":"https:\/\/nfc-readers.com\/tr\/wp-json\/wp\/v2\/product"}],"about":[{"href":"https:\/\/nfc-readers.com\/tr\/wp-json\/wp\/v2\/types\/product"}],"wp:featuredmedia":[{"embeddable":true,"href":"https:\/\/nfc-readers.com\/tr\/wp-json\/wp\/v2\/media\/3210"}],"wp:attachment":[{"href":"https:\/\/nfc-readers.com\/tr\/wp-json\/wp\/v2\/media?parent=3204"}],"wp:term":[{"taxonomy":"product_brand","embeddable":true,"href":"https:\/\/nfc-readers.com\/tr\/wp-json\/wp\/v2\/product_brand?post=3204"},{"taxonomy":"product_cat","embeddable":true,"href":"https:\/\/nfc-readers.com\/tr\/wp-json\/wp\/v2\/product_cat?post=3204"},{"taxonomy":"product_tag","embeddable":true,"href":"https:\/\/nfc-readers.com\/tr\/wp-json\/wp\/v2\/product_tag?post=3204"}],"curies":[{"name":"wp","href":"https:\/\/api.w.org\/{rel}","templated":true}]}}