{"id":3225,"date":"2024-11-01T09:59:32","date_gmt":"2024-11-01T09:59:32","guid":{"rendered":"https:\/\/nfc-readers.com\/?post_type=product&#038;p=3225"},"modified":"2024-11-04T09:03:20","modified_gmt":"2024-11-04T09:03:20","slug":"mifare-rfid-pvc-card-full-color-printed-for-cashless-payment","status":"publish","type":"product","link":"https:\/\/nfc-readers.com\/tr\/ic-reader\/mifare-rfid-pvc-card-full-color-printed-for-cashless-payment\/","title":{"rendered":"MIFARE RFID PVC Kart Nakitsiz \u00d6deme i\u00e7in Tam Renkli Bask\u0131l\u0131"},"content":{"rendered":"<h1><span style=\"color: #000080;\"><strong>MIFARE RFID PVC Kart Nakitsiz \u00d6deme i\u00e7in Tam Renkli Bask\u0131l\u0131<\/strong><\/span><\/h1>\n<h4 class=\"w-8 h-8 flex-center rounded-lg cursor-pointer hover:bg-grey-fill1-hover\"><span style=\"color: #666699;\">Giri\u015fDijital i\u015flemlerin norm haline geldi\u011fi bir \u00e7a\u011fda, <strong>MIFARE RFID PVC Kart<\/strong>, \u00f6zellikle i\u00e7in tasarlanm\u0131\u015ft\u0131r\u00a0<strong>nakitsiz \u00f6demeler<\/strong>, i\u015fletmeler ve t\u00fcketiciler i\u00e7in devrim niteli\u011finde bir ara\u00e7 olarak \u00f6ne \u00e7\u0131k\u0131yor. Bu tam renkli bas\u0131l\u0131 kartlar yaln\u0131zca markala\u015fma i\u00e7in \u00e7ekici bir y\u00fczey sa\u011flamakla kalm\u0131yor, ayn\u0131 zamanda g\u00fcvenli, sorunsuz i\u015flemler i\u00e7in geli\u015fmi\u015f teknolojiye de sahip. \u0130ster perakende, ister etkinlik y\u00f6netimi veya a\u011f olu\u015fturma alan\u0131nda olun, bu kartlar dijital d\u00fcnyam\u0131zdaki \u00e7e\u015fitli ihtiya\u00e7lar\u0131 kar\u015f\u0131layan \u00e7ok y\u00f6nl\u00fc bir \u00e7\u00f6z\u00fcm sunuyor.<\/span><\/h4>\n<hr \/>\n<h2 class=\"w-8 h-8 flex-center rounded-lg cursor-pointer hover:bg-grey-fill1-hover\" style=\"text-align: center;\"><span style=\"color: #000080;\"><em><strong>\u00dcr\u00fcn Avantajlar\u0131<\/strong><\/em><\/span><\/h2>\n<h3 class=\"w-8 h-8 flex-center rounded-lg cursor-pointer hover:bg-grey-fill1-hover\"><span style=\"color: #333399;\"><strong>1. Y\u00fcksek G\u00fcvenlik<\/strong><\/span><\/h3>\n<p class=\"w-8 h-8 flex-center rounded-lg cursor-pointer hover:bg-grey-fill1-hover\">MIFARE RFID PVC kartlar\u0131m\u0131z \u015funlar\u0131 kullan\u0131r: <strong>MIFARE Desfire EV3 teknolojisi<\/strong>Y\u00fcksek g\u00fcvenlik ve g\u00fcvenilirli\u011fiyle bilinen.<\/p>\n<p class=\"w-8 h-8 flex-center rounded-lg cursor-pointer hover:bg-grey-fill1-hover\">Bu geli\u015fmi\u015f \u00e7ip, hassas bilgilerin yetkisiz eri\u015fime kar\u015f\u0131 korunmas\u0131n\u0131 sa\u011flar. Birden fazla \u015fifreleme katman\u0131yla, bu kartlar s\u0131k\u0131 g\u00fcvenlik \u00f6nlemleri gerektiren uygulamalar i\u00e7in idealdir.<\/p>\n<div class=\"answer-markdown-box h-[calc(100%-57px)] bg-grey-layer2-normal\">\n<div class=\"markdown-body h-full\">\n<div class=\"custom-scrollbar overflow-auto custom-scrollbar-wide h-full\">\n<table class=\"preview\">\n<thead>\n<tr>\n<th><strong>\u00d6zellik<\/strong><\/th>\n<th><strong>\u015eartname<\/strong><\/th>\n<\/tr>\n<\/thead>\n<tbody>\n<tr>\n<td><strong>Yonga<\/strong><\/td>\n<td>MIFARE Desfire EV3<\/td>\n<\/tr>\n<tr>\n<td><strong>Bellek Se\u00e7enekleri<\/strong><\/td>\n<td>2K \/4K \/8K<\/td>\n<\/tr>\n<tr>\n<td><strong>Protokol<\/strong><\/td>\n<td>ISO14443A<\/td>\n<\/tr>\n<tr>\n<td><strong>S\u0131kl\u0131k<\/strong><\/td>\n<td>13,56 MHz<\/td>\n<\/tr>\n<tr>\n<td><strong>Malzeme<\/strong><\/td>\n<td>PVC<\/td>\n<\/tr>\n<tr>\n<td><strong>Boyut<\/strong><\/td>\n<td>CR80 (85,5 x 54 mm)<\/td>\n<\/tr>\n<tr>\n<td><strong>Yazd\u0131rma Se\u00e7enekleri<\/strong><\/td>\n<td>CMYK \/ Pantone<\/td>\n<\/tr>\n<tr>\n<td><strong>Y\u00fczey Kaplamalar\u0131<\/strong><\/td>\n<td>Parlak \/ Mat<\/td>\n<\/tr>\n<tr>\n<td><strong>K\u00f6keni<\/strong><\/td>\n<td>Guangdong, \u00c7in<\/td>\n<\/tr>\n<tr>\n<td><strong>Kart T\u00fcr\u00fc<\/strong><\/td>\n<td>Temass\u0131z Kart (RFID)<\/td>\n<\/tr>\n<tr>\n<td><strong>\u00c7al\u0131\u015fma S\u0131cakl\u0131\u011f\u0131<\/strong><\/td>\n<td>-20\u00b0C ila 60\u00b0C<\/td>\n<\/tr>\n<tr>\n<td><strong>Depolama S\u0131cakl\u0131\u011f\u0131<\/strong><\/td>\n<td>-40\u00b0C ila 80\u00b0C<\/td>\n<\/tr>\n<tr>\n<td><strong>Nem<\/strong><\/td>\n<td>0-100%RH<\/td>\n<\/tr>\n<tr>\n<td><strong>Veri Saklama<\/strong><\/td>\n<td>10 y\u0131l veya daha fazla<\/td>\n<\/tr>\n<tr>\n<td><strong>G\u00fc\u00e7 Kayna\u011f\u0131<\/strong><\/td>\n<td>Harici g\u00fc\u00e7 gerekmez<\/td>\n<\/tr>\n<tr>\n<td><strong>Sens\u00f6r Tipi<\/strong><\/td>\n<td>13.56 MHz RFID<\/td>\n<\/tr>\n<tr>\n<td><strong>Menzil<\/strong><\/td>\n<td>10 cm&#039;ye kadar<\/td>\n<\/tr>\n<tr>\n<td><strong>Uyumluluk<\/strong><\/td>\n<td>NFC \u00f6zellikli cihazlar (ak\u0131ll\u0131 telefonlar, tabletler vb.)<\/td>\n<\/tr>\n<tr>\n<td><strong>G\u00fcvenlik<\/strong><\/td>\n<td>DES,3DES,AES \u015fifrelemesi<\/td>\n<\/tr>\n<tr>\n<td><strong>Sertifikalar<\/strong><\/td>\n<td>ISO\/IEC14443, NFC Forum<\/td>\n<\/tr>\n<\/tbody>\n<\/table>\n<h2><\/h2>\n<h3><span style=\"color: #333399;\"><strong>2. Uygulamalarda \u00c7ok Y\u00f6nl\u00fcl\u00fck<\/strong><\/span><\/h3>\n<p>Bu \u00e7ok y\u00f6nl\u00fc kartlar yaln\u0131zca nakitsiz \u00f6demeler i\u00e7in de\u011fildir. Bunlar a\u015fa\u011f\u0131dakiler de dahil olmak \u00fczere \u00e7e\u015fitli uygulamalarda kullan\u0131labilir:<\/p>\n<ul>\n<li><strong>Eri\u015fim Kontrol\u00fc<\/strong><\/li>\n<li><strong>Etkinlik Biletleme<\/strong><\/li>\n<li><strong>\u00dcyelik Kartlar\u0131<\/strong><\/li>\n<li><strong>Sadakat Programlar\u0131<\/strong><\/li>\n<li><strong>NFC Kartvizitler<\/strong><\/li>\n<\/ul>\n<p>Bu uyarlanabilirlik, hizmet tekliflerini geli\u015ftirmek isteyen her i\u015fletme i\u00e7in onlar\u0131 ak\u0131ll\u0131 bir yat\u0131r\u0131m haline getiriyor.<\/p>\n<p>&nbsp;<\/p>\n<h3><span style=\"color: #333399;\"><strong>3. Dayan\u0131kl\u0131l\u0131k ve Tasar\u0131m<\/strong><\/span><\/h3>\n<p>\u0130n\u015fa edildi <strong>y\u00fcksek kaliteli PVC<\/strong>, bu kartlar su ge\u00e7irmez ve a\u015f\u0131nmaya ve y\u0131pranmaya dayan\u0131kl\u0131d\u0131r. Uzun \u00f6m\u00fcrl\u00fc olacak \u015fekilde tasarlanm\u0131\u015ft\u0131r, bu da s\u0131k s\u0131k de\u011fi\u015ftirme ihtiyac\u0131n\u0131 azalt\u0131r.\u00a0<strong>Tam renkli bask\u0131<\/strong>\u00a0se\u00e7enekler, i\u015fletmelerin markalar\u0131yla uyumlu, g\u00f6z al\u0131c\u0131 tasar\u0131mlar olu\u015fturmalar\u0131na olanak tan\u0131r ve her kart\u0131n bir pazarlama arac\u0131 olarak hizmet etmesini sa\u011flar.<\/p>\n<p>&nbsp;<\/p>\n<h3><span style=\"color: #333399;\"><strong>4. Kullan\u0131m\u0131 Kolay<\/strong><\/span><\/h3>\n<p>MIFARE RFID PVC kartlar\u0131m\u0131z kullan\u0131m kolayl\u0131\u011f\u0131 i\u00e7in tasarlanm\u0131\u015ft\u0131r. H\u0131zl\u0131 i\u015flemler i\u00e7in kart\u0131 herhangi bir NFC \u00f6zellikli cihaza dokundurman\u0131z yeterlidir. Bu kullan\u0131c\u0131 dostu deneyim m\u00fc\u015fteri memnuniyetini art\u0131rabilir ve \u00f6deme s\u00fcre\u00e7lerini kolayla\u015ft\u0131rabilir.<\/p>\n<p><img loading=\"lazy\" decoding=\"async\" class=\"alignnone wp-image-3344\" src=\"https:\/\/nfc-readers.com\/wp-content\/uploads\/2024\/11\/main-image-4-6-300x300.jpeg\" alt=\"\" width=\"336\" height=\"336\" srcset=\"https:\/\/nfc-readers.com\/wp-content\/uploads\/2024\/11\/main-image-4-6-300x300.jpeg 300w, https:\/\/nfc-readers.com\/wp-content\/uploads\/2024\/11\/main-image-4-6-150x150.jpeg 150w, https:\/\/nfc-readers.com\/wp-content\/uploads\/2024\/11\/main-image-4-6-768x768.jpeg 768w, https:\/\/nfc-readers.com\/wp-content\/uploads\/2024\/11\/main-image-4-6-12x12.jpeg 12w, https:\/\/nfc-readers.com\/wp-content\/uploads\/2024\/11\/main-image-4-6-600x600.jpeg 600w, https:\/\/nfc-readers.com\/wp-content\/uploads\/2024\/11\/main-image-4-6-100x100.jpeg 100w, https:\/\/nfc-readers.com\/wp-content\/uploads\/2024\/11\/main-image-4-6.jpeg 800w\" sizes=\"auto, (max-width: 336px) 100vw, 336px\" \/><img loading=\"lazy\" decoding=\"async\" class=\"alignnone wp-image-3346\" src=\"https:\/\/nfc-readers.com\/wp-content\/uploads\/2024\/11\/main-image-6-5-300x300.jpeg\" alt=\"\" width=\"347\" height=\"347\" srcset=\"https:\/\/nfc-readers.com\/wp-content\/uploads\/2024\/11\/main-image-6-5-300x300.jpeg 300w, https:\/\/nfc-readers.com\/wp-content\/uploads\/2024\/11\/main-image-6-5-150x150.jpeg 150w, https:\/\/nfc-readers.com\/wp-content\/uploads\/2024\/11\/main-image-6-5-768x768.jpeg 768w, https:\/\/nfc-readers.com\/wp-content\/uploads\/2024\/11\/main-image-6-5-12x12.jpeg 12w, https:\/\/nfc-readers.com\/wp-content\/uploads\/2024\/11\/main-image-6-5-600x600.jpeg 600w, https:\/\/nfc-readers.com\/wp-content\/uploads\/2024\/11\/main-image-6-5-100x100.jpeg 100w, https:\/\/nfc-readers.com\/wp-content\/uploads\/2024\/11\/main-image-6-5.jpeg 800w\" sizes=\"auto, (max-width: 347px) 100vw, 347px\" \/><\/p>\n<hr \/>\n<h2 style=\"text-align: center;\"><em><span style=\"color: #000080;\"><strong>Yenilik\u00e7i \u00d6zellikler<\/strong><\/span><\/em><\/h2>\n<h3><span style=\"color: #333399;\"><strong>1. \u00d6zelle\u015ftirme Se\u00e7enekleri<\/strong><\/span><\/h3>\n<p>Ki\u015fiselle\u015ftirme, kal\u0131c\u0131 bir izlenim b\u0131rakmak isteyen her i\u015fletme i\u00e7in \u00f6nemlidir. Kartlar\u0131m\u0131z, a\u015fa\u011f\u0131dakiler de dahil olmak \u00fczere \u00e7e\u015fitli bask\u0131 se\u00e7enekleri sunar:<\/p>\n<ul>\n<li><strong>Tam Renkli Bask\u0131<\/strong>:Markan\u0131z\u0131 \u00f6ne \u00e7\u0131karacak canl\u0131 tasar\u0131mlar.<\/li>\n<li><strong>\u00d6zelle\u015ftirilmi\u015f \u015eekiller ve Boyutlar<\/strong>: Kart\u0131n boyutlar\u0131n\u0131 ihtiya\u00e7lar\u0131n\u0131za g\u00f6re ayarlay\u0131n.<\/li>\n<\/ul>\n<p>&nbsp;<\/p>\n<h3><span style=\"color: #333399;\"><strong>2. NFC Teknolojisi ile Uyumluluk<\/strong><\/span><\/h3>\n<p>MIFARE RFID PVC kartlar\u0131, t\u00fcm NFC \u00f6zellikli cihazlarla uyumludur ve kesintisiz ileti\u015fim sa\u011flar. Bu geni\u015f kapsaml\u0131 uyumluluk, kullan\u0131c\u0131lar\u0131n ak\u0131ll\u0131 telefonlar\u0131 veya \u00f6deme terminalleriyle kolayca etkile\u015fim kurabilece\u011fi anlam\u0131na gelir.<\/p>\n<p>&nbsp;<\/p>\n<h3><span style=\"color: #333399;\"><strong>3. \u00c7evre Dostu \u00dcretim<\/strong><\/span><\/h3>\n<p>Kartlar\u0131m\u0131z dayan\u0131kl\u0131 PVC&#039;den yap\u0131lm\u0131\u015ft\u0131r ve tek kullan\u0131ml\u0131k ka\u011f\u0131t kartlara k\u0131yasla at\u0131\u011f\u0131 azalt\u0131r. Y\u00fcksek kaliteli RFID kartlar\u0131na yat\u0131r\u0131m yapmak, daha ye\u015fil alternatifler arayan \u00e7evre bilincine sahip t\u00fcketicilere hitap eden s\u00fcrd\u00fcr\u00fclebilirli\u011fe do\u011fru at\u0131lm\u0131\u015f bir ad\u0131md\u0131r.<\/p>\n<p>&nbsp;<\/p>\n<h3><span style=\"color: #333399;\"><strong>4. H\u0131zl\u0131 \u015earj ve Yeniden Bask\u0131 Se\u00e7enekleri<\/strong><\/span><\/h3>\n<p>Bir kart\u0131 yeniden yazd\u0131rman\u0131z gerekirse, ak\u0131c\u0131 s\u00fcrecimiz h\u0131zl\u0131 yeniden sipari\u015f vermenizi sa\u011flar. Ayr\u0131ca, \u00f6zelle\u015ftirme se\u00e7enekleri yeniden yazd\u0131rmalar\u0131n g\u00fcncellenmi\u015f bilgileri veya markalamay\u0131 sorunsuz bir \u015fekilde sergileyebilmesi anlam\u0131na gelir.<\/p>\n<hr \/>\n<p>&nbsp;<\/p>\n<h3><em><span style=\"color: #666699;\">G\u00fcnl\u00fck Kullan\u0131m-\u00a0<strong>Dokun ve \u00d6de<\/strong>: <\/span><\/em><\/h3>\n<p><strong>M\u00fc\u015fterilerin i\u015flemlerini tamamlamak i\u00e7in kartlar\u0131n\u0131 uyumlu bir cihaza dokundurmalar\u0131 yeterli oluyor.<\/strong><\/p>\n<ul>\n<li><strong>Bilgi Payla\u015f\u0131m\u0131<\/strong>: NFC kartvizitleri i\u00e7in kullan\u0131c\u0131lar, geleneksel kartvizitlere olan ihtiyac\u0131 ortadan kald\u0131rarak h\u0131zl\u0131 bir dokunu\u015fla ileti\u015fim bilgilerini payla\u015fabilir.<\/li>\n<\/ul>\n<hr \/>\n<h2><\/h2>\n<h2 style=\"text-align: center;\"><em><span style=\"color: #000080;\"><strong>M\u00fc\u015fteri Yorumlar\u0131<\/strong><\/span><\/em><\/h2>\n<p><strong>Bir\u00e7ok i\u015fletme, MIFARE RFID PVC kartlar\u0131na ge\u00e7i\u015fin \u00e7e\u015fitli a\u00e7\u0131lardan faydal\u0131 oldu\u011funu ke\u015ffetti. \u0130\u015fte m\u00fc\u015fterilerimizden baz\u0131 referanslar:<\/strong><\/p>\n<p><span style=\"color: #008080;\"><strong>\u201cNakitsiz \u00f6deme sistemimize MIFARE kartlar\u0131n\u0131 entegre etti\u011fimizden beri i\u015flem oran\u0131m\u0131z \u00f6nemli \u00f6l\u00e7\u00fcde artt\u0131. Kartlar\u0131n kullan\u0131m\u0131 kolay ve m\u00fc\u015fterilerimizi etkileyen \u015f\u0131k bir tasar\u0131ma sahip.\u201d \u2013 John M., Perakende M\u00fcd\u00fcr\u00fc<\/strong><\/span><\/p>\n<blockquote><p><strong>\u201cSipari\u015f etti\u011fimiz \u00f6zel NFC kartvizitleri, a\u011f olu\u015fturma etkinliklerimizi d\u00f6n\u00fc\u015ft\u00fcrd\u00fc. \u0130leti\u015fim bilgilerini payla\u015fmak art\u0131k \u00e7ok kolay ve kalite birinci s\u0131n\u0131f.\u201d \u2013 Sarah L., Etkinlik Koordinat\u00f6r\u00fc<\/strong><\/p><\/blockquote>\n<hr \/>\n<h2><\/h2>\n<h2 style=\"text-align: center;\"><span style=\"color: #000080;\"><em><strong>S\u0131k\u00e7a Sorulan Sorular<\/strong><\/em><\/span><\/h2>\n<p><strong>1. MIFARE kartlar t\u00fcm ak\u0131ll\u0131 telefonlarla uyumlu mudur?<\/strong><\/p>\n<p>Evet, MIFARE RFID PVC kartlar\u0131 t\u00fcm NFC destekli ak\u0131ll\u0131 telefonlarla uyumludur ve kullan\u0131c\u0131lar\u0131n i\u015flemlerini zahmetsizce ger\u00e7ekle\u015ftirmesini sa\u011flar.<\/p>\n<p><strong>2. MIFARE kartlar\u0131m\u0131n tasar\u0131m\u0131n\u0131 \u00f6zelle\u015ftirebilir miyim?<\/strong><\/p>\n<p>Kesinlikle! Kartlar\u0131m\u0131z, markalama ihtiya\u00e7lar\u0131n\u0131z\u0131 kar\u015f\u0131lamak \u00fczere tasarlanm\u0131\u015f \u00e7e\u015fitli \u00f6zelle\u015ftirme se\u00e7enekleriyle birlikte gelir.<\/p>\n<p><strong>3. MIFARE RFID PVC kartlar\u0131 ne kadar g\u00fcvenlidir?<\/strong><\/p>\n<p>MIFARE Desfire EV3 teknolojisi ile bu kartlar hassas bilgilerin saklanmas\u0131nda \u00fcst d\u00fczey g\u00fcvenlik sunuyor.<\/p>\n<p><strong>4. \u00dccretsiz kargo hizmeti sunuyor musunuz?<\/strong><\/p>\n<p>Evet, sa\u011fl\u0131yoruz\u00a0<strong>\u00fccretsiz kargo<\/strong>\u00a0t\u00fcm sipari\u015flerinizde, sat\u0131n alma i\u015fleminizle katma de\u011fer elde etti\u011finizden emin oluyoruz.<\/p>\n<p>&nbsp;<\/p>\n<p><strong>5. Kart\u0131 yeniden yazd\u0131rmam gerekirse ne yapmal\u0131y\u0131m?<\/strong><\/p>\n<p>Zahmetsiz yeniden sipari\u015f s\u00fcrecimiz, yeniden bask\u0131 talebinde bulunmay\u0131 kolayla\u015ft\u0131r\u0131r. Sadece sipari\u015fi verin, gerisini biz halledelim.<\/p>\n<p>&nbsp;<\/p>\n<hr \/>\n<h4><span style=\"color: #666699;\">\u00d6deme \u00c7\u00f6z\u00fcmlerinizi Bug\u00fcn Geli\u015ftirin\u00a0<strong>MIFARE RFID PVC Kartlar\u0131<\/strong>\u00a0i\u015flem s\u00fcre\u00e7lerinizi modernize etmeye y\u00f6nelik stratejik bir hamleyi temsil eder. Y\u00fcksek kaliteli malzemeleri, geli\u015fmi\u015f teknolojisi ve kapsaml\u0131 \u00f6zelle\u015ftirme se\u00e7enekleriyle bu kartlar, m\u00fc\u015fteri deneyimlerini y\u00fckseltmeyi hedefleyen i\u015fletmeler i\u00e7in m\u00fckemmeldir. Ge\u00e7i\u015finize ba\u015flay\u0131n\u00a0<strong>nakitsiz \u00e7\u00f6z\u00fcmler<\/strong>\u00a0Bug\u00fcn! Ak\u0131ll\u0131 \u00f6deme sistemlerini entegre etmek veya \u00e7arp\u0131c\u0131 NFC kartvizitleri olu\u015fturmak istiyorsan\u0131z, MIFARE RFID PVC kartlar\u0131 tam size g\u00f6re.<\/span><\/h4>\n<h3><a href=\"\/\/dhoenijjpgpeimemopealfcbiecgceod\/sidepanel.html#\" target=\"_blank\" rel=\"noopener\">\u00dccretsiz \u00d6rnek \u0130\u00e7in \u0130leti\u015fime Ge\u00e7in<\/a><\/h3>\n<h3><span style=\"color: #008080;\"><strong>\u0130\u015fletmenizin \u00f6deme yeteneklerini ve markas\u0131n\u0131 geli\u015ftirmek i\u00e7in bu f\u0131rsat\u0131 ka\u00e7\u0131rmay\u0131n. Kart se\u00e7eneklerimiz hakk\u0131nda bilgi almak veya \u00fccretsiz bir numune talep etmek i\u00e7in yukar\u0131daki ba\u011flant\u0131ya t\u0131klay\u0131n!<\/strong><\/span><\/h3>\n<\/div>\n<\/div>\n<\/div>","protected":false},"excerpt":{"rendered":"<div class=\"chat-list relative custom-scrollbar-reset-margin custom-scrollbar custom-scrollbar-hidden custom-scrollbar-float pb-9 flex-1 overflow-y-auto\">\n<div class=\"mx-auto max-w-[790px]\">\n<div class=\"message-item-outer relative px-4 mb-2\" data-id=\"0a4f4511-bd05-49a5-8695-d7a6fad22471\">\n<div class=\"content-area pl-[0px]\">\n<div class=\"message-item select-text relative\">\n<div class=\"message-inner relative\">\n<div class=\"py-[2px]\">\n<div class=\"flex flex-col gap-2\">\n<div class=\"answer-markdown-box overflow-x-auto select-text custom-scrollbar\">\n<div class=\"markdown-body\">\n<p>Modern nakitsiz \u00f6deme \u00e7\u00f6z\u00fcmleri i\u00e7in tasarlanm\u0131\u015f MIFARE RFID PVC Kart\u0131n\u0131 tan\u0131t\u0131yoruz. MIFARE Desfire EV3 teknolojisini kullanan bu tam renkli bask\u0131l\u0131 kartlar, y\u00fcksek g\u00fcvenlik ve g\u00fcvenilirlik sa\u011flayarak hassas veri korumas\u0131 gerektiren i\u015fletmeler i\u00e7in idealdir. Uygulamada \u00e7ok y\u00f6nl\u00fcd\u00fcrler, eri\u015fim kontrol\u00fc, etkinlik biletleri, \u00fcyelik kartlar\u0131, sadakat programlar\u0131 ve NFC kartvizitleri i\u00e7in kullan\u0131labilirler. Dayan\u0131kl\u0131, su ge\u00e7irmez PVC&#039;den \u00fcretilen bu kartlar a\u015f\u0131nmaya ve y\u0131pranmaya kar\u015f\u0131 dayan\u0131kl\u0131d\u0131r, uzun \u00f6m\u00fcrl\u00fcd\u00fcr ve de\u011fi\u015ftirme maliyetlerini azalt\u0131r. M\u00fc\u015fteriler, kartlar\u0131n\u0131 herhangi bir NFC \u00f6zellikli cihaza dokundurarak i\u015flemleri kolayca tamamlayabilir ve m\u00fc\u015fteri memnuniyetini art\u0131ran kullan\u0131c\u0131 dostu bir deneyim sunar. Ayr\u0131ca, kartlar canl\u0131 tam renkli bask\u0131 ve \u00f6zel \u015fekiller dahil olmak \u00fczere kapsaml\u0131 \u00f6zelle\u015ftirme se\u00e7enekleri sunar. \u00c7evre dostu \u00fcretim y\u00f6ntemleriyle MIFARE RFID PVC Kartlar, geleneksel ka\u011f\u0131t kartlara s\u00fcrd\u00fcr\u00fclebilir bir alternatif sunar. \u0130\u015flem s\u00fcre\u00e7lerinizi bug\u00fcn modernize etmeye yat\u0131r\u0131m yap\u0131n ve bu yenilik\u00e7i, y\u00fcksek kaliteli kartlarla marka varl\u0131\u011f\u0131n\u0131z\u0131 y\u00fckseltin. Avantajlar\u0131n\u0131 ilk elden ke\u015ffetmek i\u00e7in \u00fccretsiz bir numune isteyin!<\/p>\n<\/div>\n<\/div>\n<\/div>\n<\/div>\n<\/div>\n<\/div>\n<\/div>\n<\/div>\n<\/div>\n<\/div>","protected":false},"featured_media":3341,"template":"","meta":[],"product_brand":[],"product_cat":[46],"product_tag":[],"class_list":{"0":"post-3225","1":"product","2":"type-product","3":"status-publish","4":"has-post-thumbnail","6":"product_cat-nfc-cards","8":"first","9":"instock","10":"shipping-taxable","11":"product-type-simple"},"_links":{"self":[{"href":"https:\/\/nfc-readers.com\/tr\/wp-json\/wp\/v2\/product\/3225","targetHints":{"allow":["GET"]}}],"collection":[{"href":"https:\/\/nfc-readers.com\/tr\/wp-json\/wp\/v2\/product"}],"about":[{"href":"https:\/\/nfc-readers.com\/tr\/wp-json\/wp\/v2\/types\/product"}],"wp:featuredmedia":[{"embeddable":true,"href":"https:\/\/nfc-readers.com\/tr\/wp-json\/wp\/v2\/media\/3341"}],"wp:attachment":[{"href":"https:\/\/nfc-readers.com\/tr\/wp-json\/wp\/v2\/media?parent=3225"}],"wp:term":[{"taxonomy":"product_brand","embeddable":true,"href":"https:\/\/nfc-readers.com\/tr\/wp-json\/wp\/v2\/product_brand?post=3225"},{"taxonomy":"product_cat","embeddable":true,"href":"https:\/\/nfc-readers.com\/tr\/wp-json\/wp\/v2\/product_cat?post=3225"},{"taxonomy":"product_tag","embeddable":true,"href":"https:\/\/nfc-readers.com\/tr\/wp-json\/wp\/v2\/product_tag?post=3225"}],"curies":[{"name":"wp","href":"https:\/\/api.w.org\/{rel}","templated":true}]}}