{"id":3226,"date":"2024-10-30T09:53:08","date_gmt":"2024-10-30T09:53:08","guid":{"rendered":"https:\/\/nfc-readers.com\/?post_type=product&#038;p=3226"},"modified":"2024-10-30T10:11:20","modified_gmt":"2024-10-30T10:11:20","slug":"waterproof-rfid-nfc-keychain-13-56mhz","status":"publish","type":"product","link":"https:\/\/nfc-readers.com\/tr\/ic-reader\/waterproof-rfid-nfc-keychain-13-56mhz\/","title":{"rendered":"Su Ge\u00e7irmez RFID NFC Anahtarl\u0131k 13.56Mhz"},"content":{"rendered":"<h1 style=\"text-align: center;\"><strong>Su Ge\u00e7irmez RFID NFC Anahtarl\u0131k 13.56Mhz<\/strong><\/h1>\n<p>H\u0131zla geli\u015fen elektrikli ara\u00e7lar (EV) d\u00fcnyas\u0131nda, kolayl\u0131k, g\u00fcvenlik ve kullan\u0131c\u0131 dostu olma esast\u0131r. <strong>Su ge\u00e7irmez RFID NFC Anahtarl\u0131k<\/strong>\u00a0\u2014 ola\u011fan\u00fcst\u00fc dayan\u0131kl\u0131l\u0131kla son teknolojiyi birle\u015ftiren, \u00f6zellikle a\u015fa\u011f\u0131dakiler i\u00e7in tasarlanm\u0131\u015f devrim niteli\u011finde bir \u00fcr\u00fcn:\u00a0<strong>Elektrikli Ara\u00e7 EV \u015earj \u0130stasyonlar\u0131<\/strong>. \u00dczerinde \u00e7al\u0131\u015f\u0131l\u0131yor\u00a0<strong>13.56MHz<\/strong>Bu kompakt ancak g\u00fc\u00e7l\u00fc anahtarl\u0131k, kesintisiz eri\u015fim ve geli\u015fmi\u015f g\u00fcvenlik i\u00e7in en iyi arac\u0131n\u0131zd\u0131r.<\/p>\n<p>Bu anahtarl\u0131k, EV sahipleri i\u00e7in oyunun kurallar\u0131n\u0131 de\u011fi\u015ftiriyor ve yaln\u0131zca rahatl\u0131k de\u011fil ayn\u0131 zamanda g\u00f6n\u00fcl rahatl\u0131\u011f\u0131 da sa\u011fl\u0131yor. Anahtarlar\u0131 kar\u0131\u015ft\u0131rmadan veya karma\u015f\u0131k \u015fifreleri hat\u0131rlamadan \u015farj istasyonlar\u0131na zahmetsizce eri\u015febildi\u011finizi hayal edin. <strong>Su ge\u00e7irmez RFID NFC Anahtarl\u0131k<\/strong>\u00a0temass\u0131z \u00f6zelli\u011fi ve hava ko\u015fullar\u0131na dayan\u0131kl\u0131 tasar\u0131m\u0131yla ideal bir \u00e7\u00f6z\u00fcm sunar ve bu da onu EV aksesuarlar\u0131n\u0131za de\u011ferli bir katk\u0131 haline getirir. Bu yenilik\u00e7i anahtarl\u0131\u011f\u0131n neden ara\u00e7 setinize eklenmeye de\u011fer oldu\u011funu ke\u015ffedin.<\/p>\n<p>&nbsp;<\/p>\n<h3><strong>Su Ge\u00e7irmez RFID NFC Anahtarl\u0131k Avantajlar\u0131<\/strong><\/h3>\n<ol>\n<li><strong>Dayan\u0131kl\u0131l\u0131k ve Hava Ko\u015fullar\u0131na Diren\u00e7<\/strong>: Birinci s\u0131n\u0131f malzemelerden \u00fcretilen bu anahtarl\u0131k, d\u0131\u015f etkenlere dayanacak \u015fekilde tasarlanm\u0131\u015ft\u0131r ve hava ko\u015fullar\u0131ndan ba\u011f\u0131ms\u0131z olarak uzun s\u00fcre i\u015flevselli\u011fini korur.<\/li>\n<li><strong>Temass\u0131z \u0130leti\u015fim<\/strong>: RFID ve NFC teknolojilerini bir arada kullanan anahtarl\u0131k, fiziksel temas olmadan \u015farj istasyonlar\u0131na ve di\u011fer anahtars\u0131z giri\u015f sistemlerine h\u0131zl\u0131 ve g\u00fcvenli eri\u015fim sa\u011fl\u0131yor.<\/li>\n<li><strong>Y\u00fcksek Uyumluluk<\/strong>: Protokoller \u00fczerine tasarland\u0131\u00a0<strong>ISO14443A ve ISO15693<\/strong>Bu RFID anahtarl\u0131k, \u00e7ok \u00e7e\u015fitli cihazlarla sorunsuz bir \u015fekilde aray\u00fcz olu\u015fturarak, onu EV \u015farj\u0131n\u0131n \u00f6tesinde farkl\u0131 kullan\u0131m durumlar\u0131 i\u00e7in \u00e7ok y\u00f6nl\u00fc hale getiriyor.<\/li>\n<li><strong>Uzun Okuma Mesafesi<\/strong>: Okuma mesafesi ile\u00a0<strong>2-10 cm<\/strong>, minimum \u00e7abayla EV \u015farj istasyonunuza kolayca ve h\u0131zl\u0131 bir \u015fekilde eri\u015febilirsiniz.<\/li>\n<li><strong>Yeniden Yaz\u0131labilirlik Yetene\u011fi<\/strong>: \u0130\u00e7erisindeki NTAG216 \u00e7ipi, 1000 MHz&#039;e kadar yazma d\u00f6ng\u00fcs\u00fcne izin verir\u00a0<strong>100.000 kez<\/strong>Bu anahtarl\u0131\u011f\u0131 kullan\u0131c\u0131 dostu yapman\u0131n yan\u0131 s\u0131ra de\u011fi\u015fen ihtiya\u00e7lara da uyum sa\u011flayabiliyor.<\/li>\n<\/ol>\n<p>&nbsp;<\/p>\n<h3><strong>G\u00fcn\u00fcm\u00fcz D\u00fcnyas\u0131nda RFID&#039;nin \u00d6nemi<\/strong><\/h3>\n<p>RFID, nesnelere ili\u015ftirilmi\u015f etiketleri otomatik olarak tan\u0131mlamak ve izlemek i\u00e7in elektromanyetik alanlar kullan\u0131r. EV \u015farj ihtiya\u00e7lar\u0131n\u0131z ba\u011flam\u0131nda, bu teknoloji, anahtarl\u0131\u011f\u0131n\u0131z\u0131 bir RFID okuyucunun yan\u0131na tutarak \u015farj istasyonlar\u0131n\u0131n kilidini a\u00e7man\u0131za ve eri\u015fimi yetkilendirmenize olanak tan\u0131r. Sa\u011flad\u0131\u011f\u0131 kolayl\u0131k, kullan\u0131c\u0131 deneyimini \u00f6nemli \u00f6l\u00e7\u00fcde iyile\u015ftirerek h\u0131zl\u0131 bir \u015fekilde\u00a0<strong>anahtars\u0131z giri\u015f<\/strong>\u00a0fiziksel temas gerektirmeyen \u015farj istasyonlar\u0131na.<\/p>\n<p>&nbsp;<\/p>\n<h3><strong>Teknik \u00d6zellikler ve Performans<\/strong><\/h3>\n<div>Su Ge\u00e7irmez RFID NFC Anahtarl\u0131k&#039;\u0131n teknik yeteneklerini anlamak potansiyel al\u0131c\u0131lar i\u00e7in \u00e7ok \u00f6nemlidir. Bilmeniz gereken \u00f6zellikler \u015funlard\u0131r:<\/div>\n<div><\/div>\n<div><strong>Yonga<\/strong>: NTAG216<\/div>\n<div><strong>Yazma D\u00f6ng\u00fcs\u00fc:<\/strong> 100.000 Kez<\/div>\n<div><strong>Okuma Mesafesi<\/strong>: 2-10 cm<\/div>\n<div><strong>\u00c7al\u0131\u015fma S\u0131cakl\u0131\u011f\u0131<\/strong>: 20\u2103 ila +65\u2103<\/div>\n<div><strong>Anavatan<\/strong>: Guangdong, \u00c7in<\/div>\n<div><strong>MOQ (Minimum Sipari\u015f Miktar\u0131)<\/strong>: 500 adet<\/div>\n<div><strong>Ambalajlama<\/strong>: \u00d6zelle\u015ftirilebilir \u00e7ama\u015f\u0131r paketi<\/div>\n<div><strong>Tedarik Yetene\u011fi<\/strong>: Ayda 20.000.000 Adet<\/div>\n<div><\/div>\n<div>Geli\u015fmi\u015f performans \u00f6l\u00e7\u00fcmleri, bu anahtarl\u0131klar\u0131n g\u00fcnl\u00fck kullan\u0131m\u0131n zorlu taleplerini kar\u015f\u0131lamas\u0131n\u0131 sa\u011flar. Y\u00fcksek yazma d\u00f6ng\u00fcs\u00fc ve s\u0131cakl\u0131k tolerans\u0131, \u00e7e\u015fitli ortamlardaki kullan\u0131\u015fl\u0131l\u0131\u011f\u0131n\u0131 daha da art\u0131r\u0131r.<\/div>\n<h3><strong>EV \u015earj \u0130stasyonlar\u0131 i\u00e7in Uygulamalar<\/strong><\/h3>\n<p>Birincil uygulama\u00a0<strong>Su ge\u00e7irmez RFID NFC Anahtarl\u0131k<\/strong>\u00a0elektrikli ara\u00e7 \u015farj istasyonlar\u0131ndad\u0131r. Tasar\u0131m\u0131 ve teknolojisi onu m\u00fckemmel bir \u00e7\u00f6z\u00fcm haline getirir<\/p>\n<p>&nbsp;<\/p>\n<h3><strong>Su Ge\u00e7irmez RFID NFC Anahtarl\u0131k hakk\u0131nda SSS<\/strong><\/h3>\n<h3>1.\u00a0<strong>Su Ge\u00e7irmez RFID NFC Anahtarl\u0131\u011f\u0131n amac\u0131 nedir?<\/strong><\/h3>\n<p>Su Ge\u00e7irmez RFID NFC Anahtarl\u0131k, EV \u015farj istasyonlar\u0131na ve di\u011fer RFID \u00f6zellikli sistemlere g\u00fcvenli, temass\u0131z eri\u015fim sa\u011flamak i\u00e7in tasarlanm\u0131\u015ft\u0131r. Kullan\u0131c\u0131lar\u0131n okuyucuya yakla\u015farak istasyonlar\u0131n kilidini a\u00e7mas\u0131na olanak tan\u0131r, bu da rahatl\u0131\u011f\u0131 ve verimlili\u011fi art\u0131r\u0131r.<\/p>\n<h3>2.\u00a0<strong>Anahtarl\u0131k ger\u00e7ekten su ge\u00e7irmez mi?<\/strong><\/h3>\n<p>Evet, anahtarl\u0131k dayan\u0131kl\u0131 epoksi ve PVC malzemelerden yap\u0131lm\u0131\u015ft\u0131r, bu da onu hem su ge\u00e7irmez hem de hava ko\u015fullar\u0131na dayan\u0131kl\u0131 hale getirir. Bu, ya\u011fmurdan a\u015f\u0131r\u0131 s\u0131ca\u011fa kadar \u00e7e\u015fitli hava ko\u015fullar\u0131nda i\u015flevselli\u011fini garanti eder.<\/p>\n<h3>3.\u00a0<strong>Anahtarl\u0131k RFID okuyucusundan ne kadar uzakta \u00e7al\u0131\u015fabilir?<\/strong><\/h3>\n<p>Anahtarl\u0131k 2-10 cm okuma mesafesine sahip oldu\u011fundan, RFID okuyucu veya NFC \u00f6zellikli bir cihaz\u0131n yak\u0131n\u0131na geldi\u011finde hemen etkinle\u015fiyor.<\/p>\n<h3>4.\u00a0<strong>Anahtarl\u0131k ki\u015fiselle\u015ftirilebilir mi?<\/strong><\/h3>\n<p>Evet, anahtarl\u0131\u011f\u0131n ambalaj\u0131 markan\u0131za veya \u00f6zel gereksinimlerinize uyacak \u015fekilde \u00f6zelle\u015ftirilebilir. Bu, eri\u015fim \u00e7\u00f6z\u00fcmlerini ki\u015fiselle\u015ftirmek isteyen i\u015fletmeler i\u00e7in harika bir se\u00e7enektir.<\/p>\n<h3>5.\u00a0<strong>Anahtarl\u0131\u011fa en fazla ka\u00e7 kez yaz\u0131 yaz\u0131labilir?<\/strong><\/h3>\n<p>Anahtarl\u0131k, 100.000 defaya kadar yazma d\u00f6ng\u00fcs\u00fcne sahip oldu\u011fundan, performans d\u00fc\u015f\u00fc\u015f\u00fc endi\u015fesi duymadan \u00e7e\u015fitli uygulamalar i\u00e7in geni\u015f bir kullan\u0131labilirlik sa\u011flar.<\/p>","protected":false},"excerpt":{"rendered":"<p>Su Ge\u00e7irmez RFID NFC Anahtarl\u0131k (13.56MHz), EV \u015farj istasyonlar\u0131 i\u00e7in g\u00fcvenli, temass\u0131z eri\u015fim sunar. Dayan\u0131kl\u0131 tasar\u0131m\u0131, her t\u00fcrl\u00fc hava ko\u015fulunda g\u00fcvenilir performans sa\u011flar.<\/p>","protected":false},"featured_media":3234,"template":"","meta":[],"product_brand":[],"product_cat":[49],"product_tag":[],"class_list":{"0":"post-3226","1":"product","2":"type-product","3":"status-publish","4":"has-post-thumbnail","6":"product_cat-nfc-key-fobs","8":"first","9":"instock","10":"shipping-taxable","11":"product-type-simple"},"_links":{"self":[{"href":"https:\/\/nfc-readers.com\/tr\/wp-json\/wp\/v2\/product\/3226","targetHints":{"allow":["GET"]}}],"collection":[{"href":"https:\/\/nfc-readers.com\/tr\/wp-json\/wp\/v2\/product"}],"about":[{"href":"https:\/\/nfc-readers.com\/tr\/wp-json\/wp\/v2\/types\/product"}],"wp:featuredmedia":[{"embeddable":true,"href":"https:\/\/nfc-readers.com\/tr\/wp-json\/wp\/v2\/media\/3234"}],"wp:attachment":[{"href":"https:\/\/nfc-readers.com\/tr\/wp-json\/wp\/v2\/media?parent=3226"}],"wp:term":[{"taxonomy":"product_brand","embeddable":true,"href":"https:\/\/nfc-readers.com\/tr\/wp-json\/wp\/v2\/product_brand?post=3226"},{"taxonomy":"product_cat","embeddable":true,"href":"https:\/\/nfc-readers.com\/tr\/wp-json\/wp\/v2\/product_cat?post=3226"},{"taxonomy":"product_tag","embeddable":true,"href":"https:\/\/nfc-readers.com\/tr\/wp-json\/wp\/v2\/product_tag?post=3226"}],"curies":[{"name":"wp","href":"https:\/\/api.w.org\/{rel}","templated":true}]}}