{"id":3233,"date":"2024-10-30T12:07:01","date_gmt":"2024-10-30T12:07:01","guid":{"rendered":"https:\/\/nfc-readers.com\/?post_type=product&#038;p=3233"},"modified":"2024-11-14T14:43:00","modified_gmt":"2024-11-14T14:43:00","slug":"customized-13-56mhz-rfid-abs-nfc-keychans","status":"publish","type":"product","link":"https:\/\/nfc-readers.com\/tr\/ic-reader\/customized-13-56mhz-rfid-abs-nfc-keychans\/","title":{"rendered":"\u00d6zelle\u015ftirilmi\u015f 13.56MHz RFID ABS NFC Anahtarl\u0131klar"},"content":{"rendered":"<h1 style=\"text-align: center;\"><strong>\u00d6zelle\u015ftirilmi\u015f 13.56MHz RFID ABS NFC Anahtarl\u0131klar<\/strong><\/h1>\n<p>&nbsp;<\/p>\n<p>G\u00fcn\u00fcm\u00fcz\u00fcn h\u0131zl\u0131 d\u00fcnyas\u0131nda, g\u00fcvenli ve rahat eri\u015fim \u00e7\u00f6z\u00fcmlerine duyulan ihtiya\u00e7 \u00e7ok \u00f6nemlidir. <strong>\u00d6zelle\u015ftirilmi\u015f 13.56MHz RFID ABS NFC Anahtarl\u0131klar<\/strong>, teknoloji ve pratikli\u011fin m\u00fckemmel bir kar\u0131\u015f\u0131m\u0131. Bu geli\u015fmi\u015f anahtarl\u0131klar, kesintisiz ve temass\u0131z eri\u015fim sunan RFID (Radyo Frekans\u0131 Tan\u0131mlama) ve NFC (Yak\u0131n Alan \u0130leti\u015fimi) teknolojilerini kullan\u0131r. \u0130ster ki\u015fisel kullan\u0131m i\u00e7in ister daha b\u00fcy\u00fck bir\u00a0<strong>eri\u015fim kontrol sistemi<\/strong>Bu anahtarl\u0131klar eri\u015fim ihtiya\u00e7lar\u0131n\u0131za sa\u011flam, g\u00fcvenilir ve kullan\u0131c\u0131 dostu bir \u00e7\u00f6z\u00fcm sunar.<\/p>\n<p>&nbsp;<\/p>\n<h3><strong>\u00dcr\u00fcn Avantajlar\u0131 ve Neden NFC Anahtarl\u0131klar\u0131m\u0131z\u0131 Se\u00e7melisiniz?<\/strong><\/h3>\n<p>&nbsp;<\/p>\n<ol>\n<li><strong>Geli\u015fmi\u015f G\u00fcvenlik<\/strong>: :\u00a0<strong>NFC anahtarl\u0131k<\/strong>\u00a0Tesisinizin g\u00fcvenli\u011fini art\u0131r\u0131r. Her cihaz, benzersiz bir kimlik koduyla yaln\u0131zca yetkili kullan\u0131c\u0131lar\u0131n eri\u015fim sa\u011flayabilmesini sa\u011flar.<\/li>\n<li><strong>Dayan\u0131kl\u0131l\u0131k ve \u00c7ok Y\u00f6nl\u00fcl\u00fck<\/strong>: Y\u00fcksek kaliteli malzemeden \u00fcretilmi\u015ftir\u00a0<strong>ABS<\/strong>Bu anahtarl\u0131klar sadece dayan\u0131kl\u0131 de\u011fil, ayn\u0131 zamanda su ge\u00e7irmez ve hava ko\u015fullar\u0131na dayan\u0131kl\u0131d\u0131r ve bu da onlar\u0131 \u00e7e\u015fitli ortamlara uygun hale getirir.<\/li>\n<li><strong>\u00d6zelle\u015ftirilebilir ve Estetik G\u00f6r\u00fcn\u00fcm<\/strong>:Anahtarl\u0131klar\u0131m\u0131z markalama gereksinimlerinize g\u00f6re uyarlanabilir.\u00a0<strong>CMYK 4C Bask\u0131<\/strong>, lazer kodlama ve termal bask\u0131 ile logonuzu veya tasar\u0131m\u0131n\u0131z\u0131 kusursuz bir \u015fekilde entegre edebilirsiniz.<\/li>\n<li><strong>Kullan\u0131c\u0131 dostu<\/strong>:Kullan\u0131m kolayl\u0131\u011f\u0131 i\u00e7in tasarlanan bu anahtarl\u0131klar temass\u0131zd\u0131r; kullan\u0131c\u0131lar\u0131n tek yapmas\u0131 gereken giri\u015f yapmak i\u00e7in anahtarl\u0131klar\u0131n\u0131 bir okuyucuya yakla\u015ft\u0131rmakt\u0131r.<\/li>\n<li><strong>Maliyet Etkin \u00c7\u00f6z\u00fcm<\/strong>: \u00d6mr\u00fc olan\u00a0<strong>100.000 yazma d\u00f6ng\u00fcs\u00fc<\/strong>, bizim\u00a0<strong>RFID anahtar etiketleri<\/strong>\u00a0Hem bireyler hem de i\u015fletmeler i\u00e7in uygun maliyetli bir se\u00e7enek sunar ve s\u0131k s\u0131k de\u011fi\u015ftirme ihtiyac\u0131n\u0131 azalt\u0131r.<\/li>\n<\/ol>\n<p>Bu faydalarla,\u00a0<strong>\u00d6zelle\u015ftirilmi\u015f 13.56MHz RFID ABS NFC Anahtarl\u0131klar<\/strong>\u00a0g\u00fcn\u00fcm\u00fcz eri\u015fim \u00e7\u00f6z\u00fcmlerinin vazge\u00e7ilmez bir bile\u015feni olarak \u00f6ne \u00e7\u0131k\u0131yor.<\/p>\n<p>&nbsp;<\/p>\n<h3><strong>\u00dcr\u00fcn Anahatt\u0131<\/strong><\/h3>\n<p>&nbsp;<\/p>\n<h3>1.RFID ve NFC Teknolojilerini Anlamak<\/h3>\n<p>RFID ve NFC, modern eri\u015fim kontrol \u00e7\u00f6z\u00fcmlerini y\u00f6nlendiren kritik teknolojilerdir. RFID, nesnelere tak\u0131l\u0131 etiketleri otomatik olarak tan\u0131mlamak ve izlemek i\u00e7in elektromanyetik alanlar kullanarak \u00e7al\u0131\u015f\u0131r, NFC ise yak\u0131n mesafe ileti\u015fimi i\u00e7in tasarlanm\u0131\u015f bir RFID alt k\u00fcmesidir. Bu teknolojiler,\u00a0<strong>anahtarl\u0131klar<\/strong>H\u0131zl\u0131 ve g\u00fcvenli i\u015flemlerin sa\u011flanmas\u0131.<\/p>\n<h3>2. \u00d6zelle\u015ftirilmi\u015f 13.56MHz RFID ABS NFC Anahtarl\u0131klar\u0131n\u0131n \u00d6zellikleri<\/h3>\n<p>\u00d6ne \u00e7\u0131kan \u00f6zelliklerden biri de\u00a0<strong>13.56MHz frekans\u0131<\/strong>\u00fcst\u00fcn okuma yetenekleri garanti eder. Ayr\u0131ca, anahtarl\u0131klar\u0131n kompakt boyutu ta\u015f\u0131nabilirli\u011fi art\u0131r\u0131r ve kullan\u0131c\u0131lar\u0131n ta\u015f\u0131mas\u0131n\u0131 kolayla\u015ft\u0131r\u0131r. Ayr\u0131ca,\u00a0<strong>su ge\u00e7irmez ve hava ko\u015fullar\u0131na dayan\u0131kl\u0131<\/strong>\u00a0tasar\u0131m\u0131, anahtarl\u0131klar\u0131n farkl\u0131 \u00e7evre ko\u015fullar\u0131nda \u00e7al\u0131\u015fmas\u0131na olanak tan\u0131r.<\/p>\n<h3>3. Eri\u015fim Kontrol Sistemlerinde Uygulama<\/h3>\n<p>Bu anahtarl\u0131klar, entegre edilmek i\u00e7in idealdir.\u00a0<strong>eri\u015fim kontrol sistemleri<\/strong>. Kap\u0131 kilitleri, ak\u0131ll\u0131 kap\u0131lar ve hatta otel odalar\u0131 i\u00e7in kullan\u0131labilirler, bu da onlar\u0131 \u00e7e\u015fitli uygulamalar i\u00e7in \u00e7ok y\u00f6nl\u00fc hale getirir. Anahtarl\u0131k, hem konut hem de ticari ortamlarda g\u00fcvenli\u011fi art\u0131rmak i\u00e7in sorunsuz bir \u015fekilde \u00e7al\u0131\u015f\u0131r.<\/p>\n<h3>4. Pratik Kullan\u0131m Talimatlar\u0131<\/h3>\n<p>Kullan\u0131m\u0131\u00a0<strong>RFID anahtarl\u0131k<\/strong>\u00a0sezgiseldir; sadece onu i\u00e7inizde tutun\u00a0<strong>0-10cm<\/strong>\u00a0RFID okuyucunun bip sesi duyana veya ba\u015far\u0131l\u0131 eri\u015fimi g\u00f6steren bir LED \u0131\u015f\u0131\u011f\u0131 g\u00f6rene kadar. Anahtarl\u0131klar yeniden yaz\u0131labilir, yani gerekti\u011finde bilgilerini g\u00fcncelleyebilirsiniz; bu da \u00e7al\u0131\u015fan eri\u015fimini d\u00fczenli olarak g\u00fcncelleyen kurulu\u015flar i\u00e7in \u00e7ok \u00f6nemlidir.<\/p>\n<h3>5. \u00c7evresel Etki<\/h3>\n<p>S\u00fcrd\u00fcr\u00fclebilirli\u011fe olan ba\u011fl\u0131l\u0131\u011f\u0131m\u0131z, bu anahtarl\u0131klar\u0131 \u00fcretmek i\u00e7in kulland\u0131\u011f\u0131m\u0131z malzemelere ve s\u00fcre\u00e7lere yans\u0131yor.\u00a0<strong>ABS<\/strong>Geri d\u00f6n\u00fc\u015ft\u00fcr\u00fclebilir bir malzeme olan bu \u00fcr\u00fcnler, karbon ayak izlerini azaltmay\u0131 hedefleyen i\u015fletmeler i\u00e7in \u00e7evre dostu bir se\u00e7enek sunuyor.<\/p>\n<h3>6. M\u00fc\u015fteri Yorumlar\u0131 ve Tavsiyeleri<\/h3>\n<p>M\u00fc\u015fterilerimiz bizi \u00f6v\u00fcyor\u00a0<strong>NFC anahtarl\u0131klar<\/strong>\u00a0g\u00fcvenilirlikleri ve verimlilikleri i\u00e7in. Bir\u00e7o\u011fu tesislerindeki g\u00fcvenli\u011fin artt\u0131\u011f\u0131n\u0131 belirtti, bir\u00e7o\u011fu \u00e7al\u0131\u015fanlar ve ziyaret\u00e7iler i\u00e7in eri\u015fim kolayl\u0131\u011f\u0131nda \u00f6nemli iyile\u015ftirmeler bildirdi. Memnun bir m\u00fc\u015fteri, &quot;Entegrasyon sorunsuzdu ve anahtarl\u0131klar kusursuz bir \u015fekilde \u00e7al\u0131\u015ft\u0131,&quot; diyor.<\/p>\n<p>&nbsp;<\/p>\n<h3><strong>Teknik \u00d6zellikler<\/strong><\/h3>\n<table class=\"preview\" style=\"height: 293px;\" width=\"492\">\n<thead>\n<tr>\n<th>Ba\u011flanmak<\/th>\n<th>\u015eartname<\/th>\n<\/tr>\n<\/thead>\n<tbody>\n<tr>\n<td><strong>\u0130leti\u015fim aray\u00fcz\u00fc<\/strong><\/td>\n<td>RFID, NFC<\/td>\n<\/tr>\n<tr>\n<td><strong>S\u0131kl\u0131k<\/strong><\/td>\n<td>13,56 MHz<\/td>\n<\/tr>\n<tr>\n<td><strong>Malzeme<\/strong><\/td>\n<td>ABS<\/td>\n<\/tr>\n<tr>\n<td><strong>Yonga<\/strong><\/td>\n<td>NTAG213\/215\/216<\/td>\n<\/tr>\n<tr>\n<td><strong>Protokol<\/strong><\/td>\n<td>ISO14443A<\/td>\n<\/tr>\n<tr>\n<td><strong>S\u0131cakl\u0131k Aral\u0131\u011f\u0131<\/strong><\/td>\n<td>20 \u2103~+85 \u2103<\/td>\n<\/tr>\n<tr>\n<td><strong>Okuma Mesafesi<\/strong><\/td>\n<td>0-10cm<\/td>\n<\/tr>\n<tr>\n<td><strong>Yazma D\u00f6ng\u00fcs\u00fc<\/strong><\/td>\n<td>100.000 kez<\/td>\n<\/tr>\n<tr>\n<td><strong>Paketleme Boyutu<\/strong><\/td>\n<td>10x8x6 cm<\/td>\n<\/tr>\n<tr>\n<td><strong>A\u011f\u0131rl\u0131k<\/strong><\/td>\n<td>0,020 kilo<\/td>\n<\/tr>\n<\/tbody>\n<\/table>\n<h3><\/h3>\n<h3><strong>SSS<\/strong><\/h3>\n<p>&nbsp;<\/p>\n<p><strong>S: RFID etiketini \u00f6zelle\u015ftirebilir miyim?<\/strong><br \/>\nA: Evet, bizim\u00a0<strong>RFID anahtarl\u0131klar<\/strong>\u00a0\u0130stedi\u011finiz tasar\u0131m ve markalama \u00f6\u011feleriyle \u00f6zelle\u015ftirilebilir.<\/p>\n<p><strong>S: Bu anahtarl\u0131klar mevcut sistemlerle uyumlu mu?<\/strong><br \/>\nA: Anahtarl\u0131klar\u0131m\u0131z mevcut \u00e7o\u011fu RFID sistemiyle entegre olacak \u015fekilde tasarlanm\u0131\u015ft\u0131r, ancak kontrol etmenizi \u00f6neririz<\/p>\n<p>&nbsp;<\/p>","protected":false},"excerpt":{"rendered":"<p>\u00d6zelle\u015ftirilmi\u015f 13.56MHz RFID ABS NFC Anahtarl\u0131klar\u0131 \u00e7ok y\u00f6nl\u00fc ve g\u00fcvenli eri\u015fim kontrol\u00fc i\u00e7in tasarlanm\u0131\u015ft\u0131r. Dayan\u0131kl\u0131 ABS malzemeleri ve NFC teknolojileriyle bu anahtarl\u0131klar etkinlik y\u00f6netiminden ak\u0131ll\u0131 ev sistemlerine kadar \u00e7e\u015fitli uygulamalar i\u00e7in kolayl\u0131k ve g\u00fcvenilirlik sunar.<\/p>","protected":false},"featured_media":3235,"template":"","meta":[],"product_brand":[],"product_cat":[49],"product_tag":[],"class_list":{"0":"post-3233","1":"product","2":"type-product","3":"status-publish","4":"has-post-thumbnail","6":"product_cat-nfc-key-fobs","8":"first","9":"instock","10":"shipping-taxable","11":"product-type-simple"},"_links":{"self":[{"href":"https:\/\/nfc-readers.com\/tr\/wp-json\/wp\/v2\/product\/3233","targetHints":{"allow":["GET"]}}],"collection":[{"href":"https:\/\/nfc-readers.com\/tr\/wp-json\/wp\/v2\/product"}],"about":[{"href":"https:\/\/nfc-readers.com\/tr\/wp-json\/wp\/v2\/types\/product"}],"wp:featuredmedia":[{"embeddable":true,"href":"https:\/\/nfc-readers.com\/tr\/wp-json\/wp\/v2\/media\/3235"}],"wp:attachment":[{"href":"https:\/\/nfc-readers.com\/tr\/wp-json\/wp\/v2\/media?parent=3233"}],"wp:term":[{"taxonomy":"product_brand","embeddable":true,"href":"https:\/\/nfc-readers.com\/tr\/wp-json\/wp\/v2\/product_brand?post=3233"},{"taxonomy":"product_cat","embeddable":true,"href":"https:\/\/nfc-readers.com\/tr\/wp-json\/wp\/v2\/product_cat?post=3233"},{"taxonomy":"product_tag","embeddable":true,"href":"https:\/\/nfc-readers.com\/tr\/wp-json\/wp\/v2\/product_tag?post=3233"}],"curies":[{"name":"wp","href":"https:\/\/api.w.org\/{rel}","templated":true}]}}