{"id":3248,"date":"2024-10-30T12:48:01","date_gmt":"2024-10-30T12:48:01","guid":{"rendered":"https:\/\/nfc-readers.com\/?post_type=product&#038;p=3248"},"modified":"2024-10-30T12:48:01","modified_gmt":"2024-10-30T12:48:01","slug":"waterproof-mifare-classic-1k-programmable-rfid-nfc-key-fob","status":"publish","type":"product","link":"https:\/\/nfc-readers.com\/tr\/ic-reader\/waterproof-mifare-classic-1k-programmable-rfid-nfc-key-fob\/","title":{"rendered":"Su ge\u00e7irmez MIFARE Classic 1K Programlanabilir RFID NFC Anahtarl\u0131k"},"content":{"rendered":"<h1 style=\"text-align: center;\"><strong>Su ge\u00e7irmez MIFARE Classic 1K Programlanabilir RFID NFC Anahtarl\u0131k<\/strong><\/h1>\n<p>&nbsp;<\/p>\n<p>G\u00fcvenlik ve eri\u015fim kontrol\u00fc d\u00fcnyas\u0131, teknolojinin daha ak\u0131ll\u0131 \u00e7\u00f6z\u00fcmlere giden yolu a\u00e7mas\u0131yla muazzam bir \u015fekilde geli\u015fti. Bunlar aras\u0131nda, <strong>Su Ge\u00e7irmez MIFARE Classic 1K Programlanabilir RFID NFC Anahtarl\u0131k<\/strong>\u00a0Hem ki\u015fisel hem de profesyonel kullan\u0131m i\u00e7in \u00e7ok y\u00f6nl\u00fc ve g\u00fcvenilir bir se\u00e7im olarak \u00f6ne \u00e7\u0131k\u0131yor. \u00dcst\u00fcn i\u015flevsellik ve kullan\u0131c\u0131 rahatl\u0131\u011f\u0131 i\u00e7in yarat\u0131lan bu RFID anahtarl\u0131k, sadece kap\u0131lar\u0131 a\u00e7man\u0131n bir yolu de\u011fil, \u00e7e\u015fitli ihtiya\u00e7lar\u0131 kar\u015f\u0131lamak i\u00e7in tasarlanm\u0131\u015f \u00e7ok ama\u00e7l\u0131 bir \u00e7\u00f6z\u00fcmd\u00fcr. Su ge\u00e7irmez tasar\u0131m\u0131, programlanabilir \u00f6zellikleri ve NFC teknolojisiyle uyumlulu\u011fu ile bu anahtarl\u0131k yaln\u0131zca yenilik\u00e7i de\u011fil, ayn\u0131 zamanda g\u00fcvenilirlik ve g\u00fcvenlik arayan herkes i\u00e7in de\u011ferli bir yat\u0131r\u0131md\u0131r.<\/p>\n<p>&nbsp;<\/p>\n<p>&nbsp;<\/p>\n<h3><strong>\u00dcr\u00fcn Avantajlar\u0131: Su Ge\u00e7irmez MIFARE Classic 1K RFID NFC Anahtarl\u0131k Neden Sat\u0131n Al\u0131nmaya De\u011fer?<\/strong><\/h3>\n<p>Eri\u015fim kontrol\u00fcn\u00fc geli\u015ftirmek hi\u00e7 bu kadar zahmetsiz olmam\u0131\u015ft\u0131 ve bu NFC anahtarl\u0131k mevcut sistemlerle entegre edilmesi ola\u011fan\u00fcst\u00fc derecede kolayd\u0131r. Avantajlar\u0131 rahatl\u0131\u011f\u0131n \u00e7ok \u00f6tesine uzan\u0131r; su ge\u00e7irmez ve hava ko\u015fullar\u0131na dayan\u0131kl\u0131 \u00f6zellikleri onu d\u0131\u015f mekan uygulamalar\u0131 i\u00e7in ideal hale getirir. Farkl\u0131 renklerde \u00f6zelle\u015ftirilebilir bir tasar\u0131m ve benzersiz tan\u0131mlay\u0131c\u0131lar yazd\u0131rma yetene\u011fi ile bu RFID anahtarl\u0131k ki\u015fisel veya kurumsal markalamayla sorunsuz bir \u015fekilde harmanlanabilir. M\u00fclklerine, ara\u00e7lar\u0131na veya cihazlar\u0131na eri\u015fimi otomatikle\u015ftirmek i\u00e7in sorunsuz bir yol arayan kullan\u0131c\u0131lar i\u00e7in su ge\u00e7irmez MIFARE Classic 1K ola\u011fan\u00fcst\u00fc bir se\u00e7imdir.<\/p>\n<p>&nbsp;<\/p>\n<h3><strong>\u00d6zellikler ve Teknik \u00d6zellikler Anahatlar\u0131<\/strong><\/h3>\n<h3><strong>1.RFID ve NFC \u0130leti\u015fim Teknolojileri<\/strong><\/h3>\n<p>Bu geli\u015fmi\u015f anahtarl\u0131k teknolojisinin merkezinde RFID (Radyo Frekans\u0131 Tan\u0131mlama) ve NFC (Yak\u0131n Alan \u0130leti\u015fimi) yer al\u0131r.\u00a0<strong>13,56 MHz<\/strong>, cihaz anahtarl\u0131k ve okuyucular aras\u0131nda h\u0131zl\u0131 ve g\u00fcvenilir ileti\u015fim sa\u011flar. NFC yetene\u011fi sezgisel etkile\u015fimlere izin verir ve mobil \u00f6demeler ve eri\u015fim kontrol\u00fc gibi \u00e7e\u015fitli uygulamalar i\u00e7in idealdir.<\/p>\n<h3>2.\u00a0<strong>Suya ve Hava Ko\u015fullar\u0131na Dayan\u0131kl\u0131 Tasar\u0131m<\/strong><\/h3>\n<p>\u00d6zellikle dayan\u0131kl\u0131l\u0131k i\u00e7in tasarlanm\u0131\u015f olan bu\u00a0<strong>RFID anahtarl\u0131k<\/strong>\u00a0hem su ge\u00e7irmez hem de hava ko\u015fullar\u0131na dayan\u0131kl\u0131d\u0131r. Olumsuz \u00e7evre ko\u015fullar\u0131na kar\u015f\u0131 dayan\u0131kl\u0131d\u0131r, d\u0131\u015f mekanlarda kullan\u0131m i\u00e7in m\u00fckemmeldir ve i\u00e7 devreler i\u00e7in maksimum koruma sa\u011flar. Bu \u00f6zellik, hava ko\u015fullar\u0131ndan ba\u011f\u0131ms\u0131z olarak g\u00fcvenilirlik isteyen i\u015fletmeler ve bireyler i\u00e7in \u00e7ok \u00f6nemlidir.<\/p>\n<h3>3.\u00a0<strong>\u00d6zelle\u015ftirme i\u00e7in Programlanabilir \u00d6zellikler<\/strong><\/h3>\n<p>Waterproof MIFARE Classic 1K&#039;n\u0131n \u00f6ne \u00e7\u0131kan \u00f6zelliklerinden biri de programlanabilirli\u011fidir. Kullan\u0131c\u0131lar, anahtarl\u0131\u011f\u0131n i\u015flevselli\u011fini kendi \u00f6zel eri\u015fim kontrol ihtiya\u00e7lar\u0131na uyacak \u015fekilde \u00f6zelle\u015ftirebilir. \u0130htiyac\u0131n\u0131z olsun veya olmas\u0131n\u00a0<strong>anahtars\u0131z giri\u015f<\/strong>veya belirli eri\u015fim izinlerini depolamak gerekti\u011finde, bunun programlanabilir y\u00f6n\u00fc\u00a0<strong>anahtarl\u0131k<\/strong>\u00a0Standart modellerde g\u00f6r\u00fclmeyen bir esneklik sunar.<\/p>\n<h3>4.\u00a0<strong>\u00c7oklu Boyut Se\u00e7enekleri ve \u00d6zelle\u015ftirme<\/strong><\/h3>\n<p>\u00c7e\u015fitli boyutlar dahil olmak \u00fczere\u00a0<strong>41<em>32mm, 25<\/em>34,5 mm ve di\u011ferleri<\/strong>, anahtarl\u0131k \u00e7e\u015fitli kullan\u0131c\u0131 tercihlerine hitap eder. Sadece bu de\u011fil, \u00fcr\u00fcn\u00fc \u00f6zelle\u015ftirilmi\u015f logolar ve renklerle daha da ki\u015fiselle\u015ftirebilir, RFID \u00fcr\u00fcnleri serinize benzersiz bir ek haline getirebilirsiniz.<\/p>\n<h3>5.\u00a0<strong>Dayan\u0131kl\u0131 Malzeme ve Estetik G\u00f6r\u00fcn\u00fcm<\/strong><\/h3>\n<p>Y\u00fcksek kaliteli ABS malzemeden \u00fcretilen bu anahtarl\u0131k, a\u015f\u0131nma ve y\u0131pranmaya dayanacak \u015fekilde tasarlanm\u0131\u015ft\u0131r ve bu da uzun bir kullan\u0131m \u00f6mr\u00fc sa\u011flar. Ayr\u0131ca, se\u00e7im yapma olana\u011f\u0131\u00a0<strong>t\u00fcm renkler<\/strong>\u00a0her t\u00fcrl\u00fc ki\u015fisel veya profesyonel esteti\u011fe kusursuz bir \u015fekilde uyum sa\u011flayabilmesini sa\u011flar.<\/p>\n<h3>6.\u00a0<strong>Kapsaml\u0131 Sertifikalar<\/strong><\/h3>\n<p>\u0130\u00e7inizin rahat olmas\u0131 i\u00e7in, Su Ge\u00e7irmez MIFARE Classic 1K RFID anahtarl\u0131k ISO 9001:2008, SGS ve ROHS taraf\u0131ndan onaylanm\u0131\u015ft\u0131r. Bu, \u00fcr\u00fcn\u00fcn kat\u0131 kalite ve g\u00fcvenlik standartlar\u0131n\u0131 kar\u015f\u0131lad\u0131\u011f\u0131n\u0131 garanti eder ve m\u00fc\u015fterilere g\u00fcvenilirli\u011fini garanti eder.<\/p>\n<h3>7.\u00a0<strong>Verimli Paketleme ve Teslimat<\/strong><\/h3>\n<p>Bu RFID anahtarl\u0131k, verimli bir \u015fekilde paketlenmi\u015ftir.\u00a0<strong>2000 adet\/karton<\/strong>\u00a0Ve\u00a0<strong>100 adet\/opp torba<\/strong>, optimum elle\u00e7leme ve ta\u015f\u0131ma i\u00e7in tasarlanm\u0131\u015ft\u0131r. Bu sistem yaln\u0131zca \u00fcr\u00fcn b\u00fct\u00fcnl\u00fc\u011f\u00fcn\u00fcn korunmas\u0131na yard\u0131mc\u0131 olmakla kalmaz, ayn\u0131 zamanda kullan\u0131c\u0131lar\u0131n lojistik operasyonlar\u0131n\u0131 da geli\u015ftirir.<\/p>\n<h3>8.\u00a0<strong>M\u00fc\u015fteri Yorumlar\u0131 ve Deneyimleri<\/strong><\/h3>\n<p>Memnun m\u00fc\u015fterilerden gelen geri bildirimler, anahtarl\u0131klar\u0131n ola\u011fan\u00fcst\u00fc g\u00fcvenilirli\u011fini ve performans\u0131n\u0131 vurgulamaktad\u0131r. Kullan\u0131c\u0131lar s\u0131kl\u0131kla programlama kolayl\u0131\u011f\u0131ndan ve su ge\u00e7irmez \u00f6zelli\u011finin sa\u011flaml\u0131\u011f\u0131ndan bahsetmektedir ve bu da onu g\u00fcvenli eri\u015fim \u00e7\u00f6z\u00fcmlerine ihtiya\u00e7 duyanlar i\u00e7in tercih edilen bir se\u00e7im haline getirmektedir.<\/p>\n<p>&nbsp;<\/p>\n<h3><strong>SSS: Yayg\u0131n Endi\u015felerin Ele Al\u0131nmas\u0131<\/strong><\/h3>\n<p>Potansiyel m\u00fc\u015fterilerin RFID anahtarl\u0131kla ilgili \u00e7e\u015fitli endi\u015feleri ve sorular\u0131 olabilir. \u0130\u015fte s\u0131k sorulan birka\u00e7 soru:<\/p>\n<ul>\n<li><strong>S: Bu anahtarl\u0131k eri\u015fim kontrol sistemlerinde kullan\u0131labilir mi?<\/strong>\n<ul>\n<li><strong>A:<\/strong>\u00a0Evet, \u00f6zellikle eri\u015fim kontrol sistemleri i\u00e7in tasarlanm\u0131\u015ft\u0131r ve anahtars\u0131z giri\u015fi kolayla\u015ft\u0131rabilir.<\/li>\n<\/ul>\n<\/li>\n<li><strong>S: \u00d6zelle\u015ftirilebilir mi?<\/strong>\n<ul>\n<li><strong>A:<\/strong>\u00a0Kesinlikle! \u00d6zel ihtiya\u00e7lar\u0131n\u0131za g\u00f6re rengi, logoyu ve hatta seri numaralar\u0131n\u0131 \u00f6zelle\u015ftirebilirsiniz.<\/li>\n<\/ul>\n<\/li>\n<li><strong>S: \u00dcr\u00fcn\u00fcn garantisi nedir?<\/strong>\n<ul>\n<li><strong>A:<\/strong> \u00dcretim hatalar\u0131na kar\u015f\u0131 garanti veriyoruz. Ayr\u0131nt\u0131l\u0131 bilgi i\u00e7in l\u00fctfen \u00fcr\u00fcn belgelerine bak\u0131n.<\/li>\n<\/ul>\n<\/li>\n<\/ul>\n<table class=\"all magic-13\" style=\"height: 269px;\" width=\"563\">\n<tbody>\n<tr>\n<td colspan=\"1\" rowspan=\"1\">\n<div class=\"magic-17\"><span class=\"magic-9\" data-spm-anchor-id=\"a2700.details.0.i42.61ee6b21Q8d0lU\">\u00d6\u011fe<\/span><\/div>\n<\/td>\n<td colspan=\"1\" rowspan=\"1\">\n<div class=\"magic-18\">RFID Anahtarl\u0131k<\/div>\n<\/td>\n<\/tr>\n<tr>\n<td colspan=\"1\" rowspan=\"1\">\n<div class=\"magic-17\">Malzeme<\/div>\n<\/td>\n<td colspan=\"1\" rowspan=\"1\">\n<div class=\"magic-18\">ABS, IC&#039;li Bak\u0131r Anten<\/div>\n<\/td>\n<\/tr>\n<tr>\n<td colspan=\"1\" rowspan=\"1\">\n<div class=\"magic-17\">Renk<\/div>\n<\/td>\n<td colspan=\"1\" rowspan=\"1\">\n<div class=\"magic-18\">mavi, siyah, sar\u0131, ye\u015fil, k\u0131rm\u0131z\u0131 vb.<\/div>\n<\/td>\n<\/tr>\n<tr>\n<td colspan=\"1\" rowspan=\"1\">\n<div class=\"magic-17\">Yonga<\/div>\n<\/td>\n<td colspan=\"1\" rowspan=\"1\">\n<div class=\"magic-18\">MIFARE Classic\u00ae 1K veya Di\u011ferleri<\/div>\n<\/td>\n<\/tr>\n<tr>\n<td colspan=\"1\" rowspan=\"1\">\n<div class=\"magic-17\">S\u0131kl\u0131k<\/div>\n<\/td>\n<td colspan=\"1\" rowspan=\"1\">\n<div class=\"magic-18\">13.56Mhz<\/div>\n<\/td>\n<\/tr>\n<tr>\n<td colspan=\"1\" rowspan=\"1\">\n<div class=\"magic-17\">Hava Aray\u00fcz Protokol\u00fc<\/div>\n<\/td>\n<td colspan=\"1\" rowspan=\"1\">\n<div class=\"magic-18\">ISO14443A<\/div>\n<\/td>\n<\/tr>\n<tr>\n<td colspan=\"1\" rowspan=\"1\">\n<div class=\"magic-17\">Bask\u0131<\/div>\n<\/td>\n<td colspan=\"1\" rowspan=\"1\">\n<div class=\"magic-18\">\u00d6zel Logo, Seri numaras\u0131, QR kodu, UID numaras\u0131<\/div>\n<\/td>\n<\/tr>\n<tr>\n<td colspan=\"1\" rowspan=\"1\">\n<div class=\"magic-17\">\u00d6zellik<\/div>\n<\/td>\n<td colspan=\"1\" rowspan=\"1\">\n<div class=\"magic-18\">Su ge\u00e7irmez, darbeye dayan\u0131kl\u0131<\/div>\n<\/td>\n<\/tr>\n<tr>\n<td colspan=\"1\" rowspan=\"1\">\n<div class=\"magic-17\">EK<\/div>\n<\/td>\n<td colspan=\"1\" rowspan=\"1\">\n<div class=\"magic-18\">\u00c7ift g\u00fcm\u00fc\u015f metal y\u00fcz\u00fck<\/div>\n<\/td>\n<\/tr>\n<tr>\n<td colspan=\"1\" rowspan=\"1\">\n<div class=\"magic-17\">Ba\u015fvuru<\/div>\n<\/td>\n<td colspan=\"1\" rowspan=\"1\">\n<div class=\"magic-18\">Eri\u015fim kontrol\u00fc, kat\u0131l\u0131m y\u00f6netimi, kimlik do\u011frulama<\/div>\n<\/td>\n<\/tr>\n<\/tbody>\n<\/table>","protected":false},"excerpt":{"rendered":"<p>The\u00a0<strong>Su Ge\u00e7irmez MIFARE Classic 1K Programlanabilir RFID NFC Anahtarl\u0131k<\/strong>\u00a0Geli\u015fmi\u015f NFC teknolojisini hava ko\u015fullar\u0131na dayan\u0131kl\u0131 bir tasar\u0131mla birle\u015ftirerek g\u00fcvenli eri\u015fim kontrol\u00fc i\u00e7in dayan\u0131kl\u0131 ve \u00e7ok y\u00f6nl\u00fc bir \u00e7\u00f6z\u00fcm sunar. \u00c7e\u015fitli uygulamalar i\u00e7in ideal olan bu anahtarl\u0131k, hem i\u015flevselli\u011fi hem de rahatl\u0131\u011f\u0131 art\u0131rarak kolay \u00f6zelle\u015ftirme ve programlamaya olanak tan\u0131r.<\/p>","protected":false},"featured_media":3249,"template":"","meta":[],"product_brand":[],"product_cat":[49],"product_tag":[],"class_list":{"0":"post-3248","1":"product","2":"type-product","3":"status-publish","4":"has-post-thumbnail","6":"product_cat-nfc-key-fobs","8":"first","9":"instock","10":"shipping-taxable","11":"product-type-simple"},"_links":{"self":[{"href":"https:\/\/nfc-readers.com\/tr\/wp-json\/wp\/v2\/product\/3248","targetHints":{"allow":["GET"]}}],"collection":[{"href":"https:\/\/nfc-readers.com\/tr\/wp-json\/wp\/v2\/product"}],"about":[{"href":"https:\/\/nfc-readers.com\/tr\/wp-json\/wp\/v2\/types\/product"}],"wp:featuredmedia":[{"embeddable":true,"href":"https:\/\/nfc-readers.com\/tr\/wp-json\/wp\/v2\/media\/3249"}],"wp:attachment":[{"href":"https:\/\/nfc-readers.com\/tr\/wp-json\/wp\/v2\/media?parent=3248"}],"wp:term":[{"taxonomy":"product_brand","embeddable":true,"href":"https:\/\/nfc-readers.com\/tr\/wp-json\/wp\/v2\/product_brand?post=3248"},{"taxonomy":"product_cat","embeddable":true,"href":"https:\/\/nfc-readers.com\/tr\/wp-json\/wp\/v2\/product_cat?post=3248"},{"taxonomy":"product_tag","embeddable":true,"href":"https:\/\/nfc-readers.com\/tr\/wp-json\/wp\/v2\/product_tag?post=3248"}],"curies":[{"name":"wp","href":"https:\/\/api.w.org\/{rel}","templated":true}]}}