{"id":3264,"date":"2024-10-30T13:19:53","date_gmt":"2024-10-30T13:19:53","guid":{"rendered":"https:\/\/nfc-readers.com\/?post_type=product&#038;p=3264"},"modified":"2024-10-30T13:19:53","modified_gmt":"2024-10-30T13:19:53","slug":"rewritable-abs-t5577-lf-125khz-waterproof-rfid-keyfob","status":"publish","type":"product","link":"https:\/\/nfc-readers.com\/tr\/ic-reader\/rewritable-abs-t5577-lf-125khz-waterproof-rfid-keyfob\/","title":{"rendered":"Yeniden Yaz\u0131labilir ABS T5577 LF 125Khz Su Ge\u00e7irmez RFID Anahtarl\u0131k"},"content":{"rendered":"<h1 style=\"text-align: center;\"><strong>Yeniden Yaz\u0131labilir ABS T5577 LF 125Khz Su Ge\u00e7irmez RFID Anahtarl\u0131k<\/strong><\/h1>\n<p>&nbsp;<\/p>\n<p>Tan\u0131t\u0131m\u0131\u00a0<strong>Yeniden Yaz\u0131labilir ABS T5577 LF 125KHz Su Ge\u00e7irmez RFID Anahtarl\u0131k<\/strong>: eri\u015fim kontrol ihtiya\u00e7lar\u0131n\u0131z i\u00e7in ideal \u00e7\u00f6z\u00fcm! G\u00fcvenlik, rahatl\u0131k veya verimlilik i\u00e7in bir anahtarl\u0131\u011fa ihtiyac\u0131n\u0131z olsun, bu \u00e7ok y\u00f6nl\u00fc RFID anahtarl\u0131\u011f\u0131, hem ki\u015fisel hem de profesyonel kullan\u0131m i\u00e7in olmazsa olmaz k\u0131lan ola\u011fan\u00fcst\u00fc \u00f6zellikler sunar.<\/p>\n<p>Bu dayan\u0131kl\u0131 ve g\u00fcvenli anahtarl\u0131k, zorlu hava ko\u015fullar\u0131na dayanacak \u015fekilde tasarlanm\u0131\u015ft\u0131r ve d\u0131\u015f mekan uygulamalar\u0131 i\u00e7in m\u00fckemmeldir. 125KHz&#039;lik d\u00fc\u015f\u00fck bir frekansla, bu RFID anahtarl\u0131k istikrarl\u0131 ileti\u015fim sa\u011flar ve yaz\u0131labilirdir, b\u00f6ylece \u00f6zel ihtiya\u00e7lar\u0131n\u0131za uyacak \u015fekilde de\u011fi\u015ftirebilirsiniz. Bu kapsaml\u0131 \u00fcr\u00fcn a\u00e7\u0131klamas\u0131nda, Yeniden Yaz\u0131labilir ABS T5577 RFID Anahtarl\u0131k&#039;\u0131n say\u0131s\u0131z avantaj\u0131n\u0131 inceleyecek ve eri\u015fim kontrol \u00e7\u00f6z\u00fcmleriniz i\u00e7in neden dikkate al\u0131nmaya de\u011fer oldu\u011funu ke\u015ffedece\u011fiz.<\/p>\n<p>&nbsp;<\/p>\n<h3><strong>Yeniden Yaz\u0131labilir ABS T5577 Anahtarl\u0131\u011f\u0131n\u0131n Genel G\u00f6r\u00fcn\u00fcm\u00fc<\/strong><\/h3>\n<p>The\u00a0<strong>Yeniden Yaz\u0131labilir ABS T5577 LF 125KHz Su Ge\u00e7irmez RFID Anahtarl\u0131k<\/strong>\u00a0g\u00fcvenlik, \u00e7ok y\u00f6nl\u00fcl\u00fck ve kullan\u0131c\u0131 dostu olman\u0131n m\u00fckemmel bir kar\u0131\u015f\u0131m\u0131d\u0131r. \u00c7in&#039;in Guangdong kentinde tasarlanan ve ZD taraf\u0131ndan \u00fcretilen bu RFID anahtarl\u0131k, \u00e7e\u015fitli ortamlarda kullan\u0131labilir ve eri\u015fim kontrol sistemleri i\u00e7in g\u00fcvenilir bir \u00e7\u00f6z\u00fcm sunar.<\/p>\n<p>\u0130ster bir otel y\u00f6netiyor olun, ister bir otopark\u0131n g\u00fcvenli\u011fini sa\u011fl\u0131yor veya bir etkinli\u011fi denetliyor olun, yeniden yaz\u0131labilir \u00f6zellik, her bir anahtarl\u0131\u011f\u0131 belirli uygulamalar i\u00e7in \u00f6zelle\u015ftirmenize olanak tan\u0131r ve bu da onu hem i\u015fletmeler hem de bireyler i\u00e7in uygun maliyetli bir se\u00e7im haline getirir.<\/p>\n<p>&nbsp;<\/p>\n<h3><strong>Temel \u00d6zellikler<\/strong><\/h3>\n<p>The\u00a0<strong>Yeniden yaz\u0131labilir ABS T5577 Anahtarl\u0131k<\/strong>\u00a0\u00e7e\u015fitli \u00f6zel \u00f6zelliklere sahiptir:<\/p>\n<ul>\n<li><strong>Suya ve Hava Ko\u015fullar\u0131na Dayan\u0131kl\u0131:<\/strong>\u00a0D\u0131\u015f etkenlere dayan\u0131kl\u0131 olarak \u00fcretilmi\u015ftir, dayan\u0131kl\u0131l\u0131k ve g\u00fcvenilirlik sa\u011flar.<\/li>\n<li><strong>Mini Etiket Tasar\u0131m\u0131:<\/strong>\u00a0Kompakt ve hafif yap\u0131s\u0131 sayesinde ta\u015f\u0131nmas\u0131 ve kullan\u0131m\u0131 kolayd\u0131r.<\/li>\n<li><strong>RFID \u0130leti\u015fimi:<\/strong>\u00a0Uyumlu okuyucularla sorunsuz etkile\u015fim i\u00e7in RFID teknolojisini kullan\u0131r.<\/li>\n<li><strong>Yaz\u0131labilir Yetenek:<\/strong>\u00a0Anahtarl\u0131k ki\u015fiselle\u015ftirmesi basittir; gerekti\u011finde bilgileri yeniden yazabilirsiniz.<\/li>\n<li><strong>Renk \u00c7e\u015fitlili\u011fi:<\/strong>\u00a0Sar\u0131, mavi, k\u0131rm\u0131z\u0131, siyah, ye\u015fil ve daha bir\u00e7ok renkte mevcut olup, i\u015flevselli\u011fin yan\u0131 s\u0131ra estetik bir se\u00e7im de sunuyor.<\/li>\n<li><strong>Lazer Kaz\u0131ma Bask\u0131:<\/strong>\u00a0Logo veya seri numaras\u0131 sergilemek isteyen i\u015fletmeler i\u00e7in idealdir.<\/li>\n<\/ul>\n<p>Bu \u00f6zellikler bu anahtarl\u0131\u011f\u0131 \u00e7e\u015fitli uygulamalar i\u00e7in pratik bir se\u00e7im haline getirir ve bir eri\u015fim kontrol sistemindeki de\u011ferini art\u0131r\u0131r.<\/p>\n<p>&nbsp;<\/p>\n<h3><strong>Dayan\u0131kl\u0131l\u0131k ve Su Ge\u00e7irmezlik<\/strong><\/h3>\n<p>\u00d6ne \u00e7\u0131kan avantajlardan biri\u00a0<strong>Yeniden yaz\u0131labilir ABS T5577 Anahtarl\u0131k<\/strong>\u00a0su ge\u00e7irmez ve hava ko\u015fullar\u0131na dayan\u0131kl\u0131 tasar\u0131m\u0131d\u0131r. Y\u00fcksek kaliteli ABS malzemeden \u00fcretilmi\u015ftir, hem de\u011fi\u015fen hava ko\u015fullar\u0131na dayan\u0131kl\u0131d\u0131r hem de d\u0131\u015f mekanlarda g\u00fcvenilir bir \u015fekilde \u00e7al\u0131\u015fabilir.<\/p>\n<p>D\u00fc\u015f\u00fck frekans yetenekleri (125KHz) ayr\u0131ca RFID okuyucularla ileti\u015fim verimlili\u011fini art\u0131rmaya yard\u0131mc\u0131 olur ve kullan\u0131c\u0131lar\u0131n hava ko\u015fullar\u0131n\u0131n eri\u015fimini etkilemesi konusunda endi\u015felenmeden sorunsuz bir \u015fekilde giri\u015f yapmalar\u0131n\u0131 sa\u011flar. Bu dayan\u0131kl\u0131l\u0131k seviyesi, zaman\u0131n ve g\u00fcvenilirli\u011fin kritik oldu\u011fu oteller ve d\u0131\u015f mekan g\u00fcvenlik sistemleri i\u00e7in onu \u00f6zellikle de\u011ferli k\u0131lar.<\/p>\n<p>&nbsp;<\/p>\n<h3><strong>Kullan\u0131m ve Kurulum Kolayl\u0131\u011f\u0131<\/strong><\/h3>\n<p>Kurulumu\u00a0<strong>Yeniden yaz\u0131labilir ABS T5577 Anahtarl\u0131k<\/strong>\u00a0zahmetsizdir, bu da onu \u00f6zellikle teknoloji merakl\u0131s\u0131 olmayanlar i\u00e7in bile ideal bir se\u00e7im haline getirir. Yeniden yaz\u0131labilir \u00f6zellik, kullan\u0131c\u0131lar\u0131n karma\u015f\u0131k ara\u00e7lara veya uygulamalara ihtiya\u00e7 duymadan depolanan verileri h\u0131zla g\u00fcncellemesine veya de\u011fi\u015ftirmesine olanak tan\u0131r.<\/p>\n<p>Anahtarl\u0131\u011f\u0131 uygun bir RFID programlay\u0131c\u0131ya tak\u0131n ve benzersiz bir tan\u0131mlama numaras\u0131, eri\u015fim izinleri veya di\u011fer ilgili veriler olsun, istedi\u011finiz bilgileri kodlamaya ba\u015flay\u0131n. Bu basit kurulum, anahtarl\u0131\u011f\u0131n mevcut herhangi bir eri\u015fim kontrol sistemine entegrasyonunu basitle\u015ftirir.<\/p>\n<p>&nbsp;<\/p>\n<h3><strong>S\u0131k\u00e7a Sorulan Sorular (SSS)<\/strong><\/h3>\n<h3>S1: Yeniden Yaz\u0131labilir ABS T5577 RFID Anahtarl\u0131\u011f\u0131n\u0131n frekans\u0131 nedir?<\/h3>\n<p><strong>A:<\/strong>\u00a0Yeniden Yaz\u0131labilir ABS T5577 Anahtarl\u0131k, \u015fu frekansta \u00e7al\u0131\u015f\u0131r:\u00a0<strong>125KHz<\/strong>Eri\u015fim kontrol sistemlerinde yayg\u0131n olarak kullan\u0131lan RFID okuyucularla etkili ileti\u015fime olanak sa\u011flar.<\/p>\n<h3>S2: Anahtarl\u0131k su ge\u00e7irmez mi?<\/h3>\n<p><strong>A:<\/strong>\u00a0Evet, Yeniden Yaz\u0131labilir ABS T5577 Anahtarl\u0131k hem suya hem de hava ko\u015fullar\u0131na dayan\u0131kl\u0131d\u0131r ve zorlu d\u0131\u015f ortamlarda bile dayan\u0131kl\u0131l\u0131k ve g\u00fcvenilirlik sa\u011flar.<\/p>\n<h3>S3: Anahtarl\u0131ktaki bilgileri yeniden yazabilir miyim?<\/h3>\n<p><strong>A:<\/strong>\u00a0Kesinlikle! Bu anahtarl\u0131k bir\u00a0<strong>yeniden yaz\u0131labilirlik yetene\u011fi<\/strong>\u00a0\u0130htiya\u00e7lar\u0131n\u0131za g\u00f6re \u00fczerinde saklanan bilgileri kolayca \u00f6zelle\u015ftirmenize veya g\u00fcncellemenize olanak tan\u0131r.<\/p>\n<h3>S4: Anahtarl\u0131k hangi malzemeden yap\u0131lm\u0131\u015ft\u0131r?<\/h3>\n<p><strong>A:<\/strong>\u00a0Anahtarl\u0131k y\u00fcksek kaliteli malzemeden yap\u0131lm\u0131\u015ft\u0131r\u00a0<strong>ABS malzemesi<\/strong>, dayan\u0131kl\u0131l\u0131k ve a\u015f\u0131nmaya kar\u015f\u0131 diren\u00e7 sa\u011flar.<\/p>\n<h3>S5: Anahtarl\u0131k nas\u0131l kurulur?<\/h3>\n<p><strong>A:<\/strong>\u00a0Yeniden Yaz\u0131labilir ABS T5577 Anahtarl\u0131\u011f\u0131n\u0131 kurmak basittir. Kimlik numaralar\u0131 veya eri\u015fim izinleri gibi istedi\u011finiz bilgileri y\u00fcklemek i\u00e7in uyumlu bir RFID programlay\u0131c\u0131ya ba\u011flaman\u0131z yeterlidir.<\/p>","protected":false},"excerpt":{"rendered":"<p>The\u00a0<strong>Yeniden Yaz\u0131labilir ABS T5577 LF 125KHz Su Ge\u00e7irmez RFID Anahtarl\u0131k<\/strong>\u00a0Eri\u015fim kontrol ihtiya\u00e7lar\u0131 i\u00e7in \u00e7ok y\u00f6nl\u00fc ve dayan\u0131kl\u0131 bir \u00e7\u00f6z\u00fcm sunar, kullan\u0131c\u0131 dostu yeniden yaz\u0131labilir i\u015flevselli\u011fi hava ko\u015fullar\u0131na dayan\u0131kl\u0131 g\u00fcvenilirlikle birle\u015ftirir. A\u00e7\u0131k hava uygulamalar\u0131 i\u00e7in ideal olan bu anahtarl\u0131k, kompakt bir tasar\u0131mda RFID okuyucularla g\u00fcvenli ve verimli ileti\u015fim sa\u011flar.<\/p>","protected":false},"featured_media":3265,"template":"","meta":[],"product_brand":[],"product_cat":[49],"product_tag":[],"class_list":{"0":"post-3264","1":"product","2":"type-product","3":"status-publish","4":"has-post-thumbnail","6":"product_cat-nfc-key-fobs","8":"first","9":"instock","10":"shipping-taxable","11":"product-type-simple"},"_links":{"self":[{"href":"https:\/\/nfc-readers.com\/tr\/wp-json\/wp\/v2\/product\/3264","targetHints":{"allow":["GET"]}}],"collection":[{"href":"https:\/\/nfc-readers.com\/tr\/wp-json\/wp\/v2\/product"}],"about":[{"href":"https:\/\/nfc-readers.com\/tr\/wp-json\/wp\/v2\/types\/product"}],"wp:featuredmedia":[{"embeddable":true,"href":"https:\/\/nfc-readers.com\/tr\/wp-json\/wp\/v2\/media\/3265"}],"wp:attachment":[{"href":"https:\/\/nfc-readers.com\/tr\/wp-json\/wp\/v2\/media?parent=3264"}],"wp:term":[{"taxonomy":"product_brand","embeddable":true,"href":"https:\/\/nfc-readers.com\/tr\/wp-json\/wp\/v2\/product_brand?post=3264"},{"taxonomy":"product_cat","embeddable":true,"href":"https:\/\/nfc-readers.com\/tr\/wp-json\/wp\/v2\/product_cat?post=3264"},{"taxonomy":"product_tag","embeddable":true,"href":"https:\/\/nfc-readers.com\/tr\/wp-json\/wp\/v2\/product_tag?post=3264"}],"curies":[{"name":"wp","href":"https:\/\/api.w.org\/{rel}","templated":true}]}}