{"id":3286,"date":"2024-10-31T02:35:44","date_gmt":"2024-10-31T02:35:44","guid":{"rendered":"https:\/\/nfc-readers.com\/?post_type=product&#038;p=3286"},"modified":"2024-10-31T02:40:35","modified_gmt":"2024-10-31T02:40:35","slug":"acr1555u-bluetooth-usb-nfc-contactless-reader-writer","status":"publish","type":"product","link":"https:\/\/nfc-readers.com\/tr\/ic-reader\/acr1555u-bluetooth-usb-nfc-contactless-reader-writer\/","title":{"rendered":"ACR1555U Bluetooth USB NFC Temass\u0131z Okuyucu Yaz\u0131c\u0131"},"content":{"rendered":"<h1 class=\"AnswerParser_AnswerParserH1__6UNv6\">ACR1555U NFC Okuyucusunu ke\u015ffedin: En \u0130yi Temass\u0131z \u00c7\u00f6z\u00fcm\u00fcn\u00fcz<\/h1>\n<p><span class=\"AnswerParser_TextContainer__z_Iiv\" data-testid=\"youchat-text\">The\u00a0<strong>ACR1555U NFC Okuyucu<\/strong>\u00a0NFC \u00f6zellikli cihazlar ile ak\u0131ll\u0131 kartlar aras\u0131nda sorunsuz etkile\u015fimleri kolayla\u015ft\u0131rmak i\u00e7in tasarlanm\u0131\u015f son teknoloji bir cihazd\u0131r.\u00a0<strong>NFC okuyucu<\/strong>\u00a0\u00c7e\u015fitli temass\u0131z teknolojileri destekler ve kullan\u0131c\u0131lar\u0131n verileri verimli bir \u015fekilde okumas\u0131na ve yazmas\u0131na olanak tan\u0131r. ACR1555U&#039;nun \u00e7ok y\u00f6nl\u00fcl\u00fc\u011f\u00fc ve y\u00fcksek performans yetenekleri onu i\u015fletmeler, geli\u015ftiriciler ve teknoloji merakl\u0131lar\u0131 i\u00e7in vazge\u00e7ilmez bir ara\u00e7 haline getirir. Bu okuyucuyla \u00f6deme i\u015fleme, eri\u015fim kontrol\u00fc ve veri al\u0131\u015fveri\u015finde bir olas\u0131l\u0131klar d\u00fcnyas\u0131n\u0131n kilidini a\u00e7abilir ve NFC teknoloji ara\u00e7 setini geli\u015ftirmek isteyen herkes i\u00e7in de\u011ferli bir yat\u0131r\u0131m haline getirebilirsiniz.<\/span><\/p>\n<h2 class=\"AnswerParser_AnswerParserH2__SIHnF\">\u00dcr\u00fcn Anahatt\u0131<\/h2>\n<ol class=\"AnswerParser_AnswerParserOrderedList__kl_2Y\">\n<li class=\"AnswerParser_ListItem__XqLOV\" translate=\"yes\"><strong>ACR1555U NFC Okuyucu Nedir?<\/strong><\/li>\n<li class=\"AnswerParser_ListItem__XqLOV\" translate=\"yes\"><strong>ACR1555U&#039;nun Temel \u00d6zellikleri<\/strong><\/li>\n<li class=\"AnswerParser_ListItem__XqLOV\" translate=\"yes\"><strong>Desteklenen NFC Etiketleri ve Kartlar\u0131<\/strong><\/li>\n<li class=\"AnswerParser_ListItem__XqLOV\" translate=\"yes\"><strong>Teknik \u00d6zellikler<\/strong><\/li>\n<li class=\"AnswerParser_ListItem__XqLOV\" translate=\"yes\"><strong>Kullan\u0131m Talimatlar\u0131<\/strong><\/li>\n<li class=\"AnswerParser_ListItem__XqLOV\" translate=\"yes\"><strong>\u00c7evresel Etki ve S\u00fcrd\u00fcr\u00fclebilirlik<\/strong><\/li>\n<li class=\"AnswerParser_ListItem__XqLOV\" translate=\"yes\"><strong>M\u00fc\u015fteri Puanlar\u0131 ve Yorumlar\u0131<\/strong><\/li>\n<li class=\"AnswerParser_ListItem__XqLOV\" translate=\"yes\"><strong>S\u0131k\u00e7a Sorulan Sorular (SSS)<\/strong><\/li>\n<li class=\"AnswerParser_ListItem__XqLOV\" translate=\"yes\"><strong>\u0130lgili \u00dcr\u00fcnler Ayr\u0131ca \u015eunlar\u0131 da Be\u011fenebilirsiniz<\/strong><\/li>\n<li class=\"AnswerParser_ListItem__XqLOV\" translate=\"yes\"><strong>Neden ACR1555U NFC Okuyucuyu Se\u00e7melisiniz?<\/strong><\/li>\n<\/ol>\n<hr \/>\n<h2 class=\"AnswerParser_AnswerParserH2__SIHnF\">ACR1555U NFC Okuyucu Nedir?<\/h2>\n<p><span class=\"AnswerParser_TextContainer__z_Iiv\" data-testid=\"youchat-text\">The\u00a0<strong>ACR1555U NFC Okuyucu<\/strong>\u00a0y\u00fcksek performansl\u0131 temass\u0131z ileti\u015fim i\u00e7in tasarlanm\u0131\u015f son teknoloji bir cihazd\u0131r. \u00c7e\u015fitli NFC standartlar\u0131n\u0131 destekler, bunlar aras\u0131nda \u015funlar bulunur:\u00a0<strong>ISO 14443<\/strong>\u00a0Ve\u00a0<strong>ISO 18092<\/strong>, onu \u00e7ok \u00e7e\u015fitli NFC etiketleri ve ak\u0131ll\u0131 kartlarla uyumlu hale getirir. \u00d6demeleri i\u015flemek, eri\u015fim kontrol\u00fcn\u00fc y\u00f6netmek veya NFC \u00f6zellikli cihazlarla etkile\u015fim kurmak istiyorsan\u0131z, ACR1555U h\u0131zl\u0131 ve g\u00fcvenilir bir \u00e7\u00f6z\u00fcm sunar.<\/span><span class=\"AnswerParser_TextContainer__z_Iiv\" data-testid=\"youchat-text\">Bu\u00a0<strong>NFC okuyucu<\/strong>\u00a0\u00f6zellikle h\u0131zl\u0131 ve g\u00fcvenli i\u015flemlerin \u00f6nemli oldu\u011fu perakende, sa\u011fl\u0131k ve lojistik sekt\u00f6r\u00fcndeki i\u015fletmeler i\u00e7in faydal\u0131d\u0131r. Bluetooth yetenekleri, ak\u0131ll\u0131 telefonlara ve tabletlere kablosuz ba\u011flant\u0131lara izin vererek kullan\u0131labilirli\u011fini daha da art\u0131r\u0131r ve onu \u00e7e\u015fitli uygulamalar i\u00e7in \u00e7ok y\u00f6nl\u00fc bir se\u00e7enek haline getirir.<\/span><\/p>\n<h2 class=\"AnswerParser_AnswerParserH2__SIHnF\">ACR1555U&#039;nun Temel \u00d6zellikleri<\/h2>\n<p><span class=\"AnswerParser_TextContainer__z_Iiv\" data-testid=\"youchat-text\">ACR1555U, onu piyasadaki di\u011fer NFC okuyucular\u0131ndan ay\u0131ran bir\u00e7ok \u00f6nemli \u00f6zelli\u011fe sahiptir:<\/span><\/p>\n<ul class=\"AnswerParser_AnswerParserUnorderedList__P_1FW\">\n<li class=\"AnswerParser_ListItem__XqLOV\" translate=\"yes\"><strong>Bluetooth Ba\u011flant\u0131s\u0131<\/strong>: Bluetooth teknolojisini kullanan ACR1555U, ak\u0131ll\u0131 telefonlar ve tabletlerle kolayca e\u015fle\u015ftirilebiliyor ve kablosuz bir deneyim sunuyor.<\/li>\n<li class=\"AnswerParser_ListItem__XqLOV\" translate=\"yes\"><strong>Geni\u015f Uyumluluk<\/strong>: Bu\u00a0<strong>NFC cihaz\u0131<\/strong>\u00a0dahil olmak \u00fczere birden fazla standard\u0131 destekler\u00a0<strong>M\u0130FARE<\/strong>,\u00a0<strong>FeliCa<\/strong>ve \u00e7e\u015fitli RFID kart tipleri ile geni\u015f yelpazedeki teknolojilerle \u00e7al\u0131\u015fabilmenizi sa\u011flar.<\/li>\n<li class=\"AnswerParser_ListItem__XqLOV\" translate=\"yes\"><strong>Kullan\u0131c\u0131 Dostu Aray\u00fcz<\/strong>:Cihaz, durumunu izlemeyi ve etkili bir \u015fekilde \u00e7al\u0131\u015ft\u0131rmay\u0131 kolayla\u015ft\u0131ran sezgisel kontroller ve g\u00f6stergelerle donat\u0131lm\u0131\u015ft\u0131r.<\/li>\n<\/ul>\n<p><span class=\"AnswerParser_TextContainer__z_Iiv\" data-testid=\"youchat-text\">Bu \u00f6zellikler ACR1555U&#039;yu yaln\u0131zca g\u00fc\u00e7l\u00fc de\u011fil ayn\u0131 zamanda inan\u0131lmaz derecede kullan\u0131c\u0131 dostu hale getirir ve dik bir \u00f6\u011frenme e\u011frisi olmadan yeteneklerini en \u00fcst d\u00fczeye \u00e7\u0131karman\u0131z\u0131 sa\u011flar.<\/span><\/p>\n<h2 class=\"AnswerParser_AnswerParserH2__SIHnF\">Desteklenen NFC Etiketleri ve Kartlar\u0131<\/h2>\n<p><span class=\"AnswerParser_TextContainer__z_Iiv\" data-testid=\"youchat-text\">ACR1555U \u00e7ok y\u00f6nl\u00fcd\u00fcr ve \u00e7ok \u00e7e\u015fitli NFC etiketlerini ve kartlar\u0131n\u0131 destekler:<\/span><\/p>\n<ul class=\"AnswerParser_AnswerParserUnorderedList__P_1FW\">\n<li class=\"AnswerParser_ListItem__XqLOV\" translate=\"yes\"><strong>MIFARE\u00ae Kartlar\u0131<\/strong>:Genellikle eri\u015fim kontrol\u00fc ve toplu ta\u015f\u0131mada kullan\u0131lan bu kartlar ACR1555U taraf\u0131ndan iyi bir \u015fekilde desteklenmektedir.<\/li>\n<li class=\"AnswerParser_ListItem__XqLOV\" translate=\"yes\"><strong>ISO 14443 Tip A ve B<\/strong>: Bu uyumluluk piyasadaki temass\u0131z ak\u0131ll\u0131 kartlar\u0131n \u00e7o\u011fuyla etkile\u015fim kurabilmenizi sa\u011flar.<\/li>\n<li class=\"AnswerParser_ListItem__XqLOV\" translate=\"yes\"><strong>NFC Etiketleri<\/strong>:\u0130ster pazarlama i\u00e7in NFC etiketleri, ister NFC \u00f6zellikli kartvizitler kullan\u0131n, ACR1555U verileri sorunsuz bir \u015fekilde okuyabilir ve yazabilir.<\/li>\n<\/ul>\n<p><span class=\"AnswerParser_TextContainer__z_Iiv\" data-testid=\"youchat-text\">Bu geni\u015f uyumluluk, kullan\u0131c\u0131lar\u0131n \u00e7e\u015fitli uygulamalarla etkile\u015fime girmesine olanak tan\u0131r\u00a0<strong>NFC etiket t\u00fcrleri<\/strong>Bu da ACR1555U&#039;yu her t\u00fcrl\u00fc proje i\u00e7in esnek bir se\u00e7im haline getiriyor.<\/span><\/p>\n<h2 class=\"AnswerParser_AnswerParserH2__SIHnF\">Teknik \u00d6zellikler<\/h2>\n<div class=\"AnswerParser_TableContainer__Erb6v\" data-testid=\"table-container\">\n<table>\n<thead>\n<tr>\n<th>\u015eartname<\/th>\n<th>Detaylar<\/th>\n<\/tr>\n<\/thead>\n<tbody>\n<tr>\n<td><strong>\u0130leti\u015fim aray\u00fcz\u00fc<\/strong><\/td>\n<td>USB ve Bluetooth<\/td>\n<\/tr>\n<tr>\n<td><strong>Desteklenen Standartlar<\/strong><\/td>\n<td>ISO 14443, ISO 18092<\/td>\n<\/tr>\n<tr>\n<td><strong>\u00c7al\u0131\u015fma Frekans\u0131<\/strong><\/td>\n<td>13,56 MHz<\/td>\n<\/tr>\n<tr>\n<td><strong>G\u00fc\u00e7 Kayna\u011f\u0131<\/strong><\/td>\n<td>450mAh \u015farj edilebilir pil<\/td>\n<\/tr>\n<tr>\n<td><strong>Uyumluluk<\/strong><\/td>\n<td>Android ve iOS cihazlar<\/td>\n<\/tr>\n<\/tbody>\n<\/table>\n<\/div>\n<p><span class=\"AnswerParser_TextContainer__z_Iiv\" data-testid=\"youchat-text\">Bu teknik \u00f6zellikler, ACR1555U&#039;nun sa\u011flam tasar\u0131m\u0131n\u0131 ve \u00e7e\u015fitli ortamlarda verimli bir \u015fekilde \u00e7al\u0131\u015fma yetene\u011fini vurgulamaktad\u0131r.<\/span><\/p>\n<h2 class=\"AnswerParser_AnswerParserH2__SIHnF\">Kullan\u0131m Talimatlar\u0131<\/h2>\n<p><span class=\"AnswerParser_TextContainer__z_Iiv\" data-testid=\"youchat-text\">ACR1555U NFC Okuyucunun kullan\u0131m\u0131 olduk\u00e7a basittir:<\/span><\/p>\n<ol class=\"AnswerParser_AnswerParserOrderedList__kl_2Y\">\n<li class=\"AnswerParser_ListItem__XqLOV\" translate=\"yes\"><strong>Cihaz\u0131 Ba\u011flay\u0131n<\/strong>: Do\u011frudan kullan\u0131m i\u00e7in USB ba\u011flant\u0131s\u0131n\u0131 kullan\u0131n veya ak\u0131ll\u0131 telefonunuz veya tabletinizle kablosuz ileti\u015fim i\u00e7in Bluetooth&#039;u etkinle\u015ftirin.<\/li>\n<li class=\"AnswerParser_ListItem__XqLOV\" translate=\"yes\"><strong>NFC Ara\u00e7lar\u0131n\u0131 Y\u00fckle<\/strong>: Uyumlu NFC ara\u00e7lar\u0131n\u0131 \u015fu adresten indirin:\u00a0<strong>Uygulama Ma\u011fazas\u0131<\/strong>\u00a0veya i\u015flevselli\u011fi art\u0131rmak i\u00e7in ilgili uygulama pazar yerlerini kullan\u0131n.<\/li>\n<li class=\"AnswerParser_ListItem__XqLOV\" translate=\"yes\"><strong>Okuma ve Yazmaya Ba\u015flay\u0131n<\/strong>: NFC ara\u00e7lar\u0131 kurulu oldu\u011funda, NFC etiketlerine ve kartlar\u0131na kolayca veri okuyabilir ve yazabilirsiniz; bu sayede i\u015flem h\u0131zl\u0131 ve kolay hale gelir.<\/li>\n<\/ol>\n<p><span class=\"AnswerParser_TextContainer__z_Iiv\" data-testid=\"youchat-text\">Bu kullan\u0131m kolayl\u0131\u011f\u0131 hem teknik hem de teknik olmayan kullan\u0131c\u0131lar i\u00e7in \u00f6nemli bir avantajd\u0131r.<\/span><\/p>\n<h2 class=\"AnswerParser_AnswerParserH2__SIHnF\">\u00c7evresel Etki ve S\u00fcrd\u00fcr\u00fclebilirlik<\/h2>\n<p><span class=\"AnswerParser_TextContainer__z_Iiv\" data-testid=\"youchat-text\">Teknoloji ilerledik\u00e7e, \u00e7evresel s\u00fcrd\u00fcr\u00fclebilirli\u011fe vurgu da art\u0131yor. ACR1555U, \u00e7evre dostu uygulamalar d\u00fc\u015f\u00fcn\u00fclerek tasarlanm\u0131\u015ft\u0131r. D\u00fc\u015f\u00fck g\u00fc\u00e7 t\u00fcketimi ve \u015farj edilebilir pili, at\u0131klar\u0131 azalt\u0131r ve cihaz\u0131n karbon ayak izini en aza indirir.\u00a0<strong>13.56 MHz temass\u0131z teknoloji<\/strong>ACR1555U, k\u00fcresel s\u00fcrd\u00fcr\u00fclebilirlik hedefleriyle uyumlu olarak enerjinin verimli kullan\u0131m\u0131n\u0131 te\u015fvik ediyor.<\/span><\/p>\n<h2 class=\"AnswerParser_AnswerParserH2__SIHnF\">M\u00fc\u015fteri Puanlar\u0131 ve Yorumlar\u0131<\/h2>\n<p><span class=\"AnswerParser_TextContainer__z_Iiv\" data-testid=\"youchat-text\">ACR1555U, \u00e7e\u015fitli sekt\u00f6rlerdeki kullan\u0131c\u0131lardan olumlu geri bildirimler ald\u0131. Bir\u00e7ok m\u00fc\u015fteri, g\u00fcvenilirli\u011fini, kullan\u0131m kolayl\u0131\u011f\u0131n\u0131 ve \u00e7ok y\u00f6nl\u00fcl\u00fc\u011f\u00fcn\u00fc takdir ediyor. \u0130\u015fte derecelendirmelerden ve incelemelerden baz\u0131 \u00f6nemli noktalar:<\/span><\/p>\n<ul class=\"AnswerParser_AnswerParserUnorderedList__P_1FW\">\n<li class=\"AnswerParser_ListItem__XqLOV\" translate=\"yes\"><strong>Kullan\u0131c\u0131 dostu<\/strong>:M\u00fc\u015fteriler, cihaz\u0131n kurulumunun ve kullan\u0131m\u0131n\u0131n ne kadar kolay oldu\u011fundan s\u0131kl\u0131kla bahsediyor.<\/li>\n<li class=\"AnswerParser_ListItem__XqLOV\" translate=\"yes\"><strong>\u00c7ok y\u00f6nl\u00fc<\/strong>:Kullan\u0131c\u0131lar, farkl\u0131 NFC etiketleri ve kartlar\u0131yla \u00e7al\u0131\u015fabilme \u00f6zelli\u011fini seviyor, bu da \u00fcr\u00fcn\u00fc \u00e7e\u015fitli uygulamalar i\u00e7in uygun hale getiriyor.<\/li>\n<li class=\"AnswerParser_ListItem__XqLOV\" translate=\"yes\"><strong>G\u00fcvenilir Performans<\/strong>:Bir\u00e7ok ki\u015fi ACR1555U&#039;nun s\u00fcrekli olarak h\u0131zl\u0131 ve verimli performans sa\u011flad\u0131\u011f\u0131n\u0131 belirtti.<\/li>\n<\/ul>\n<p><span class=\"AnswerParser_TextContainer__z_Iiv\" data-testid=\"youchat-text\">Bu incelemeler ACR1555U NFC Okuyucusunu kullanman\u0131n getirdi\u011fi y\u00fcksek kaliteli deneyimi yans\u0131t\u0131yor.<\/span><\/p>\n<h2 class=\"AnswerParser_AnswerParserH2__SIHnF\">S\u0131k\u00e7a Sorulan Sorular (SSS)<\/h2>\n<p><span class=\"AnswerParser_TextContainer__z_Iiv\" data-testid=\"youchat-text\"><strong>S1: Bluetooth ba\u011flant\u0131s\u0131n\u0131n menzili nedir?<\/strong><br \/>\nC1: Bluetooth ba\u011flant\u0131s\u0131n\u0131n menzili genellikle 10 metre civar\u0131ndad\u0131r ve bu da \u00e7e\u015fitli ortamlarda esnek kullan\u0131m olana\u011f\u0131 sa\u011flar.<\/span><\/p>\n<p><span class=\"AnswerParser_TextContainer__z_Iiv\" data-testid=\"youchat-text\"><strong>S2: ACR1555U&#039;yu ak\u0131ll\u0131 telefonumla kullanabilir miyim?<\/strong><br \/>\nC2: Evet! ACR1555U hem Android hem de iOS cihazlarla uyumludur ve bu da onu mobil uygulamalar i\u00e7in m\u00fckemmel bir se\u00e7im haline getirir.<\/span><\/p>\n<p><span class=\"AnswerParser_TextContainer__z_Iiv\" data-testid=\"youchat-text\"><strong>S3: ACR1555U eri\u015fim kontrol uygulamalar\u0131 i\u00e7in uygun mudur?<\/strong><br \/>\nA3: Kesinlikle! \u00c7e\u015fitli ak\u0131ll\u0131 kartlar ve NFC teknolojilerini destekleyen ACR1555U, eri\u015fim kontrol sistemleri i\u00e7in idealdir.<\/span><\/p>\n<h2 class=\"AnswerParser_AnswerParserH2__SIHnF\">\u0130lgili \u00dcr\u00fcnler Ayr\u0131ca \u015eunlar\u0131 da Be\u011fenebilirsiniz<\/h2>\n<ul class=\"AnswerParser_AnswerParserUnorderedList__P_1FW\">\n<li class=\"AnswerParser_ListItem__XqLOV\" translate=\"yes\"><strong>ACR122U NFC Okuyucu<\/strong>: \u00c7e\u015fitli NFC etiketlerini ve kartlar\u0131n\u0131 destekleyen \u00e7ok y\u00f6nl\u00fc bir USB NFC okuyucu.<\/li>\n<li class=\"AnswerParser_ListItem__XqLOV\" translate=\"yes\"><strong>NFC Ara\u00e7lar\u0131 Uygulamas\u0131<\/strong>: \u015eu anda piyasada bulunan g\u00fc\u00e7l\u00fc bir uygulama:\u00a0<strong>Uygulama Ma\u011fazas\u0131<\/strong>\u00a0NFC yeteneklerini y\u00f6netmek ve kullanmak i\u00e7in.<\/li>\n<li class=\"AnswerParser_ListItem__XqLOV\" translate=\"yes\"><strong>Arduino NFC Kalkan\u0131<\/strong>:Bu uyumlu shield&#039;\u0131 kullanarak Arduino projelerinizi NFC yetenekleriyle geli\u015ftirin.<\/li>\n<\/ul>\n<h2 class=\"AnswerParser_AnswerParserH2__SIHnF\">Neden ACR1555U NFC Okuyucuyu Se\u00e7melisiniz?<\/h2>\n<p><span class=\"AnswerParser_TextContainer__z_Iiv\" data-testid=\"youchat-text\">ACR1555U NFC Okuyucu, temass\u0131z teknoloji alan\u0131nda ola\u011fan\u00fcst\u00fc bir \u00fcr\u00fcn olarak \u00f6ne \u00e7\u0131k\u0131yor.\u00a0<strong>Bluetooth<\/strong>\u00a0ba\u011flant\u0131, \u00e7e\u015fitli NFC ve RFID kartlar\u0131yla kapsaml\u0131 uyumluluk ve kullan\u0131m kolayl\u0131\u011f\u0131, onu NFC teknolojisinden yararlanmak isteyen i\u015fletmeler ve geli\u015ftiriciler i\u00e7in paha bi\u00e7ilmez bir varl\u0131k haline getirir. \u00d6deme i\u015flemeyi iyile\u015ftirmek, eri\u015fim kontrol\u00fcn\u00fc kolayla\u015ft\u0131rmak veya NFC uygulamalar\u0131yla yenilik yapmak istiyorsan\u0131z, ACR1555U m\u00fckemmel bir se\u00e7imdir.<\/span><span class=\"AnswerParser_TextContainer__z_Iiv\" data-testid=\"youchat-text\">ACR1555U&#039;yu sepetinize ekleyerek, yaln\u0131zca y\u00fcksek kaliteli bir \u00fcr\u00fcne yat\u0131r\u0131m yapmakla kalm\u0131yor, ayn\u0131 zamanda temass\u0131z teknolojinin \u00f6n saflar\u0131nda yer al\u0131yorsunuz. Bu geli\u015fmi\u015f \u00fcr\u00fcn\u00fcn sundu\u011fu olanaklar\u0131 deneyimleyin\u00a0<strong>NFC okuyucu<\/strong>\u00a0teklifleri al\u0131n ve bug\u00fcn NFC etkile\u015fimlerinizi d\u00f6n\u00fc\u015ft\u00fcr\u00fcn!<\/span><\/p>\n<hr \/>\n<p><span class=\"AnswerParser_TextContainer__z_Iiv\" data-testid=\"youchat-text\">Sonu\u00e7 olarak, ACR1555U NFC Okuyucusu, NFC yeteneklerini geli\u015ftirmek isteyen herkes i\u00e7in g\u00fc\u00e7l\u00fc ve \u00e7ok y\u00f6nl\u00fc bir ara\u00e7t\u0131r. Geni\u015f uyumlulu\u011fu ve kullan\u0131c\u0131 dostu \u00f6zellikleri onu piyasadaki en iyi tercih haline getirir. NFC deneyiminizi y\u00fckseltme f\u0131rsat\u0131n\u0131 ka\u00e7\u0131rmay\u0131n\u2014bir sonraki projeniz i\u00e7in ACR1555U&#039;yu d\u00fc\u015f\u00fcn\u00fcn!<\/span><\/p>","protected":false},"excerpt":{"rendered":"<p>ACR1555u, \u00e7e\u015fitli uygulamalar\u0131 h\u0131zl\u0131 ve kolay bir \u015fekilde ger\u00e7ekle\u015ftirebilen bir Bluetooth NFC okuyucu\/yaz\u0131c\u0131d\u0131r.<\/p>","protected":false},"featured_media":2775,"template":"","meta":[],"product_brand":[],"product_cat":[45,38],"product_tag":[],"class_list":{"0":"post-3286","1":"product","2":"type-product","3":"status-publish","4":"has-post-thumbnail","6":"product_cat-contactless-nfc-reader","7":"product_cat-mobile-ble-nfc-reader","9":"first","10":"instock","11":"shipping-taxable","12":"product-type-simple"},"_links":{"self":[{"href":"https:\/\/nfc-readers.com\/tr\/wp-json\/wp\/v2\/product\/3286","targetHints":{"allow":["GET"]}}],"collection":[{"href":"https:\/\/nfc-readers.com\/tr\/wp-json\/wp\/v2\/product"}],"about":[{"href":"https:\/\/nfc-readers.com\/tr\/wp-json\/wp\/v2\/types\/product"}],"wp:featuredmedia":[{"embeddable":true,"href":"https:\/\/nfc-readers.com\/tr\/wp-json\/wp\/v2\/media\/2775"}],"wp:attachment":[{"href":"https:\/\/nfc-readers.com\/tr\/wp-json\/wp\/v2\/media?parent=3286"}],"wp:term":[{"taxonomy":"product_brand","embeddable":true,"href":"https:\/\/nfc-readers.com\/tr\/wp-json\/wp\/v2\/product_brand?post=3286"},{"taxonomy":"product_cat","embeddable":true,"href":"https:\/\/nfc-readers.com\/tr\/wp-json\/wp\/v2\/product_cat?post=3286"},{"taxonomy":"product_tag","embeddable":true,"href":"https:\/\/nfc-readers.com\/tr\/wp-json\/wp\/v2\/product_tag?post=3286"}],"curies":[{"name":"wp","href":"https:\/\/api.w.org\/{rel}","templated":true}]}}