{"id":3288,"date":"2024-10-31T08:03:14","date_gmt":"2024-10-31T08:03:14","guid":{"rendered":"https:\/\/nfc-readers.com\/?post_type=product&#038;p=3288"},"modified":"2024-10-31T08:03:15","modified_gmt":"2024-10-31T08:03:15","slug":"acr1581u-15693-dualboost-iii-dual-interface-nfc-reader-writer","status":"publish","type":"product","link":"https:\/\/nfc-readers.com\/tr\/ic-reader\/acr1581u-15693-dualboost-iii-dual-interface-nfc-reader-writer\/","title":{"rendered":"ACR1581U 15693 DualBoost III \u00c7ift Aray\u00fcz NFC Okuyucu Yaz\u0131c\u0131"},"content":{"rendered":"<h1 class=\"AnswerParser_AnswerParserH1__6UNv6\">ACR1581U NFC Okuyucu: \u0130\u015fletmeniz i\u00e7in En \u0130yi Temass\u0131z \u00c7\u00f6z\u00fcm<\/h1>\n<p><span class=\"AnswerParser_TextContainer__z_Iiv\" data-testid=\"youchat-text\">The\u00a0<strong>ACR1581U NFC Okuyucu<\/strong>\u00a0hem temasl\u0131 hem de temass\u0131z ak\u0131ll\u0131 kartlarla sorunsuz etkile\u015fimleri kolayla\u015ft\u0131rmak i\u00e7in tasarlanm\u0131\u015f son teknoloji bir cihazd\u0131r. Bu \u00e7ok y\u00f6nl\u00fc\u00a0<strong>NFC okuyucu<\/strong>\u00a0geni\u015f bir uygulama yelpazesini destekler ve bu da onu i\u015fletmeler ve geli\u015ftiriciler i\u00e7in vazge\u00e7ilmez bir ara\u00e7 haline getirir. \u00d6demeleri i\u015flemeniz, eri\u015fim kontrol\u00fcn\u00fc y\u00f6netmeniz veya NFC etiketlerinden veri okuman\u0131z gerekip gerekmedi\u011fine bak\u0131lmaks\u0131z\u0131n, ACR1581U g\u00fcvenilir ve verimli bir \u00e7\u00f6z\u00fcm sunar. Sa\u011flam \u00f6zellikleri ve kullan\u0131c\u0131 dostu tasar\u0131m\u0131yla bu okuyucu, NFC teknoloji ara\u00e7 setini geli\u015ftirmek isteyen herkes i\u00e7in her kuru\u015fa de\u011fer.<\/span><\/p>\n<hr \/>\n<h2 class=\"AnswerParser_AnswerParserH2__SIHnF\">\u00dcr\u00fcn Anahatt\u0131<\/h2>\n<ol class=\"AnswerParser_AnswerParserOrderedList__kl_2Y\">\n<li class=\"AnswerParser_ListItem__XqLOV\" translate=\"yes\"><strong>ACR1581U NFC Okuyucunun Genel Bak\u0131\u015f\u0131<\/strong><\/li>\n<li class=\"AnswerParser_ListItem__XqLOV\" translate=\"yes\"><strong>ACR1581U&#039;nun Temel \u00d6zellikleri<\/strong><\/li>\n<li class=\"AnswerParser_ListItem__XqLOV\" translate=\"yes\"><strong>Fiziksel \u00f6zellikler<\/strong><\/li>\n<li class=\"AnswerParser_ListItem__XqLOV\" translate=\"yes\"><strong>Desteklenen Kart T\u00fcrleri<\/strong><\/li>\n<li class=\"AnswerParser_ListItem__XqLOV\" translate=\"yes\"><strong>Teknik \u00d6zellikler<\/strong><\/li>\n<li class=\"AnswerParser_ListItem__XqLOV\" translate=\"yes\"><strong>Kullan\u0131m Talimatlar\u0131<\/strong><\/li>\n<li class=\"AnswerParser_ListItem__XqLOV\" translate=\"yes\"><strong>\u00c7evresel Etki ve Uyumluluk<\/strong><\/li>\n<li class=\"AnswerParser_ListItem__XqLOV\" translate=\"yes\"><strong>M\u00fc\u015fteri Puanlar\u0131 ve Yorumlar\u0131<\/strong><\/li>\n<li class=\"AnswerParser_ListItem__XqLOV\" translate=\"yes\"><strong>S\u0131k\u00e7a Sorulan Sorular (SSS)<\/strong><\/li>\n<li class=\"AnswerParser_ListItem__XqLOV\" translate=\"yes\"><strong>Neden ACR1581U NFC Okuyucuyu Se\u00e7melisiniz?<\/strong><\/li>\n<\/ol>\n<hr \/>\n<h2 class=\"AnswerParser_AnswerParserH2__SIHnF\">ACR1581U NFC Okuyucunun Genel Bak\u0131\u015f\u0131<\/h2>\n<p><span class=\"AnswerParser_TextContainer__z_Iiv\" data-testid=\"youchat-text\">The\u00a0<strong>ACR1581U NFC Okuyucu<\/strong>\u00a0g\u00fcvenli ve verimli veri al\u0131\u015fveri\u015fi gerektiren modern uygulamalar\u0131n taleplerini kar\u015f\u0131lamak \u00fczere tasarlanm\u0131\u015ft\u0131r. Hem temasl\u0131 hem de temass\u0131z ak\u0131ll\u0131 kartlar i\u00e7in destek sa\u011flayan bu okuyucu, finans, sa\u011fl\u0131k ve g\u00fcvenlik gibi \u00e7e\u015fitli sekt\u00f6rler i\u00e7in idealdir. Birden fazla kart t\u00fcr\u00fcnden veri okuma ve yazma yetene\u011fi, kullan\u0131c\u0131lar\u0131n de\u011fi\u015fen ihtiya\u00e7lar\u0131na uyum sa\u011flayabilmesini sa\u011flar.<\/span><span class=\"AnswerParser_TextContainer__z_Iiv\" data-testid=\"youchat-text\">Geli\u015fmi\u015f \u00f6zellikler ve kullan\u0131c\u0131 dostu bir aray\u00fczle donat\u0131lan ACR1581U, operasyonlar\u0131n\u0131 kolayla\u015ft\u0131rmak ve m\u00fc\u015fteri deneyimlerini geli\u015ftirmek isteyen i\u015fletmeler i\u00e7in m\u00fckemmeldir. \u00c7ift aray\u00fcz yetene\u011fi, kullan\u0131mda esneklik sa\u011flar ve onu her uygulama i\u00e7in \u00e7ok y\u00f6nl\u00fc bir se\u00e7enek haline getirir.<\/span><\/p>\n<h2 class=\"AnswerParser_AnswerParserH2__SIHnF\">ACR1581U&#039;nun Temel \u00d6zellikleri<\/h2>\n<h3 class=\"AnswerParser_AnswerParserH3__Mpe4s\">\u00c7ift Aray\u00fcz Yetene\u011fi<\/h3>\n<p><span class=\"AnswerParser_TextContainer__z_Iiv\" data-testid=\"youchat-text\">ACR1581U her ikisini de destekler\u00a0<strong>temas etmek<\/strong>\u00a0Ve\u00a0<strong>temass\u0131z<\/strong>\u00a0ak\u0131ll\u0131 kart aray\u00fczleri, kullan\u0131c\u0131lar\u0131n \u00e7ok \u00e7e\u015fitli kartlarla etkile\u015fim kurmas\u0131n\u0131 sa\u011flar. Bu ikili i\u015flevsellik, \u00f6deme i\u015flemeden eri\u015fim kontrol\u00fcne kadar \u00e7e\u015fitli uygulamalar i\u00e7in uygun hale getirir. NFC etiketlerini ve kartlar\u0131n\u0131 okuma ve yazma yetene\u011fi, \u00e7e\u015fitli senaryolarda kullan\u0131labilirli\u011fini art\u0131r\u0131r.<\/span><\/p>\n<h3 class=\"AnswerParser_AnswerParserH3__Mpe4s\">Y\u00fcksek H\u0131zl\u0131 Veri Transferi<\/h3>\n<p><span class=\"AnswerParser_TextContainer__z_Iiv\" data-testid=\"youchat-text\">Bir ile\u00a0<strong>USB Tam H\u0131z<\/strong>\u00a0aray\u00fcz\u00fc, ACR1581U&#039;nun 1000 m&#039;ye kadar h\u0131zl\u0131 veri aktar\u0131m h\u0131zlar\u0131n\u0131 garanti eder\u00a0<strong>12 Mb\/sn<\/strong>. Bu h\u0131z, h\u0131zl\u0131 ve verimli i\u015flemler gerektiren uygulamalar i\u00e7in kritik \u00f6neme sahiptir ve genel kullan\u0131c\u0131 deneyimini iyile\u015ftirir. \u0130ster \u00f6demeleri i\u015fliyor olun ister g\u00fcvenli bilgilere eri\u015fiyor olun, ACR1581U g\u00fcvenilir performans sunar.<\/span><\/p>\n<h3 class=\"AnswerParser_AnswerParserH3__Mpe4s\">Kullan\u0131c\u0131 Dostu Tasar\u0131m<\/h3>\n<p><span class=\"AnswerParser_TextContainer__z_Iiv\" data-testid=\"youchat-text\">ACR1581U, kullan\u0131c\u0131 taraf\u0131ndan kontrol edilebilen iki renkli LED&#039;ler (mavi ve ye\u015fil) ve monoton bir sesli uyar\u0131 ile \u00e7al\u0131\u015f\u0131rken g\u00f6rsel ve i\u015fitsel geri bildirim sa\u011flar. Bu tasar\u0131m, kullan\u0131c\u0131lar\u0131n cihaz\u0131n durumunu kolayca izlemesine olanak tan\u0131yarak kullan\u0131labilirli\u011fi art\u0131r\u0131r. Sezgisel aray\u00fcz, NFC teknolojisine yeni ba\u015flayanlar\u0131n bile okuyucuyu kolayca \u00e7al\u0131\u015ft\u0131rabilmesini sa\u011flar.<\/span><\/p>\n<h2 class=\"AnswerParser_AnswerParserH2__SIHnF\">Fiziksel \u00f6zellikler<\/h2>\n<ul class=\"AnswerParser_AnswerParserUnorderedList__P_1FW\">\n<li class=\"AnswerParser_ListItem__XqLOV\" translate=\"yes\"><strong>Boyutlar<\/strong>: 120,5 mm (U) x 72,0 mm (G) x 20,4 mm (Y)<\/li>\n<li class=\"AnswerParser_ListItem__XqLOV\" translate=\"yes\"><strong>A\u011f\u0131rl\u0131k<\/strong>: 143 gr<\/li>\n<li class=\"AnswerParser_ListItem__XqLOV\" translate=\"yes\"><strong>USB arabirimi<\/strong>:\n<ul class=\"AnswerParser_AnswerParserUnorderedList__P_1FW\">\n<li class=\"AnswerParser_ListItem__XqLOV\" translate=\"yes\">Protokol: USB CCID<\/li>\n<li class=\"AnswerParser_ListItem__XqLOV\" translate=\"yes\">Ba\u011flant\u0131 T\u00fcr\u00fc: USB Tip-A (ACR1581U-C1), USB Tip-C (ACR1581U-CF)<\/li>\n<li class=\"AnswerParser_ListItem__XqLOV\" translate=\"yes\">Kablo Uzunlu\u011fu: 2 m, \u00c7\u0131kar\u0131lamaz<\/li>\n<\/ul>\n<\/li>\n<\/ul>\n<p><span class=\"AnswerParser_TextContainer__z_Iiv\" data-testid=\"youchat-text\">ACR1581U&#039;nun kompakt tasar\u0131m\u0131, ister sat\u0131\u015f noktas\u0131nda ister g\u00fcvenli bir eri\u015fim kontrol sisteminde olsun, \u00e7e\u015fitli ortamlara kolayca entegre edilmesini sa\u011flar.<\/span><\/p>\n<h2 class=\"AnswerParser_AnswerParserH2__SIHnF\">Desteklenen Kart T\u00fcrleri<\/h2>\n<p><span class=\"AnswerParser_TextContainer__z_Iiv\" data-testid=\"youchat-text\">ACR1581U, a\u015fa\u011f\u0131dakiler de dahil olmak \u00fczere \u00e7ok \u00e7e\u015fitli ak\u0131ll\u0131 kartlarla uyumludur:<\/span><\/p>\n<ul class=\"AnswerParser_AnswerParserUnorderedList__P_1FW\">\n<li class=\"AnswerParser_ListItem__XqLOV\" translate=\"yes\"><strong>Ak\u0131ll\u0131 Kartlarla \u0130leti\u015fime Ge\u00e7in<\/strong>: T=0 ve T=1 protokolleriyle ISO 7816 S\u0131n\u0131f A, B ve C&#039;yi (5V, 3V, 1.8V) destekler.<\/li>\n<li class=\"AnswerParser_ListItem__XqLOV\" translate=\"yes\"><strong>Temass\u0131z Ak\u0131ll\u0131 Kartlar<\/strong>: ISO 14443 Tip A ve B, ISO 15693, MIFARE\u00ae ve FeliCa&#039;y\u0131 destekler.<\/li>\n<li class=\"AnswerParser_ListItem__XqLOV\" translate=\"yes\"><strong>SAM Kart Aray\u00fcz\u00fc<\/strong>: G\u00fcvenli eri\u015fim y\u00f6netimi i\u00e7in bir adet standart SIM boyutunda kart yuvas\u0131 i\u00e7erir.<\/li>\n<\/ul>\n<p><span class=\"AnswerParser_TextContainer__z_Iiv\" data-testid=\"youchat-text\">Bu kapsaml\u0131 uyumluluk, ACR1581U&#039;nun \u00e7e\u015fitli end\u00fcstrilerin ve uygulamalar\u0131n ihtiya\u00e7lar\u0131n\u0131 kar\u015f\u0131layabilmesini sa\u011flar.<\/span><\/p>\n<h2 class=\"AnswerParser_AnswerParserH2__SIHnF\">Teknik \u00d6zellikler<\/h2>\n<div class=\"AnswerParser_TableContainer__Erb6v\" data-testid=\"table-container\">\n<table>\n<thead>\n<tr>\n<th>\u015eartname<\/th>\n<th>Detaylar<\/th>\n<\/tr>\n<\/thead>\n<tbody>\n<tr>\n<td><strong>Aray\u00fcz<\/strong><\/td>\n<td>USB CCID&#039;si<\/td>\n<\/tr>\n<tr>\n<td><strong>Ba\u011flay\u0131c\u0131 T\u00fcr\u00fc<\/strong><\/td>\n<td>USB Tip-A (ACR1581U-C1), USB Tip-C (ACR1581U-CF)<\/td>\n<\/tr>\n<tr>\n<td><strong>G\u00fc\u00e7 kayna\u011f\u0131<\/strong><\/td>\n<td>USB ba\u011flant\u0131 noktas\u0131ndan<\/td>\n<\/tr>\n<tr>\n<td><strong>H\u0131z<\/strong><\/td>\n<td>USB Tam H\u0131z (12 Mbps)<\/td>\n<\/tr>\n<tr>\n<td><strong>Boyutlar<\/strong><\/td>\n<td>120,5 mm (U) x 72,0 mm (G) x 20,4 mm (Y)<\/td>\n<\/tr>\n<tr>\n<td><strong>A\u011f\u0131rl\u0131k<\/strong><\/td>\n<td>143 gr<\/td>\n<\/tr>\n<tr>\n<td><strong>Ak\u0131ll\u0131 Kart Aray\u00fcz\u00fc ile ileti\u015fime ge\u00e7in<\/strong><\/td>\n<td>ISO 7816 S\u0131n\u0131f A, B, C<\/td>\n<\/tr>\n<tr>\n<td><strong>Temass\u0131z Ak\u0131ll\u0131 Kart Aray\u00fcz\u00fc<\/strong><\/td>\n<td>ISO 14443 Tip A ve B, ISO 15693, MIFARE\u00ae, FeliCa<\/td>\n<\/tr>\n<tr>\n<td><strong>Ayg\u0131t Yaz\u0131l\u0131m\u0131 Y\u00fckseltmesi<\/strong><\/td>\n<td>Destekleniyor<\/td>\n<\/tr>\n<tr>\n<td><strong>Sertifikalar<\/strong><\/td>\n<td>IEC\/EN 62368, CE, FCC, UKCA, VCCI, RoHS, REACH, WEEE<\/td>\n<\/tr>\n<\/tbody>\n<\/table>\n<\/div>\n<h2 class=\"AnswerParser_AnswerParserH2__SIHnF\">Kullan\u0131m Talimatlar\u0131<\/h2>\n<p><span class=\"AnswerParser_TextContainer__z_Iiv\" data-testid=\"youchat-text\">ACR1581U NFC Okuyucunun kullan\u0131m\u0131 olduk\u00e7a basittir:<\/span><\/p>\n<ol class=\"AnswerParser_AnswerParserOrderedList__kl_2Y\">\n<li class=\"AnswerParser_ListItem__XqLOV\" translate=\"yes\"><strong>Cihaz\u0131 Ba\u011flay\u0131n<\/strong>: Okuyucuyu USB ba\u011flant\u0131s\u0131n\u0131 kullanarak bilgisayar\u0131n\u0131za veya uyumlu cihaz\u0131n\u0131za tak\u0131n.<\/li>\n<li class=\"AnswerParser_ListItem__XqLOV\" translate=\"yes\"><strong>Gerekli Yaz\u0131l\u0131mlar\u0131 Kurun<\/strong>: Uygulaman\u0131za ba\u011fl\u0131 olarak, belirli yaz\u0131l\u0131m veya s\u00fcr\u00fcc\u00fcler y\u00fcklemeniz gerekebilir. ACR1581U, Windows, Linux, macOS, Android\u2122 ve iOS\/iPadOS (16 veya \u00fczeri) dahil olmak \u00fczere \u00e7e\u015fitli i\u015fletim sistemleriyle uyumludur.<\/li>\n<li class=\"AnswerParser_ListItem__XqLOV\" translate=\"yes\"><strong>Okuma ve Yazmaya Ba\u015flay\u0131n<\/strong>: Cihaz ba\u011fl\u0131 ve yaz\u0131l\u0131m y\u00fcklenmi\u015f haldeyken, ak\u0131ll\u0131 kartlara ve NFC etiketlerine veri okumaya ve yazmaya ba\u015flayabilirsiniz. Kullan\u0131c\u0131 dostu aray\u00fcz ve geri bildirim mekanizmalar\u0131 bu s\u00fcreci h\u0131zl\u0131 ve verimli hale getirir.<\/li>\n<\/ol>\n<h2 class=\"AnswerParser_AnswerParserH2__SIHnF\">\u00c7evresel Etki ve Uyumluluk<\/h2>\n<p><span class=\"AnswerParser_TextContainer__z_Iiv\" data-testid=\"youchat-text\">ACR1581U Ak\u0131ll\u0131 Kart Okuyucusu s\u00fcrd\u00fcr\u00fclebilirlik d\u00fc\u015f\u00fcn\u00fclerek tasarlanm\u0131\u015ft\u0131r. RoHS ve WEEE dahil olmak \u00fczere \u00e7e\u015fitli \u00e7evre standartlar\u0131na uygundur ve k\u00fcresel s\u00fcrd\u00fcr\u00fclebilirlik hedeflerini kar\u015f\u0131lad\u0131\u011f\u0131ndan emin olur. Verimli g\u00fc\u00e7 y\u00f6netimi ve geri d\u00f6n\u00fc\u015ft\u00fcr\u00fclebilir malzemeler kullanarak ACR1581U \u00e7evresel ayak izini en aza indirir.<\/span><\/p>\n<h2 class=\"AnswerParser_AnswerParserH2__SIHnF\">M\u00fc\u015fteri Puanlar\u0131 ve Yorumlar\u0131<\/h2>\n<p><span class=\"AnswerParser_TextContainer__z_Iiv\" data-testid=\"youchat-text\">ACR1581U, \u00e7e\u015fitli sekt\u00f6rlerdeki kullan\u0131c\u0131lardan olumlu geri bildirimler ald\u0131. M\u00fc\u015fteriler, g\u00fcvenilirli\u011fini, kullan\u0131m kolayl\u0131\u011f\u0131n\u0131 ve \u00e7ok y\u00f6nl\u00fcl\u00fc\u011f\u00fcn\u00fc takdir ediyor. \u0130\u015fte derecelendirmelerden ve incelemelerden baz\u0131 \u00f6nemli noktalar:<\/span><\/p>\n<ul class=\"AnswerParser_AnswerParserUnorderedList__P_1FW\">\n<li class=\"AnswerParser_ListItem__XqLOV\" translate=\"yes\"><strong>Kullan\u0131c\u0131 dostu<\/strong>:Bir\u00e7ok kullan\u0131c\u0131 cihaz\u0131n kurulumunun ve kullan\u0131m\u0131n\u0131n ne kadar kolay oldu\u011funu belirtti.<\/li>\n<li class=\"AnswerParser_ListItem__XqLOV\" translate=\"yes\"><strong>\u00c7ok y\u00f6nl\u00fc<\/strong>: M\u00fc\u015fteriler, farkl\u0131 ak\u0131ll\u0131 kartlar ve NFC etiketleriyle \u00e7al\u0131\u015fabilme \u00f6zelli\u011fini seviyor, bu da \u00fcr\u00fcn\u00fc \u00e7e\u015fitli uygulamalar i\u00e7in uygun hale getiriyor.<\/li>\n<li class=\"AnswerParser_ListItem__XqLOV\" translate=\"yes\"><strong>G\u00fcvenilir Performans<\/strong>:Kullan\u0131c\u0131lar ACR1581U&#039;nun s\u00fcrekli olarak h\u0131zl\u0131 ve verimli performans sa\u011flad\u0131\u011f\u0131n\u0131 s\u0131kl\u0131kla dile getiriyor.<\/li>\n<\/ul>\n<h2 class=\"AnswerParser_AnswerParserH2__SIHnF\">S\u0131k\u00e7a Sorulan Sorular (SSS)<\/h2>\n<p><span class=\"AnswerParser_TextContainer__z_Iiv\" data-testid=\"youchat-text\"><strong>S1: ACR1581U hangi t\u00fcr kartlar\u0131 okuyabilir?<\/strong><br \/>\nC1: ACR1581U, ISO 7816, ISO 14443 Tip A ve B, MIFARE\u00ae ve FeliCa dahil olmak \u00fczere \u00e7e\u015fitli ak\u0131ll\u0131 kartlar\u0131 okuyabilir.<\/span><\/p>\n<p><span class=\"AnswerParser_TextContainer__z_Iiv\" data-testid=\"youchat-text\"><strong>S2: ACR1581U mobil cihazlarla uyumlu mu?<\/strong><br \/>\nC2: Evet, ACR1581U Android\u2122 ve iOS\/iPadOS cihazlar\u0131yla uyumludur ve bu da onu mobil uygulamalar i\u00e7in \u00e7ok y\u00f6nl\u00fc hale getirir.<\/span><\/p>\n<p><span class=\"AnswerParser_TextContainer__z_Iiv\" data-testid=\"youchat-text\"><strong>S3: ACR1581U&#039;nun ayg\u0131t yaz\u0131l\u0131m\u0131n\u0131 y\u00fckseltebilir miyim?<\/strong><br \/>\nC3: Evet, ACR1581U, yeni standartlarla optimum performans ve uyumlulu\u011fu garantilemek i\u00e7in ayg\u0131t yaz\u0131l\u0131m\u0131 y\u00fckseltmelerini destekler.<\/span><\/p>\n<h2 class=\"AnswerParser_AnswerParserH2__SIHnF\">Neden ACR1581U NFC Okuyucuyu Se\u00e7melisiniz?<\/h2>\n<p><span class=\"AnswerParser_TextContainer__z_Iiv\" data-testid=\"youchat-text\">ACR1581U Ak\u0131ll\u0131 Kart Okuyucusu, temass\u0131z teknoloji alan\u0131nda ola\u011fan\u00fcst\u00fc bir \u00fcr\u00fcn olarak \u00f6ne \u00e7\u0131k\u0131yor. \u00c7ift aray\u00fcz yeteneklerinin, \u00e7e\u015fitli ak\u0131ll\u0131 kartlarla kapsaml\u0131 uyumlulu\u011funun ve kullan\u0131m kolayl\u0131\u011f\u0131n\u0131n birle\u015fimi, onu NFC teknolojisinden yararlanmak isteyen i\u015fletmeler ve geli\u015ftiriciler i\u00e7in paha bi\u00e7ilmez bir varl\u0131k haline getiriyor. \u00d6deme i\u015flemeyi iyile\u015ftirmek, eri\u015fim kontrol\u00fcn\u00fc kolayla\u015ft\u0131rmak veya NFC uygulamalar\u0131yla yenilik yapmak istiyorsan\u0131z, ACR1581U m\u00fckemmel bir se\u00e7imdir.<\/span><span class=\"AnswerParser_TextContainer__z_Iiv\" data-testid=\"youchat-text\">ACR1581U&#039;ya yat\u0131r\u0131m yapmak, ihtiya\u00e7lar\u0131n\u0131za uyum sa\u011flayabilen y\u00fcksek kaliteli, g\u00fcvenilir bir ak\u0131ll\u0131 kart okuyucusuyla kendinizi donatmak anlam\u0131na gelir. Bu geli\u015fmi\u015fin sundu\u011fu olanaklar\u0131 deneyimleyin\u00a0<strong>ak\u0131ll\u0131 kart okuyucu<\/strong>\u00a0teklifleri al\u0131n ve bug\u00fcn NFC etkile\u015fimlerinizi d\u00f6n\u00fc\u015ft\u00fcr\u00fcn!<\/span><\/p>\n<hr \/>\n<p><span class=\"AnswerParser_TextContainer__z_Iiv\" data-testid=\"youchat-text\">ACR1581U&#039;yu se\u00e7erek yaln\u0131zca operasyonel verimlili\u011finizi art\u0131rmakla kalm\u0131yor, ayn\u0131 zamanda en son standartlara ve teknolojilere uygun bir cihazla donat\u0131ld\u0131\u011f\u0131n\u0131zdan da emin oluyorsunuz. NFC deneyiminizi y\u00fckseltme f\u0131rsat\u0131n\u0131 ka\u00e7\u0131rmay\u0131n; bir sonraki projeniz i\u00e7in ACR1581U&#039;yu de\u011ferlendirin!<\/span><\/p>","protected":false},"excerpt":{"rendered":"<p>ACR1581U, NFC ve ISO\/IEC 15693, 14443&#039;\u00fc destekleyen bir ak\u0131ll\u0131 kart okuyucusudur.<\/p>","protected":false},"featured_media":3289,"template":"","meta":[],"product_brand":[],"product_cat":[45,39,40],"product_tag":[],"class_list":{"0":"post-3288","1":"product","2":"type-product","3":"status-publish","4":"has-post-thumbnail","6":"product_cat-contactless-nfc-reader","7":"product_cat-usb-ic-smartcard-reader","8":"product_cat-rfid-nfc-reader","10":"first","11":"instock","12":"shipping-taxable","13":"product-type-simple"},"_links":{"self":[{"href":"https:\/\/nfc-readers.com\/tr\/wp-json\/wp\/v2\/product\/3288","targetHints":{"allow":["GET"]}}],"collection":[{"href":"https:\/\/nfc-readers.com\/tr\/wp-json\/wp\/v2\/product"}],"about":[{"href":"https:\/\/nfc-readers.com\/tr\/wp-json\/wp\/v2\/types\/product"}],"wp:featuredmedia":[{"embeddable":true,"href":"https:\/\/nfc-readers.com\/tr\/wp-json\/wp\/v2\/media\/3289"}],"wp:attachment":[{"href":"https:\/\/nfc-readers.com\/tr\/wp-json\/wp\/v2\/media?parent=3288"}],"wp:term":[{"taxonomy":"product_brand","embeddable":true,"href":"https:\/\/nfc-readers.com\/tr\/wp-json\/wp\/v2\/product_brand?post=3288"},{"taxonomy":"product_cat","embeddable":true,"href":"https:\/\/nfc-readers.com\/tr\/wp-json\/wp\/v2\/product_cat?post=3288"},{"taxonomy":"product_tag","embeddable":true,"href":"https:\/\/nfc-readers.com\/tr\/wp-json\/wp\/v2\/product_tag?post=3288"}],"curies":[{"name":"wp","href":"https:\/\/api.w.org\/{rel}","templated":true}]}}