{"id":3296,"date":"2024-11-01T05:02:29","date_gmt":"2024-11-01T05:02:29","guid":{"rendered":"https:\/\/nfc-readers.com\/?post_type=product&#038;p=3296"},"modified":"2024-11-01T05:02:30","modified_gmt":"2024-11-01T05:02:30","slug":"aes-128-encryption-algorithm-nfc-forum-4-dia-30mm-nfc-tag","status":"publish","type":"product","link":"https:\/\/nfc-readers.com\/tr\/ic-reader\/aes-128-encryption-algorithm-nfc-forum-4-dia-30mm-nfc-tag\/","title":{"rendered":"AES 128 \u015eifreleme algoritmas\u0131 NFC Forum 4 Dia 30mm NFC Etiketi"},"content":{"rendered":"<h1 style=\"text-align: center;\"><strong>AES 128 \u015eifreleme algoritmas\u0131 NFC Forum 4 Dia 30mm NFC Etiketi<\/strong><\/h1>\n<p>&nbsp;<\/p>\n<p>The <strong>AES 128 \u015eifreleme Algoritmas\u0131 NFC Forum 4 Dia 30mm NFC Etiketi<\/strong>\u00a0g\u00fcvenilir veri ileti\u015fimi ve g\u00fcvenli\u011fi gerektiren \u00e7e\u015fitli uygulamalar i\u00e7in \u00e7ok y\u00f6nl\u00fc ve g\u00fcvenli bir \u00e7\u00f6z\u00fcmd\u00fcr. Son teknoloji ile \u00fcretilen bu NFC etiketi, geli\u015fmi\u015f NTAG 424 DNA \u00e7ipini entegre ederek AES 128 \u015fifreli UID ile en y\u00fcksek d\u00fczeyde veri korumas\u0131 sa\u011flar ve bu da onu i\u015fletmeler ve ki\u015fisel kullan\u0131m i\u00e7in ideal bir se\u00e7im haline getirir. Bu kapsaml\u0131 \u00fcr\u00fcn a\u00e7\u0131klamas\u0131nda, \u00f6zelliklerine, avantajlar\u0131na ve pratik uygulamalar\u0131na derinlemesine inecek ve NFC ihtiya\u00e7lar\u0131n\u0131z i\u00e7in neden de\u011ferli bir yat\u0131r\u0131m oldu\u011funu vurgulayaca\u011f\u0131z.<\/p>\n<p>&nbsp;<\/p>\n<h3><strong>AES 128 \u015eifrelemeli NFC Etiketini Neden Sat\u0131n Almal\u0131s\u0131n\u0131z?<\/strong><\/h3>\n<p>AES 128 \u015fifrelemesiyle donat\u0131lan NFC Forum 4 Tag, kompakt bir formda e\u015fsiz g\u00fcvenlik ve i\u015flevsellik sunar. Su ge\u00e7irmez ve hava ko\u015fullar\u0131na dayan\u0131kl\u0131 \u00f6zellikleri, onu d\u0131\u015f mekan kullan\u0131m\u0131 i\u00e7in dayan\u0131kl\u0131 hale getirir ve metal dahil olmak \u00fczere \u00e7e\u015fitli y\u00fczeylere uygulayabilmenizi sa\u011flar. Yenilik\u00e7i kullan\u0131mlar i\u00e7in tasarlanm\u0131\u015ft\u0131r, <strong>wifi e\u015fle\u015ftirme<\/strong>\u00a0ile\u00a0<strong>poster kart entegrasyonlar\u0131<\/strong>, bu NFC etiketi verileri zahmetsizce iletmek i\u00e7in g\u00fcvenli bir y\u00f6ntem sa\u011flar. Ek olarak, uyumlulu\u011fu\u00a0<strong>NFC \u00f6zellikli mobil cihazlar<\/strong>\u00a0Kullan\u0131c\u0131 deneyimini basitle\u015ftirir, tek bir dokunu\u015fla bilgiye kolayca ula\u015f\u0131lmas\u0131n\u0131 sa\u011flar.<\/p>\n<p>&nbsp;<\/p>\n<h3><strong>AES 128 \u015eifreleme NFC Etiketinin \u00d6zel \u00d6zellikleri<\/strong><\/h3>\n<p>&nbsp;<\/p>\n<p>The\u00a0<strong>AES 128 \u015eifreleme NFC Etiketi<\/strong>\u00a0\u00c7e\u015fitli ortamlarda i\u015flevselli\u011fini ve g\u00fcvenilirli\u011fini art\u0131ran \u00f6zelliklerle donat\u0131lm\u0131\u015ft\u0131r:<\/p>\n<ul>\n<li><strong>Su Ge\u00e7irmez \/ Hava Ko\u015fullar\u0131na Dayan\u0131kl\u0131:<\/strong>\u00a0Bu, hem i\u00e7 hem de d\u0131\u015f mekanlarda dayan\u0131kl\u0131l\u0131k ve performans sa\u011flar, nem ve tozdan korur.<\/li>\n<li><strong>Tamper Evidence:<\/strong>\u00a0Etiket, yetkisiz eri\u015fime kar\u015f\u0131 ek bir g\u00fcvenlik katman\u0131 sa\u011flayarak, kurcalan\u0131p kurcalanmad\u0131\u011f\u0131n\u0131 g\u00f6steren \u00f6zellikler i\u00e7eriyor.<\/li>\n<\/ul>\n<p>Benzersiz \u00f6zelliklerinin birle\u015fimi, g\u00fcvenlik \u00f6nlemlerini art\u0131rmak veya operasyonlar\u0131n\u0131 kolayla\u015ft\u0131rmak isteyen i\u015fletmeler i\u00e7in tercih edilen bir se\u00e7enek haline getiriyor.<\/p>\n<p>&nbsp;<\/p>\n<table class=\"preview\" style=\"height: 271px;\" width=\"529\">\n<thead>\n<tr>\n<th>\u015eartname<\/th>\n<th>Detaylar<\/th>\n<\/tr>\n<\/thead>\n<tbody>\n<tr>\n<td>Model numaras\u0131<\/td>\n<td>SX-T424DNA<\/td>\n<\/tr>\n<tr>\n<td>Yonga<\/td>\n<td>NTAG 424 DNA&#039;s\u0131<\/td>\n<\/tr>\n<tr>\n<td>Boyut<\/td>\n<td>\u00c7ap 30mm<\/td>\n<\/tr>\n<tr>\n<td>Kapasitans<\/td>\n<td>50 PF<\/td>\n<\/tr>\n<tr>\n<td>\u0130letim Oran\u0131<\/td>\n<td>848 Kbit\/sn<\/td>\n<\/tr>\n<tr>\n<td>Protokol<\/td>\n<td>ISO\/IEC 14443-A<\/td>\n<\/tr>\n<tr>\n<td>Etiket T\u00fcr\u00fc<\/td>\n<td>NFC Forumu 4<\/td>\n<\/tr>\n<tr>\n<td>Y\u00fczey<\/td>\n<td>Parlak\/mat<\/td>\n<\/tr>\n<tr>\n<td>Ambalajlama<\/td>\n<td>1000-5000 adet\/<\/td>\n<\/tr>\n<\/tbody>\n<\/table>\n<h3><\/h3>\n<h3><strong>NFC Etiketi Hakk\u0131nda SSS<\/strong><\/h3>\n<h3>1.\u00a0<strong>NFC etiketi nedir?<\/strong><\/h3>\n<p>NFC (Yak\u0131n Alan \u0130leti\u015fimi) etiketi, cihazlar birbirine yak\u0131n oldu\u011funda kablosuz ileti\u015fimi sa\u011flayan k\u00fc\u00e7\u00fck bir \u00e7iptir. Genellikle veri al\u0131\u015fveri\u015fi, temass\u0131z \u00f6demeler ve pazarlama ve bilgi payla\u015f\u0131m\u0131ndaki \u00e7e\u015fitli uygulamalar i\u00e7in kullan\u0131l\u0131r.<\/p>\n<h3>2.\u00a0<strong>AES 128 \u015fifrelemesi g\u00fcvenli\u011fi nas\u0131l art\u0131r\u0131r?<\/strong><\/h3>\n<p>AES 128 \u015fifrelemesi, NFC etiketinde saklanan verileri kodlayarak bir g\u00fcvenlik katman\u0131 ekler. Bu, birisi verileri okumay\u0131 ba\u015farsa bile, uygun \u015fifre \u00e7\u00f6zme anahtar\u0131 olmadan bunu anlayamayaca\u011f\u0131 anlam\u0131na gelir, b\u00f6ylece hassas bilgiler yetkisiz eri\u015fime kar\u015f\u0131 korunur.<\/p>\n<h3>3.\u00a0<strong>Bu NFC etiketi metal y\u00fczeylerde kullan\u0131labilir mi?<\/strong><\/h3>\n<p>Evet, AES 128 \u015eifreleme NFC Etiketi \u00e7ok y\u00f6nl\u00fcl\u00fck i\u00e7in \u00f6zel olarak tasarlanm\u0131\u015ft\u0131r ve metal y\u00fczeylere ve di\u011fer malzemelere uygulanabilir. Bu, \u00fcr\u00fcn etiketleme ve end\u00fcstriyel kullan\u0131mlar dahil olmak \u00fczere \u00e7e\u015fitli uygulamalar i\u00e7in idealdir.<\/p>\n<h3>4.\u00a0<strong>Hangi cihazlar NFC etiketleriyle uyumludur?<\/strong><\/h3>\n<p>NFC teknolojisini destekleyen \u00e7o\u011fu modern ak\u0131ll\u0131 telefon ve tablet bu etiketle uyumludur. Kullan\u0131c\u0131lar, cihazlar\u0131n\u0131 NFC etiketine dokundurarak saklanan verileri kolayca okuyabilir.<\/p>\n<h3>5.\u00a0<strong>Bu etiket yeniden yaz\u0131labilir mi?<\/strong><\/h3>\n<p>Evet, AES 128 \u015eifreleme NFC etiketi yeniden yaz\u0131labilirdir, bu da depolanan verileri gerekti\u011fi gibi de\u011fi\u015ftirmenize olanak tan\u0131r. Bu \u00f6zellik, bilgileri g\u00fcncellemede esneklik gerektiren i\u015fletmeler i\u00e7in \u00f6zellikle yararl\u0131d\u0131r.<\/p>","protected":false},"excerpt":{"rendered":"<p>\u00c7ap\u0131 30 mm olan AES 128 \u015eifreleme NFC Forum 4 Etiketi, veri iletimi i\u00e7in sa\u011flam g\u00fcvenlik sunar. \u00c7e\u015fitli uygulamalar i\u00e7in idealdir, sorunsuz ve g\u00fcvenilir NFC etkile\u015fimleri sa\u011flar.<\/p>","protected":false},"featured_media":3297,"template":"","meta":[],"product_brand":[],"product_cat":[47],"product_tag":[],"class_list":{"0":"post-3296","1":"product","2":"type-product","3":"status-publish","4":"has-post-thumbnail","6":"product_cat-nfc-tags","8":"first","9":"instock","10":"shipping-taxable","11":"product-type-simple"},"_links":{"self":[{"href":"https:\/\/nfc-readers.com\/tr\/wp-json\/wp\/v2\/product\/3296","targetHints":{"allow":["GET"]}}],"collection":[{"href":"https:\/\/nfc-readers.com\/tr\/wp-json\/wp\/v2\/product"}],"about":[{"href":"https:\/\/nfc-readers.com\/tr\/wp-json\/wp\/v2\/types\/product"}],"wp:featuredmedia":[{"embeddable":true,"href":"https:\/\/nfc-readers.com\/tr\/wp-json\/wp\/v2\/media\/3297"}],"wp:attachment":[{"href":"https:\/\/nfc-readers.com\/tr\/wp-json\/wp\/v2\/media?parent=3296"}],"wp:term":[{"taxonomy":"product_brand","embeddable":true,"href":"https:\/\/nfc-readers.com\/tr\/wp-json\/wp\/v2\/product_brand?post=3296"},{"taxonomy":"product_cat","embeddable":true,"href":"https:\/\/nfc-readers.com\/tr\/wp-json\/wp\/v2\/product_cat?post=3296"},{"taxonomy":"product_tag","embeddable":true,"href":"https:\/\/nfc-readers.com\/tr\/wp-json\/wp\/v2\/product_tag?post=3296"}],"curies":[{"name":"wp","href":"https:\/\/api.w.org\/{rel}","templated":true}]}}