{"id":3303,"date":"2024-11-01T05:12:29","date_gmt":"2024-11-01T05:12:29","guid":{"rendered":"https:\/\/nfc-readers.com\/?post_type=product&#038;p=3303"},"modified":"2024-11-01T05:12:29","modified_gmt":"2024-11-01T05:12:29","slug":"dia-30mm-ntag-424-dna-nfc-sticker-tamper-proof-high-security-2","status":"publish","type":"product","link":"https:\/\/nfc-readers.com\/tr\/ic-reader\/dia-30mm-ntag-424-dna-nfc-sticker-tamper-proof-high-security-2\/","title":{"rendered":"Dia 30mm NTAG 424 DNA NFC Etiketi Kurcalamaya dayan\u0131kl\u0131 Y\u00fcksek G\u00fcvenlik"},"content":{"rendered":"<h1 style=\"text-align: center;\"><strong>Dia 30mm NTAG 424 DNA NFC Etiketi Kurcalamaya dayan\u0131kl\u0131 Y\u00fcksek G\u00fcvenlik<\/strong><\/h1>\n<p>&nbsp;<\/p>\n<p>Yenilik\u00e7i \u00e7\u00f6z\u00fcmlerle \u00fcr\u00fcn\u00fcn\u00fcz\u00fcn \u00f6zg\u00fcnl\u00fc\u011f\u00fcn\u00fc art\u0131r\u0131n\u00a0<strong>\u00c7ap 30mm NTAG 424 DNA NFC Etiketi<\/strong>. Bu son teknoloji \u00fcr\u00fcn\u00fc, y\u00fcksek g\u00fcvenlik ve kullan\u0131c\u0131 dostu \u00f6zellikleri bir araya getirerek onu k\u0131rm\u0131z\u0131 \u015farap sahtecili\u011fine kar\u015f\u0131 izlenebilirlik ve daha fazlas\u0131 i\u00e7in vazge\u00e7ilmez bir ara\u00e7 haline getirir. Kurcalamaya dayan\u0131kl\u0131 \u00f6zellikleri, su ge\u00e7irmez tasar\u0131m\u0131 ve g\u00fcvenli ileti\u015fim aray\u00fcz\u00fcyle bu NFC etiketi, \u00fcr\u00fcnlerini korumak ve m\u00fc\u015fteri g\u00fcvenini sa\u011flamak isteyen markalar i\u00e7in olmazsa olmazd\u0131r.<\/p>\n<h3><\/h3>\n<p>&nbsp;<\/p>\n<p>G\u00fcn\u00fcm\u00fcz pazar\u0131nda \u00fcr\u00fcn do\u011frulamaya y\u00f6nelik artan ihtiya\u00e7 abart\u0131lamaz. \u00d6zellikle k\u0131rm\u0131z\u0131 \u015farap gibi de\u011ferli \u00fcr\u00fcnlerde artan sahtecilik vakalar\u0131yla, markan\u0131z\u0131n b\u00fct\u00fcnl\u00fc\u011f\u00fcn\u00fc sa\u011flamak \u00e7ok \u00f6nemlidir. NTAG 424 DNA NFC Etiketi, son teknoloji g\u00fcvenlik protokolleriyle desteklenen \u00f6zelliklerle \u00f6v\u00fcnerek, kurcalamaya ve yetkisiz eri\u015fime kar\u015f\u0131 inan\u0131lmaz korumalar sunar. Bu NFC etiketlerine yat\u0131r\u0131m yaparak \u00fcr\u00fcn\u00fcn\u00fcz\u00fc korur, m\u00fc\u015fteri deneyimini iyile\u015ftirir ve marka sadakatini g\u00fc\u00e7lendirirsiniz.<\/p>\n<p>&nbsp;<\/p>\n<h3><strong>\u00dcr\u00fcn Genel Bak\u0131\u015f\u0131 ve Teknik \u00d6zellikler<\/strong><\/h3>\n<p>The\u00a0<strong>\u00c7ap 30mm NTAG 424 DNA NFC etiketi<\/strong>\u00a0y\u00fcksek g\u00fcvenlikli bir \u00e7ipi \u00e7ok i\u015flevli yeteneklerle birle\u015ftirerek \u00fcst\u00fcn performans i\u00e7in tasarlanm\u0131\u015ft\u0131r. Dayan\u0131kl\u0131 malzemeden \u00fcretilmi\u015ftir\u00a0<strong>PET malzeme<\/strong>, bu etiket yaln\u0131zca dayan\u0131kl\u0131 olacak \u015fekilde de\u011fil, ayn\u0131 zamanda \u00e7e\u015fitli \u00e7evre ko\u015fullar\u0131na dayanacak \u015fekilde tasarlanm\u0131\u015ft\u0131r. Dikkat edilmesi gereken kritik \u00f6zellikler a\u015fa\u011f\u0131dad\u0131r:<\/p>\n<ul>\n<li><strong>\u00c7ip Modeli<\/strong>: NTAG 424 DNA<\/li>\n<li><strong>Boyut<\/strong>: \u00c7ap 30mm<\/li>\n<li><strong>Haf\u0131za<\/strong>: 416 Bayt<\/li>\n<li><strong>S\u0131kl\u0131k<\/strong>: 13.56 MHz<\/li>\n<li><strong>NFC Forum T\u00fcr\u00fc<\/strong>: Tip 4<\/li>\n<li><strong>G\u00fcvenlik Protokol\u00fc<\/strong>: 128-bit AES, LRP<\/li>\n<li><strong>Eri\u015fim Anahtarlar\u0131<\/strong>: 5 x 128 bit<\/li>\n<li><strong>Dayan\u0131kl\u0131l\u0131k Yaz<\/strong>: 200.000 d\u00f6ng\u00fc<\/li>\n<li><strong>Malzeme<\/strong>: PET (Su Ge\u00e7irmez\/Hava Ko\u015fullar\u0131na Dayan\u0131kl\u0131)<\/li>\n<li><strong>Anavatan<\/strong>: Guangdong, \u00c7in<\/li>\n<\/ul>\n<p>Bu \u00f6zellikler, bu NFC etiketinin y\u00fcksek performans ve g\u00fcvenilirlik i\u00e7in \u00fcretildi\u011fini, s\u00fcrekli etkile\u015fim ve veri g\u00fcvenli\u011fi gerektiren uygulamalar i\u00e7in ideal oldu\u011funu g\u00f6steriyor.<\/p>\n<p>&nbsp;<\/p>\n<p>&nbsp;<\/p>\n<h3><strong>NTAG 424 DNA NFC Etiketinin Temel \u00d6zellikleri<\/strong><\/h3>\n<p>&nbsp;<\/p>\n<p>The\u00a0<strong>NFC etiketi<\/strong>\u00a0baz\u0131lar\u0131n\u0131 entegre eder\u00a0<strong>\u00f6zel \u00f6zellikler<\/strong>\u00a0genel performans\u0131n\u0131 art\u0131ran. \u0130\u015fte \u00f6ne \u00e7\u0131kan baz\u0131 \u00f6zellikler:<\/p>\n<ul>\n<li><strong>Suya ve Hava Ko\u015fullar\u0131na Dayan\u0131kl\u0131<\/strong>: Bu NFC etiketi, hem i\u00e7 hem de d\u0131\u015f mekan uygulamalar\u0131 i\u00e7in uygun hale getirerek \u00e7e\u015fitli \u00e7evre ko\u015fullar\u0131na dayanacak \u015fekilde tasarlanm\u0131\u015ft\u0131r. \u0130ster su s\u0131\u00e7ramas\u0131 ister g\u00fcne\u015f \u0131\u015f\u0131\u011f\u0131na maruz kalma olsun,\u00a0<strong>NTAG 424 DNA NFC etiketi<\/strong>\u00a0i\u015flevsel ve sa\u011flam kal\u0131r.<\/li>\n<li><strong>Y\u00fcksek Performansl\u0131 \u0130leti\u015fim<\/strong>: Frekans\u0131nda \u00e7al\u0131\u015fmak\u00a0<strong>13,56 MHz<\/strong>Bu NFC etiketi, h\u0131zl\u0131 ileti\u015fim kurman\u0131z\u0131 sa\u011flar\u00a0<strong>NFC \u00f6zellikli ak\u0131ll\u0131 telefonlar<\/strong>\u00a0ve cihazlar. Bu t\u00fcr kusursuz etkile\u015fim, etiket tarand\u0131\u011f\u0131nda bilgilere etkili ve h\u0131zl\u0131 eri\u015fim sa\u011flar.<\/li>\n<li><strong>Kurcalamaya Kar\u015f\u0131 Dayan\u0131kl\u0131 Teknoloji<\/strong>: Etiketin kurcalamaya kar\u015f\u0131 dayan\u0131kl\u0131 bir m\u00fch\u00fcr g\u00f6revi g\u00f6rebilme \u00f6zelli\u011fi g\u00f6n\u00fcl rahatl\u0131\u011f\u0131 sa\u011flar. Herhangi biri uygun yetkilendirme olmadan bilgilere eri\u015fmeye \u00e7al\u0131\u015f\u0131rsa, etiket kurcalamay\u0131 i\u015faret eder ve b\u00f6ylece \u00fcr\u00fcn\u00fcn\u00fcz\u00fcn b\u00fct\u00fcnl\u00fc\u011f\u00fcn\u00fc korur.<\/li>\n<\/ul>\n<p>Bu \u00f6zelliklerin birle\u015fimi, NTAG 424 DNA NFC etiketini, \u00fcr\u00fcnlerini korumaya ve do\u011frulamaya yat\u0131r\u0131m yapan i\u015fletmeler i\u00e7in de\u011ferli bir varl\u0131k haline getiriyor.<\/p>\n<p>&nbsp;<\/p>\n<h3><strong>SSS: Dia 30mm NTAG 424 DNA NFC Etiketi Hakk\u0131nda Genel Sorular<\/strong><\/h3>\n<h3>1.\u00a0<strong>Dia 30mm NTAG 424 DNA NFC sticker ne i\u015fe yarar?<\/strong><\/h3>\n<p>NTAG 424 DNA NFC etiketi, \u00f6zellikle k\u0131rm\u0131z\u0131 \u015farap gibi de\u011ferli \u00fcr\u00fcnlerde \u00fcr\u00fcn kimlik do\u011frulamas\u0131 ve sahtecili\u011fe kar\u015f\u0131 koruma i\u00e7in kullan\u0131l\u0131r. Ayr\u0131ca, NFC \u00f6zellikli bir ak\u0131ll\u0131 telefonla tarand\u0131\u011f\u0131nda dijital i\u00e7eri\u011fe kolay eri\u015fim sa\u011flayarak perakende, lojistik ve envanter y\u00f6netimi gibi sekt\u00f6rlerde \u00e7e\u015fitli uygulamalara da hizmet edebilir.<\/p>\n<h3>2.\u00a0<strong>NFC etiketini nas\u0131l kullan\u0131r\u0131m?<\/strong><\/h3>\n<p>NFC etiketini kullanmak i\u00e7in, yap\u0131\u015fkan arkas\u0131n\u0131 soyun ve istedi\u011finiz y\u00fczeye yap\u0131\u015ft\u0131r\u0131n. Tarama yapmak i\u00e7in kullan\u0131c\u0131lar\u0131n NFC \u00f6zellikli bir ak\u0131ll\u0131 telefona veya cihaza ihtiyac\u0131 vard\u0131r. Cihaz\u0131 etikete yak\u0131n tutarak, i\u00e7inde saklanan bilgilere otomatik olarak eri\u015filebilir.<\/p>\n<h3>3.\u00a0<strong>NTAG 424 DNA NFC etiketi su ge\u00e7irmez mi?<\/strong><\/h3>\n<p>Evet, NTAG 424 DNA NFC etiketi su ge\u00e7irmez ve hava ko\u015fullar\u0131na dayan\u0131kl\u0131 olacak \u015fekilde tasarlanm\u0131\u015ft\u0131r. \u00c7e\u015fitli \u00e7evre ko\u015fullar\u0131na dayanabilir ve bu da onu hem i\u00e7 hem de d\u0131\u015f mekan uygulamalar\u0131 i\u00e7in uygun hale getirir.<\/p>\n<h3>4.\u00a0<strong>NFC etiketinde saklanan veriler ne kadar g\u00fcvenli?<\/strong><\/h3>\n<p>Etiket, 128 bit AES \u015fifrelemesi ve \u00e7oklu eri\u015fim anahtarlar\u0131 (5 x 128 bit) dahil olmak \u00fczere sa\u011flam g\u00fcvenlik protokollerine sahiptir. Bu g\u00fcvenlik d\u00fczeyi, verileri yetkisiz eri\u015fimden korumaya yard\u0131mc\u0131 olur ve yaln\u0131zca izin verilen kullan\u0131c\u0131lar\u0131n \u00fczerinde depolanan bilgileri alabilmesini veya de\u011fi\u015ftirebilmesini sa\u011flar.<\/p>\n<h3>5.\u00a0<strong>NFC etiketindeki veriler g\u00fcncellenebilir mi?<\/strong><\/h3>\n<p>Evet, NTAG 424 DNA NFC etiketinde saklanan veriler NFC \u00f6zellikli bir cihaz kullan\u0131larak g\u00fcncellenebilir. Bu \u00f6zellik, \u00fcr\u00fcn bilgilerini zaman i\u00e7inde g\u00fcncel ve alakal\u0131 tutmas\u0131 gereken i\u015fletmeler i\u00e7in \u00f6zellikle yararl\u0131d\u0131r.<\/p>","protected":false},"excerpt":{"rendered":"<p>The\u00a0<strong>\u00c7ap 30mm NTAG 424 DNA NFC Etiketi<\/strong>\u00a0y\u00fcksek g\u00fcvenlik ve kurcalamaya kar\u015f\u0131 dayan\u0131kl\u0131l\u0131k \u00f6zellikleri sunar ve bu da onu \u00fcr\u00fcn kimlik do\u011frulamas\u0131 ve sahtecili\u011fe kar\u015f\u0131 m\u00fccadele i\u00e7in vazge\u00e7ilmez bir \u00e7\u00f6z\u00fcm haline getirir. Dayan\u0131kl\u0131l\u0131k ve su ge\u00e7irmezlik i\u00e7in tasarlanan bu NFC etiketi, \u00e7ok \u00e7e\u015fitli uygulamalar i\u00e7in g\u00fcvenilir koruma ve izlenebilirlik sa\u011flar.<\/p>","protected":false},"featured_media":3304,"template":"","meta":[],"product_brand":[],"product_cat":[48],"product_tag":[],"class_list":{"0":"post-3303","1":"product","2":"type-product","3":"status-publish","4":"has-post-thumbnail","6":"product_cat-nfc-stickers","8":"first","9":"instock","10":"shipping-taxable","11":"product-type-simple"},"_links":{"self":[{"href":"https:\/\/nfc-readers.com\/tr\/wp-json\/wp\/v2\/product\/3303","targetHints":{"allow":["GET"]}}],"collection":[{"href":"https:\/\/nfc-readers.com\/tr\/wp-json\/wp\/v2\/product"}],"about":[{"href":"https:\/\/nfc-readers.com\/tr\/wp-json\/wp\/v2\/types\/product"}],"wp:featuredmedia":[{"embeddable":true,"href":"https:\/\/nfc-readers.com\/tr\/wp-json\/wp\/v2\/media\/3304"}],"wp:attachment":[{"href":"https:\/\/nfc-readers.com\/tr\/wp-json\/wp\/v2\/media?parent=3303"}],"wp:term":[{"taxonomy":"product_brand","embeddable":true,"href":"https:\/\/nfc-readers.com\/tr\/wp-json\/wp\/v2\/product_brand?post=3303"},{"taxonomy":"product_cat","embeddable":true,"href":"https:\/\/nfc-readers.com\/tr\/wp-json\/wp\/v2\/product_cat?post=3303"},{"taxonomy":"product_tag","embeddable":true,"href":"https:\/\/nfc-readers.com\/tr\/wp-json\/wp\/v2\/product_tag?post=3303"}],"curies":[{"name":"wp","href":"https:\/\/api.w.org\/{rel}","templated":true}]}}