{"id":3318,"date":"2024-11-01T05:29:10","date_gmt":"2024-11-01T05:29:10","guid":{"rendered":"https:\/\/nfc-readers.com\/?post_type=product&#038;p=3318"},"modified":"2024-11-01T05:29:20","modified_gmt":"2024-11-01T05:29:20","slug":"iso15693-icode-custom-size-pet-wet-dry-inlay-nfc-sticker","status":"publish","type":"product","link":"https:\/\/nfc-readers.com\/tr\/ic-reader\/iso15693-icode-custom-size-pet-wet-dry-inlay-nfc-sticker\/","title":{"rendered":"ISO15693 ICODE \u00d6zel Boyut PET ISLAK Kuru Yerle\u015ftirme NFC Etiketi"},"content":{"rendered":"<h1 style=\"text-align: center;\"><strong>ISO15693 ICODE \u00d6zel Boyut PET ISLAK Kuru Yerle\u015ftirme NFC Etiketi<\/strong><\/h1>\n<p>&nbsp;<\/p>\n<p>G\u00fcn\u00fcm\u00fcz\u00fcn dijital \u00e7a\u011f\u0131nda, Yak\u0131n Alan \u0130leti\u015fimi (NFC) teknolojisinin entegrasyonu, i\u015fletmelerin m\u00fc\u015fterileriyle ileti\u015fim kurma ve etkile\u015fim kurma bi\u00e7imini d\u00f6n\u00fc\u015ft\u00fcrd\u00fc.\u00a0<strong>ISO15693 ICODE \u00d6zel Boyut PET ISLAK Kuru Yerle\u015ftirme NFC Etiketi<\/strong>\u00a0NFC \u00fcr\u00fcnlerinde \u00f6nemli bir ilerlemeyi temsil eder, g\u00fcvenilir ileti\u015fim, \u00e7ok y\u00f6nl\u00fc uygulamalar ve ola\u011fan\u00fcst\u00fc dayan\u0131kl\u0131l\u0131k sunar. \u00c7e\u015fitli kullan\u0131m durumlar\u0131 i\u00e7in tasarlanm\u0131\u015f bu \u00e7ok y\u00f6nl\u00fc NFC etiketi, cihazlar aras\u0131nda sorunsuz etkile\u015fimler sa\u011flayarak onu modern i\u015fletmeler ve bireyler i\u00e7in vazge\u00e7ilmez bir ara\u00e7 haline getirir.<\/p>\n<p>Bir NFC etiketiyle s\u00fcre\u00e7leri kolayla\u015ft\u0131rabilir, kullan\u0131c\u0131 etkile\u015fimini geli\u015ftirebilir ve g\u00fcnl\u00fck g\u00f6revleri daha verimli hale getirebilirsiniz. Pazarlama stratejilerinizi y\u00fckseltmek, m\u00fc\u015fteri deneyimini iyile\u015ftirmek veya i\u015flemleri basitle\u015ftirmek istiyorsan\u0131z, bu NFC etiketi ihtiyac\u0131n\u0131z olan \u00f6zellikleri ve g\u00fcvenilirli\u011fi sa\u011flar.<\/p>\n<p>&nbsp;<\/p>\n<h2><strong>Benzersiz \u00d6zellikler<\/strong><\/h2>\n<p>ISO15693 ICODE NFC etiketinin \u00f6ne \u00e7\u0131kan \u00f6zellikleri, operasyonlar\u0131n\u0131 kolayla\u015ft\u0131rmak isteyen i\u015fletmeler ve bireyler i\u00e7in olmazsa olmaz bir \u00fcr\u00fcn olmas\u0131n\u0131 sa\u011fl\u0131yor.<\/p>\n<ul>\n<li><strong>Su ge\u00e7irmez\/Hava ko\u015fullar\u0131na dayan\u0131kl\u0131<\/strong>: \u00c7e\u015fitli \u00e7evre ko\u015fullar\u0131na dayanabilme \u00f6zelli\u011fi, NFC etiketlerinin d\u0131\u015f mekanlarda veya nemin mevcut olabilece\u011fi alanlarda kullan\u0131labilece\u011fi anlam\u0131na gelir. Bu \u00f6zellik, etiketin zamanla bozulmadan i\u015flevselli\u011fini korumas\u0131n\u0131 sa\u011flar.<\/li>\n<li><strong>\u00d6zel Boyutlar<\/strong>:Bu NFC etiketi, ihtiya\u00e7lar\u0131n\u0131za ba\u011fl\u0131 olarak farkl\u0131 boyutlarda ve \u015fekillerde \u00fcretilebilir ve bu sayede \u00fcr\u00fcn etiketleme, eri\u015fim kontrol rozetleri veya promosyon malzemeleri gibi \u00e7e\u015fitli uygulamalar i\u00e7in uygundur.<\/li>\n<\/ul>\n<p>Bu benzersiz \u00f6zellikler yaln\u0131zca kullan\u0131labilirli\u011fi art\u0131rmakla kalm\u0131yor, ayn\u0131 zamanda birden fazla sekt\u00f6rde uygulama olanaklar\u0131n\u0131 da geni\u015fletiyor.<\/p>\n<p>&nbsp;<\/p>\n<h2><strong>Teknik \u00d6zellikler<\/strong><\/h2>\n<table class=\"w-fit !mb-0 !max-w-none\" style=\"height: 300px;\" width=\"443\">\n<thead>\n<tr>\n<th>\u015eartname<\/th>\n<th>Detaylar<\/th>\n<\/tr>\n<\/thead>\n<tbody>\n<tr>\n<td><strong>S\u0131kl\u0131k<\/strong><\/td>\n<td>13,56 MHz<\/td>\n<\/tr>\n<tr>\n<td><strong>\u00c7ip T\u00fcrleri<\/strong><\/td>\n<td>ICODE SLIX \/ SLIX2 \/ SLIXS<\/td>\n<\/tr>\n<tr>\n<td><strong>Haf\u0131za<\/strong><\/td>\n<td>\u00c7ip tabanl\u0131<\/td>\n<\/tr>\n<tr>\n<td><strong>Protokol<\/strong><\/td>\n<td>ISO15693<\/td>\n<\/tr>\n<tr>\n<td><strong>Malzeme<\/strong><\/td>\n<td>EVDE BESLENEN HAYVAN<\/td>\n<\/tr>\n<tr>\n<td><strong>\u00d6zel Boyut<\/strong><\/td>\n<td>50*50MM veya \u00d6zel<\/td>\n<\/tr>\n<tr>\n<td><strong>Anavatan<\/strong><\/td>\n<td>Guangdong, \u00c7in<\/td>\n<\/tr>\n<tr>\n<td><strong>Paketleme Detaylar\u0131<\/strong><\/td>\n<td>100 adet\/torba, 5000 adet\/kutu<\/td>\n<\/tr>\n<tr>\n<td><strong>Liman<\/strong><\/td>\n<td>\u015eenzen<\/td>\n<\/tr>\n<tr>\n<td><strong>A\u011f\u0131rl\u0131k<\/strong><\/td>\n<td>0,010 kilo<\/td>\n<\/tr>\n<\/tbody>\n<\/table>\n<p>Ayr\u0131nt\u0131l\u0131 teknik \u00f6zellikler, \u00fcr\u00fcn\u00fcn end\u00fcstri standartlar\u0131n\u0131 kar\u015f\u0131lamas\u0131n\u0131 sa\u011flarken, \u00e7e\u015fitli uygulamalar i\u00e7in esneklik de sa\u011fl\u0131yor.<\/p>\n<p>&nbsp;<\/p>\n<h2><strong>SSS<\/strong><\/h2>\n<p>\u0130\u015fte konuyla ilgili s\u0131k sorulan baz\u0131 sorular:\u00a0<strong>ISO15693 ICODE \u00d6zel Boyut PET ISLAK Kuru Yerle\u015ftirme NFC Etiketi<\/strong>\u00a0Yetenekleri ve uygulamalar\u0131 hakk\u0131nda daha iyi bir anlay\u0131\u015fa sahip olman\u0131za yard\u0131mc\u0131 olmak i\u00e7in:<\/p>\n<h3><strong>1. NFC etiketi hangi cihazlarla etkile\u015fime girebilir?<\/strong><\/h3>\n<p>NFC etiketleri \u00e7o\u011fu cihazla uyumludur\u00a0<strong>NFC \u00f6zellikli ak\u0131ll\u0131 telefonlar<\/strong>, tabletler ve temass\u0131z okuyucular. NFC teknolojisini destekleyen cihazlar, etikete g\u00f6m\u00fcl\u00fc bilgileri okuyabilecektir.<\/p>\n<h3><strong>2. NFC etiketi ne kadar dayan\u0131kl\u0131d\u0131r?<\/strong><\/h3>\n<p>ISO15693 ICODE NFC etiketi \u015fu \u015fekilde yap\u0131lm\u0131\u015ft\u0131r:\u00a0<strong>PET malzeme<\/strong>, her ikisini de yap\u0131yor\u00a0<strong>su ge\u00e7irmez ve hava ko\u015fullar\u0131na dayan\u0131kl\u0131<\/strong>\u00c7e\u015fitli \u00e7evre ko\u015fullar\u0131na dayanacak \u015fekilde tasarlanm\u0131\u015ft\u0131r, farkl\u0131 ortamlarda g\u00fcvenilirlik ve uzun \u00f6m\u00fcr sa\u011flar.<\/p>\n<h3><strong>3. NFC etiketinin boyutunu ve \u015feklini \u00f6zelle\u015ftirebilir miyim?<\/strong><\/h3>\n<p>Evet! NFC etiketi \u015fu \u015fekilde \u00fcretilebilir:\u00a0<strong>farkl\u0131 boyut ve \u015fekillerde<\/strong>, \u00f6zel uygulama ihtiya\u00e7lar\u0131n\u0131z\u0131 kar\u015f\u0131lamak i\u00e7in \u00f6zelle\u015ftirmeye izin verir. L\u00fctfen mevcut se\u00e7enekler hakk\u0131nda bilgi al\u0131n.<\/p>\n<h3><strong>4. NFC etiketinin okuma mesafesi ne kadard\u0131r?<\/strong><\/h3>\n<p>NFC teknolojisi i\u00e7in okuma aral\u0131\u011f\u0131 genellikle\u00a0<strong>birka\u00e7 santimetre<\/strong>\u00a0(10 cm&#039;ye kadar). Etiketin performans\u0131 tarama i\u00e7in kullan\u0131lan cihaza ve \u00e7evresel fakt\u00f6rlere ba\u011fl\u0131 olarak de\u011fi\u015febilir.<\/p>\n<h3><strong>5. NFC etiketine hangi bilgileri kaydedebilirim?<\/strong><\/h3>\n<p>NFC etiketine \u00e7e\u015fitli t\u00fcrde bilgiler depolayabilirsiniz, bunlar aras\u0131nda \u015funlar yer al\u0131r:\u00a0<strong>URL&#039;ler, ileti\u015fim bilgileri, metin ve k\u00fc\u00e7\u00fck ikili veriler<\/strong>\u00a0(genellikle \u00e7ipin belle\u011finin k\u0131s\u0131tlamalar\u0131 dahilinde). Farkl\u0131 \u00e7ip se\u00e7enekleri (ICODE SLIX gibi) kullan\u0131larak bellek de\u011fi\u015febilir.<\/p>","protected":false},"excerpt":{"rendered":"<p>ISO15693 ICODE \u00d6zel Boyutlu PET ISLAK Kuru Yerle\u015ftirme NFC Etiketi, hem \u0131slak hem de kuru ortamlarda kesintisiz ileti\u015fim i\u00e7in tasarlanm\u0131\u015f \u00e7ok y\u00f6nl\u00fc ve dayan\u0131kl\u0131 bir NFC \u00e7\u00f6z\u00fcm\u00fcd\u00fcr. \u00d6zelle\u015ftirilebilir boyutlar\u0131 ve sa\u011flam su ge\u00e7irmez \u00f6zellikleriyle, pazarlama promosyonlar\u0131ndan g\u00fcvenli eri\u015fim kontrol\u00fcne kadar \u00e7e\u015fitli uygulamalar i\u00e7in idealdir.<\/p>","protected":false},"featured_media":3319,"template":"","meta":[],"product_brand":[],"product_cat":[48],"product_tag":[],"class_list":{"0":"post-3318","1":"product","2":"type-product","3":"status-publish","4":"has-post-thumbnail","6":"product_cat-nfc-stickers","8":"first","9":"instock","10":"shipping-taxable","11":"product-type-simple"},"_links":{"self":[{"href":"https:\/\/nfc-readers.com\/tr\/wp-json\/wp\/v2\/product\/3318","targetHints":{"allow":["GET"]}}],"collection":[{"href":"https:\/\/nfc-readers.com\/tr\/wp-json\/wp\/v2\/product"}],"about":[{"href":"https:\/\/nfc-readers.com\/tr\/wp-json\/wp\/v2\/types\/product"}],"wp:featuredmedia":[{"embeddable":true,"href":"https:\/\/nfc-readers.com\/tr\/wp-json\/wp\/v2\/media\/3319"}],"wp:attachment":[{"href":"https:\/\/nfc-readers.com\/tr\/wp-json\/wp\/v2\/media?parent=3318"}],"wp:term":[{"taxonomy":"product_brand","embeddable":true,"href":"https:\/\/nfc-readers.com\/tr\/wp-json\/wp\/v2\/product_brand?post=3318"},{"taxonomy":"product_cat","embeddable":true,"href":"https:\/\/nfc-readers.com\/tr\/wp-json\/wp\/v2\/product_cat?post=3318"},{"taxonomy":"product_tag","embeddable":true,"href":"https:\/\/nfc-readers.com\/tr\/wp-json\/wp\/v2\/product_tag?post=3318"}],"curies":[{"name":"wp","href":"https:\/\/api.w.org\/{rel}","templated":true}]}}