{"id":3325,"date":"2024-11-01T05:35:51","date_gmt":"2024-11-01T05:35:51","guid":{"rendered":"https:\/\/nfc-readers.com\/?post_type=product&#038;p=3325"},"modified":"2024-11-01T05:35:51","modified_gmt":"2024-11-01T05:35:51","slug":"ntag-215-75mm-nfc-epoxy-custom-table-menu-sticker","status":"publish","type":"product","link":"https:\/\/nfc-readers.com\/tr\/ic-reader\/ntag-215-75mm-nfc-epoxy-custom-table-menu-sticker\/","title":{"rendered":"Ntag 215 75MM NFC Epoksi \u00d6zel Masa Men\u00fc Etiketi"},"content":{"rendered":"<h1 style=\"text-align: center;\"><strong>Ntag 215 75MM NFC Epoksi \u00d6zel Masa Men\u00fc Etiketi<\/strong><\/h1>\n<p>&nbsp;<\/p>\n<p>Restoran teknolojisinin s\u00fcrekli geli\u015fen ortam\u0131nda,\u00a0<strong>Ntag 215 75MM NFC Epoksi \u00d6zel Masa Men\u00fc Etiketi<\/strong>\u00a0modern yemek deneyimleri i\u00e7in yenilik\u00e7i bir \u00e7\u00f6z\u00fcm olarak ortaya \u00e7\u0131k\u0131yor. Bu \u00e7ok y\u00f6nl\u00fc NFC etiketi, restoranlar\u0131n men\u00fclerini taze ve ilgi \u00e7ekici bir \u015fekilde sunmalar\u0131na ve temass\u0131z teknolojinin g\u00fcc\u00fcyle m\u00fc\u015fteri deneyimini geli\u015ftirmelerine olanak tan\u0131r. Geleneksel ka\u011f\u0131t men\u00fclere veda edin ve kusursuz, dijital etkile\u015fime merhaba deyin.<\/p>\n<p>&nbsp;<\/p>\n<h3><strong>Ntag 215 NFC Epoksi Etiketinin Avantajlar\u0131<\/strong><\/h3>\n<p>Ntag 215 NFC etiketi yaln\u0131zca bir \u00fcr\u00fcn de\u011fil; misafirperverlik hizmetlerini geli\u015ftirmek i\u00e7in d\u00f6n\u00fc\u015ft\u00fcr\u00fcc\u00fc bir ara\u00e7t\u0131r. Su ge\u00e7irmez \u00f6zelli\u011fi ve \u00f6zelle\u015ftirme se\u00e7enekleriyle bu NFC etiketi, \u00e7e\u015fitli yiyecek i\u015fletmelerinin benzersiz ihtiya\u00e7lar\u0131n\u0131 kar\u015f\u0131lar. Bu \u00fcr\u00fcne yat\u0131r\u0131m yapmak i\u00e7in ikna edici nedenler \u015funlard\u0131r:<\/p>\n<ul>\n<li><strong>Temass\u0131z Payla\u015f\u0131m<\/strong>M\u00fc\u015fteriler NFC \u00f6zellikli ak\u0131ll\u0131 telefonlar\u0131n\u0131 kullanarak dijital men\u00fclere zahmetsizce eri\u015febiliyor, b\u00f6ylece hijyenik ve etkile\u015fimli bir yemek deneyimi ya\u015fayabiliyor.<\/li>\n<li><strong>\u00d6zelle\u015ftirme<\/strong>: Restoran\u0131n\u0131z\u0131n markas\u0131na en uygun \u015fekilde uyum sa\u011flayacak ve men\u00fcn\u00fcz\u00fc ve promosyonlar\u0131n\u0131z\u0131 sergileyecek \u015fekilde \u00e7\u0131kartmalar\u0131n\u0131z\u0131 \u00e7e\u015fitli boyutlar, bask\u0131lar ve tasar\u0131mlarla \u00f6zelle\u015ftirin.<\/li>\n<li><strong>Dayan\u0131kl\u0131 ve G\u00fcvenilir<\/strong>: Suya ve hava ko\u015fullar\u0131na dayan\u0131kl\u0131 tasar\u0131m\u0131 ve epoksi, ka\u011f\u0131t\/PVC gibi y\u00fcksek kaliteli malzemelerden \u00fcretilen Ntag 215 sticker, yo\u011fun restoran ortamlar\u0131nda uzun s\u00fcreli kullan\u0131m sa\u011flayacak \u015fekilde \u00fcretilmi\u015ftir.<\/li>\n<li><\/li>\n<\/ul>\n<h3><strong>Ntag 215 NFC Sticker&#039;\u0131n \u00d6zellikleri<\/strong><\/h3>\n<p>The\u00a0<strong>Ntag 215 75MM NFC Epoksi \u00d6zel Masa Men\u00fc Etiketi<\/strong>\u00a0onu farkl\u0131 k\u0131lan \u00e7ok say\u0131da \u00f6zelli\u011fe sahiptir:<\/p>\n<ul>\n<li><strong>Malzemeler<\/strong>: \u00dcretildi\u00a0<strong>epoksi ve ka\u011f\u0131t\/PVC<\/strong>Bu etiket, tipik restoran ortamlar\u0131na kar\u015f\u0131 dayan\u0131kl\u0131l\u0131k ve diren\u00e7 i\u00e7in \u00fcretilmi\u015ftir.<\/li>\n<li><strong>Boyut ve \u00d6zelle\u015ftirme<\/strong>: Standart boyut ise\u00a0<strong>75MM<\/strong>, \u00f6zel boyutlar mevcuttur ve her t\u00fcrl\u00fc ma\u011faza temas\u0131na veya men\u00fc ihtiyac\u0131na g\u00f6re tam uyarlama olana\u011f\u0131 sa\u011flar.<\/li>\n<li><strong>\u0130leti\u015fim aray\u00fcz\u00fc<\/strong>: NFC ileti\u015fim aray\u00fcz\u00fcn\u00fc kullanarak \u00e7al\u0131\u015f\u0131r\u00a0<strong>13.56 MHz frekans\u0131<\/strong>Veri aktar\u0131m\u0131nda g\u00fcvenilirlik ve h\u0131z\u0131n sa\u011flanmas\u0131.<\/li>\n<\/ul>\n<p>Se\u00e7enekler sunmak\u00a0<strong>ofset ve serigrafi bask\u0131<\/strong>Ntag 215 sticker&#039;\u0131 logonuz, QR kodlar\u0131n\u0131z veya detayl\u0131 men\u00fc \u00f6\u011felerinizle birlikte gelebilir, marka bilinirli\u011finizi ve m\u00fc\u015fteri etkile\u015fiminizi art\u0131r\u0131r.<\/p>\n<p>&nbsp;<\/p>\n<h3><strong>\u00d6zelle\u015ftirme Se\u00e7enekleri<\/strong><\/h3>\n<p>\u00d6zelle\u015ftirmenin \u00f6nemli bir y\u00f6n\u00fc olmas\u0131yla\u00a0<strong>Ntag 215 NFC \u00e7\u0131kartmas\u0131<\/strong>Restoranlar \u00e7ok say\u0131da se\u00e7enek aras\u0131ndan se\u00e7im yapabilir:<\/p>\n<ul>\n<li><strong>Yazd\u0131rma Se\u00e7enekleri<\/strong>: Se\u00e7in\u00a0<strong>ofset bask\u0131, serigrafi bask\u0131 veya QR kodlar\u0131<\/strong>\u00a0\u2013 hepsi restoran\u0131n temas\u0131na uygun olarak \u00f6zel olarak tasarland\u0131.<\/li>\n<li><strong>Boyutlar ve \u015eekiller<\/strong>: Standart \u00e7ap ise\u00a0<strong>75MM<\/strong>, i\u015fletmeler belirli masalara veya dekor ihtiya\u00e7lar\u0131na uyacak \u015fekilde \u00f6zel boyutlar talep edebilir. Esnek se\u00e7enekler, d\u00fcz veya metal montajlar olsun, farkl\u0131 ortamlara uyum sa\u011flamay\u0131 sa\u011flar.<\/li>\n<\/ul>\n<p>NFC etiketinizi \u00f6zelle\u015ftirebilmeniz, restoran\u0131n\u0131z\u0131n m\u00fc\u015fteri etkile\u015fimini art\u0131r\u0131rken marka tutarl\u0131l\u0131\u011f\u0131n\u0131 koruyabilece\u011fi anlam\u0131na gelir.<\/p>\n<p>&nbsp;<\/p>\n<h3><strong>Ntag 215 NFC Epoksi \u00d6zel Masa Men\u00fc Etiketi i\u00e7in SSS<\/strong><\/h3>\n<h3>1.\u00a0<strong>Ntag 215 NFC Epoksi \u00d6zel Masa Men\u00fc Sticker\u0131 Nedir?<\/strong><\/h3>\n<p>Ntag 215 NFC Epoksi \u00d6zel Masa Men\u00fc Etiketi, restoranlar ve di\u011fer yemek i\u015fletmeleri i\u00e7in tasarlanm\u0131\u015f dayan\u0131kl\u0131, temass\u0131z bir NFC etiketidir. M\u00fc\u015fterilerin NFC \u00f6zellikli ak\u0131ll\u0131 telefonlar\u0131n\u0131 etikete dokundurarak dijital men\u00fclere ve promosyonlara kolayca eri\u015fmesini sa\u011flar.<\/p>\n<h3>2.\u00a0<strong>NFC teknolojisi nas\u0131l \u00e7al\u0131\u015f\u0131r?<\/strong><\/h3>\n<p>NFC (Yak\u0131n Alan \u0130leti\u015fimi), cihazlar aras\u0131nda k\u0131sa mesafelerde (genellikle 4 cm&#039;den az) kablosuz ileti\u015fime olanak tan\u0131r. Bir m\u00fc\u015fteri NFC \u00f6zellikli ak\u0131ll\u0131 telefonunu Ntag 215 etiketine dokundurdu\u011funda, etikette saklanan veriler okunur ve cihaz\u0131nda dijital men\u00fc g\u00f6r\u00fcnt\u00fclenir.<\/p>\n<h3>3.\u00a0<strong>Etiketler su ge\u00e7irmez mi?<\/strong><\/h3>\n<p>Evet, Ntag 215 \u00e7\u0131kartmalar\u0131 su ge\u00e7irmez ve hava ko\u015fullar\u0131na dayan\u0131kl\u0131 olacak \u015fekilde tasarlanm\u0131\u015ft\u0131r. Bu, d\u00f6k\u00fclmelerin ve s\u0131\u00e7ramalar\u0131n yayg\u0131n oldu\u011fu yo\u011fun restoran ortamlar\u0131nda bile dayan\u0131kl\u0131l\u0131k ve uzun \u00f6m\u00fcr sa\u011flar.<\/p>\n<h3>4.\u00a0<strong>Sticker\u0131n tasar\u0131m\u0131n\u0131 \u00f6zelle\u015ftirebilir miyim?<\/strong><\/h3>\n<p>Kesinlikle! Ntag 215 NFC etiketini ofset bask\u0131, serigrafi bask\u0131, logolar, QR kodlar\u0131 ve \u00f6zelle\u015ftirilmi\u015f boyutlar dahil olmak \u00fczere \u00e7e\u015fitli tasar\u0131m se\u00e7enekleriyle \u00f6zelle\u015ftirebilirsiniz. Bu, etiketi restoran\u0131n\u0131z\u0131n markas\u0131yla etkili bir \u015fekilde hizalaman\u0131za olanak tan\u0131r.<\/p>\n<h3>5.\u00a0<strong>Hangi \u00e7ip se\u00e7enekleri mevcut?<\/strong><\/h3>\n<p>Ntag 215 etiketi, Ntag 215 \u00e7ipi \u00f6nceden y\u00fcklenmi\u015f olarak gelir; ancak \u00f6zel ihtiya\u00e7lar\u0131n\u0131za g\u00f6re Ntag 213, Ntag 216 gibi di\u011fer NFC \u00e7ip se\u00e7eneklerini veya \u00f6zel yap\u0131land\u0131rmalar\u0131 da se\u00e7ebilirsiniz.<\/p>","protected":false},"excerpt":{"rendered":"<p>Ntag 215 75MM NFC Epoksi \u00d6zel Masa Men\u00fc Etiketi, m\u00fc\u015fterilerin dijital men\u00fclere sorunsuz ve temass\u0131z bir \u015fekilde eri\u015fmesini sa\u011flar. Dayan\u0131kl\u0131 ve \u00f6zelle\u015ftirilebilir, modern restoranlar i\u00e7in yemek deneyimini geli\u015ftirir.<\/p>","protected":false},"featured_media":3326,"template":"","meta":[],"product_brand":[],"product_cat":[48],"product_tag":[],"class_list":{"0":"post-3325","1":"product","2":"type-product","3":"status-publish","4":"has-post-thumbnail","6":"product_cat-nfc-stickers","8":"first","9":"instock","10":"shipping-taxable","11":"product-type-simple"},"_links":{"self":[{"href":"https:\/\/nfc-readers.com\/tr\/wp-json\/wp\/v2\/product\/3325","targetHints":{"allow":["GET"]}}],"collection":[{"href":"https:\/\/nfc-readers.com\/tr\/wp-json\/wp\/v2\/product"}],"about":[{"href":"https:\/\/nfc-readers.com\/tr\/wp-json\/wp\/v2\/types\/product"}],"wp:featuredmedia":[{"embeddable":true,"href":"https:\/\/nfc-readers.com\/tr\/wp-json\/wp\/v2\/media\/3326"}],"wp:attachment":[{"href":"https:\/\/nfc-readers.com\/tr\/wp-json\/wp\/v2\/media?parent=3325"}],"wp:term":[{"taxonomy":"product_brand","embeddable":true,"href":"https:\/\/nfc-readers.com\/tr\/wp-json\/wp\/v2\/product_brand?post=3325"},{"taxonomy":"product_cat","embeddable":true,"href":"https:\/\/nfc-readers.com\/tr\/wp-json\/wp\/v2\/product_cat?post=3325"},{"taxonomy":"product_tag","embeddable":true,"href":"https:\/\/nfc-readers.com\/tr\/wp-json\/wp\/v2\/product_tag?post=3325"}],"curies":[{"name":"wp","href":"https:\/\/api.w.org\/{rel}","templated":true}]}}