{"id":3332,"date":"2024-11-01T05:43:23","date_gmt":"2024-11-01T05:43:23","guid":{"rendered":"https:\/\/nfc-readers.com\/?post_type=product&#038;p=3332"},"modified":"2024-11-01T05:43:24","modified_gmt":"2024-11-01T05:43:24","slug":"ntag-213-custom-nfc-epoxy-sticker-for-nfc-smart-phone","status":"publish","type":"product","link":"https:\/\/nfc-readers.com\/tr\/ic-reader\/ntag-213-custom-nfc-epoxy-sticker-for-nfc-smart-phone\/","title":{"rendered":"Ntag 213 NFC Ak\u0131ll\u0131 Telefon i\u00e7in \u00d6zel NFC Epoksi Etiket"},"content":{"rendered":"<h1 style=\"text-align: center;\"><strong>Ntag 213 NFC Ak\u0131ll\u0131 Telefon i\u00e7in \u00d6zel NFC Epoksi Etiket<\/strong><\/h1>\n<p>&nbsp;<\/p>\n<p>Ba\u011flant\u0131n\u0131n gelece\u011fini ke\u015ffedin\u00a0<strong>Ntag 213 \u00d6zel NFC Epoksi Etiket<\/strong>, sorunsuz etkile\u015fimler i\u00e7in tasarlanm\u0131\u015f \u00e7ok y\u00f6nl\u00fc ve yenilik\u00e7i bir \u00fcr\u00fcn\u00a0<strong>NFC \u00f6zellikli ak\u0131ll\u0131 telefonlar<\/strong>. M\u00fckemmel \u00f6zellikleriyle, \u015funlar\u0131 i\u00e7erir:\u00a0<em>su ge\u00e7irmezlik<\/em>Dayan\u0131kl\u0131 bir epoksi malzeme ve \u00f6zelle\u015ftirilebilir se\u00e7eneklerle bu NFC etiketi sadece ba\u015fka bir alet de\u011fil, dijital deneyiminizi geli\u015ftiren devrim niteli\u011finde bir ara\u00e7t\u0131r. \u00d6deme uygulamalar\u0131ndan dijital bilgilerin kolayca payla\u015f\u0131lmas\u0131na kadar, Ntag 213 etiketi rahatl\u0131k ve verimlilik arayan herkes i\u00e7in olmazsa olmazd\u0131r.<\/p>\n<p>&nbsp;<\/p>\n<h3><strong>Neden Ntag 213 NFC Etiketlerini Sat\u0131n Almal\u0131s\u0131n\u0131z<\/strong><\/h3>\n<p>Do\u011fru NFC etiketini se\u00e7mek, sorunsuz bir kullan\u0131c\u0131 deneyimi sa\u011flarken i\u015fletmenizin veya ki\u015fisel markan\u0131z\u0131 y\u00fckseltebilir. Ntag 213 \u00d6zel NFC Epoksi Etiketi, g\u00fcvenilirlik, y\u00fcksek performans ve uyarlanabilirli\u011fin benzersiz kar\u0131\u015f\u0131m\u0131 nedeniyle \u00f6ne \u00e7\u0131k\u0131yor. 144 bayt veri depolama yetene\u011fiyle, bu NFC etiketi \u00e7ok say\u0131da uygulama i\u00e7in idealdir ve bu da onu g\u00fcn\u00fcm\u00fcz\u00fcn teknoloji odakl\u0131 d\u00fcnyas\u0131nda olmazsa olmaz bir ara\u00e7 haline getirir. Peki bu etiket neden sat\u0131n al\u0131nmaya de\u011fer? \u0130\u015fte birka\u00e7 ikna edici neden:<\/p>\n<ul>\n<li><strong>Dayan\u0131kl\u0131l\u0131k<\/strong>: Epoksi kaplamas\u0131 sayesinde bu NFC etiketi\u00a0<strong>su ge\u00e7irmez ve hava ko\u015fullar\u0131na dayan\u0131kl\u0131<\/strong>, \u00e7e\u015fitli ortamlarda i\u015flevselli\u011fini korumas\u0131na olanak tan\u0131r.<\/li>\n<li><strong>\u00c7ok y\u00f6nl\u00fcl\u00fck<\/strong>: Boyut, renk ve bask\u0131 tasar\u0131m\u0131nda \u00f6zelle\u015ftirme se\u00e7enekleriyle bu \u00fcr\u00fcn\u00fc \u00f6zel marka ihtiya\u00e7lar\u0131n\u0131z\u0131 kar\u015f\u0131layacak \u015fekilde uyarlayabilirsiniz.<\/li>\n<li><strong>Kolay Entegrasyon<\/strong>: Geni\u015f bir yelpazede uyumludur\u00a0<strong>NFC cihazlar\u0131<\/strong>Android ve iPhone dahil olmak \u00fczere, kullan\u0131c\u0131lar\u0131n zahmetsizce bilgi payla\u015fmas\u0131na ve dijital i\u00e7eriklerle etkile\u015fime girmesine olanak tan\u0131r.<\/li>\n<\/ul>\n<p>&nbsp;<\/p>\n<h3><strong>\u00dcr\u00fcn \u00d6zellikleri ve Avantajlar\u0131<\/strong><\/h3>\n<h3>\u00d6zel Boyutlar ve Renkler<\/h3>\n<p>Her proje benzersizdir ve bizim\u00a0<strong>Ntag 213 NFC \u00e7\u0131kartmalar\u0131<\/strong>\u00a0belirli gereksinimlere uyacak \u015fekilde uyarlanabilir. \u0130htiyac\u0131n\u0131z olsun veya olmas\u0131n\u00a0<strong>dikd\u00f6rtgen<\/strong>, oval veya yuvarlak tasar\u0131m, \u015fekil ve boyutta esneklik sunuyoruz. Ayr\u0131ca markan\u0131z\u0131 tamamlayacak \u00e7e\u015fitli renkler aras\u0131ndan se\u00e7im yapabilirsiniz. Bu seviyede\u00a0<strong>\u00f6zelle\u015ftirme<\/strong>\u00a0pazarlama stratejileriniz veya ki\u015fisel projeleriniz i\u00e7in m\u00fckemmel uyumu garanti eder.<\/p>\n<h3>Suya ve Hava Ko\u015fullar\u0131na Dayan\u0131kl\u0131 Tasar\u0131m<\/h3>\n<p>The\u00a0<strong>epoksi malzeme<\/strong>\u00a0Ntag 213 etiketinde kullan\u0131lan, ona neme ve sert hava ko\u015fullar\u0131na kar\u015f\u0131 ola\u011fan\u00fcst\u00fc koruma sa\u011flar.\u00a0<strong>su ge\u00e7irmez<\/strong>\u00a0yetene\u011fi, elementlere maruz kalma konusunda endi\u015felenmenize gerek olmad\u0131\u011f\u0131 anlam\u0131na gelir. \u0130ster i\u00e7 mekanda ister d\u0131\u015f mekanda kullan\u0131ls\u0131n, bu NFC etiketleri i\u015flevselli\u011fini ve etkinli\u011fini koruyacak ve bu da onlar\u0131 dayan\u0131kl\u0131l\u0131k gerektiren a\u00e7\u0131k hava reklamc\u0131l\u0131\u011f\u0131 veya ak\u0131ll\u0131 cihazlar gibi uygulamalar i\u00e7in uygun hale getirecektir.<\/p>\n<h3>13.56 MHz \u0130leti\u015fim Frekans\u0131<\/h3>\n<p>Standart kullan\u0131m\u0131\u00a0<strong>13.56 MHz ileti\u015fim frekans\u0131<\/strong>Bu NFC etiketleri,\u00a0<strong>RFID<\/strong>\u00a0teknoloji. Bu frekans, NFC \u00f6zellikli bir cihaz taraf\u0131ndan tarand\u0131\u011f\u0131nda h\u0131zl\u0131 ve g\u00fcvenli veri aktar\u0131m\u0131n\u0131 garantileyen g\u00fcvenilir bir ileti\u015fim aray\u00fcz\u00fc sa\u011flar. Bu uyumluluk, kullan\u0131labilirli\u011fi daha da art\u0131rarak \u00e7e\u015fitli platformlar ve cihazlar aras\u0131nda sorunsuz bir deneyim sa\u011flar.<\/p>\n<h3>Y\u00fcksek Performans i\u00e7in NTAG213 \u00c7ip<\/h3>\n<p>Her Ntag 213 \u00f6zel \u00e7\u0131kartmas\u0131n\u0131n kalbinde\u00a0<strong>NTAG213 \u00e7ipi<\/strong>, y\u00fcksek performans\u0131 ve \u00e7ok y\u00f6nl\u00fcl\u00fc\u011f\u00fcyle \u00fcnl\u00fcd\u00fcr. Bir an\u0131 ile\u00a0<strong>144 bayt<\/strong>, URL&#039;leri, metni veya k\u00fc\u00e7\u00fck veri k\u00fcmelerini ba\u015far\u0131yla depolar. \u00c7ipin mimarisi, kartvizitlerden etkile\u015fimli pazarlama kampanyalar\u0131na kadar kapsaml\u0131 uygulamalara olanak tan\u0131r. G\u00fcvenilirli\u011fi, etiketlerinizin ar\u0131za olmadan tekrar tekrar taranabilmesini ve eri\u015filebilmesini sa\u011flar.<\/p>\n<p>&nbsp;<\/p>\n<h3><strong>Teknik \u00d6zellikler<\/strong><\/h3>\n<table class=\"w-fit !mb-0 !max-w-none\" style=\"height: 297px;\" width=\"431\">\n<thead>\n<tr>\n<th>\u00d6zellik<\/th>\n<th>\u015eartname<\/th>\n<\/tr>\n<\/thead>\n<tbody>\n<tr>\n<td>Yonga<\/td>\n<td>NTAG213<\/td>\n<\/tr>\n<tr>\n<td>S\u0131kl\u0131k<\/td>\n<td>13,56 MHz<\/td>\n<\/tr>\n<tr>\n<td>Haf\u0131za<\/td>\n<td>144 Bayt<\/td>\n<\/tr>\n<tr>\n<td>Protokol<\/td>\n<td>ISO14443<\/td>\n<\/tr>\n<tr>\n<td>Malzeme<\/td>\n<td>Epoksi<\/td>\n<\/tr>\n<tr>\n<td>Boyut<\/td>\n<td>Gelenek<\/td>\n<\/tr>\n<tr>\n<td>Renk<\/td>\n<td>Gelenek<\/td>\n<\/tr>\n<tr>\n<td>Yazd\u0131rma Se\u00e7enekleri<\/td>\n<td>Ofset Bask\u0131\/Pantone\/QR<\/td>\n<\/tr>\n<tr>\n<td>Anavatan<\/td>\n<td>Guangdong, \u00c7in<\/td>\n<\/tr>\n<tr>\n<td>\u00d6zel \u00d6zellikler<\/td>\n<td>Suya \/ Hava ko\u015fullar\u0131na dayan\u0131kl\u0131<\/td>\n<\/tr>\n<\/tbody>\n<\/table>\n<h3><\/h3>\n<h3><strong>SSS<\/strong><\/h3>\n<h3>Ntag 213 NFC sticker&#039;\u0131 hangi cihazlarla uyumludur?<\/h3>\n<p>Ntag 213 \u00e7\u0131kartmalar\u0131, pop\u00fcler markalar da dahil olmak \u00fczere t\u00fcm NFC \u00f6zellikli ak\u0131ll\u0131 telefonlarla uyumludur.\u00a0<strong>iPhone<\/strong>\u00a0Ve\u00a0<strong>SAMSUNG<\/strong>.<\/p>\n<h3>Pil \u00f6mr\u00fc ne kadar?<\/h3>\n<p>Ntag 213 NFC etiketleri bir pile ihtiya\u00e7 duymaz; bunlar NFC \u00f6zellikli okuyucudan g\u00fc\u00e7 \u00e7eken pasif cihazlard\u0131r. Etiket sa\u011flam ve menzil dahilinde oldu\u011fu s\u00fcrece \u00e7al\u0131\u015facakt\u0131r.<\/p>\n<h3>Bu \u00e7\u0131kartmalar d\u0131\u015f mekanlarda kullan\u0131labilir mi?<\/h3>\n<p>Evet! NFC etiketlerimiz,\u00a0<strong>su ge\u00e7irmez ve hava ko\u015fullar\u0131na dayan\u0131kl\u0131<\/strong>Bu sayede hem i\u00e7 hem de d\u0131\u015f mekan uygulamalar\u0131na uygundurlar.<\/p>\n<h3>Maksimum tarama mesafesi var m\u0131d\u0131r?<\/h3>\n<p>Etkili tarama mesafesi, cihaz\u0131n NFC anten g\u00fcc\u00fcne ve \u00e7evresel fakt\u00f6rlere ba\u011fl\u0131 olarak genellikle 10 cm&#039;ye (4 in\u00e7) kadard\u0131r.<\/p>","protected":false},"excerpt":{"rendered":"<p>The\u00a0<strong>NTAG-213 \u00d6zel NFC Epoksi Etiket<\/strong>\u00a0NFC \u00f6zellikli ak\u0131ll\u0131 telefonlarla sorunsuz etkile\u015fim i\u00e7in tasarlanm\u0131\u015f \u00e7ok y\u00f6nl\u00fc, su ge\u00e7irmez bir NFC etiketidir. Boyut, renk ve bask\u0131 se\u00e7eneklerinde \u00f6zelle\u015ftirilebilir olan bu dayan\u0131kl\u0131 etiket, i\u015fletmelerin ve bireylerin dijital i\u00e7eri\u011fi zahmetsizce payla\u015fmas\u0131na olanak tan\u0131r, kullan\u0131c\u0131 etkile\u015fimini ve markala\u015fma f\u0131rsatlar\u0131n\u0131 art\u0131r\u0131r.<\/p>","protected":false},"featured_media":3333,"template":"","meta":[],"product_brand":[],"product_cat":[48],"product_tag":[],"class_list":{"0":"post-3332","1":"product","2":"type-product","3":"status-publish","4":"has-post-thumbnail","6":"product_cat-nfc-stickers","8":"first","9":"instock","10":"shipping-taxable","11":"product-type-simple"},"_links":{"self":[{"href":"https:\/\/nfc-readers.com\/tr\/wp-json\/wp\/v2\/product\/3332","targetHints":{"allow":["GET"]}}],"collection":[{"href":"https:\/\/nfc-readers.com\/tr\/wp-json\/wp\/v2\/product"}],"about":[{"href":"https:\/\/nfc-readers.com\/tr\/wp-json\/wp\/v2\/types\/product"}],"wp:featuredmedia":[{"embeddable":true,"href":"https:\/\/nfc-readers.com\/tr\/wp-json\/wp\/v2\/media\/3333"}],"wp:attachment":[{"href":"https:\/\/nfc-readers.com\/tr\/wp-json\/wp\/v2\/media?parent=3332"}],"wp:term":[{"taxonomy":"product_brand","embeddable":true,"href":"https:\/\/nfc-readers.com\/tr\/wp-json\/wp\/v2\/product_brand?post=3332"},{"taxonomy":"product_cat","embeddable":true,"href":"https:\/\/nfc-readers.com\/tr\/wp-json\/wp\/v2\/product_cat?post=3332"},{"taxonomy":"product_tag","embeddable":true,"href":"https:\/\/nfc-readers.com\/tr\/wp-json\/wp\/v2\/product_tag?post=3332"}],"curies":[{"name":"wp","href":"https:\/\/api.w.org\/{rel}","templated":true}]}}