{"id":3348,"date":"2024-11-01T10:53:48","date_gmt":"2024-11-01T10:53:48","guid":{"rendered":"https:\/\/nfc-readers.com\/?post_type=product&#038;p=3348"},"modified":"2024-11-04T09:04:23","modified_gmt":"2024-11-04T09:04:23","slug":"rfid-ultralight-playground-ticket-proximity-pvc-vip-card","status":"publish","type":"product","link":"https:\/\/nfc-readers.com\/tr\/ic-reader\/rfid-ultralight-playground-ticket-proximity-pvc-vip-card\/","title":{"rendered":"Oyun Alan\u0131 Bileti i\u00e7in Mifare Ultralight ev1 PVC RFID Kart\u0131"},"content":{"rendered":"<h1><strong><span style=\"color: #000080;\">Oyun Alan\u0131 Bileti i\u00e7in Mifare Ultralight ev1 PVC RFID Kart\u0131<\/span><\/strong><\/h1>\n<p>&nbsp;<\/p>\n<h4><strong><span style=\"color: #008080;\">Eri\u015fim Kontrol\u00fc ve Bilet \u00c7\u00f6z\u00fcmlerinde Devrim Yarat\u0131yoruz<\/span><\/strong><\/h4>\n<p><span style=\"color: #666699;\">G\u00fcn\u00fcm\u00fcz\u00fcn nakitsiz d\u00fcnyas\u0131nda, Mifare Ultralight ev1 PVC RFID Kart Oyun Alan\u0131 bileti, modern bilet ve eri\u015fim kontrol \u00e7\u00f6z\u00fcmlerinin \u00f6n saflar\u0131nda yer almaktad\u0131r. Bu y\u00fcksek teknolojili kart, yaln\u0131zca e\u011flence parklar\u0131na ve etkinliklere giri\u015fi kolayla\u015ft\u0131rmakla kalmaz, ayn\u0131 zamanda sa\u011flam tasar\u0131m\u0131 ve ak\u0131ll\u0131 kart teknolojisiyle kullan\u0131c\u0131 deneyimini de geli\u015ftirir. E\u015fsiz g\u00fcvenlik, kolayl\u0131k ve \u00e7ok y\u00f6nl\u00fcl\u00fck sunan bu kart, m\u00fc\u015fteri kat\u0131l\u0131m\u0131n\u0131 ve operasyonel verimlili\u011fini art\u0131rmay\u0131 hedefleyen i\u015fletmeler i\u00e7in ideal bir se\u00e7imdir.<\/span><\/p>\n<hr \/>\n<h2><\/h2>\n<h2 style=\"text-align: center;\"><span style=\"color: #000080;\"><em><strong>\u00dcr\u00fcn \u00d6zellikleri ve Avantajlar\u0131<\/strong><\/em><\/span><\/h2>\n<h3><span style=\"color: #333399;\">1. <strong>Dayan\u0131kl\u0131 ve G\u00fcvenilir Malzeme<\/strong><\/span><\/h3>\n<p>Y\u00fcksek kaliteli PVC&#039;den \u00fcretilen bu RFID kart\u0131, zorlu \u00e7evre ko\u015fullar\u0131na dayanacak \u015fekilde tasarlanm\u0131\u015ft\u0131r.\u00a0<strong>su ge\u00e7irmez<\/strong>\u00a0Ve\u00a0<strong>hava ko\u015fullar\u0131na dayan\u0131kl\u0131<\/strong>\u00a0\u00f6zellikleri a\u015f\u0131nma ve y\u0131pranmay\u0131 \u00f6nleyerek uzun s\u00fcreli dayan\u0131kl\u0131l\u0131k sa\u011flar. \u0130ster a\u00e7\u0131k hava e\u011flence parklar\u0131nda ister kapal\u0131 alan etkinliklerinde kullan\u0131ls\u0131n,\u00a0<strong>RFID Ultralight Oyun Alan\u0131 kart\u0131<\/strong>\u00a0i\u015flevsel ve g\u00f6rsel olarak \u00e7ekici kal\u0131r, bu da zamanla de\u011fi\u015ftirme maliyetlerini azaltabilir.<\/p>\n<p>&nbsp;<\/p>\n<h3><span style=\"color: #333399;\"><strong>2. \u00c7ok Y\u00f6nl\u00fc Uygulamalar<\/strong><\/span><\/h3>\n<p>\u00c7e\u015fitli kullan\u0131mlar i\u00e7in tasarlanan Mifare Ultralight ev1 PVC RFID Kart Oyun Alan\u0131 bileti i\u00e7in m\u00fckemmeldir\u00a0<strong>Biletleme<\/strong>,\u00a0<strong>eri\u015fim kontrol\u00fc<\/strong>,\u00a0<strong>sadakat programlar\u0131<\/strong>, Ve\u00a0<strong>etkinlik y\u00f6netimi<\/strong>. Kart, giri\u015f s\u00fcre\u00e7lerini etkili bir \u015fekilde basitle\u015ftirir ve bu da onu toplu ta\u015f\u0131ma sistemleri, e\u011flence parklar\u0131, festivaller ve daha fazlas\u0131 i\u00e7in m\u00fckemmel bir se\u00e7im haline getirir. \u00c7ok y\u00f6nl\u00fcl\u00fc\u011f\u00fc, i\u015fletmelerin \u00e7e\u015fitli operasyonel ihtiya\u00e7lar i\u00e7in birle\u015fik bir \u00e7\u00f6z\u00fcm uygulamas\u0131n\u0131 sa\u011flar.<\/p>\n<p>&nbsp;<\/p>\n<h3><span style=\"color: #333399;\">3. <strong>Uygun Kullan\u0131c\u0131 Deneyimi<\/strong><\/span><\/h3>\n<p>Bir ile\u00a0<strong>okuma mesafesi<\/strong>\u00a01-20 cm ve kal\u0131nl\u0131k se\u00e7ene\u011fi\u00a0<strong>0,76 mm\/0,84 mm<\/strong>, kart kullan\u0131m kolayl\u0131\u011f\u0131 ve m\u00fc\u015fteri memnuniyeti sa\u011flar. Kullan\u0131c\u0131lar kart\u0131 herhangi bir NFC \u00f6zellikli cihaza dokundurarak h\u0131zl\u0131 bir i\u015flem ger\u00e7ekle\u015ftirebilir. Bu\u00a0<strong>temass\u0131z<\/strong>\u00a0Bu \u00f6zellik fiziksel temas\u0131 en aza indirir ve hijyeni art\u0131r\u0131r; g\u00fcn\u00fcm\u00fcz ortam\u0131nda \u00f6nemli bir husustur.<\/p>\n<p>&nbsp;<\/p>\n<h3><span style=\"color: #333399;\"><strong>4. \u00d6zelle\u015ftirme Se\u00e7enekleri<\/strong><\/span><\/h3>\n<p>Mifare Ultralight ev1 PVC RFID Kart Oyun Alan\u0131 bileti, markala\u015fma ve pazarlama ihtiya\u00e7lar\u0131na uyacak \u015fekilde kapsaml\u0131 \u00f6zelle\u015ftirme olana\u011f\u0131 sunar. M\u00fc\u015fteriler, a\u015fa\u011f\u0131dakiler de dahil olmak \u00fczere \u00e7e\u015fitli bask\u0131 se\u00e7eneklerinden se\u00e7im yapabilirler:\u00a0<strong>CMYK4C Bask\u0131<\/strong>,\u00a0<strong>termal bask\u0131<\/strong>, Ve\u00a0<strong>serigrafi bask\u0131<\/strong>Ek olarak, \u015fu gibi unsurlar:\u00a0<strong>lazer kodu<\/strong>,\u00a0<strong>seri numaralar\u0131<\/strong>, Ve\u00a0<strong>kabartma<\/strong>\u00a0Her kart i\u00e7in benzersiz bir kimlik yaratacak \u015fekilde uyarlanabilir, bu sayede marka g\u00f6r\u00fcn\u00fcrl\u00fc\u011f\u00fc ve sadakati art\u0131r\u0131labilir.<\/p>\n<p>&nbsp;<\/p>\n<h3><span style=\"color: #333399;\"><strong>5. Teknik \u00d6zellikler<\/strong><\/span><\/h3>\n<div class=\"table-with-header rounded-lg border border-solid border-grey-line2-normal w-fit max-w-full mb-2\">\n<div class=\"overflow-x-auto custom-scrollbar custom-scrollbar-float max-w-full\">\n<table class=\"w-fit !mb-0 !max-w-none\" style=\"height: 339px;\" width=\"403\">\n<thead>\n<tr>\n<th>\u00d6zellik<\/th>\n<th>\u015eartname<\/th>\n<\/tr>\n<\/thead>\n<tbody>\n<tr>\n<td><\/td>\n<td><\/td>\n<\/tr>\n<tr>\n<td>\u00c7ip T\u00fcr\u00fc<\/td>\n<td>MIFARE Ultralight\u00ae C<\/td>\n<\/tr>\n<tr>\n<td>S\u0131kl\u0131k<\/td>\n<td>13,56 MHz<\/td>\n<\/tr>\n<tr>\n<td>Malzeme<\/td>\n<td>PVC<\/td>\n<\/tr>\n<tr>\n<td>Okuma Mesafesi<\/td>\n<td>2-10 CM<\/td>\n<\/tr>\n<tr>\n<td>Kal\u0131nl\u0131k<\/td>\n<td>0,76 mm \/ 0,84 mm \/ \u00d6zelle\u015ftirilmi\u015f<\/td>\n<\/tr>\n<tr>\n<td>Boyut<\/td>\n<td>CR80<\/td>\n<\/tr>\n<tr>\n<td>Zanaat<\/td>\n<td>Lazer Kodu, UV M\u00fcrekkep, Seri No.<\/td>\n<\/tr>\n<tr>\n<td>Yazma D\u00f6ng\u00fcs\u00fc<\/td>\n<td>100.000 kez<\/td>\n<\/tr>\n<tr>\n<td>Anavatan<\/td>\n<td>Guangdong, \u00c7in<\/td>\n<\/tr>\n<\/tbody>\n<\/table>\n<\/div>\n<\/div>\n<hr \/>\n<h2 style=\"text-align: center;\"><span style=\"color: #000080;\"><strong>Kullan\u0131m Talimatlar\u0131<\/strong><\/span><\/h2>\n<ol>\n<li><strong>Kart\u0131 Etkinle\u015ftir<\/strong>: Kart\u0131n RFID y\u00f6netim yaz\u0131l\u0131m\u0131n\u0131z arac\u0131l\u0131\u011f\u0131yla aktifle\u015ftirildi\u011finden emin olun.<\/li>\n<li><strong>Okuyucuya dokunun<\/strong>: Kart\u0131 NFC okuyucusundan 1-20 cm uzakta tutun.<\/li>\n<li><strong>\u0130\u015flem Onay\u0131<\/strong>: Okuyucu i\u015flemi bir bip sesi veya \u0131\u015f\u0131k g\u00f6stergesi ile onaylayacakt\u0131r.<\/li>\n<li><strong>Eri\u015fim Verildi<\/strong>: Kullan\u0131c\u0131lar mekana giri\u015f veya servisten faydalanma i\u015flemlerine devam edebilirler.<\/li>\n<\/ol>\n<p>&nbsp;<\/p>\n<h2 style=\"text-align: center;\"><em><span style=\"color: #000080;\"><strong>\u00c7evre Dostu \u00dcretim<\/strong><\/span><\/em><\/h2>\n<p><span style=\"color: #666699;\">S\u00fcrd\u00fcr\u00fclebilirlik, modern \u00fcretimin anahtar\u0131d\u0131r ve Mifare Ultralight ev1 PVC RFID Kart Oyun Alan\u0131 biletinin \u00fcretimi \u00e7evre dostu uygulamalarla uyumludur. S\u00fcrd\u00fcr\u00fclebilir malzemelere ve s\u00fcre\u00e7lere yat\u0131r\u0131m yaparak, i\u015fletmeler y\u00fcksek kaliteli bir \u00fcr\u00fcn sunarken \u00e7evrenin korunmas\u0131na katk\u0131da bulunabilir. Bu taahh\u00fct, \u00e7evre bilincine sahip t\u00fcketicilerle iyi bir \u015fekilde \u00f6rt\u00fc\u015f\u00fcr ve kurumsal sorumlulu\u011fu art\u0131r\u0131r.<\/span><\/p>","protected":false},"excerpt":{"rendered":"<p>Oyun Alan\u0131 bileti i\u00e7in Mifare Ultralight ev1 PVC RFID Kart\u0131n\u0131 ke\u015ffedin - sorunsuz eri\u015fim kontrol\u00fc ve biletleme i\u00e7in dayan\u0131kl\u0131, \u00e7ok y\u00f6nl\u00fc ve \u00e7evre dostu.<\/p>","protected":false},"featured_media":3349,"template":"","meta":[],"product_brand":[],"product_cat":[46],"product_tag":[],"class_list":{"0":"post-3348","1":"product","2":"type-product","3":"status-publish","4":"has-post-thumbnail","6":"product_cat-nfc-cards","8":"first","9":"instock","10":"shipping-taxable","11":"product-type-simple"},"_links":{"self":[{"href":"https:\/\/nfc-readers.com\/tr\/wp-json\/wp\/v2\/product\/3348","targetHints":{"allow":["GET"]}}],"collection":[{"href":"https:\/\/nfc-readers.com\/tr\/wp-json\/wp\/v2\/product"}],"about":[{"href":"https:\/\/nfc-readers.com\/tr\/wp-json\/wp\/v2\/types\/product"}],"wp:featuredmedia":[{"embeddable":true,"href":"https:\/\/nfc-readers.com\/tr\/wp-json\/wp\/v2\/media\/3349"}],"wp:attachment":[{"href":"https:\/\/nfc-readers.com\/tr\/wp-json\/wp\/v2\/media?parent=3348"}],"wp:term":[{"taxonomy":"product_brand","embeddable":true,"href":"https:\/\/nfc-readers.com\/tr\/wp-json\/wp\/v2\/product_brand?post=3348"},{"taxonomy":"product_cat","embeddable":true,"href":"https:\/\/nfc-readers.com\/tr\/wp-json\/wp\/v2\/product_cat?post=3348"},{"taxonomy":"product_tag","embeddable":true,"href":"https:\/\/nfc-readers.com\/tr\/wp-json\/wp\/v2\/product_tag?post=3348"}],"curies":[{"name":"wp","href":"https:\/\/api.w.org\/{rel}","templated":true}]}}