{"id":3353,"date":"2024-11-01T11:19:32","date_gmt":"2024-11-01T11:19:32","guid":{"rendered":"https:\/\/nfc-readers.com\/?post_type=product&#038;p=3353"},"modified":"2024-11-04T08:59:53","modified_gmt":"2024-11-04T08:59:53","slug":"iso14443a-mifare-rfid-hotel-card-magnetic-stripe-available","status":"publish","type":"product","link":"https:\/\/nfc-readers.com\/tr\/ic-reader\/iso14443a-mifare-rfid-hotel-card-magnetic-stripe-available\/","title":{"rendered":"ISO14443A MIFARE RFID Otel Kart\u0131 Manyetik \u015eerit Mevcuttur"},"content":{"rendered":"<h1><span style=\"color: #000080;\"><strong>ISO14443A MIFARE RFID Otel Kart\u0131 Manyetik \u015eerit Mevcuttur<\/strong><\/span><\/h1>\n<p><span style=\"color: #666699;\">Eri\u015fim Kontrol\u00fcn\u00fcn Gelece\u011fiModern misafirperverlik sekt\u00f6r\u00fcnde, odalara ve tesislere kesintisiz eri\u015fim \u00e7ok \u00f6nemlidir. <strong>ISO14443A MIFARE RFID Otel Kart\u0131 Manyetik \u015eeritli<\/strong>\u00a0geli\u015fmi\u015f RFID teknolojisi ve kullan\u0131c\u0131 dostu tasar\u0131m\u0131 harmanlayan d\u00f6n\u00fc\u015ft\u00fcr\u00fcc\u00fc bir \u00e7\u00f6z\u00fcm olarak ortaya \u00e7\u0131km\u0131\u015ft\u0131r. Bu kart, otel y\u00f6netimi i\u00e7in birinci s\u0131n\u0131f g\u00fcvenlik sa\u011flarken misafir deneyimini de geli\u015ftirir. <\/span><\/p>\n<p><span style=\"color: #666699;\">Konuklar temass\u0131z eri\u015fimin keyfini \u00e7\u0131kar\u0131rken, otel i\u015fletmecileri geli\u015fmi\u015f g\u00fcvenlik ve verimlilikten faydalan\u0131r. Su ge\u00e7irmez ve hava ko\u015fullar\u0131na dayan\u0131kl\u0131 \u00f6zellikleriyle RFID kart\u0131, en yo\u011fun ortamlarda bile uzun \u00f6m\u00fcrl\u00fc olmas\u0131n\u0131 garanti eden dayan\u0131kl\u0131l\u0131k i\u00e7in tasarlanm\u0131\u015ft\u0131r. Bu kart yaln\u0131zca giri\u015f s\u00fcrecini kolayla\u015ft\u0131rmakla kalmaz, ayn\u0131 zamanda eri\u015fim kontrol\u00fc i\u00e7in g\u00fcvenilir bir ara\u00e7 g\u00f6revi g\u00f6r\u00fcr ve t\u00fcm bunlar otelinizin marka kimli\u011fini yans\u0131tacak ki\u015fiselle\u015ftirme se\u00e7enekleri sunar.<\/span><\/p>\n<hr \/>\n<h2><\/h2>\n<h2 style=\"text-align: center;\"><em><strong><span style=\"color: #000080;\">\u00dcr\u00fcn Anahatt\u0131<\/span><\/strong><\/em><\/h2>\n<h3><span style=\"color: #333399;\"> <strong>1. ISO14443A MIFARE RFID Otel Kart\u0131n\u0131n Temel \u00d6zellikleri<\/strong><\/span><\/h3>\n<p>The\u00a0<strong>ISO14443A MIFARE RFID Otel Kart\u0131<\/strong>\u00a0hem otel i\u015fletmecilerine hem de misafirlere hitap eden bir dizi yenilik\u00e7i \u00f6zellik sunar. Geli\u015fmi\u015f\u00a0<strong>MIFARE\u00ae Ultra Hafif C<\/strong>\u00a0\u00e7ip teknolojisi, bu kart frekans\u0131nda \u00e7al\u0131\u015f\u0131r\u00a0<strong>13,56 MHz<\/strong>\u00a0alt\u0131nda\u00a0<strong>ISO14443A protokol\u00fc<\/strong>Bu \u015fartname, minimum etkile\u015fim gerektiren h\u0131zl\u0131 ve g\u00fcvenli eri\u015fime olanak tan\u0131r ve ger\u00e7ek bir\u00a0<strong>temass\u0131z deneyim<\/strong>.Onunla birlikte\u00a0<strong>su ge\u00e7irmez<\/strong>\u00a0Ve\u00a0<strong>hava ko\u015fullar\u0131na dayan\u0131kl\u0131<\/strong>\u00a0tasar\u0131m\u0131, kart\u0131n g\u00fcnl\u00fck a\u015f\u0131nma ve y\u0131pranmaya dayanmas\u0131n\u0131 sa\u011flayarak \u00e7e\u015fitli ortamlarda i\u015flevselli\u011fini korur. Ayr\u0131ca, bir\u00a0<strong>manyetik \u015ferit<\/strong>\u00a0eri\u015fim kontrol sistemlerinde \u00e7ok y\u00f6nl\u00fcl\u00fc\u011fe olanak tan\u0131r. Bu ikili i\u015flevsellik, otel odas\u0131 giri\u015fleri veya di\u011fer tesisler i\u00e7in kullan\u0131ls\u0131n, RFID kart\u0131n\u0131n kesintisiz ve g\u00fcvenilir hizmet sa\u011flamas\u0131n\u0131 garanti eder.<\/p>\n<p>&nbsp;<\/p>\n<h3><span style=\"color: #333399;\"><strong>3. Teknik \u00d6zellikler<\/strong><\/span><\/h3>\n<p>Do\u011fru eri\u015fim kontrol \u00e7\u00f6z\u00fcm\u00fcn\u00fc se\u00e7mek i\u00e7in teknik \u00f6zellikleri anlamak \u00e7ok \u00f6nemlidir. A\u015fa\u011f\u0131da ayr\u0131nt\u0131l\u0131 bir tablo bulunmaktad\u0131r\u00a0<strong>ISO14443A MIFARE RFID Otel Kart\u0131<\/strong> \u00d6zellikler:<\/p>\n<div class=\"table-with-header rounded-lg border border-solid border-grey-line2-normal w-fit max-w-full mb-2\">\n<div class=\"h-8 items-center flex justify-between px-2 text-xs border-0 border-b border-solid border-grey-line2-normal\">\n<div class=\"h-[26px] w-[26px] text-text-primary-3 cursor-pointer hover:text-text-primary-2 flex-center\"><\/div>\n<\/div>\n<div class=\"overflow-x-auto custom-scrollbar custom-scrollbar-float max-w-full\">\n<table class=\"w-fit !mb-0 !max-w-none\">\n<thead>\n<tr>\n<th>\u015eartname<\/th>\n<th>De\u011fer<\/th>\n<\/tr>\n<\/thead>\n<tbody>\n<tr>\n<td>Yonga<\/td>\n<td>MIFARE\u00ae Ultra Hafif C<\/td>\n<\/tr>\n<tr>\n<td>S\u0131kl\u0131k<\/td>\n<td>13,56 MHz<\/td>\n<\/tr>\n<tr>\n<td>\u0130leti\u015fim aray\u00fcz\u00fc<\/td>\n<td>RFID, NFC<\/td>\n<\/tr>\n<tr>\n<td>Malzeme<\/td>\n<td>PVC<\/td>\n<\/tr>\n<tr>\n<td>Boyut<\/td>\n<td>85,5 x54 mm \/ \u00f6zelle\u015ftirilmi\u015f<\/td>\n<\/tr>\n<tr>\n<td>Manyetik \u015eerit<\/td>\n<td>Loco300 oe \/ Hico2750\/4000 oe<\/td>\n<\/tr>\n<tr>\n<td>Y\u00fczey<\/td>\n<td>Parlak, Mat, Mat<\/td>\n<\/tr>\n<tr>\n<td>Kodlamak<\/td>\n<td>QR Kod Bask\u0131s\u0131\/Lazer Kod<\/td>\n<\/tr>\n<tr>\n<td>Yazd\u0131rma Se\u00e7enekleri<\/td>\n<td>Ofset Bask\u0131 CMYK\/Serigrafi\/Dijital<\/td>\n<\/tr>\n<\/tbody>\n<\/table>\n<\/div>\n<\/div>\n<p>Bu \u00f6zellikler, kart\u0131n \u00e7ok y\u00f6nl\u00fcl\u00fc\u011f\u00fcn\u00fc ve geli\u015fmi\u015f teknolojisini vurgularken, tasar\u0131m\u0131 da hem kullan\u0131c\u0131lar\u0131n hem de otel y\u00f6neticilerinin ihtiya\u00e7lar\u0131n\u0131 kar\u015f\u0131l\u0131yor.<\/p>\n<p>&nbsp;<\/p>\n<h3><span style=\"color: #333399;\"><strong>4. RFID Otel Kartlar\u0131n\u0131 Kullanman\u0131n Faydalar\u0131<\/strong><\/span><\/h3>\n<p><span style=\"color: #666699;\">Entegre etmek\u00a0<strong>ISO14443A MIFARE RFID Otel Kart\u0131<\/strong>\u00a0bir otelin operasyonlar\u0131na dahil etmek \u00e7ok say\u0131da fayda sa\u011flar. \u0130lk olarak,\u00a0<strong>temass\u0131z<\/strong>\u00a0teknoloji, geleneksel anahtarlarla u\u011fra\u015fmadan odalara ve tesislere h\u0131zl\u0131 ve kolay eri\u015fim sa\u011flayarak konuk deneyimini iyile\u015ftirir. Bu, nihayetinde iyile\u015ftirilmi\u015f konuk memnuniyetine d\u00f6n\u00fc\u015fen giri\u015f i\u015flemlerini h\u0131zland\u0131r\u0131r.<\/span><\/p>\n<p><span style=\"color: #666699;\">Ayr\u0131ca, RFID teknolojisi etkili\u00a0<strong>eri\u015fim kontrol\u00fc<\/strong>\u00a0y\u00f6netim. Otel personeli, izinsiz eri\u015fimi en aza indirirken geli\u015fmi\u015f g\u00fcvenli\u011fi garanti alt\u0131na alarak kullan\u0131m modellerini kolayca izleyebilir. \u015eu gibi \u00f6zelliklerle\u00a0<strong>kar\u015f\u0131l\u0131kl\u0131 kimlik do\u011frulama<\/strong>, izinsiz \u00e7o\u011faltma olas\u0131l\u0131\u011f\u0131 neredeyse ortadan kalk\u0131yor.<\/span><\/p>\n<p>&nbsp;<\/p>\n<h2 style=\"text-align: center;\"><span style=\"color: #000080;\"><em><strong>SSS<\/strong><\/em><\/span><\/h2>\n<p><span style=\"color: #008080;\"><strong>1. RFID otel kart\u0131n\u0131n kullan\u0131m \u00f6mr\u00fc ne kadard\u0131r?<\/strong><\/span><\/p>\n<p>Dayan\u0131kl\u0131 PVC malzemesi ve hava ko\u015fullar\u0131na dayan\u0131kl\u0131 \u00f6zellikleri sayesinde kart normal kullan\u0131mda birka\u00e7 y\u0131l dayan\u0131r.<\/p>\n<hr \/>\n<p><span style=\"color: #008080;\"><strong>2. Kart, markam\u0131zla \u00f6zelle\u015ftirilebilir mi?<\/strong><\/span><\/p>\n<p>Evet, \u00e7e\u015fitli bask\u0131 ve biti\u015f se\u00e7eneklerini kullanarak kart\u0131n\u0131z\u0131 otelinizin logosu ve renkleriyle \u00f6zelle\u015ftirebilirsiniz.<\/p>\n<hr \/>\n<p><strong><span style=\"color: #008080;\">3. Kart mevcut RFID sistemleriyle uyumlu mu?<\/span><\/strong><\/p>\n<p>Evet, RFID eri\u015fim kontrol sistemlerinin \u00e7o\u011fuyla uyumludur. <strong>ISO14443A protokol\u00fc<\/strong>.<\/p>","protected":false},"excerpt":{"rendered":"<p>ISO14443A MIFARE RFID Otel Kart\u0131, temass\u0131z eri\u015fim, geli\u015fmi\u015f g\u00fcvenlik ve \u00f6zelle\u015ftirme se\u00e7enekleri sunarak modern konaklama ihtiya\u00e7lar\u0131 i\u00e7in idealdir.<\/p>","protected":false},"featured_media":3354,"template":"","meta":[],"product_brand":[],"product_cat":[46],"product_tag":[],"class_list":{"0":"post-3353","1":"product","2":"type-product","3":"status-publish","4":"has-post-thumbnail","6":"product_cat-nfc-cards","8":"first","9":"instock","10":"shipping-taxable","11":"product-type-simple"},"_links":{"self":[{"href":"https:\/\/nfc-readers.com\/tr\/wp-json\/wp\/v2\/product\/3353","targetHints":{"allow":["GET"]}}],"collection":[{"href":"https:\/\/nfc-readers.com\/tr\/wp-json\/wp\/v2\/product"}],"about":[{"href":"https:\/\/nfc-readers.com\/tr\/wp-json\/wp\/v2\/types\/product"}],"wp:featuredmedia":[{"embeddable":true,"href":"https:\/\/nfc-readers.com\/tr\/wp-json\/wp\/v2\/media\/3354"}],"wp:attachment":[{"href":"https:\/\/nfc-readers.com\/tr\/wp-json\/wp\/v2\/media?parent=3353"}],"wp:term":[{"taxonomy":"product_brand","embeddable":true,"href":"https:\/\/nfc-readers.com\/tr\/wp-json\/wp\/v2\/product_brand?post=3353"},{"taxonomy":"product_cat","embeddable":true,"href":"https:\/\/nfc-readers.com\/tr\/wp-json\/wp\/v2\/product_cat?post=3353"},{"taxonomy":"product_tag","embeddable":true,"href":"https:\/\/nfc-readers.com\/tr\/wp-json\/wp\/v2\/product_tag?post=3353"}],"curies":[{"name":"wp","href":"https:\/\/api.w.org\/{rel}","templated":true}]}}