{"id":3365,"date":"2024-11-01T14:47:51","date_gmt":"2024-11-01T14:47:51","guid":{"rendered":"https:\/\/nfc-readers.com\/?post_type=product&#038;p=3365"},"modified":"2024-11-01T15:00:46","modified_gmt":"2024-11-01T15:00:46","slug":"custom-read-write-flexible-ntag213-215-216-epoxy-nfc-tag","status":"publish","type":"product","link":"https:\/\/nfc-readers.com\/tr\/ic-reader\/custom-read-write-flexible-ntag213-215-216-epoxy-nfc-tag\/","title":{"rendered":"\u00d6zel Okuma-Yazma Esnek NTAG213 215 216 Epoksi NFC Etiketi"},"content":{"rendered":"<h1 style=\"text-align: center;\"><strong>\u00d6zel Okuma-Yazma Esnek NTAG213 215 216 Epoksi NFC Etiketi<\/strong><\/h1>\n<p>&nbsp;<\/p>\n<p>G\u00fcn\u00fcm\u00fcz\u00fcn h\u0131zl\u0131 dijital d\u00fcnyas\u0131nda, NFC (Yak\u0131n Alan \u0130leti\u015fimi) teknolojisi cihazlar\u0131m\u0131zla etkile\u015fim kurma, bilgi payla\u015fma ve t\u00fcketicilerle ba\u011flant\u0131 kurma bi\u00e7imimizde devrim yarat\u0131yor. <strong>\u00d6zel Okuma-Yazma Esnek NTAG213\/215\/216 Epoksi NFC Etiketi<\/strong>\u00a0ileti\u015fim yeteneklerinizi geli\u015ftirmek i\u00e7in tasarlanm\u0131\u015f, \u00e7ok y\u00f6nl\u00fc ve kullan\u0131m\u0131 kolay yenilik\u00e7i bir \u00fcr\u00fcnd\u00fcr. Su ge\u00e7irmezlik \u00f6zellikleri, \u00f6zelle\u015ftirilebilir \u00f6zellikleri ve \u00e7e\u015fitli uygulamalar\u0131yla bu NFC etiketi, i\u015fletmeler ve bireyler i\u00e7in en iyi se\u00e7im olarak \u00f6ne \u00e7\u0131k\u0131yor.<\/p>\n<p>NFC&#039;nin g\u00fcc\u00fcnden yararlanarak etkile\u015fimleri basitle\u015ftirebilir, verimlili\u011fi art\u0131rabilir ve kullan\u0131c\u0131lar\u0131 do\u011frudan dahil edebilirsiniz. \u0130ster sosyal medya payla\u015f\u0131m\u0131 i\u00e7in ister ak\u0131ll\u0131 \u00e7\u00f6z\u00fcmler olu\u015fturmak i\u00e7in NFC etiketleri ar\u0131yor olun, bu \u00fcr\u00fcn i\u015flevsellik ve rahatl\u0131\u011f\u0131n m\u00fckemmel bir kar\u0131\u015f\u0131m\u0131n\u0131 sunar. Bu \u00f6zellikleri birle\u015ftirerek operasyonel verimlili\u011finizi ve kullan\u0131c\u0131 etkile\u015fiminizi geli\u015ftirin <strong>NFC etiketleri<\/strong>\u00a0Bug\u00fcn stratejinize dahil edin!<\/p>\n<p>&nbsp;<\/p>\n<h3><strong>NTAG213\/215\/216 Epoksi NFC Etiketinin \u00d6zel \u00d6zellikleri<\/strong><\/h3>\n<p>The\u00a0<strong>\u00d6zel Okuma-Yazma Esnek NTAG213\/215\/216 Epoksi NFC Etiketi<\/strong>\u00a0\u00e7ok say\u0131da donan\u0131mla birlikte gelir\u00a0<strong>\u00f6zel \u00f6zellikler<\/strong>\u00a0Bu onu standart NFC etiketlerinden ay\u0131ran \u015fey.<\/p>\n<ul>\n<li><strong>Su Ge\u00e7irmez\/Hava Ko\u015fullar\u0131na Dayan\u0131kl\u0131:<\/strong>\u00a0Bu NFC etiketleri, \u00e7e\u015fitli \u00e7evre ko\u015fullar\u0131nda dayan\u0131kl\u0131l\u0131k ve i\u015flevsellik sa\u011flayan malzemelerle \u00fcretilmi\u015ftir. \u0130ster i\u00e7 mekanda ister d\u0131\u015f mekanda kullan\u0131ls\u0131n, neme dayan\u0131kl\u0131d\u0131rlar ve farkl\u0131 iklimlerin zorluklar\u0131na dayanacak \u015fekilde \u00fcretilmi\u015ftir.<\/li>\n<li><strong>\u00d6zelle\u015ftirilebilir Boyut ve Form Fakt\u00f6r\u00fc:<\/strong>\u00a0Standart bir boyutta mevcuttur\u00a0<strong>25mm<\/strong>\u00f6zelle\u015ftirme se\u00e7enekleriyle, bunlar\u00a0<strong>NFC etiketleri<\/strong>\u00a0Belirli proje gereksinimlerini veya markalama ihtiya\u00e7lar\u0131n\u0131 kar\u015f\u0131lamak \u00fczere uyarlanabilir.<\/li>\n<li><strong>Yeniden Yaz\u0131labilir Bellek Se\u00e7enekleri:<\/strong>\u00a0Se\u00e7ilen \u00e7ip t\u00fcr\u00fcne ba\u011fl\u0131 olarak bellek \u015fu aral\u0131klarda olabilir:\u00a0<strong>144 ila 888 Bayt<\/strong>, kullan\u0131c\u0131lar\u0131n URL&#039;ler, ileti\u015fim bilgileri veya uygulama verileri gibi temel bilgileri depolamas\u0131na olanak tan\u0131r. Bu,\u00a0<strong>yeniden yaz\u0131labilir NFC etiketleri<\/strong>\u00a0Gerekti\u011finde farkl\u0131 kampanya ve uygulamalar i\u00e7in yeniden kullan\u0131lmak \u00fczere.<\/li>\n<\/ul>\n<p>Bilginin s\u00fcrekli g\u00fcncellendi\u011fi dijital bir ortamda, alaka d\u00fczeyini korumak isteyen i\u015fletmeler i\u00e7in \u00f6zelle\u015ftirilebilir ve esnek se\u00e7eneklere sahip olmak paha bi\u00e7ilemez.<\/p>\n<p>&nbsp;<\/p>\n<h3><strong>NTAG213, NTAG215 ve NTAG216 Yongalar\u0131n\u0131 Kullanman\u0131n Avantajlar\u0131<\/strong><\/h3>\n<p>NTAG serisindeki her \u00e7ip, farkl\u0131 kullan\u0131c\u0131 ihtiya\u00e7lar\u0131n\u0131 kar\u015f\u0131layan benzersiz avantajlar sunar:<\/p>\n<ul>\n<li><strong>NTAG213:<\/strong>\u00a0Basit uygulamalar i\u00e7in tasarlanan bu \u00e7ip, URL&#039;leri veya ileti\u015fim bilgilerini payla\u015fmak i\u00e7in ideal olan geni\u015f depolama alan\u0131 ve temel i\u015flevler sunuyor.<\/li>\n<li><strong>NTAG215:<\/strong>\u00a0Geni\u015fletilmi\u015f bellek kapasitesiyle NTAG215, mobil oyun gibi daha karma\u015f\u0131k uygulamalar ve \u00f6ne \u00e7\u0131kacak kadar etkile\u015fimli deneyimler yaratmak i\u00e7in m\u00fckemmeldir.<\/li>\n<li><strong>NTAG216:<\/strong>\u00a0Daha fazla veri depolama alan\u0131na ihtiya\u00e7 duyanlar i\u00e7in NTAG216, serinin en y\u00fcksek bellek kapasitesini sunarak daha kapsaml\u0131 veri aktar\u0131m\u0131 veya depolama gerektiren uygulamalar i\u00e7in uygun hale getirir<\/li>\n<\/ul>\n<p>&nbsp;<\/p>\n<h3><strong>S\u0131k\u00e7a Sorulan Sorular (SSS)<\/strong><\/h3>\n<h3>1.\u00a0<strong>Hangi tip NFC etiketleri mevcuttur?<\/strong><\/h3>\n<p>NTAG213, NTAG215 ve NTAG216 dahil olmak \u00fczere \u00e7e\u015fitli NFC etiketi t\u00fcrleri vard\u0131r. Her biri farkl\u0131 bellek kapasiteleri ve i\u015flevler sunar. Ek olarak, yeniden yaz\u0131labilir etiketler, yap\u0131\u015fkanl\u0131 \u00e7\u0131kartmalar ve metal ve metal \u00fcst\u00fc uygulamalar dahil olmak \u00fczere belirli y\u00fczeyler i\u00e7in tasarlanm\u0131\u015f \u00f6zel etiketler vard\u0131r.<\/p>\n<h3>2.\u00a0<strong>Telefonumun NFC \u00f6zelli\u011fini destekledi\u011fini nas\u0131l anlar\u0131m?<\/strong><\/h3>\n<p>Son y\u0131llarda \u00fcretilen \u00e7o\u011fu ak\u0131ll\u0131 telefon, hem Android hem de iOS cihazlar, NFC teknolojisiyle donat\u0131lm\u0131\u015ft\u0131r. NFC&#039;nin desteklenip desteklenmedi\u011fini \u00f6\u011frenmek i\u00e7in cihaz\u0131n\u0131z\u0131n \u00f6zelliklerini veya ayarlar\u0131n\u0131 kontrol edebilirsiniz. Ayarlar men\u00fcs\u00fcnde NFC se\u00e7ene\u011fini aray\u0131n veya \u00fcreticinin web sitesine dan\u0131\u015f\u0131n.<\/p>\n<h3>3.\u00a0<strong>NFC etiketleri \u00fczerindeki verileri yeniden yazabilir miyim?<\/strong><\/h3>\n<p>Evet! Bizim\u00a0<strong>NTAG213\/215\/216 NFC etiketleri<\/strong>\u00a0yeniden yaz\u0131labilir, yani \u00fczerlerinde depolanan verileri birden fazla kez g\u00fcncelleyebilir veya de\u011fi\u015ftirebilirsiniz. Bu, onlar\u0131 i\u015fletmeler ve ki\u015fisel kullan\u0131mlar i\u00e7in \u00e7ok y\u00f6nl\u00fc bir \u00e7\u00f6z\u00fcm haline getirir ve etiketi de\u011fi\u015ftirmeye gerek kalmadan kolay g\u00fcncellemeler sa\u011flar.<\/p>\n<h3>4.\u00a0<strong>NFC etiketlerinin okuma mesafesi nedir?<\/strong><\/h3>\n<p>Tipik olarak, NFC etiketlerinin okuma mesafesi\u00a0<strong>1-5 cm<\/strong>Bu k\u0131sa menzil, NFC etiketi ile NFC \u00f6zellikli cihaz aras\u0131nda g\u00fcvenli ve do\u011frudan ileti\u015fimi sa\u011flar.<\/p>\n<h3>5.\u00a0<strong>NFC etiketleri su ge\u00e7irmez mi?<\/strong><\/h3>\n<p>Evet, bizim\u00a0<strong>\u00d6zel Okuma-Yazma Esnek NTAG213\/215\/216 Epoksi NFC Etiketleri<\/strong>\u00a0su ge\u00e7irmez ve hava ko\u015fullar\u0131na dayan\u0131kl\u0131 olacak \u015fekilde tasarlanm\u0131\u015ft\u0131r, bu sayede d\u0131\u015f mekan kullan\u0131m\u0131 ve de\u011fi\u015fen \u00e7evre ko\u015fullar\u0131 i\u00e7in uygundur.<\/p>","protected":false},"excerpt":{"rendered":"<p>\u00d6zel Okuma-Yazma Esnek NTAG213\/215\/216 Epoksi NFC Etiketi, \u00e7ok y\u00f6nl\u00fc uygulamalar i\u00e7in dayan\u0131kl\u0131 ve su ge\u00e7irmez \u00e7\u00f6z\u00fcmler sunarak kesintisiz veri payla\u015f\u0131m\u0131 ve etkile\u015fimi sa\u011flar. Pazarlama, sosyal medya ve daha fazlas\u0131 i\u00e7in m\u00fckemmel!<\/p>","protected":false},"featured_media":3366,"template":"","meta":[],"product_brand":[],"product_cat":[47],"product_tag":[],"class_list":{"0":"post-3365","1":"product","2":"type-product","3":"status-publish","4":"has-post-thumbnail","6":"product_cat-nfc-tags","8":"first","9":"instock","10":"shipping-taxable","11":"product-type-simple"},"_links":{"self":[{"href":"https:\/\/nfc-readers.com\/tr\/wp-json\/wp\/v2\/product\/3365","targetHints":{"allow":["GET"]}}],"collection":[{"href":"https:\/\/nfc-readers.com\/tr\/wp-json\/wp\/v2\/product"}],"about":[{"href":"https:\/\/nfc-readers.com\/tr\/wp-json\/wp\/v2\/types\/product"}],"wp:featuredmedia":[{"embeddable":true,"href":"https:\/\/nfc-readers.com\/tr\/wp-json\/wp\/v2\/media\/3366"}],"wp:attachment":[{"href":"https:\/\/nfc-readers.com\/tr\/wp-json\/wp\/v2\/media?parent=3365"}],"wp:term":[{"taxonomy":"product_brand","embeddable":true,"href":"https:\/\/nfc-readers.com\/tr\/wp-json\/wp\/v2\/product_brand?post=3365"},{"taxonomy":"product_cat","embeddable":true,"href":"https:\/\/nfc-readers.com\/tr\/wp-json\/wp\/v2\/product_cat?post=3365"},{"taxonomy":"product_tag","embeddable":true,"href":"https:\/\/nfc-readers.com\/tr\/wp-json\/wp\/v2\/product_tag?post=3365"}],"curies":[{"name":"wp","href":"https:\/\/api.w.org\/{rel}","templated":true}]}}