{"id":3372,"date":"2024-11-01T14:57:52","date_gmt":"2024-11-01T14:57:52","guid":{"rendered":"https:\/\/nfc-readers.com\/?post_type=product&#038;p=3372"},"modified":"2024-11-01T14:57:52","modified_gmt":"2024-11-01T14:57:52","slug":"13-56mhz-iso14443a-anti-fake-ntag-424-tamper-nfc-sticker","status":"publish","type":"product","link":"https:\/\/nfc-readers.com\/tr\/ic-reader\/13-56mhz-iso14443a-anti-fake-ntag-424-tamper-nfc-sticker\/","title":{"rendered":"13.56MHZ ISO14443A Sahte NTAG 424 Kurcalamaya Kar\u015f\u0131 NFC Etiketi"},"content":{"rendered":"<h1 style=\"text-align: center;\"><strong>13.56MHZ ISO14443A Sahte NTAG 424 Kurcalamaya Kar\u015f\u0131 NFC Etiketi<\/strong><\/h1>\n<p>&nbsp;<\/p>\n<p>The\u00a0<strong>13.56MHz ISO14443A Sahte NTAG 424 Kurcalamaya Kar\u015f\u0131 NFC Etiketi<\/strong>\u00a0dijital kimlik do\u011frulama ve sahtecili\u011fe kar\u015f\u0131 teknolojide son teknoloji bir \u00e7\u00f6z\u00fcm\u00fc temsil eder. Geli\u015fmi\u015f \u00f6zelliklerle tasarlanan bu NFC etiketi, RFID ileti\u015fiminin g\u00fcc\u00fcnden yararlan\u0131r ve i\u015fletmelerin ve bireylerin \u00fcr\u00fcnleri ve hassas bilgileri sahte tehditlere kar\u015f\u0131 korumas\u0131n\u0131 sa\u011flayan NTAG424 DNA \u00e7ipiyle donat\u0131lm\u0131\u015ft\u0131r.<\/p>\n<p>G\u00fcn\u00fcm\u00fcz pazar\u0131nda, \u00fcr\u00fcnlerin orijinalli\u011fini sa\u011flamak hayati \u00f6nem ta\u015f\u0131r ve bu NFC etiketi i\u015fletmelere bunu yapman\u0131n uygun fiyatl\u0131 ve etkili bir yolunu sunar. \u00dcr\u00fcn g\u00fcvenli\u011fini art\u0131rmak isteyen bir perakendeci veya mallar\u0131n orijinalli\u011fini do\u011frulamak isteyen bir birey olun, NTAG 424 NFC etiketlerimize yat\u0131r\u0131m yapmak ak\u0131ll\u0131ca bir se\u00e7imdir.<\/p>\n<p>&nbsp;<\/p>\n<h3><strong>\u00dcr\u00fcn \u00d6zellikleri ve Avantajlar\u0131<\/strong><\/h3>\n<p>&nbsp;<\/p>\n<h3>1.Geli\u015fmi\u015f Sahtecilik \u00d6nleme Teknolojisi<\/h3>\n<p>The\u00a0<strong>NTAG 424 DNA NFC Etiketi<\/strong>\u00a0Kullan\u0131c\u0131lar\u0131n \u00fcr\u00fcn ger\u00e7ekli\u011fini sorunsuz bir \u015fekilde do\u011frulamas\u0131n\u0131 sa\u011flayan son teknoloji sahtecili\u011fe kar\u015f\u0131 koruma teknolojisini kullan\u0131r. Dahili parola korumas\u0131 ve g\u00fcvenli \u015fifreli ileti\u015fim, yaln\u0131zca yetkili kullan\u0131c\u0131lar\u0131n hassas bilgilere eri\u015febilmesini sa\u011flar. \u0130ster markal\u0131 \u00fcr\u00fcnler, ister koleksiyonluk \u00fcr\u00fcnler veya hatta ki\u015fisel e\u015fyalar i\u00e7in kullan\u0131n, bu NFC etiketi her etiketin kurcalanmaya dayan\u0131kl\u0131 oldu\u011funu bilerek g\u00f6n\u00fcl rahatl\u0131\u011f\u0131 sunar.<\/p>\n<ul>\n<li><strong>G\u00f6m\u00fcl\u00fc G\u00fcvenlik \u00d6zellikleri:<\/strong>\u00a0NTAG 424 \u00e7ipi verilerinizi etkili bir \u015fekilde g\u00fcvence alt\u0131na almak i\u00e7in birden fazla \u015fifreleme se\u00e7ene\u011fini b\u00fcnyesinde bar\u0131nd\u0131r\u0131yor.<\/li>\n<li><strong>Kullan\u0131c\u0131 Dostu Eri\u015fim:<\/strong>\u00a0T\u00fcketiciler, basit bir dokunu\u015fla \u00fcr\u00fcn\u00fcn orijinalli\u011fini do\u011frulayabilir, bu da zahmetsiz bir i\u015flemdir.<\/li>\n<\/ul>\n<h3>2.\u00c7ok Y\u00f6nl\u00fc \u0130leti\u015fim Aray\u00fcz\u00fc<\/h3>\n<p>ISO 14443A protokol\u00fc \u00fczerine in\u015fa edilen NFC etiketimiz her ikisini de destekler\u00a0<strong>RFID<\/strong>\u00a0ve NFC ileti\u015fim aray\u00fczleri, ak\u0131ll\u0131 telefonlar, tabletler ve NFC \u00f6zellikli okuyucular dahil olmak \u00fczere \u00e7ok \u00e7e\u015fitli cihazlarla uyumlu hale getirir. Bu \u00e7ok y\u00f6nl\u00fcl\u00fck, m\u00fc\u015fterilerin \u00fcr\u00fcn bilgilerine kolayca eri\u015febilmesini sa\u011flayarak etkile\u015fimi ve m\u00fc\u015fteri sadakatini art\u0131r\u0131r.<\/p>\n<ul>\n<li><strong>Uyumlu Cihazlar:<\/strong>\u00a0Android, iPhone ve di\u011fer NFC cihazlar\u0131yla kusursuz bir \u015fekilde \u00e7al\u0131\u015f\u0131r.<\/li>\n<li><strong>Geli\u015fmi\u015f Kullan\u0131c\u0131 Deneyimi:<\/strong>\u00a0M\u00fc\u015fteriler \u00fcr\u00fcnlerle zahmetsizce etkile\u015fime girebilir.<\/li>\n<\/ul>\n<h3>3. \u00d6zel Boyut Se\u00e7enekleri<\/h3>\n<p>Bu arada\u00a0<strong>NTAG 424 Tamper NFC Etiketi<\/strong>\u00a0standart boyutlarda mevcuttur, \u00f6zel ihtiya\u00e7lar\u0131 kar\u015f\u0131lamak i\u00e7in \u00f6zelle\u015ftirme sunuyoruz. Se\u00e7enekler \u015funlard\u0131r:<\/p>\n<ul>\n<li><strong>\u00c7ap Se\u00e7enekleri:<\/strong>\u00a025mm ve 45mm x 30mm dahil olmak \u00fczere yap\u0131land\u0131r\u0131labilir boyutlar.<\/li>\n<li><strong>\u00c7e\u015fitli \u015eekiller:<\/strong>\u00a0Marka esteti\u011finizi tamamlayacak dikd\u00f6rtgen, dairesel veya \u00f6zel d\u0131\u015f hatlar.<\/li>\n<\/ul>\n<p>Bu farkl\u0131 boyut ve \u015fekil se\u00e7enekleri, i\u015fletmelerin benzersiz marka deneyimleri yaratmalar\u0131na ve \u00fcr\u00fcnlerinin raflarda \u00f6ne \u00e7\u0131kmas\u0131n\u0131 sa\u011flamalar\u0131na olanak tan\u0131r.<\/p>\n<h3>4.Dayan\u0131kl\u0131 ve G\u00fcvenilir Malzeme<\/h3>\n<p>Kaplamal\u0131 ka\u011f\u0131t ve PET&#039;ten \u00fcretilen bu NFC \u00e7\u0131kartmalar\u0131, \u00e7e\u015fitli \u00e7evre ko\u015fullar\u0131nda dayan\u0131kl\u0131l\u0131k ve g\u00fcvenilirlik i\u00e7in tasarlanm\u0131\u015ft\u0131r. Sa\u011flam malzemeleri a\u015f\u0131nmaya ve y\u0131pranmaya dayan\u0131kl\u0131d\u0131r ve bu da onlar\u0131 i\u00e7 ve d\u0131\u015f mekan uygulamalar\u0131 i\u00e7in uygun hale getirir.<\/p>\n<ul>\n<li><strong>Su Ge\u00e7irmez Se\u00e7enekler:<\/strong>\u00a0Dayan\u0131kl\u0131l\u0131\u011f\u0131 ve uzun \u00f6m\u00fcrl\u00fcl\u00fc\u011f\u00fc art\u0131r\u0131r, neme maruz kalan \u00fcr\u00fcnler i\u00e7in m\u00fckemmeldir.<\/li>\n<li><strong>Yap\u0131\u015ft\u0131r\u0131c\u0131 Kalitesi:<\/strong>\u00a0G\u00fc\u00e7l\u00fc yap\u0131\u015fma \u00f6zelli\u011fi sayesinde \u00e7\u0131kartmalar\u0131n farkl\u0131 y\u00fczeylerde sa\u011flam kalmas\u0131n\u0131 sa\u011flar.<\/li>\n<\/ul>\n<p>&nbsp;<\/p>\n<h3><strong>Teknik \u00d6zellikler<\/strong><\/h3>\n<p>&nbsp;<\/p>\n<table class=\"w-fit !mb-0 !max-w-none\" style=\"height: 373px;\" width=\"446\">\n<thead>\n<tr>\n<th>\u00d6zellik<\/th>\n<th>\u015eartname<\/th>\n<\/tr>\n<\/thead>\n<tbody>\n<tr>\n<td>S\u0131kl\u0131k<\/td>\n<td>13,56 MHz<\/td>\n<\/tr>\n<tr>\n<td>Protokol<\/td>\n<td>ISO 14443A<\/td>\n<\/tr>\n<tr>\n<td>Yonga<\/td>\n<td>NTAG424 DNA&#039;s\u0131<\/td>\n<\/tr>\n<tr>\n<td>Malzeme<\/td>\n<td>Kaplamal\u0131 ka\u011f\u0131t, PET<\/td>\n<\/tr>\n<tr>\n<td>Boyut Se\u00e7enekleri<\/td>\n<td>\u00c7ap 25mm, 45mm x 30mm (\u00f6zel)<\/td>\n<\/tr>\n<tr>\n<td>Okuma Mesafesi<\/td>\n<td>1-10 cm<\/td>\n<\/tr>\n<tr>\n<td>Yazd\u0131rma Se\u00e7enekleri<\/td>\n<td>CMYK, Ofset, Serigrafi<\/td>\n<\/tr>\n<tr>\n<td>Anavatan<\/td>\n<td>Guangdong, \u00c7in<\/td>\n<\/tr>\n<tr>\n<td>Marka ad\u0131<\/td>\n<td>\u015eUNX\u0130N<\/td>\n<\/tr>\n<tr>\n<td>Model numaras\u0131<\/td>\n<td>SX-NFC<\/td>\n<\/tr>\n<tr>\n<td>Sat\u0131\u015f Birimleri<\/td>\n<td>Tek \u00fcr\u00fcn<\/td>\n<\/tr>\n<tr>\n<td>Paket Boyutu<\/td>\n<td>0,3x0,3x0,02 cm<\/td>\n<\/tr>\n<tr>\n<td>Br\u00fct a\u011f\u0131rl\u0131k<\/td>\n<td>0,001 kilo<\/td>\n<\/tr>\n<\/tbody>\n<\/table>\n<h3><\/h3>\n<h3><strong>S\u0131k\u00e7a Sorulan Sorular (SSS)<\/strong><\/h3>\n<p><strong>S: NFC etiketinin boyutunu \u00f6zelle\u015ftirebilir miyim?<\/strong><br \/>\n<strong>A:<\/strong>\u00a0Evet, NFC \u00e7\u0131kartmalar\u0131n\u0131n boyutu i\u00e7in \u00f6zelle\u015ftirme sunuyoruz. Standart boyutlar 25 mm ve 45 mm x 30 mm \u00e7aplar\u0131n\u0131 i\u00e7erirken, gereksinimlerinizi kar\u015f\u0131lamak i\u00e7in \u00f6zel boyutlar talep edebilirsiniz.<\/p>\n<hr \/>\n<p><strong>S: Sahtecili\u011fe kar\u015f\u0131 koruma \u00f6zelli\u011fi nas\u0131l \u00e7al\u0131\u015f\u0131r?<\/strong><br \/>\n<strong>A:<\/strong>\u00a0NTAG 424 DNA \u00e7ipi geli\u015fmi\u015f \u015fifreleme ve kimlik do\u011frulama protokollerini b\u00fcnyesinde bar\u0131nd\u0131r\u0131r. Bir kullan\u0131c\u0131 NFC etiketini NFC \u00f6zellikli bir cihazla tarad\u0131\u011f\u0131nda, verilerin b\u00fct\u00fcnl\u00fc\u011f\u00fc do\u011frulan\u0131r ve kullan\u0131c\u0131lar\u0131n \u00fcr\u00fcn\u00fcn ger\u00e7ekli\u011fini onaylamas\u0131na olanak tan\u0131r.<\/p>\n<hr \/>\n<p><strong>S: NTAG 424 NFC etiketi hangi cihazlarla uyumludur?<\/strong><br \/>\n<strong>A:<\/strong>\u00a0NFC etiketlerimiz Android ve iOS \u00e7al\u0131\u015ft\u0131ran \u00e7o\u011fu modern ak\u0131ll\u0131 telefon ve tablet dahil olmak \u00fczere t\u00fcm NFC \u00f6zellikli cihazlarla uyumludur. Cihaz\u0131n\u0131zda NFC \u00f6zelliklerinin etkinle\u015ftirildi\u011finden emin olman\u0131z yeterlidir.<\/p>\n<hr \/>\n<p><strong>S: NFC etiketlerinin \u00fcretiminde hangi malzemeler kullan\u0131l\u0131yor?<\/strong><br \/>\n<strong>A:<\/strong>\u00a0Etiketler kaplamal\u0131 ka\u011f\u0131t ve PET&#039;ten yap\u0131lm\u0131\u015ft\u0131r, dayan\u0131kl\u0131l\u0131k ve a\u015f\u0131nma ve y\u0131pranmaya kar\u015f\u0131 diren\u00e7 sa\u011flar. \u00c7e\u015fitli \u00e7evre ko\u015fullar\u0131nda bile kaliteyi koruyacak \u015fekilde tasarlanm\u0131\u015ft\u0131r.<\/p>\n<p>&nbsp;<\/p>","protected":false},"excerpt":{"rendered":"<p>13.56MHz ISO14443A Sahtecilik \u00d6nleyici NTAG 424 Tamper NFC Etiketi, geli\u015fmi\u015f sahtecilik \u00f6nleme \u00f6zellikleri sunarak \u00fcr\u00fcn orijinalli\u011fini ve g\u00fcvenli\u011fini garanti eder. Kompakt tasar\u0131m\u0131, \u00e7e\u015fitli uygulamalara kolay entegrasyona olanak tan\u0131r ve g\u00fcvenli eri\u015fim ve veri aktar\u0131m\u0131 i\u00e7in g\u00fcvenilir NFC i\u015flevselli\u011fi sa\u011flar.<\/p>","protected":false},"featured_media":3373,"template":"","meta":[],"product_brand":[],"product_cat":[48],"product_tag":[],"class_list":{"0":"post-3372","1":"product","2":"type-product","3":"status-publish","4":"has-post-thumbnail","6":"product_cat-nfc-stickers","8":"first","9":"instock","10":"shipping-taxable","11":"product-type-simple"},"_links":{"self":[{"href":"https:\/\/nfc-readers.com\/tr\/wp-json\/wp\/v2\/product\/3372","targetHints":{"allow":["GET"]}}],"collection":[{"href":"https:\/\/nfc-readers.com\/tr\/wp-json\/wp\/v2\/product"}],"about":[{"href":"https:\/\/nfc-readers.com\/tr\/wp-json\/wp\/v2\/types\/product"}],"wp:featuredmedia":[{"embeddable":true,"href":"https:\/\/nfc-readers.com\/tr\/wp-json\/wp\/v2\/media\/3373"}],"wp:attachment":[{"href":"https:\/\/nfc-readers.com\/tr\/wp-json\/wp\/v2\/media?parent=3372"}],"wp:term":[{"taxonomy":"product_brand","embeddable":true,"href":"https:\/\/nfc-readers.com\/tr\/wp-json\/wp\/v2\/product_brand?post=3372"},{"taxonomy":"product_cat","embeddable":true,"href":"https:\/\/nfc-readers.com\/tr\/wp-json\/wp\/v2\/product_cat?post=3372"},{"taxonomy":"product_tag","embeddable":true,"href":"https:\/\/nfc-readers.com\/tr\/wp-json\/wp\/v2\/product_tag?post=3372"}],"curies":[{"name":"wp","href":"https:\/\/api.w.org\/{rel}","templated":true}]}}