{"id":3379,"date":"2024-11-02T11:48:42","date_gmt":"2024-11-02T11:48:42","guid":{"rendered":"https:\/\/nfc-readers.com\/?post_type=product&#038;p=3379"},"modified":"2024-11-04T08:54:15","modified_gmt":"2024-11-04T08:54:15","slug":"custom-ntag-215-digital-smart-nfc-business-card","status":"publish","type":"product","link":"https:\/\/nfc-readers.com\/tr\/ic-reader\/custom-ntag-215-digital-smart-nfc-business-card\/","title":{"rendered":"\u00d6zel NTAG 215 Dijital Ak\u0131ll\u0131 NFC Kartvizit"},"content":{"rendered":"<h1><span style=\"color: #000080;\"><strong>\u00d6zel NTAG 215 Dijital Ak\u0131ll\u0131 NFC Kartvizit<\/strong><\/span><\/h1>\n<p><span style=\"color: #666699;\">A\u011f Olu\u015fturmada Devrim YaratmakG\u00fcn\u00fcm\u00fcz\u00fcn h\u0131zl\u0131 dijital d\u00fcnyas\u0131nda, unutulmaz bir izlenim b\u0131rakmak kritik \u00f6neme sahiptir. <strong>\u00d6zel NTAG215 Dijital Ak\u0131ll\u0131 NFC Kartvizit<\/strong>\u00a0\u00f6ne \u00e7\u0131kmak ve ileti\u015fim bilgilerini modern bir \u015fekilde etkili bir \u015fekilde payla\u015fmak isteyen profesyoneller i\u00e7in yenilik\u00e7i bir \u00e7\u00f6z\u00fcm sunar. \u00c7e\u015fitli cihazlarla sorunsuz bir \u015fekilde \u00e7al\u0131\u015fmak \u00fczere tasarlanan bu kart, geleneksel bir a\u011f olu\u015fturma yakla\u015f\u0131m\u0131n\u0131 \u015f\u0131k, teknoloji merakl\u0131s\u0131 bir deneyime d\u00f6n\u00fc\u015ft\u00fcr\u00fcr.<\/span><\/p>\n<p>&nbsp;<\/p>\n<h2 style=\"text-align: center;\"><span style=\"color: #000080;\"><em><strong>\u00d6zel NTAG215 NFC Kartvizitinin Avantajlar\u0131<\/strong><\/em><\/span><\/h2>\n<p><span style=\"color: #666699;\">The\u00a0<strong>\u00d6zel NTAG215 Dijital Ak\u0131ll\u0131 NFC Kartvizit<\/strong>\u00a0benzersiz bir rahatl\u0131k, dayan\u0131kl\u0131l\u0131k ve i\u015flevsellik kar\u0131\u015f\u0131m\u0131 sunar. Baz\u0131 \u00f6nemli avantajlar \u015funlard\u0131r:<\/span><\/p>\n<ol>\n<li><strong>An\u0131nda Ba\u011flant\u0131<\/strong>: Kart\u0131 NFC \u00f6zellikli bir cihaza dokundurman\u0131z, potansiyel m\u00fc\u015fterilerinizin veya ba\u011flant\u0131lar\u0131n\u0131z\u0131n ileti\u015fim bilgilerinize, sosyal medya profillerinize veya promosyon materyallerinize an\u0131nda eri\u015fmesini sa\u011flar. C\u00fczdan\u0131n\u0131z veya \u00e7antan\u0131z aras\u0131nda gezinmenize gerek kalmaz.<\/li>\n<li><strong>Dayan\u0131kl\u0131 ve Su Ge\u00e7irmez<\/strong>: Y\u00fcksek kaliteli PVC&#039;den \u00fcretilen bu kart, su ge\u00e7irmez ve hava ko\u015fullar\u0131na dayan\u0131kl\u0131 \u00f6zelliklere sahiptir ve g\u00fcnl\u00fck a\u015f\u0131nma ve y\u0131pranmaya kar\u015f\u0131 dayan\u0131kl\u0131d\u0131r.<\/li>\n<li><strong>\u00d6zelle\u015ftirilebilir Tasar\u0131m<\/strong>:Mat, parlak veya buzlu \u015feffafl\u0131k gibi benzersiz bask\u0131 stilleri ve y\u00fczeyler gibi ki\u015fiselle\u015ftirme se\u00e7enekleri, marka kimli\u011finizi tam olarak ifade etmenizi sa\u011flar.<\/li>\n<\/ol>\n<hr \/>\n<h2 style=\"text-align: center;\"><em><span style=\"color: #000080;\"><strong>\u00dcr\u00fcn Anahatt\u0131<\/strong><\/span><\/em><\/h2>\n<h3><span style=\"color: #333399;\"><strong>1. \u00d6zel NTAG215 NFC Kartvizit Nedir?<\/strong><\/span><\/h3>\n<p><span style=\"color: #666699;\">The\u00a0<strong>\u00d6zel NTAG215 Dijital Ak\u0131ll\u0131 NFC Kartvizit<\/strong>\u00a0geli\u015fmi\u015f NFC teknolojisiyle donat\u0131lm\u0131\u015f modern bir a\u011f arac\u0131d\u0131r. Bu kart tam i\u015flevli bir\u00a0<strong>RFID<\/strong>\u00a0frekans\u0131nda \u00e7al\u0131\u015fan cihaz\u00a0<strong>13.56MHz<\/strong>Kullan\u0131c\u0131lar, bu kart\u0131 \u00e7e\u015fitli eylemler i\u00e7in programlayarak (\u00f6rne\u011fin bir web sitesine ba\u011flant\u0131 vermek veya ileti\u015fim bilgilerini kaydetmek gibi) ki\u015fiselle\u015ftirilmi\u015f bir dijital deneyim yaratabilirler.<\/span><\/p>\n<p>&nbsp;<\/p>\n<h3><span style=\"color: #333399;\"><strong>2. NTAG215 NFC Kart\u0131n\u0131n Temel \u00d6zellikleri<\/strong><\/span><\/h3>\n<h3><strong>Bu NFC kartviziti birka\u00e7 \u00f6nemli \u00f6zelli\u011fe sahiptir:<\/strong><\/h3>\n<ul>\n<li><strong>\u00c7ip Teknolojisi<\/strong>:NXP&#039;nin tescilli markas\u0131 olan NTAG215 \u00e7ipi ile donat\u0131lan bu kart, okuma ve yazma i\u015flevlerini destekliyor.<\/li>\n<li><strong>Okuma Mesafesi<\/strong>: Kart, uzak mesafeden etkili bir \u015fekilde okunabilir\u00a0<strong>1-20cm<\/strong>Kullan\u0131mda esneklik sa\u011fl\u0131yor.<\/li>\n<li><strong>Boyut ve Kal\u0131nl\u0131k<\/strong>: Kart\u0131n boyutlar\u0131:\u00a0<strong>85,5x54x0,84 mm<\/strong>Kolay ta\u015f\u0131nabilmesi i\u00e7in standart boyuttad\u0131r.<\/li>\n<\/ul>\n<p>&nbsp;<\/p>\n<h3 style=\"text-align: left;\"><span style=\"color: #333399;\"><strong>3. Teknik \u00d6zellikler<\/strong><\/span><\/h3>\n<div class=\"table-with-header rounded-lg border border-solid border-grey-line2-normal w-fit max-w-full mb-2\">\n<div class=\"table-with-header rounded-lg border border-solid border-grey-line2-normal w-fit max-w-full mb-2\">\n<div class=\"overflow-x-auto custom-scrollbar custom-scrollbar-float max-w-full\">\n<table class=\"w-fit !mb-0 !max-w-none\">\n<thead>\n<tr>\n<th><strong>\u015eartname<\/strong><\/th>\n<th><strong>Detaylar<\/strong><\/th>\n<\/tr>\n<\/thead>\n<tbody>\n<tr>\n<td><strong>\u00c7ip T\u00fcr\u00fc<\/strong><\/td>\n<td>NTAG\u00ae215<\/td>\n<\/tr>\n<tr>\n<td><strong>\u00c7al\u0131\u015fma Frekans\u0131<\/strong><\/td>\n<td>13,56 MHz<\/td>\n<\/tr>\n<tr>\n<td><strong>\u0130leti\u015fim aray\u00fcz\u00fc<\/strong><\/td>\n<td>RFID<\/td>\n<\/tr>\n<tr>\n<td><strong>Malzeme<\/strong><\/td>\n<td>PVC<\/td>\n<\/tr>\n<tr>\n<td><strong>Kart Boyutu<\/strong><\/td>\n<td>85,5x54x0,84 mm<\/td>\n<\/tr>\n<tr>\n<td><strong>Okuma Mesafesi<\/strong><\/td>\n<td>2-10 cm<\/td>\n<\/tr>\n<tr>\n<td><strong>Depolama Kapasitesi<\/strong><\/td>\n<td>540 bayt (kullan\u0131c\u0131 verileri i\u00e7in yakla\u015f\u0131k 120 bayt mevcuttur)<\/td>\n<\/tr>\n<tr>\n<td><strong>\u00c7al\u0131\u015fma S\u0131cakl\u0131\u011f\u0131<\/strong><\/td>\n<td>+20\u00b0C ila +80\u00b0C<\/td>\n<\/tr>\n<tr>\n<td><strong>Depolama S\u0131cakl\u0131\u011f\u0131<\/strong><\/td>\n<td>-25\u00b0C ile +70\u00b0C aras\u0131<\/td>\n<\/tr>\n<tr>\n<td><strong>Kal\u0131nl\u0131k<\/strong><\/td>\n<td>0,84 mm<\/td>\n<\/tr>\n<tr>\n<td><strong>Y\u00fczey \u0130\u015flemleri<\/strong><\/td>\n<td>Mat, Parlak, Buzlu, \u015eeffaf (\u00f6zelle\u015ftirilebilir se\u00e7enekler)<\/td>\n<\/tr>\n<tr>\n<td><strong>Protokol<\/strong><\/td>\n<td>ISO\/IEC14443A<\/td>\n<\/tr>\n<tr>\n<td><strong>Suya Dayan\u0131kl\u0131l\u0131k Derecesi<\/strong><\/td>\n<td>IP68 (su ge\u00e7irmez ve toz ge\u00e7irmez)<\/td>\n<\/tr>\n<tr>\n<td><strong>Uyumluluk<\/strong><\/td>\n<td>T\u00fcm NFC \u00f6zellikli cihazlarla uyumludur<\/td>\n<\/tr>\n<tr>\n<td><strong>\u00d6zelle\u015ftirme Se\u00e7enekleri<\/strong><\/td>\n<td>\u00c7e\u015fitli bask\u0131 se\u00e7enekleri (tam renkli, monokrom) mevcuttur<\/td>\n<\/tr>\n<tr>\n<td><strong>\u00c7evresel Etki<\/strong><\/td>\n<td>S\u00fcrd\u00fcr\u00fclebilirlik standartlar\u0131na uygun, \u00e7evre dostu s\u00fcre\u00e7ler kullan\u0131larak \u00fcretilmi\u015ftir<\/td>\n<\/tr>\n<tr>\n<td><strong>Uygulamalar<\/strong><\/td>\n<td>\u00c7e\u015fitli sekt\u00f6rlerdeki (sat\u0131\u015f, emlak, etkinlikler vb.) profesyoneller i\u00e7in idealdir.<\/td>\n<\/tr>\n<tr>\n<td><strong>Ek \u00d6zellikler<\/strong><\/td>\n<td>Verileri de\u011fi\u015ftirmek i\u00e7in NFC arac\u0131l\u0131\u011f\u0131yla kolayca programlanabilir, sosyal medya ba\u011flant\u0131lar\u0131n\u0131 destekler<\/td>\n<\/tr>\n<tr>\n<td><strong>\u00d6m\u00fcr<\/strong><\/td>\n<td>5 y\u0131l<\/td>\n<\/tr>\n<\/tbody>\n<\/table>\n<\/div>\n<\/div>\n<p><span style=\"color: #282828;\">Bu tablo, kapsaml\u0131 bir genel bak\u0131\u015f sunmaktad\u0131r\u00a0<strong>\u00d6zel NTAG215 Dijital Ak\u0131ll\u0131 NFC Kartvizit<\/strong>M\u00fc\u015fterilerin \u00fcr\u00fcn\u00fcn \u00f6zelliklerini ve faydalar\u0131n\u0131 detayl\u0131 bir \u015fekilde anlamalar\u0131na yard\u0131mc\u0131 olmak.<\/span><\/p>\n<p>&nbsp;<\/p>\n<\/div>\n<h2 style=\"text-align: center;\"><em><span style=\"color: #000080;\"><strong>\u00c7evre Dostu Uygulamalar<\/strong><\/span><\/em><\/h2>\n<p style=\"text-align: left;\"><span style=\"color: #666699;\"><strong>Teknoloji \u00f6nemli oldu\u011fu kadar, \u00e7evreye olan ba\u011fl\u0131l\u0131k da \u00f6nemlidir. \u00d6zel NTAG215 Dijital Ak\u0131ll\u0131 NFC Kartvizit, \u00e7evre dostu s\u00fcre\u00e7ler kullan\u0131larak \u00fcretilir ve \u00e7evresel etkisi en aza indirilir.<\/strong><\/span><\/p>\n<p>&nbsp;<\/p>\n<h2 style=\"text-align: center;\"><em><span style=\"color: #000080;\"><strong>Ger\u00e7ek D\u00fcnya Uygulamalar\u0131<\/strong><\/span><\/em><\/h2>\n<p style=\"text-align: left;\"><span style=\"color: #666699;\"><strong>\u00c7e\u015fitli sekt\u00f6rlerdeki profesyoneller bu NFC kartvizitlerini kullanabilir. \u0130ster sat\u0131\u015fta, ister emlakta veya m\u00fc\u015fteriyle y\u00fcz y\u00fcze herhangi bir rolde olun, ak\u0131ll\u0131 bir karta sahip olmak a\u011f olu\u015fturma oyununuzu geli\u015ftirebilir.<\/strong><\/span><\/p>\n<p>&nbsp;<\/p>\n<h2 style=\"text-align: center;\"><em><span style=\"color: #000080;\"><strong>M\u00fc\u015fteri Yorumlar\u0131 ve G\u00f6r\u00fc\u015fleri<\/strong><\/span><\/em><\/h2>\n<p>M\u00fc\u015fteriler, \u00fcr\u00fcn\u00fcn rahatl\u0131\u011f\u0131 ve modern \u00e7ekicili\u011fi hakk\u0131nda \u00f6vg\u00fcler ya\u011fd\u0131r\u0131yor\u00a0<strong>\u00d6zel NTAG215 Dijital Ak\u0131ll\u0131 NFC Kartvizit<\/strong>\u0130ncelemeler, a\u011f ba\u015far\u0131lar\u0131nda kullan\u0131m kolayl\u0131\u011f\u0131 ve etkileyici tasar\u0131m\u0131n \u00f6nemli katk\u0131lar sa\u011flad\u0131\u011f\u0131n\u0131 vurguluyor.<\/p>\n<blockquote><p>&quot;Bilgilerimi kolayca payla\u015fabilmeyi seviyorum! Kart\u0131m\u0131 her da\u011f\u0131tt\u0131\u011f\u0131mda iltifatlar al\u0131yorum. A\u011f kurmay\u0131 \u00e7ok daha kolay hale getirdi!&quot; \u2013 Jessica H.<\/p>\n<p>&nbsp;<\/p><\/blockquote>\n<h2 style=\"text-align: center;\"><span style=\"color: #000080;\"><em><strong>SSS<\/strong><\/em><\/span><\/h2>\n<p><span style=\"color: #008080;\"><strong>S: Kart t\u00fcm ak\u0131ll\u0131 telefonlarla uyumlu mu?<\/strong><\/span><\/p>\n<p>A: Evet, <strong>\u00d6zel NTAG215 NFC Kartvizit<\/strong>\u00a0NFC \u00f6zellikli t\u00fcm ak\u0131ll\u0131 telefonlar ve cihazlarla uyumludur ve bu sayede modern a\u011flar i\u00e7in \u00e7ok y\u00f6nl\u00fcd\u00fcr.<\/p>\n<p><span style=\"color: #008080;\"><strong>S: Kart tasar\u0131m\u0131n\u0131 ki\u015fiselle\u015ftirebilir miyim?<\/strong><\/span><\/p>\n<p>A: Kesinlikle! Kart\u0131n tasar\u0131m\u0131n\u0131 ki\u015fisel veya marka kimli\u011finizi yans\u0131tacak \u015fekilde \u00e7e\u015fitli bask\u0131 se\u00e7enekleri, renkler ve y\u00fczeylerle \u00f6zelle\u015ftirebilirsiniz.<\/p>","protected":false},"excerpt":{"rendered":"<p>\u00d6zel NTAG215 NFC Kartvizitiyle a\u011f olu\u015fturmay\u0131 d\u00f6n\u00fc\u015ft\u00fcr\u00fcn; dayan\u0131kl\u0131 ve \u00f6zelle\u015ftirilebilir bir tasar\u0131mda, basit bir dokunu\u015fla ileti\u015fim bilgilerinizin an\u0131nda payla\u015f\u0131lmas\u0131n\u0131 sa\u011flay\u0131n.<\/p>","protected":false},"featured_media":3380,"template":"","meta":[],"product_brand":[],"product_cat":[46],"product_tag":[],"class_list":{"0":"post-3379","1":"product","2":"type-product","3":"status-publish","4":"has-post-thumbnail","6":"product_cat-nfc-cards","8":"first","9":"instock","10":"shipping-taxable","11":"product-type-simple"},"_links":{"self":[{"href":"https:\/\/nfc-readers.com\/tr\/wp-json\/wp\/v2\/product\/3379","targetHints":{"allow":["GET"]}}],"collection":[{"href":"https:\/\/nfc-readers.com\/tr\/wp-json\/wp\/v2\/product"}],"about":[{"href":"https:\/\/nfc-readers.com\/tr\/wp-json\/wp\/v2\/types\/product"}],"wp:featuredmedia":[{"embeddable":true,"href":"https:\/\/nfc-readers.com\/tr\/wp-json\/wp\/v2\/media\/3380"}],"wp:attachment":[{"href":"https:\/\/nfc-readers.com\/tr\/wp-json\/wp\/v2\/media?parent=3379"}],"wp:term":[{"taxonomy":"product_brand","embeddable":true,"href":"https:\/\/nfc-readers.com\/tr\/wp-json\/wp\/v2\/product_brand?post=3379"},{"taxonomy":"product_cat","embeddable":true,"href":"https:\/\/nfc-readers.com\/tr\/wp-json\/wp\/v2\/product_cat?post=3379"},{"taxonomy":"product_tag","embeddable":true,"href":"https:\/\/nfc-readers.com\/tr\/wp-json\/wp\/v2\/product_tag?post=3379"}],"curies":[{"name":"wp","href":"https:\/\/api.w.org\/{rel}","templated":true}]}}