{"id":3386,"date":"2024-11-02T12:57:27","date_gmt":"2024-11-02T12:57:27","guid":{"rendered":"https:\/\/nfc-readers.com\/?post_type=product&#038;p=3386"},"modified":"2024-11-04T08:53:34","modified_gmt":"2024-11-04T08:53:34","slug":"rfid-design-music-event-event-staff-pvc-nfc-card","status":"publish","type":"product","link":"https:\/\/nfc-readers.com\/tr\/ic-reader\/rfid-design-music-event-event-staff-pvc-nfc-card\/","title":{"rendered":"M\u00fczik Etkinli\u011fi i\u00e7in PVC NFC Kart\u0131"},"content":{"rendered":"<h1 style=\"text-align: left;\"><span style=\"color: #000080;\"><strong>M\u00fczik Etkinli\u011fi i\u00e7in PVC NFC Kart\u0131<\/strong><\/span><\/h1>\n<div class=\"table-with-header rounded-lg border border-solid border-grey-line2-normal w-fit max-w-full mb-2\">\n<div class=\"h-8 items-center flex justify-between px-2 text-xs border-0 border-b border-solid border-grey-line2-normal\">\n<div class=\"text-text-primary-3 flex items-center gap-1\">\n<h3 style=\"text-align: left;\"><span style=\"color: #008080;\"><strong>Kusursuz Etkinlik Y\u00f6netiminin G\u00fcc\u00fcn\u00fc A\u00e7\u0131\u011fa \u00c7\u0131kar\u0131n<\/strong><\/span><\/h3>\n<p style=\"text-align: left;\"><strong><span style=\"color: #666699;\">Bir etkinlik organizat\u00f6r\u00fc olarak, kusursuz eri\u015fim kontrol\u00fc ve etkili kalabal\u0131k y\u00f6netiminin ba\u015far\u0131l\u0131 bir etkinli\u011fin anahtarlar\u0131 oldu\u011funu biliyorsunuz. M\u00fczik Etkinli\u011fi i\u00e7in PVC NFC Kart\u0131, m\u00fczik festivallerinizi, sergilerinizi ve forumlar\u0131n\u0131z\u0131 y\u00f6netme \u015feklinizde devrim yaratan arad\u0131\u011f\u0131n\u0131z \u00e7\u00f6z\u00fcmd\u00fcr.<\/span><\/strong><\/p>\n<p style=\"text-align: left;\"><strong><span style=\"color: #666699;\">Sekt\u00f6r lideri teknoloji ve benzersiz dayan\u0131kl\u0131l\u0131kla \u00fcretilen bu NFC kartlar\u0131, etkinlik deneyiminizi bir \u00fcst seviyeye ta\u015f\u0131yacak kapsaml\u0131 bir \u00f6zellik paketi sunar. G\u00fcvenilir kimlik do\u011frulamas\u0131ndan sorunsuz g\u00fcnl\u00fck ziyaret\u00e7i kontrol\u00fcne kadar, M\u00fczik Etkinli\u011fi i\u00e7in PVC NFC Kart\u0131, etkinlik y\u00f6netiminizi bir \u00fcst seviyeye ta\u015f\u0131mak i\u00e7in ihtiya\u00e7 duydu\u011funuz temel ara\u00e7t\u0131r.<\/span><\/strong><\/p>\n<h2 style=\"text-align: left;\"><span style=\"color: #000080;\"><em><strong>\u00dcr\u00fcn Anahatt\u0131<\/strong><\/em><\/span><\/h2>\n<h3 style=\"text-align: left;\"><span style=\"color: #333399;\"><strong>1. Temel Nitelikler: <\/strong><\/span><\/h3>\n<h3 style=\"text-align: left;\"><span style=\"color: #333399;\"><strong>Tavizsiz Kalite ve G\u00fcvenlik<\/strong><\/span><\/h3>\n<p style=\"text-align: left;\">M\u00fczik Etkinli\u011fi i\u00e7in PVC NFC Kart\u0131, yo\u011fun trafikli ortamlar\u0131n zorluklar\u0131na dayanacak \u015fekilde \u00fcretilmi\u015ftir. Dayan\u0131kl\u0131 malzemeden \u00fcretilmi\u015ftir\u00a0<strong>PVC<\/strong>Bu kartlar, en zorlu ko\u015fullarda bile uzun vadeli g\u00fcvenilirlik sa\u011flayarak a\u015f\u0131nma ve y\u0131pranmaya kar\u015f\u0131 dayan\u0131kl\u0131 olacak \u015fekilde tasarlanm\u0131\u015ft\u0131r.<\/p>\n<h3 style=\"text-align: left;\"><strong><span style=\"color: #333399;\">2. Sekt\u00f6re \u00d6zel Avantajlar: <\/span><\/strong><\/h3>\n<h3 style=\"text-align: left;\"><strong><span style=\"color: #333399;\">Etkinlik Organizat\u00f6rleri \u0130\u00e7in \u00d6zel Olarak Tasarland\u0131<\/span><\/strong><\/h3>\n<p style=\"text-align: left;\">Etkinlik organizat\u00f6rlerinin benzersiz ihtiya\u00e7lar\u0131 d\u00fc\u015f\u00fcn\u00fclerek tasarlanm\u0131\u015ft\u0131r. <strong>M\u00fczik Etkinli\u011fi i\u00e7in PVC NFC Kart\u0131<\/strong>\u00a0Eri\u015fim kontrol sistemleriyle kusursuz bir \u015fekilde entegre olan ve kalabal\u0131k y\u00f6netimini kolayla\u015ft\u0131ran bir dizi \u00f6zellik sunar.<\/p>\n<p>&nbsp;<\/p>\n<h3><span style=\"color: #333399;\"><strong>3. \u00d6zellikler<\/strong><\/span><\/h3>\n<\/div>\n<\/div>\n<\/div>\n<div class=\"table-with-header rounded-lg border border-solid border-grey-line2-normal w-fit max-w-full mb-2\">\n<div class=\"overflow-x-auto custom-scrollbar custom-scrollbar-float max-w-full\">\n<table class=\"w-fit !mb-0 !max-w-none\">\n<thead>\n<tr>\n<th><strong>Kategori<\/strong><\/th>\n<th><strong>Detaylar<\/strong><\/th>\n<\/tr>\n<\/thead>\n<tbody>\n<tr>\n<td><strong>Malzeme<\/strong><\/td>\n<td>Uzun s\u00fcreli kullan\u0131ma dayan\u0131kl\u0131, y\u00fcksek kaliteli PVC.<\/td>\n<\/tr>\n<tr>\n<td><strong>\u00c7ip Teknolojisi<\/strong><\/td>\n<td>Geli\u015fmi\u015f g\u00fcvenlik i\u00e7in NFC uyumlu \u00e7ipler (Ntag213, Ntag215, Ntag216).<\/td>\n<\/tr>\n<tr>\n<td><strong>Dayan\u0131kl\u0131l\u0131k<\/strong><\/td>\n<td>A\u00e7\u0131k hava etkinlikleri i\u00e7in su ge\u00e7irmez ve hava ko\u015fullar\u0131na dayan\u0131kl\u0131d\u0131r.<\/td>\n<\/tr>\n<tr>\n<td><strong>S\u0131kl\u0131k<\/strong><\/td>\n<td>13,56 MHz<\/td>\n<\/tr>\n<tr>\n<td><strong>Okuma Mesafesi<\/strong><\/td>\n<td>0-10cm<\/td>\n<\/tr>\n<tr>\n<td><strong>Boyut Se\u00e7enekleri<\/strong><\/td>\n<td>\u00d6zel boyutlar: 70x100mm, 80x120mm, 85.5x54mm<\/td>\n<\/tr>\n<tr>\n<td><strong>Kal\u0131nl\u0131k Se\u00e7enekleri<\/strong><\/td>\n<td>0,76 mm ila 0,85 mm<\/td>\n<\/tr>\n<tr>\n<td><strong>Bask\u0131 Y\u00f6ntemi<\/strong><\/td>\n<td>CMYK d\u00f6rt renk bask\u0131, ofset ve serigrafi bask\u0131.<\/td>\n<\/tr>\n<tr>\n<td><strong>Y\u00fczey<\/strong><\/td>\n<td>Parlak, mat veya buzlu se\u00e7enekleri mevcuttur.<\/td>\n<\/tr>\n<tr>\n<td><strong>Kimlik Do\u011frulama<\/strong><\/td>\n<td>Yetkisiz giri\u015fleri engellemek i\u00e7in eri\u015fim kontrol sistemlerini destekler.<\/td>\n<\/tr>\n<tr>\n<td><strong>Ziyaret\u00e7i Kontrol\u00fc<\/strong><\/td>\n<td>\u00c7ok g\u00fcnl\u00fck etkinlikler i\u00e7in etkin kat\u0131l\u0131mc\u0131 ak\u0131\u015f\u0131 y\u00f6netimi.<\/td>\n<\/tr>\n<tr>\n<td><strong>Kalabal\u0131k Y\u00f6netimi<\/strong><\/td>\n<td>Sorunsuz giri\u015f s\u00fcre\u00e7lerini kolayla\u015ft\u0131r\u0131r, bekleme s\u00fcrelerini azalt\u0131r.<\/td>\n<\/tr>\n<tr>\n<td><strong>\u00d6zelle\u015ftirme<\/strong><\/td>\n<td>Markala\u015fma ve etkinlik temalar\u0131na y\u00f6nelik ki\u015fiselle\u015ftirilmi\u015f tasar\u0131mlar.<\/td>\n<\/tr>\n<tr>\n<td><strong>\u00c7evresel Etki<\/strong><\/td>\n<td>Geri d\u00f6n\u00fc\u015f\u00fcm se\u00e7eneklerine sahip \u00e7evre dostu malzemeler.<\/td>\n<\/tr>\n<tr>\n<td><strong>M\u00fc\u015fteri Geri Bildirimi<\/strong><\/td>\n<td>Etkinli\u011fi ve g\u00fcvenilirli\u011fi vurgulayan kullan\u0131c\u0131 yorumlar\u0131.<\/td>\n<\/tr>\n<tr>\n<td><\/td>\n<td><\/td>\n<\/tr>\n<\/tbody>\n<\/table>\n<\/div>\n<\/div>\n<div class=\"chat-list relative custom-scrollbar-reset-margin custom-scrollbar custom-scrollbar-hidden custom-scrollbar-float pb-9 flex-1 overflow-y-auto\">\n<div class=\"mx-auto max-w-[790px]\">\n<div class=\"message-item-outer relative px-4 mb-2\" data-id=\"d48d37b0-da1a-4c85-9917-d0c1a6993b41\">\n<div class=\"content-area pl-[0px]\">\n<div class=\"message-item select-text relative\">\n<div class=\"message-inner relative\">\n<div class=\"py-[2px]\">\n<div class=\"flex flex-col gap-2\">\n<div class=\"answer-markdown-box overflow-x-auto select-text custom-scrollbar\">\n<div class=\"markdown-body\">\n<h3><strong><span style=\"color: #333399;\">4. \u0130leti\u015fim Aray\u00fcz\u00fc: <\/span><\/strong><\/h3>\n<h3><strong><span style=\"color: #333399;\">RFID ve NFC Teknolojisinden Yararlanma<\/span><\/strong><\/h3>\n<p>Kullanarak\u00a0<strong>RFID ve NFC ileti\u015fim aray\u00fczleri<\/strong>M\u00fczik Etkinli\u011fi i\u00e7in PVC NFC Kart\u0131, kart ve okuyucular aras\u0131nda h\u0131zl\u0131 ve g\u00fcvenilir veri al\u0131\u015fveri\u015fini kolayla\u015ft\u0131rarak, sorunsuz eri\u015fim kontrol\u00fc ve etkili kalabal\u0131k y\u00f6netimi sa\u011flar.<\/p>\n<p>&nbsp;<\/p>\n<h3><span style=\"color: #333399;\"><strong>5. Frekans ve Okuma Mesafesi: <\/strong><\/span><\/h3>\n<h3><span style=\"color: #333399;\"><strong>Kusursuz Performans i\u00e7in Optimize Edildi<\/strong><\/span><\/h3>\n<p>Bir i\u015fletmede faaliyet g\u00f6steren\u00a0<strong>13.56 MHz frekans\u0131<\/strong>\u00a0ve \u00f6v\u00fcnerek\u00a0<strong>0-10 cm okuma mesafesi<\/strong>Bu NFC kartlar\u0131 g\u00fcvenilir bir performans sunarak hem etkinlik organizat\u00f6rleri hem de kat\u0131l\u0131mc\u0131lar i\u00e7in sorunsuz bir deneyim sa\u011flar.<\/p>\n<p>&nbsp;<\/p>\n<h3><strong><span style=\"color: #333399;\">6. \u00d6zelle\u015ftirme Se\u00e7enekleri: <\/span><\/strong><\/h3>\n<h3><strong><span style=\"color: #333399;\">\u0130htiya\u00e7lar\u0131n\u0131za G\u00f6re Tasarlanm\u0131\u015f<\/span><\/strong><\/h3>\n<p>Bir dizi \u00fcr\u00fcn sunuyoruz\u00a0<strong>boyut ve kal\u0131nl\u0131k se\u00e7enekleri<\/strong>PVC NFC M\u00fczik Etkinli\u011fi Kart\u0131, ister b\u00fcy\u00fck \u00f6l\u00e7ekli bir m\u00fczik festivali, ister samimi bir sekt\u00f6r forumu olsun, etkinli\u011finizin \u00f6zel gereksinimlerini kar\u015f\u0131layacak \u015fekilde \u00f6zelle\u015ftirilebilir.<\/p>\n<p>&nbsp;<\/p>\n<h3><strong><span style=\"color: #333399;\">7. Bask\u0131 ve Y\u00fczey Kaplamalar\u0131: <\/span><\/strong><\/h3>\n<h3><strong><span style=\"color: #333399;\">Markan\u0131z\u0131 Geli\u015ftirin<\/span><\/strong><\/h3>\n<p>\u0130le\u00a0<strong>CMYK 4C bask\u0131, ofset bask\u0131 ve serigrafi bask\u0131<\/strong>\u00a0Bu NFC kartlar\u0131, \u00e7e\u015fitli se\u00e7eneklerle tamamlanan canl\u0131 grafikler ve logolarla s\u00fcslenebilir.\u00a0<strong>parlak, mat veya buzlu y\u00fczey kaplamalar\u0131<\/strong>\u00a0Markan\u0131z\u0131n esteti\u011fine uyum sa\u011flamak i\u00e7in.<\/p>\n<p>&nbsp;<\/p>\n<h3><strong><span style=\"color: #333399;\">8. \u00c7evresel Etki: <\/span><\/strong><\/h3>\n<h3><strong><span style=\"color: #333399;\">Etkinlikler \u0130\u00e7in S\u00fcrd\u00fcr\u00fclebilir \u00c7\u00f6z\u00fcmler<\/span><\/strong><\/h3>\n<p>Etkinlik organizat\u00f6rleri olarak \u00e7evresel sorumlulu\u011fun \u00f6nemini anl\u0131yoruz. Bu nedenle M\u00fczik Etkinli\u011fi i\u00e7in PVC NFC Kart\u0131, \u00e7evre dostu malzemeler ve geri d\u00f6n\u00fc\u015f\u00fcm se\u00e7enekleriyle tasarlanm\u0131\u015ft\u0131r ve etkinliklerinizi s\u00fcrd\u00fcr\u00fclebilirli\u011fe odaklanarak d\u00fczenlemenize olanak tan\u0131r.<\/p>\n<p>&nbsp;<\/p>\n<\/div>\n<\/div>\n<\/div>\n<\/div>\n<\/div>\n<\/div>\n<\/div>\n<\/div>\n<\/div>\n<\/div>\n<p>&nbsp;<\/p>\n<p><strong><span style=\"color: #008080;\">Bu tabloda, M\u00fczik Etkinli\u011fi i\u00e7in PVC NFC Kart\u0131n\u0131n temel \u00f6zellikleri ve avantajlar\u0131 vurgulanarak, kart\u0131n etkili etkinlik y\u00f6netimi i\u00e7in vazge\u00e7ilmez bir ara\u00e7 haline geldi\u011fi belirtilmektedir. <\/span><\/strong><\/p>\n<h3><span style=\"color: #008000;\"><em><strong>Daha fazla bilgi almak veya \u00fccretsiz numune talep etmek i\u00e7in l\u00fctfen talep formunu doldurun, size yard\u0131mc\u0131 olmaktan mutluluk duyar\u0131z!<\/strong><\/em><\/span><\/h3>","protected":false},"excerpt":{"rendered":"<p>M\u00fczik Etkinli\u011fi i\u00e7in PVC NFC Kart\u0131 ile etkinlik deneyiminizi bir \u00fcst seviyeye ta\u015f\u0131y\u0131n: Kusursuz eri\u015fim kontrol\u00fc ve etkili kalabal\u0131k y\u00f6netimi i\u00e7in nihai \u00e7\u00f6z\u00fcm.<\/p>","protected":false},"featured_media":3387,"template":"","meta":[],"product_brand":[],"product_cat":[46],"product_tag":[],"class_list":{"0":"post-3386","1":"product","2":"type-product","3":"status-publish","4":"has-post-thumbnail","6":"product_cat-nfc-cards","8":"first","9":"instock","10":"shipping-taxable","11":"product-type-simple"},"_links":{"self":[{"href":"https:\/\/nfc-readers.com\/tr\/wp-json\/wp\/v2\/product\/3386","targetHints":{"allow":["GET"]}}],"collection":[{"href":"https:\/\/nfc-readers.com\/tr\/wp-json\/wp\/v2\/product"}],"about":[{"href":"https:\/\/nfc-readers.com\/tr\/wp-json\/wp\/v2\/types\/product"}],"wp:featuredmedia":[{"embeddable":true,"href":"https:\/\/nfc-readers.com\/tr\/wp-json\/wp\/v2\/media\/3387"}],"wp:attachment":[{"href":"https:\/\/nfc-readers.com\/tr\/wp-json\/wp\/v2\/media?parent=3386"}],"wp:term":[{"taxonomy":"product_brand","embeddable":true,"href":"https:\/\/nfc-readers.com\/tr\/wp-json\/wp\/v2\/product_brand?post=3386"},{"taxonomy":"product_cat","embeddable":true,"href":"https:\/\/nfc-readers.com\/tr\/wp-json\/wp\/v2\/product_cat?post=3386"},{"taxonomy":"product_tag","embeddable":true,"href":"https:\/\/nfc-readers.com\/tr\/wp-json\/wp\/v2\/product_tag?post=3386"}],"curies":[{"name":"wp","href":"https:\/\/api.w.org\/{rel}","templated":true}]}}