{"id":3396,"date":"2024-11-03T02:56:29","date_gmt":"2024-11-03T02:56:29","guid":{"rendered":"https:\/\/nfc-readers.com\/?post_type=product&#038;p=3396"},"modified":"2024-11-03T02:56:30","modified_gmt":"2024-11-03T02:56:30","slug":"fast-read-encrypted-rfid-nfc-event-wristband-ntag215-mifare","status":"publish","type":"product","link":"https:\/\/nfc-readers.com\/tr\/ic-reader\/fast-read-encrypted-rfid-nfc-event-wristband-ntag215-mifare\/","title":{"rendered":"H\u0131zl\u0131 Okuma \u015eifreli RFID NFC Etkinlik Bilekli\u011fi Ntag215 MIFARE"},"content":{"rendered":"<h1 style=\"text-align: center;\">H\u0131zl\u0131 Okuma \u015eifreli RFID NFC Etkinlik Bilekli\u011fi Ntag215 MIFARE<\/h1>\n<p>&nbsp;<\/p>\n<p>Dijital \u00e7a\u011fda, kusursuz eri\u015fim kontrol\u00fc ve nakitsiz i\u015flem \u00e7\u00f6z\u00fcmleri her \u00f6l\u00e7ekteki etkinlik i\u00e7in olmazsa olmaz hale geldi. <strong>H\u0131zl\u0131 Okuma \u015eifreli RFID NFC Etkinlik Bilekli\u011fi Ntag215 MIFARE<\/strong>\u00a0itibaren\u00a0<em>SXNFC<\/em>, konuk deneyimini geli\u015ftirmek ve etkili etkinlik y\u00f6netimi sa\u011flamak i\u00e7in nihai \u00e7\u00f6z\u00fcm. M\u00fczik festivallerinden ve spor etkinliklerinden konferanslara ve eri\u015fim kontrol senaryolar\u0131na kadar \u00e7e\u015fitli etkinlikler i\u00e7in \u00f6zel olarak tasarlanan bu bileklik, son teknolojiyi kullan\u0131c\u0131 dostu \u00f6zelliklerle birle\u015ftiriyor.<\/p>\n<p>&nbsp;<\/p>\n<h3>H\u0131zl\u0131 Okunan \u015eifreli RFID NFC Etkinlik Bilekli\u011fini Neden Sat\u0131n Almal\u0131s\u0131n\u0131z?<\/h3>\n<p>The\u00a0<strong>Ntag215 MIFARE<\/strong>\u00a0RFID\/NFC bileklik, say\u0131s\u0131z fayda sunan yenilik\u00e7i bir \u00fcr\u00fcnd\u00fcr. Dayan\u0131kl\u0131 PVC ve dokuma malzemelerden \u00fcretilen bileklik, uzun \u00f6m\u00fcrl\u00fcl\u00fck ve g\u00fcvenilirlik vaat ediyor. H\u0131zl\u0131 okuma i\u015flevi, bekleme s\u00fcrelerinin azalmas\u0131n\u0131 sa\u011flayarak giri\u015f noktalar\u0131ndaki misafir ak\u0131\u015f\u0131n\u0131 iyile\u015ftiriyor. Ayr\u0131ca, su ge\u00e7irmez tasar\u0131m\u0131yla, bu bileklikleri neme maruz kalman\u0131n bir endi\u015fe kayna\u011f\u0131 oldu\u011fu a\u00e7\u0131k hava etkinliklerinde, su parklar\u0131nda ve daha fazlas\u0131nda g\u00fcvenle kullanabilirsiniz.<\/p>\n<p>\u0130le\u00a0<strong>NFC Bileklik<\/strong>, sadece bir \u00fcr\u00fcn sat\u0131n alm\u0131yorsunuz; geli\u015fmi\u015f bir kat\u0131l\u0131mc\u0131 deneyimine yat\u0131r\u0131m yap\u0131yorsunuz. Bu bileklikler temass\u0131z \u00f6deme \u00e7\u00f6z\u00fcmleriyle sat\u0131n al\u0131mlar\u0131 kolayla\u015ft\u0131rarak nakitsiz i\u015flemler i\u00e7in idealdir. Art\u0131k nakit veya fiziksel biletlerle u\u011fra\u015fmak konusunda endi\u015felenmenize gerek kalmayacak; her \u015fey bileklik arac\u0131l\u0131\u011f\u0131yla rahatl\u0131kla y\u00f6netilebilir.<\/p>\n<p>&nbsp;<\/p>\n<h2>RFID NFC Etkinlik Bilekli\u011finin \u00d6zellikleri<\/h2>\n<p>The\u00a0<strong>H\u0131zl\u0131 Okuma \u015eifreli RFID NFC Etkinlik Bilekli\u011fi Ntag215 MIFARE<\/strong>\u00a0her durum i\u00e7in ak\u0131ll\u0131 bir se\u00e7im olmas\u0131n\u0131 sa\u011flayacak \u00f6zelliklerle doludur.<\/p>\n<ul>\n<li><strong>Kurcalamaya Kar\u015f\u0131 Korumal\u0131 G\u00fcvenlik:<\/strong>\u00a0Her bileklik, hassas verileri korumak i\u00e7in \u015fifreli teknolojiyle birlikte gelir ve hem etkinlik organizat\u00f6rleri hem de kat\u0131l\u0131mc\u0131lar i\u00e7in g\u00f6n\u00fcl rahatl\u0131\u011f\u0131 sa\u011flar.<\/li>\n<li><strong>Kullan\u0131c\u0131 dostu:<\/strong>\u00a0Bilekliklerin kullan\u0131m\u0131 olduk\u00e7a kolay; NFC \u00f6zellikli bir okuyucuya dokundurdu\u011funuzda eri\u015fim hakk\u0131 kazan\u0131yorsunuz veya nakitsiz \u00f6deme yap\u0131yorsunuz.<\/li>\n<li><strong>Okuma Aral\u0131\u011f\u0131:<\/strong>\u00a010 cm&#039;ye kadar okuma mesafesine sahip olan bu bileklikler, okuyucuyla do\u011frudan temas gerektirmeden verimli bir \u015fekilde \u00e7al\u0131\u015f\u0131r.<\/li>\n<\/ul>\n<p>Bu \u00f6zel \u00f6zelliklerin birle\u015fimi yaln\u0131zca g\u00fcvenli\u011fi art\u0131rmakla kalm\u0131yor, ayn\u0131 zamanda genel kullan\u0131c\u0131 deneyimini de geli\u015ftiriyor.<\/p>\n<p>&nbsp;<\/p>\n<h2>NFC Bilekliklerle Nakitsiz \u0130\u015flemlerin Avantajlar\u0131<\/h2>\n<p>Nakitsiz \u00f6demelerin y\u00fckseli\u015fi etkinlik sekt\u00f6r\u00fcn\u00fc h\u0131zla d\u00f6n\u00fc\u015ft\u00fcr\u00fcyor. \u0130\u015fte kullanman\u0131n temel faydalar\u0131\u00a0<strong>NFC bileklikleri<\/strong>\u00a0nakitsiz i\u015flemler i\u00e7in:<\/p>\n<ul>\n<li><strong>Artt\u0131r\u0131lm\u0131\u015f Kolayl\u0131k:<\/strong>\u00a0Misafirler, bilekliklerini takarak tek bir dokunu\u015fla al\u0131\u015fveri\u015flerini ger\u00e7ekle\u015ftirebiliyor, b\u00f6ylece i\u015flemleri h\u0131zl\u0131 ve kolay bir \u015fekilde ger\u00e7ekle\u015ftirebiliyorlar.<\/li>\n<li><strong>Azalt\u0131lm\u0131\u015f Bekleme S\u00fcreleri:<\/strong>\u00a0S\u0131rada daha az zaman harcanmas\u0131, daha iyi hizmet anlam\u0131na gelir<\/li>\n<\/ul>\n<h2>NFC Bilekliklerle Nakitsiz \u0130\u015flemlerin Avantajlar\u0131<\/h2>\n<p>Nakitsiz \u00f6demelerin y\u00fckseli\u015fi etkinlik sekt\u00f6r\u00fcn\u00fc h\u0131zla d\u00f6n\u00fc\u015ft\u00fcr\u00fcyor. \u0130\u015fte kullanman\u0131n temel faydalar\u0131\u00a0<strong>NFC bileklikleri<\/strong>\u00a0nakitsiz i\u015flemler i\u00e7in:<\/p>\n<ul>\n<li><strong>Artt\u0131r\u0131lm\u0131\u015f Kolayl\u0131k:<\/strong>\u00a0Misafirler, bilekliklerini takarak tek bir dokunu\u015fla al\u0131\u015fveri\u015flerini ger\u00e7ekle\u015ftirebiliyor, b\u00f6ylece i\u015flemleri h\u0131zl\u0131 ve kolay bir \u015fekilde ger\u00e7ekle\u015ftirebiliyorlar.<\/li>\n<li><strong>Azalt\u0131lm\u0131\u015f Bekleme S\u00fcreleri:<\/strong>\u00a0S\u0131rada daha az zaman harcanmas\u0131, daha iyi hizmet anlam\u0131na gelir<\/li>\n<\/ul>\n<p>&nbsp;<\/p>\n<h3>RFID NFC Etkinlik Bileklikleri hakk\u0131nda SSS<\/h3>\n<h4>1.\u00a0<strong>RFID NFC etkinlik bileklikleri nelerdir?<\/strong><\/h4>\n<p>RFID NFC etkinlik bileklikleri, Radyo frekansl\u0131 tan\u0131mlama (RFID) ve Yak\u0131n Alan \u0130leti\u015fimi (NFC) teknolojisiyle donat\u0131lm\u0131\u015f giyilebilir cihazlard\u0131r. Etkinlikler i\u00e7in g\u00fcvenli eri\u015fim kontrol\u00fc, nakitsiz i\u015flemler ve veri toplamay\u0131 kolayla\u015ft\u0131r\u0131rlar.<\/p>\n<h4>2.\u00a0<strong>RFID bileklikler nas\u0131l \u00e7al\u0131\u015f\u0131r?<\/strong><\/h4>\n<p>RFID bileklikler, radyo dalgalar\u0131 arac\u0131l\u0131\u011f\u0131yla bilgileri kablosuz olarak bir RFID okuyucuya ileterek \u00e7al\u0131\u015f\u0131r. Bir kat\u0131l\u0131mc\u0131 bilekli\u011fini bir okuyucunun yan\u0131na dokundurdu\u011funda, eri\u015fim kontrol\u00fc veya \u00f6deme i\u015fleme i\u00e7in veri iletir.<\/p>\n<h4>3.\u00a0<strong>RFID NFC bileklikler hangi malzemelerden \u00fcretilmektedir?<\/strong><\/h4>\n<p>RFID bilekliklerimiz, \u00e7e\u015fitli etkinlik ko\u015fullar\u0131na dayanacak \u015fekilde hem su ge\u00e7irmez hem de hava ko\u015fullar\u0131na dayan\u0131kl\u0131 olacak \u015fekilde tasarlanm\u0131\u015f, \u00f6ncelikle dayan\u0131kl\u0131 PVC ve dokuma malzemelerden \u00fcretilmi\u015ftir.<\/p>\n<h4>4.\u00a0<strong>Bilekliklerde NFC teknolojisinin kullan\u0131lmas\u0131n\u0131n faydas\u0131 nedir?<\/strong><\/h4>\n<p>NFC teknolojisi, h\u0131zl\u0131 ve g\u00fcvenli temass\u0131z i\u015flemlere olanak tan\u0131r; bekleme s\u00fcrelerini azaltarak ve fiziksel nakit veya bilet ihtiyac\u0131n\u0131 en aza indirerek konuk deneyimini iyile\u015ftirir.<\/p>\n<h4>5.\u00a0<strong>Bileklikler ki\u015fiselle\u015ftirilebilir mi?<\/strong><\/h4>\n<p>Evet! RFID bilekliklerimiz, kat\u0131l\u0131mc\u0131 kat\u0131l\u0131m\u0131n\u0131 art\u0131rmak ve etkinli\u011finizi tan\u0131tmak i\u00e7in etkinlik markan\u0131z, logolar\u0131n\u0131z ve renklerinizle \u00f6zelle\u015ftirilebilir.<\/p>","protected":false},"excerpt":{"rendered":"<p>H\u0131zl\u0131 Okunan \u015eifreli RFID NFC Etkinlik Bilekli\u011fi Ntag215 MIFARE, etkinliklerde konuk deneyimini geli\u015ftirerek g\u00fcvenli eri\u015fim kontrol\u00fc ve nakitsiz \u00f6demeler sa\u011flar. Su ge\u00e7irmez ve \u00f6zelle\u015ftirilebilir, her durum i\u00e7in g\u00fcvenilirlik ve rahatl\u0131k sa\u011flar.<\/p>","protected":false},"featured_media":3397,"template":"","meta":[],"product_brand":[],"product_cat":[50],"product_tag":[],"class_list":{"0":"post-3396","1":"product","2":"type-product","3":"status-publish","4":"has-post-thumbnail","6":"product_cat-silicone-rfid-nfc-wristbands","8":"first","9":"instock","10":"shipping-taxable","11":"product-type-simple"},"_links":{"self":[{"href":"https:\/\/nfc-readers.com\/tr\/wp-json\/wp\/v2\/product\/3396","targetHints":{"allow":["GET"]}}],"collection":[{"href":"https:\/\/nfc-readers.com\/tr\/wp-json\/wp\/v2\/product"}],"about":[{"href":"https:\/\/nfc-readers.com\/tr\/wp-json\/wp\/v2\/types\/product"}],"wp:featuredmedia":[{"embeddable":true,"href":"https:\/\/nfc-readers.com\/tr\/wp-json\/wp\/v2\/media\/3397"}],"wp:attachment":[{"href":"https:\/\/nfc-readers.com\/tr\/wp-json\/wp\/v2\/media?parent=3396"}],"wp:term":[{"taxonomy":"product_brand","embeddable":true,"href":"https:\/\/nfc-readers.com\/tr\/wp-json\/wp\/v2\/product_brand?post=3396"},{"taxonomy":"product_cat","embeddable":true,"href":"https:\/\/nfc-readers.com\/tr\/wp-json\/wp\/v2\/product_cat?post=3396"},{"taxonomy":"product_tag","embeddable":true,"href":"https:\/\/nfc-readers.com\/tr\/wp-json\/wp\/v2\/product_tag?post=3396"}],"curies":[{"name":"wp","href":"https:\/\/api.w.org\/{rel}","templated":true}]}}