{"id":3403,"date":"2024-11-03T03:04:22","date_gmt":"2024-11-03T03:04:22","guid":{"rendered":"https:\/\/nfc-readers.com\/?post_type=product&#038;p=3403"},"modified":"2024-11-04T03:10:35","modified_gmt":"2024-11-04T03:10:35","slug":"silicone-wristband-smart-nfc-rfidtag-wristband-silicone-b","status":"publish","type":"product","link":"https:\/\/nfc-readers.com\/tr\/ic-reader\/silicone-wristband-smart-nfc-rfidtag-wristband-silicone-b\/","title":{"rendered":"Silikon Bileklik Ak\u0131ll\u0131 NFC RFIDTag Bileklik Silikon B"},"content":{"rendered":"<h1 style=\"text-align: center;\"><strong>Silikon Bileklik Ak\u0131ll\u0131 NFC RFIDTag Bileklik Silikon B<\/strong><\/h1>\n<p>&nbsp;<\/p>\n<p>The <strong>Silikon Bileklik Ak\u0131ll\u0131 NFC RFID Etiket Bileklik Silikon B<\/strong>\u00a0etkinlik y\u00f6netimi, eri\u015fim kontrol\u00fc ve nakitsiz \u00f6deme \u00e7\u00f6z\u00fcmleri gibi \u00e7e\u015fitli uygulamalar i\u00e7in tasarlanm\u0131\u015f d\u00f6n\u00fc\u015f\u00fcmsel bir \u00fcr\u00fcnd\u00fcr. Yenilik ve pratikli\u011fi bir araya getiren bu bileklik, kullan\u0131c\u0131lar ve etkinlik organizat\u00f6rleri i\u00e7in kusursuz bir deneyim sunmak \u00fczere RFID ve NFC teknolojilerini birle\u015ftirir. Su ge\u00e7irmezlik \u00f6zellikleri ve \u00f6zelle\u015ftirilebilir tasar\u0131m\u0131yla RFID bileklik, ister m\u00fczik festivali, ister kurumsal etkinlik veya hatta bir su park\u0131 ziyareti olsun, \u00e7e\u015fitli ortamlar i\u00e7in m\u00fckemmel bir \u015fekilde zamanlan\u0131r. Bu son teknoloji bilekli\u011fi tercih etmek yaln\u0131zca operasyonel verimlili\u011fi art\u0131rmakla kalmayacak, ayn\u0131 zamanda genel konuk deneyimini de \u00f6nemli \u00f6l\u00e7\u00fcde iyile\u015ftirecektir.<\/p>\n<p>&nbsp;<\/p>\n<h2>RFID Bilekli\u011finin Genel G\u00f6r\u00fcn\u00fcm\u00fc<\/h2>\n<p>The\u00a0<strong>RFID Bileklik<\/strong>\u00a0h\u0131zl\u0131 eri\u015fim kontrol\u00fc i\u00e7in tasarlanm\u0131\u015ft\u0131r ve etkinlik organizat\u00f6rlerinin operasyonlar\u0131n\u0131 kolayla\u015ft\u0131rmalar\u0131n\u0131 sa\u011flar. Frekans\u0131 10000&#039;den fazla olan geli\u015fmi\u015f RFID teknolojisini kullanarak\u00a0<strong>13.56MHz<\/strong>, bunlar\u00a0<strong>silikon RFID bileklikler<\/strong>\u00a0hem g\u00fcvenlik hem de rahatl\u0131k sunar. Bir okuma s\u00fcresi i\u00e7inde tasarlanm\u0131\u015ft\u0131r\u00a0<strong>2-5 cm<\/strong>\u00a0Geni\u015f \u00fcr\u00fcn yelpazesiyle, m\u00fczik festivallerinden kurumsal toplant\u0131lara kadar \u00e7e\u015fitli etkinlik uygulamalar\u0131na uygun, h\u0131zl\u0131 veri iletimi sa\u011flarlar.<\/p>\n<p>Geli\u015fmi\u015f \u00f6zelliklerle birlikte:\u00a0<strong>su ge\u00e7irmez ve hava ko\u015fullar\u0131na dayan\u0131kl\u0131<\/strong>\u00a0malzemeler, bu bileklik d\u0131\u015f mekanlarda bile dayan\u0131kl\u0131l\u0131k ve g\u00fcvenilirlik sa\u011flar. Kullan\u0131c\u0131lar nakitsiz \u00f6deme se\u00e7eneklerinin keyfini \u00e7\u0131karabilir, giri\u015f ve i\u015flemler i\u00e7in bekleme s\u00fcrelerini azalt\u0131rken verimlili\u011fi art\u0131rabilir.<\/p>\n<p>&nbsp;<\/p>\n<hr \/>\n<h2>Silikon RFID Bilekli\u011finin Temel \u00d6zellikleri<\/h2>\n<p>The\u00a0<strong>Silikon RFID Bileklik<\/strong>\u00a0etkinlik organizat\u00f6rleri ve kullan\u0131c\u0131lar i\u00e7in \u00f6ne \u00e7\u0131kan bir se\u00e7enek olmas\u0131n\u0131 sa\u011flayan \u00e7e\u015fitli \u00f6zellikleri b\u00fcnyesinde bar\u0131nd\u0131r\u0131yor.<\/p>\n<ul>\n<li><strong>Su Ge\u00e7irmez\/Hava Ko\u015fullar\u0131na Dayan\u0131kl\u0131:<\/strong>\u00a0Standart bilekliklerden farkl\u0131 olarak neme dayan\u0131kl\u0131 ve \u00e7e\u015fitli hava ko\u015fullar\u0131na dayan\u0131kl\u0131 olarak tasarlanan bu model, konser ve su parklar\u0131 gibi a\u00e7\u0131k hava etkinlikleri i\u00e7in de ideal bir tercih.<\/li>\n<li><strong>\u0130leti\u015fim Aray\u00fcz\u00fc:<\/strong>\u00a0Entegre ile\u00a0<strong>NFC ve RFID<\/strong>\u00a0yetenekleri, bu bileklik sorunsuz i\u015flemlere ve veri al\u0131\u015fveri\u015fine olanak tan\u0131r. Kullan\u0131c\u0131lar fiziksel biletler veya kimlik belirleme zahmetine girmeden nakitsiz \u00f6demelere eri\u015febilir, kap\u0131lar\u0131 a\u00e7abilir ve k\u0131s\u0131tl\u0131 alanlara girebilir.<\/li>\n<li><strong>\u00d6zelle\u015ftirme:<\/strong>\u00a0Boyutlar, renkler ve bask\u0131 stilleri i\u00e7in \u00f6zel yap\u0131m se\u00e7enekler mevcuttur. Bu uyarlanabilirlik, markalar\u0131n g\u00f6r\u00fcn\u00fcrl\u00fcklerini art\u0131rmalar\u0131na olanak tan\u0131r\u00a0<strong>serigrafi bask\u0131<\/strong>\u00a0ve di\u011fer geli\u015fmi\u015f i\u015f\u00e7ilik teknikleri gibi\u00a0<strong>lazer kodlama ve termal bask\u0131<\/strong>.<\/li>\n<\/ul>\n<p>Bu \u00f6zel \u00f6zellikler yaln\u0131zca i\u015flevselli\u011fi de\u011fil, ayn\u0131 zamanda ilgi \u00e7ekici bir kullan\u0131c\u0131 deneyimini de \u00f6ne \u00e7\u0131kar\u0131yor.<\/p>\n<p>&nbsp;<\/p>\n<hr \/>\n<h2>Etkinliklerde RFID Bileklik Kullanman\u0131n Faydalar\u0131<\/h2>\n<p>Evlat edinmek\u00a0<strong>Etkinlikler i\u00e7in RFID bileklikler<\/strong>\u00a0genel etkinlik y\u00f6netimini \u00f6nemli \u00f6l\u00e7\u00fcde iyile\u015ftirebilir:<\/p>\n<ol>\n<li><strong>Art\u0131r\u0131lm\u0131\u015f G\u00fcvenlik:<\/strong>\u00a0Kurcalamaya dayan\u0131kl\u0131 tasar\u0131m\u0131n dahil edilmesi, bileklikte bulunan verilerin g\u00fcvenli kalmas\u0131n\u0131 sa\u011flar. Yetkisiz \u00e7o\u011faltma veya eri\u015fim neredeyse imkans\u0131zd\u0131r, bu da bu bileklikleri geli\u015fmi\u015f g\u00fcvenlik \u00f6nlemleri gerektiren y\u00fcksek profilli etkinlikler i\u00e7in m\u00fckemmel bir se\u00e7im haline getirir.<\/li>\n<li><strong>Veri Toplama:<\/strong>\u00a0Kat\u0131l\u0131mc\u0131 davran\u0131\u015flar\u0131yla ilgili gelecekteki etkinliklerde kullan\u0131labilecek temel i\u00e7g\u00f6r\u00fcleri toplay\u0131n.\u00a0<strong>RFID teknolojisi<\/strong>, etkinlik organizat\u00f6rleri giri\u015f modellerini ve tercihlerini analiz edebilir, bu da gelecekteki teklifleri \u00f6zelle\u015ftirmelerine yard\u0131mc\u0131 olabilir.<\/li>\n<li><strong>Azalt\u0131lm\u0131\u015f Bekleme S\u00fcreleri:<\/strong>\u00a0RFID bilekliklerin sundu\u011fu verimlilik, daha k\u0131sa kuyruklara d\u00f6n\u00fc\u015f\u00fcr. Kat\u0131l\u0131mc\u0131lar giri\u015ften festival alan\u0131na h\u0131zla hareket edebilir, deneyimlerini iyile\u015ftirebilir ve olas\u0131 hayal k\u0131r\u0131kl\u0131klar\u0131n\u0131 azaltabilir.<\/li>\n<\/ol>\n<p>Bu \u00f6nemli faydalarla, \u015funu a\u00e7\u0131k\u00e7a g\u00f6r\u00fcyoruz ki;\u00a0<strong>silikon RFID bileklikler<\/strong>\u00a0sadece bir trend de\u011fil, ak\u0131ll\u0131ca bir yat\u0131r\u0131md\u0131r.<\/p>\n<p>&nbsp;<\/p>\n<h2>NFC Bilekli\u011finin Teknik \u00d6zellikleri<\/h2>\n<table class=\"w-fit !mb-0 !max-w-none\" style=\"height: 260px;\" width=\"451\">\n<thead>\n<tr>\n<th>\u00d6zellik<\/th>\n<th>\u015eartname<\/th>\n<\/tr>\n<\/thead>\n<tbody>\n<tr>\n<td>S\u0131kl\u0131k<\/td>\n<td>13,56 MHz<\/td>\n<\/tr>\n<tr>\n<td>\u00c7ip T\u00fcr\u00fc<\/td>\n<td>FO8<\/td>\n<\/tr>\n<tr>\n<td>Okuma Mesafesi<\/td>\n<td>2-5 cm<\/td>\n<\/tr>\n<tr>\n<td>Standart<\/td>\n<td>ISO\/IEC14443A<\/td>\n<\/tr>\n<tr>\n<td>Malzeme<\/td>\n<td>Lastik<\/td>\n<\/tr>\n<tr>\n<td>Boyut<\/td>\n<td>\u00d6zelle\u015ftirilmi\u015f Boyut<\/td>\n<\/tr>\n<tr>\n<td>Bask\u0131 Teknikleri<\/td>\n<td>Serigrafi Bask\u0131<\/td>\n<\/tr>\n<tr>\n<td>Ambalajlama<\/td>\n<td>Tek \u00fcr\u00fcn<\/td>\n<\/tr>\n<tr>\n<td>Br\u00fct a\u011f\u0131rl\u0131k<\/td>\n<td>0,500 kilo<\/td>\n<\/tr>\n<\/tbody>\n<\/table>\n<h2><\/h2>\n<h2>Silikon RFID Bileklik Hakk\u0131nda SSS<\/h2>\n<h3>1.\u00a0<strong>RFID Bileklik Nedir?<\/strong><\/h3>\n<p>Bir RFID (Radyo Frekans\u0131 Tan\u0131mlama) bilekli\u011fi, verileri kablosuz olarak iletmek i\u00e7in radyo frekans\u0131 teknolojisini kullan\u0131r. G\u00fcvenli alanlara h\u0131zl\u0131 eri\u015fim sa\u011flar, nakitsiz \u00f6demeleri kolayla\u015ft\u0131r\u0131r ve etkinlik kat\u0131l\u0131mc\u0131lar\u0131n\u0131n genel deneyimini iyile\u015ftirir.<\/p>\n<h3>2.\u00a0<strong>RFID bileklik nas\u0131l \u00e7al\u0131\u015f\u0131r?<\/strong><\/h3>\n<p>Bileklik, RFID okuyucularla ileti\u015fim kuran pasif bir RFID \u00e7ipi i\u00e7erir. Bir kullan\u0131c\u0131 bir okuyucuya yakla\u015ft\u0131\u011f\u0131nda, bileklik radyo dalgalar\u0131 arac\u0131l\u0131\u011f\u0131yla veri iletir ve h\u0131zl\u0131 tan\u0131mlama ve eri\u015fim kontrol\u00fcne olanak tan\u0131r.<\/p>\n<h3>3.\u00a0<strong>Bileklik su ge\u00e7irmez mi?<\/strong><\/h3>\n<p>Evet,\u00a0<strong>Silikon RFID Bileklik<\/strong>\u00a0Suya ve hava ko\u015fullar\u0131na dayan\u0131kl\u0131 olarak tasarlanm\u0131\u015ft\u0131r, bu sayede su parklar\u0131 ve konserler gibi a\u00e7\u0131k hava etkinlikleri ve ortamlar\u0131na uygundur.<\/p>\n<h3>4.\u00a0<strong>Bileklik ki\u015fiselle\u015ftirilebilir mi?<\/strong><\/h3>\n<p>Kesinlikle! Bileklik \u00e7e\u015fitli boyutlarda, renklerde ve tasar\u0131mlarda \u00f6zelle\u015ftirilebilir. Kurulu\u015flar ayr\u0131ca serigrafi bask\u0131, lazer kodlama ve termal bask\u0131 gibi farkl\u0131 bask\u0131 y\u00f6ntemleri aras\u0131ndan se\u00e7im yapabilir.<\/p>\n<h3>5.\u00a0<strong>RFID bilekli\u011finin okuma mesafesi nedir?<\/strong><\/h3>\n<p>Bilekli\u011fin okuma mesafesi\u00a0<strong>2-5 cm<\/strong>, h\u0131zl\u0131 ve g\u00fcvenilir veri iletimi ve eri\u015fim y\u00f6netimini sa\u011flar.<\/p>","protected":false},"excerpt":{"rendered":"<p>The\u00a0<strong>Silikon Bileklik Ak\u0131ll\u0131 NFC RFID Etiket Bileklik Silikon B<\/strong>\u00a0etkinlikler i\u00e7in tasarlanm\u0131\u015f, RFID ve NFC teknolojilerinin kusursuz entegrasyonunu sunan \u00e7ok y\u00f6nl\u00fc bir eri\u015fim kontrol \u00e7\u00f6z\u00fcm\u00fcd\u00fcr. Su ge\u00e7irmez ve \u00f6zelle\u015ftirilebilir, g\u00fcvenli, nakitsiz i\u015flemler ve kolay giri\u015f y\u00f6netimi sa\u011flarken kullan\u0131c\u0131 deneyimini geli\u015ftirir.<\/p>","protected":false},"featured_media":3404,"template":"","meta":[],"product_brand":[],"product_cat":[50],"product_tag":[],"class_list":{"0":"post-3403","1":"product","2":"type-product","3":"status-publish","4":"has-post-thumbnail","6":"product_cat-silicone-rfid-nfc-wristbands","8":"first","9":"instock","10":"shipping-taxable","11":"product-type-simple"},"_links":{"self":[{"href":"https:\/\/nfc-readers.com\/tr\/wp-json\/wp\/v2\/product\/3403","targetHints":{"allow":["GET"]}}],"collection":[{"href":"https:\/\/nfc-readers.com\/tr\/wp-json\/wp\/v2\/product"}],"about":[{"href":"https:\/\/nfc-readers.com\/tr\/wp-json\/wp\/v2\/types\/product"}],"wp:featuredmedia":[{"embeddable":true,"href":"https:\/\/nfc-readers.com\/tr\/wp-json\/wp\/v2\/media\/3404"}],"wp:attachment":[{"href":"https:\/\/nfc-readers.com\/tr\/wp-json\/wp\/v2\/media?parent=3403"}],"wp:term":[{"taxonomy":"product_brand","embeddable":true,"href":"https:\/\/nfc-readers.com\/tr\/wp-json\/wp\/v2\/product_brand?post=3403"},{"taxonomy":"product_cat","embeddable":true,"href":"https:\/\/nfc-readers.com\/tr\/wp-json\/wp\/v2\/product_cat?post=3403"},{"taxonomy":"product_tag","embeddable":true,"href":"https:\/\/nfc-readers.com\/tr\/wp-json\/wp\/v2\/product_tag?post=3403"}],"curies":[{"name":"wp","href":"https:\/\/api.w.org\/{rel}","templated":true}]}}